{"id":1271,"date":"2020-10-23T11:30:21","date_gmt":"2020-10-23T09:30:21","guid":{"rendered":"https:\/\/www.kendra.com.pl\/shop\/?post_type=product&#038;p=1271"},"modified":"2025-02-16T14:16:59","modified_gmt":"2025-02-16T13:16:59","slug":"barwy-natury-kalendarz-2021","status":"publish","type":"product","link":"https:\/\/www.kendra.com.pl\/shop\/produkt\/barwy-natury-kalendarz-2021\/","title":{"rendered":"Barwy Natury &#8211; Kalendarz 2021"},"content":{"rendered":"","protected":false},"excerpt":{"rendered":"<p><strong>Typ:<\/strong> Kalendarz \u015bcienny<br \/>\n<strong>Rozmiar:<\/strong> 30x30cm<br \/>\n<strong>Stron:<\/strong> 26<br \/>\n<strong>Papier:<\/strong> 250g silk<br \/>\n<strong>Czas dostawy<\/strong> (na terenie Europy):  5-8 dni roboczych<br \/>\n<strong>Koszt wysy\u0142ki<\/strong> (na terenie Europy): 17 z\u0142 <\/p>\n<p>Kalendarz \u015bcienny 2021 ze zdj\u0119ciami autorstwa Sylwii Oppermann. Zdj\u0119cia m\u00f3wi\u0105 same za siebie wi\u0119c nie b\u0119dziemy rozpisywa\u0107 si\u0119 nad tym, jak pi\u0119kny jest kalendarz. Na pewno pasuje do ka\u017cdego wn\u0119trza i doda uroku w twoim domu lub pracy.<\/p>\n<p><strong>Sylwia Oppermann<\/strong><br \/>\nFotograf z\u00a0pasj\u0105, prywatnie \u2013 poetka, praktyk uwa\u017cno\u015bci, baczna obserwatorka rzeczywisto\u015bci zafascynowana tym co jest, mi\u0142o\u015bniczka zwierz\u0105t i\u00a0natury, entuzjastka \u015bwiadomej mi\u0142o\u015bci i\u00a0\u017cycia pe\u0142n\u0105 piersi\u0105. Zajmuje si\u0119 fotografi\u0105 procesu, odpoczywa podczas fotografowania natury, z\u00a0ciekawo\u015bci\u0105 dziecka odkrywa czym jest \u017bycie.<\/p>\n[caption id=\"attachment_1350\" align=\"alignnone\" width=\"980\"]<a href=\"https:\/\/www.kendra.com.pl\/shop\/wp-content\/uploads\/2020\/10\/kal-2021-BN-90.png\" target=\"_blank\" rel=\"noopener noreferrer\"><img loading=\"lazy\" src=\"https:\/\/www.kendra.com.pl\/shop\/wp-content\/uploads\/2020\/10\/kal-2021-BN-90-1024x1024.png\" alt=\"Kalendarz 2021 - Barwy Natury\" width=\"980\" height=\"980\" class=\"size-large wp-image-1350\" srcset=\"https:\/\/www.kendra.com.pl\/shop\/wp-content\/uploads\/2020\/10\/kal-2021-BN-90-1024x1024.png 1024w, https:\/\/www.kendra.com.pl\/shop\/wp-content\/uploads\/2020\/10\/kal-2021-BN-90-300x300.png 300w, https:\/\/www.kendra.com.pl\/shop\/wp-content\/uploads\/2020\/10\/kal-2021-BN-90-100x100.png 100w, https:\/\/www.kendra.com.pl\/shop\/wp-content\/uploads\/2020\/10\/kal-2021-BN-90-600x600.png 600w, https:\/\/www.kendra.com.pl\/shop\/wp-content\/uploads\/2020\/10\/kal-2021-BN-90-150x150.png 150w, https:\/\/www.kendra.com.pl\/shop\/wp-content\/uploads\/2020\/10\/kal-2021-BN-90-768x768.png 768w, https:\/\/www.kendra.com.pl\/shop\/wp-content\/uploads\/2020\/10\/kal-2021-BN-90.png 1200w\" sizes=\"(max-width: 980px) 100vw, 980px\" \/><\/a> [kliknij zdj\u0119cie aby powi\u0119kszy\u0107][\/caption]\n","protected":false},"featured_media":1315,"comment_status":"closed","ping_status":"closed","template":"","meta":[],"product_cat":[336],"product_tag":[344,350,356,341,337,348,340,351,355,346,349,347,31,354,343,338,352,345,339,353,342],"yoast_head":"<!-- This site is optimized with the Yoast SEO plugin v18.8 - https:\/\/yoast.com\/wordpress\/plugins\/seo\/ -->\n<title>Barwy Natury - Kalendarz 2021 - Kendra Publishing<\/title>\n<meta name=\"robots\" content=\"noindex, follow\" \/>\n<meta property=\"og:locale\" content=\"pl_PL\" \/>\n<meta property=\"og:type\" content=\"article\" \/>\n<meta property=\"og:title\" content=\"Barwy Natury - Kalendarz 2021 - Kendra Publishing\" \/>\n<meta property=\"og:description\" content=\"Typ: Kalendarz \u015bcienny Rozmiar: 30x30cm Stron: 26 Papier: 250g silk Czas dostawy (na terenie Europy): 5-8 dni roboczych Koszt wysy\u0142ki (na terenie Europy): 17 z\u0142   Kalendarz \u015bcienny 2021 ze zdj\u0119ciami autorstwa Sylwii Oppermann. Zdj\u0119cia m\u00f3wi\u0105 same za siebie wi\u0119c nie b\u0119dziemy rozpisywa\u0107 si\u0119 nad tym, jak pi\u0119kny jest kalendarz. Na pewno pasuje do ka\u017cdego wn\u0119trza i doda uroku w twoim domu lub pracy.  Sylwia Oppermann Fotograf z\u00a0pasj\u0105, prywatnie \u2013 poetka, praktyk uwa\u017cno\u015bci, baczna obserwatorka rzeczywisto\u015bci zafascynowana tym co jest, mi\u0142o\u015bniczka zwierz\u0105t i\u00a0natury, entuzjastka \u015bwiadomej mi\u0142o\u015bci i\u00a0\u017cycia pe\u0142n\u0105 piersi\u0105. Zajmuje si\u0119 fotografi\u0105 procesu, odpoczywa podczas fotografowania natury, z\u00a0ciekawo\u015bci\u0105 dziecka odkrywa czym jest \u017bycie.\" \/>\n<meta property=\"og:url\" content=\"https:\/\/www.kendra.com.pl\/shop\/produkt\/barwy-natury-kalendarz-2021\/\" \/>\n<meta property=\"og:site_name\" content=\"Kendra Publishing\" \/>\n<meta property=\"article:modified_time\" content=\"2025-02-16T13:16:59+00:00\" \/>\n<meta property=\"og:image\" content=\"https:\/\/www.kendra.com.pl\/shop\/wp-content\/uploads\/2020\/10\/kal-2021-BN-01.png\" \/>\n\t<meta property=\"og:image:width\" content=\"907\" \/>\n\t<meta property=\"og:image:height\" content=\"907\" \/>\n\t<meta property=\"og:image:type\" content=\"image\/png\" \/>\n<meta name=\"twitter:card\" content=\"summary_large_image\" \/>\n<script type=\"application\/ld+json\" class=\"yoast-schema-graph\">{\"@context\":\"https:\/\/schema.org\",\"@graph\":[{\"@type\":\"WebSite\",\"@id\":\"https:\/\/www.kendra.com.pl\/shop\/#website\",\"url\":\"https:\/\/www.kendra.com.pl\/shop\/\",\"name\":\"Kendra Publishing\",\"description\":\"Sklep\",\"potentialAction\":[{\"@type\":\"SearchAction\",\"target\":{\"@type\":\"EntryPoint\",\"urlTemplate\":\"https:\/\/www.kendra.com.pl\/shop\/?s={search_term_string}\"},\"query-input\":\"required name=search_term_string\"}],\"inLanguage\":\"pl-PL\"},{\"@type\":\"ImageObject\",\"inLanguage\":\"pl-PL\",\"@id\":\"https:\/\/www.kendra.com.pl\/shop\/produkt\/barwy-natury-kalendarz-2021\/#primaryimage\",\"url\":\"https:\/\/www.kendra.com.pl\/shop\/wp-content\/uploads\/2020\/10\/kal-2021-BN-01.png\",\"contentUrl\":\"https:\/\/www.kendra.com.pl\/shop\/wp-content\/uploads\/2020\/10\/kal-2021-BN-01.png\",\"width\":907,\"height\":907,\"caption\":\"Test1\"},{\"@type\":\"WebPage\",\"@id\":\"https:\/\/www.kendra.com.pl\/shop\/produkt\/barwy-natury-kalendarz-2021\/#webpage\",\"url\":\"https:\/\/www.kendra.com.pl\/shop\/produkt\/barwy-natury-kalendarz-2021\/\",\"name\":\"Barwy Natury - Kalendarz 2021 - Kendra Publishing\",\"isPartOf\":{\"@id\":\"https:\/\/www.kendra.com.pl\/shop\/#website\"},\"primaryImageOfPage\":{\"@id\":\"https:\/\/www.kendra.com.pl\/shop\/produkt\/barwy-natury-kalendarz-2021\/#primaryimage\"},\"datePublished\":\"2020-10-23T09:30:21+00:00\",\"dateModified\":\"2025-02-16T13:16:59+00:00\",\"breadcrumb\":{\"@id\":\"https:\/\/www.kendra.com.pl\/shop\/produkt\/barwy-natury-kalendarz-2021\/#breadcrumb\"},\"inLanguage\":\"pl-PL\",\"potentialAction\":[{\"@type\":\"ReadAction\",\"target\":[\"https:\/\/www.kendra.com.pl\/shop\/produkt\/barwy-natury-kalendarz-2021\/\"]}]},{\"@type\":\"BreadcrumbList\",\"@id\":\"https:\/\/www.kendra.com.pl\/shop\/produkt\/barwy-natury-kalendarz-2021\/#breadcrumb\",\"itemListElement\":[{\"@type\":\"ListItem\",\"position\":1,\"name\":\"Strona g\u0142\u00f3wna\",\"item\":\"https:\/\/www.kendra.com.pl\/shop\/\"},{\"@type\":\"ListItem\",\"position\":2,\"name\":\"Przerwa w dzia\u0142alno\u015bci sklepu&#8230;\",\"item\":\"https:\/\/www.kendra.com.pl\/shop\/?page_id=1888\"},{\"@type\":\"ListItem\",\"position\":3,\"name\":\"Barwy Natury &#8211; Kalendarz 2021\"}]}]}<\/script>\n<!-- \/ Yoast SEO plugin. -->","yoast_head_json":{"title":"Barwy Natury - Kalendarz 2021 - Kendra Publishing","robots":{"index":"noindex","follow":"follow"},"og_locale":"pl_PL","og_type":"article","og_title":"Barwy Natury - Kalendarz 2021 - Kendra Publishing","og_description":"Typ: Kalendarz \u015bcienny Rozmiar: 30x30cm Stron: 26 Papier: 250g silk Czas dostawy (na terenie Europy): 5-8 dni roboczych Koszt wysy\u0142ki (na terenie Europy): 17 z\u0142   Kalendarz \u015bcienny 2021 ze zdj\u0119ciami autorstwa Sylwii Oppermann. Zdj\u0119cia m\u00f3wi\u0105 same za siebie wi\u0119c nie b\u0119dziemy rozpisywa\u0107 si\u0119 nad tym, jak pi\u0119kny jest kalendarz. Na pewno pasuje do ka\u017cdego wn\u0119trza i doda uroku w twoim domu lub pracy.  Sylwia Oppermann Fotograf z\u00a0pasj\u0105, prywatnie \u2013 poetka, praktyk uwa\u017cno\u015bci, baczna obserwatorka rzeczywisto\u015bci zafascynowana tym co jest, mi\u0142o\u015bniczka zwierz\u0105t i\u00a0natury, entuzjastka \u015bwiadomej mi\u0142o\u015bci i\u00a0\u017cycia pe\u0142n\u0105 piersi\u0105. Zajmuje si\u0119 fotografi\u0105 procesu, odpoczywa podczas fotografowania natury, z\u00a0ciekawo\u015bci\u0105 dziecka odkrywa czym jest \u017bycie.","og_url":"https:\/\/www.kendra.com.pl\/shop\/produkt\/barwy-natury-kalendarz-2021\/","og_site_name":"Kendra Publishing","article_modified_time":"2025-02-16T13:16:59+00:00","og_image":[{"width":907,"height":907,"url":"https:\/\/www.kendra.com.pl\/shop\/wp-content\/uploads\/2020\/10\/kal-2021-BN-01.png","type":"image\/png"}],"twitter_card":"summary_large_image","schema":{"@context":"https:\/\/schema.org","@graph":[{"@type":"WebSite","@id":"https:\/\/www.kendra.com.pl\/shop\/#website","url":"https:\/\/www.kendra.com.pl\/shop\/","name":"Kendra Publishing","description":"Sklep","potentialAction":[{"@type":"SearchAction","target":{"@type":"EntryPoint","urlTemplate":"https:\/\/www.kendra.com.pl\/shop\/?s={search_term_string}"},"query-input":"required name=search_term_string"}],"inLanguage":"pl-PL"},{"@type":"ImageObject","inLanguage":"pl-PL","@id":"https:\/\/www.kendra.com.pl\/shop\/produkt\/barwy-natury-kalendarz-2021\/#primaryimage","url":"https:\/\/www.kendra.com.pl\/shop\/wp-content\/uploads\/2020\/10\/kal-2021-BN-01.png","contentUrl":"https:\/\/www.kendra.com.pl\/shop\/wp-content\/uploads\/2020\/10\/kal-2021-BN-01.png","width":907,"height":907,"caption":"Test1"},{"@type":"WebPage","@id":"https:\/\/www.kendra.com.pl\/shop\/produkt\/barwy-natury-kalendarz-2021\/#webpage","url":"https:\/\/www.kendra.com.pl\/shop\/produkt\/barwy-natury-kalendarz-2021\/","name":"Barwy Natury - Kalendarz 2021 - Kendra Publishing","isPartOf":{"@id":"https:\/\/www.kendra.com.pl\/shop\/#website"},"primaryImageOfPage":{"@id":"https:\/\/www.kendra.com.pl\/shop\/produkt\/barwy-natury-kalendarz-2021\/#primaryimage"},"datePublished":"2020-10-23T09:30:21+00:00","dateModified":"2025-02-16T13:16:59+00:00","breadcrumb":{"@id":"https:\/\/www.kendra.com.pl\/shop\/produkt\/barwy-natury-kalendarz-2021\/#breadcrumb"},"inLanguage":"pl-PL","potentialAction":[{"@type":"ReadAction","target":["https:\/\/www.kendra.com.pl\/shop\/produkt\/barwy-natury-kalendarz-2021\/"]}]},{"@type":"BreadcrumbList","@id":"https:\/\/www.kendra.com.pl\/shop\/produkt\/barwy-natury-kalendarz-2021\/#breadcrumb","itemListElement":[{"@type":"ListItem","position":1,"name":"Strona g\u0142\u00f3wna","item":"https:\/\/www.kendra.com.pl\/shop\/"},{"@type":"ListItem","position":2,"name":"Przerwa w dzia\u0142alno\u015bci sklepu&#8230;","item":"https:\/\/www.kendra.com.pl\/shop\/?page_id=1888"},{"@type":"ListItem","position":3,"name":"Barwy Natury &#8211; Kalendarz 2021"}]}]}},"_links":{"self":[{"href":"https:\/\/www.kendra.com.pl\/shop\/wp-json\/wp\/v2\/product\/1271"}],"collection":[{"href":"https:\/\/www.kendra.com.pl\/shop\/wp-json\/wp\/v2\/product"}],"about":[{"href":"https:\/\/www.kendra.com.pl\/shop\/wp-json\/wp\/v2\/types\/product"}],"replies":[{"embeddable":true,"href":"https:\/\/www.kendra.com.pl\/shop\/wp-json\/wp\/v2\/comments?post=1271"}],"wp:featuredmedia":[{"embeddable":true,"href":"https:\/\/www.kendra.com.pl\/shop\/wp-json\/wp\/v2\/media\/1315"}],"wp:attachment":[{"href":"https:\/\/www.kendra.com.pl\/shop\/wp-json\/wp\/v2\/media?parent=1271"}],"wp:term":[{"taxonomy":"product_cat","embeddable":true,"href":"https:\/\/www.kendra.com.pl\/shop\/wp-json\/wp\/v2\/product_cat?post=1271"},{"taxonomy":"product_tag","embeddable":true,"href":"https:\/\/www.kendra.com.pl\/shop\/wp-json\/wp\/v2\/product_tag?post=1271"}],"curies":[{"name":"wp","href":"https:\/\/api.w.org\/{rel}","templated":true}]}}