{"id":1322,"date":"2020-10-23T11:44:55","date_gmt":"2020-10-23T09:44:55","guid":{"rendered":"https:\/\/www.kendra.com.pl\/shop\/?post_type=product&#038;p=1322"},"modified":"2025-02-16T14:16:59","modified_gmt":"2025-02-16T13:16:59","slug":"zen-kalendarz-2021","status":"publish","type":"product","link":"https:\/\/www.kendra.com.pl\/shop\/produkt\/zen-kalendarz-2021\/","title":{"rendered":"ZEN &#8211; Kalendarz 2021"},"content":{"rendered":"","protected":false},"excerpt":{"rendered":"<p><strong>Typ:<\/strong> Kalendarz \u015bcienny<br \/>\n<strong>Rozmiar:<\/strong> 30x30cm<br \/>\n<strong>Stron:<\/strong> 26<br \/>\n<strong>Papier:<\/strong> 250g silk<br \/>\n<strong>Czas dostawy<\/strong> (na terenie Europy):  5-8 dni roboczych<br \/>\n<strong>Koszt wysy\u0142ki<\/strong> (na terenie Europy): 17 z\u0142 <\/p>\n<p>Kalendarz \u015bcienny ZEN 2021 to produkcja wydawnictwa Kendra Publishing. Pi\u0119kne zdj\u0119cia w klimacie Dalekiego Wschodu z dodatkiem <strong>cytat\u00f3w Alana Wattsa<\/strong> spodobaj\u0105 si\u0119 wielu naszym fanom.<\/p>\n<p><strong>Kendra Publishing<\/strong><br \/>\nJeste\u015bmy z\u00a0Wami ju\u017c od 10 lat. Znacie nas dzi\u0119ki publikowanym przez nas audiobookom Alana Wattsa. W\u00a0roku 2020 postanowili\u015bmy stworzy\u0107 produkt fizyczny i\u00a0oddali\u015bmy w\u00a0Wasze r\u0119ce drukowan\u0105 ksi\u0105\u017ck\u0119 pt. \u201eKsi\u0105\u017cka o\u00a0tabu na drodze do samopoznania\u201d. Teraz, chc\u0105c by\u0107 bli\u017cej Was przez ca\u0142y rok, przygotowali\u015bmy niniejszy kalendarz w\u00a0tematyce Zen z\u00a0cytatami Alana Wattsa.<\/p>\n<p>Aby da\u0107 Wam wi\u0119kszy wyb\u00f3r i\u00a0zaspokoi\u0107 r\u00f3\u017cne gusta, zaprosili\u015bmy do tego projektu kilku artyst\u00f3w i\u00a0powsta\u0142 nie jeden a\u00a0kilka kalendarzy, kt\u00f3re dost\u0119pne s\u0105 w\u00a0naszym sklepie.<\/p>\n<p>Dzi\u0119kujemy Wam za wszystkie emaile, pochwa\u0142y, sugestie i\u00a0zapytania. Zawsze jeste\u015bmy ch\u0119tni by\u0107 z\u00a0Wami w\u00a0kontakcie.<\/p>\n<p>\u017byczymy Wam i sobie aby rok 2021 by\u0142 dla nas wszystkich pe\u0142en spokoju, rado\u015bci, obfito\u015bci, przemy\u015ble\u0144 oraz okazji do wzrostu w\u00a0ka\u017cdej dziedzinie \u017cycia.<br \/>\nDo siego roku!<\/p>\n[caption id=\"attachment_1357\" align=\"alignnone\" width=\"980\"]<a href=\"https:\/\/www.kendra.com.pl\/shop\/wp-content\/uploads\/2020\/10\/kal-2021-ZEN-90-1.png\" target=\"_blank\" rel=\"noopener noreferrer\"><img loading=\"lazy\" src=\"https:\/\/www.kendra.com.pl\/shop\/wp-content\/uploads\/2020\/10\/kal-2021-ZEN-90-1-1024x1024.png\" alt=\"Zen - Kalendarz 2021\" width=\"980\" height=\"980\" class=\"size-large wp-image-1357\" srcset=\"https:\/\/www.kendra.com.pl\/shop\/wp-content\/uploads\/2020\/10\/kal-2021-ZEN-90-1-1024x1024.png 1024w, https:\/\/www.kendra.com.pl\/shop\/wp-content\/uploads\/2020\/10\/kal-2021-ZEN-90-1-300x300.png 300w, https:\/\/www.kendra.com.pl\/shop\/wp-content\/uploads\/2020\/10\/kal-2021-ZEN-90-1-100x100.png 100w, https:\/\/www.kendra.com.pl\/shop\/wp-content\/uploads\/2020\/10\/kal-2021-ZEN-90-1-600x600.png 600w, https:\/\/www.kendra.com.pl\/shop\/wp-content\/uploads\/2020\/10\/kal-2021-ZEN-90-1-150x150.png 150w, https:\/\/www.kendra.com.pl\/shop\/wp-content\/uploads\/2020\/10\/kal-2021-ZEN-90-1-768x768.png 768w, https:\/\/www.kendra.com.pl\/shop\/wp-content\/uploads\/2020\/10\/kal-2021-ZEN-90-1.png 1200w\" sizes=\"(max-width: 980px) 100vw, 980px\" \/><\/a> [kliknij zdj\u0119cie aby powi\u0119kszy\u0107][\/caption]\n","protected":false},"featured_media":1323,"comment_status":"closed","ping_status":"closed","template":"","meta":[],"product_cat":[336],"product_tag":[344,350,356,341,337,348,340,351,355,346,349,347,31,354,343,338,352,345,339,353,342],"yoast_head":"<!-- This site is optimized with the Yoast SEO plugin v18.8 - https:\/\/yoast.com\/wordpress\/plugins\/seo\/ -->\n<title>ZEN - Kalendarz 2021 - Kendra Publishing<\/title>\n<meta name=\"robots\" content=\"noindex, follow\" \/>\n<meta property=\"og:locale\" content=\"pl_PL\" \/>\n<meta property=\"og:type\" content=\"article\" \/>\n<meta property=\"og:title\" content=\"ZEN - Kalendarz 2021 - Kendra Publishing\" \/>\n<meta property=\"og:description\" content=\"Typ: Kalendarz \u015bcienny Rozmiar: 30x30cm Stron: 26 Papier: 250g silk Czas dostawy (na terenie Europy): 5-8 dni roboczych Koszt wysy\u0142ki (na terenie Europy): 17 z\u0142   Kalendarz \u015bcienny ZEN 2021 to produkcja wydawnictwa Kendra Publishing. Pi\u0119kne zdj\u0119cia w klimacie Dalekiego Wschodu z dodatkiem cytat\u00f3w Alana Wattsa spodobaj\u0105 si\u0119 wielu naszym fanom.  Kendra Publishing Jeste\u015bmy z\u00a0Wami ju\u017c od 10 lat. Znacie nas dzi\u0119ki publikowanym przez nas audiobookom Alana Wattsa. W\u00a0roku 2020 postanowili\u015bmy stworzy\u0107 produkt fizyczny i\u00a0oddali\u015bmy w\u00a0Wasze r\u0119ce drukowan\u0105 ksi\u0105\u017ck\u0119 pt. \u201eKsi\u0105\u017cka o\u00a0tabu na drodze do samopoznania\u201d. Teraz, chc\u0105c by\u0107 bli\u017cej Was przez ca\u0142y rok, przygotowali\u015bmy niniejszy kalendarz w\u00a0tematyce Zen z\u00a0cytatami Alana Wattsa. Aby da\u0107 Wam wi\u0119kszy wyb\u00f3r i\u00a0zaspokoi\u0107 r\u00f3\u017cne gusta, zaprosili\u015bmy do tego projektu kilku artyst\u00f3w i\u00a0powsta\u0142 nie jeden a\u00a0kilka kalendarzy, kt\u00f3re dost\u0119pne s\u0105 w\u00a0naszym sklepie. Dzi\u0119kujemy Wam za wszystkie emaile, pochwa\u0142y, sugestie i\u00a0zapytania. Zawsze jeste\u015bmy ch\u0119tni by\u0107 z\u00a0Wami w\u00a0kontakcie. \u017byczymy Wam i sobie aby rok 2021 by\u0142 dla nas wszystkich pe\u0142en spokoju, rado\u015bci, obfito\u015bci, przemy\u015ble\u0144 oraz okazji do wzrostu w\u00a0ka\u017cdej dziedzinie \u017cycia. Do siego roku!\" \/>\n<meta property=\"og:url\" content=\"https:\/\/www.kendra.com.pl\/shop\/produkt\/zen-kalendarz-2021\/\" \/>\n<meta property=\"og:site_name\" content=\"Kendra Publishing\" \/>\n<meta property=\"article:modified_time\" content=\"2025-02-16T13:16:59+00:00\" \/>\n<meta property=\"og:image\" content=\"https:\/\/www.kendra.com.pl\/shop\/wp-content\/uploads\/2020\/10\/kal-2021-ZEN-01.png\" \/>\n\t<meta property=\"og:image:width\" content=\"907\" \/>\n\t<meta property=\"og:image:height\" content=\"907\" \/>\n\t<meta property=\"og:image:type\" content=\"image\/png\" \/>\n<meta name=\"twitter:card\" content=\"summary_large_image\" \/>\n<script type=\"application\/ld+json\" class=\"yoast-schema-graph\">{\"@context\":\"https:\/\/schema.org\",\"@graph\":[{\"@type\":\"WebSite\",\"@id\":\"https:\/\/www.kendra.com.pl\/shop\/#website\",\"url\":\"https:\/\/www.kendra.com.pl\/shop\/\",\"name\":\"Kendra Publishing\",\"description\":\"Sklep\",\"potentialAction\":[{\"@type\":\"SearchAction\",\"target\":{\"@type\":\"EntryPoint\",\"urlTemplate\":\"https:\/\/www.kendra.com.pl\/shop\/?s={search_term_string}\"},\"query-input\":\"required name=search_term_string\"}],\"inLanguage\":\"pl-PL\"},{\"@type\":\"ImageObject\",\"inLanguage\":\"pl-PL\",\"@id\":\"https:\/\/www.kendra.com.pl\/shop\/produkt\/zen-kalendarz-2021\/#primaryimage\",\"url\":\"https:\/\/www.kendra.com.pl\/shop\/wp-content\/uploads\/2020\/10\/kal-2021-ZEN-01.png\",\"contentUrl\":\"https:\/\/www.kendra.com.pl\/shop\/wp-content\/uploads\/2020\/10\/kal-2021-ZEN-01.png\",\"width\":907,\"height\":907,\"caption\":\"Zen - Kalendarz 2021\"},{\"@type\":\"WebPage\",\"@id\":\"https:\/\/www.kendra.com.pl\/shop\/produkt\/zen-kalendarz-2021\/#webpage\",\"url\":\"https:\/\/www.kendra.com.pl\/shop\/produkt\/zen-kalendarz-2021\/\",\"name\":\"ZEN - Kalendarz 2021 - Kendra Publishing\",\"isPartOf\":{\"@id\":\"https:\/\/www.kendra.com.pl\/shop\/#website\"},\"primaryImageOfPage\":{\"@id\":\"https:\/\/www.kendra.com.pl\/shop\/produkt\/zen-kalendarz-2021\/#primaryimage\"},\"datePublished\":\"2020-10-23T09:44:55+00:00\",\"dateModified\":\"2025-02-16T13:16:59+00:00\",\"breadcrumb\":{\"@id\":\"https:\/\/www.kendra.com.pl\/shop\/produkt\/zen-kalendarz-2021\/#breadcrumb\"},\"inLanguage\":\"pl-PL\",\"potentialAction\":[{\"@type\":\"ReadAction\",\"target\":[\"https:\/\/www.kendra.com.pl\/shop\/produkt\/zen-kalendarz-2021\/\"]}]},{\"@type\":\"BreadcrumbList\",\"@id\":\"https:\/\/www.kendra.com.pl\/shop\/produkt\/zen-kalendarz-2021\/#breadcrumb\",\"itemListElement\":[{\"@type\":\"ListItem\",\"position\":1,\"name\":\"Strona g\u0142\u00f3wna\",\"item\":\"https:\/\/www.kendra.com.pl\/shop\/\"},{\"@type\":\"ListItem\",\"position\":2,\"name\":\"Przerwa w dzia\u0142alno\u015bci sklepu&#8230;\",\"item\":\"https:\/\/www.kendra.com.pl\/shop\/?page_id=1888\"},{\"@type\":\"ListItem\",\"position\":3,\"name\":\"ZEN &#8211; Kalendarz 2021\"}]}]}<\/script>\n<!-- \/ Yoast SEO plugin. -->","yoast_head_json":{"title":"ZEN - Kalendarz 2021 - Kendra Publishing","robots":{"index":"noindex","follow":"follow"},"og_locale":"pl_PL","og_type":"article","og_title":"ZEN - Kalendarz 2021 - Kendra Publishing","og_description":"Typ: Kalendarz \u015bcienny Rozmiar: 30x30cm Stron: 26 Papier: 250g silk Czas dostawy (na terenie Europy): 5-8 dni roboczych Koszt wysy\u0142ki (na terenie Europy): 17 z\u0142   Kalendarz \u015bcienny ZEN 2021 to produkcja wydawnictwa Kendra Publishing. Pi\u0119kne zdj\u0119cia w klimacie Dalekiego Wschodu z dodatkiem cytat\u00f3w Alana Wattsa spodobaj\u0105 si\u0119 wielu naszym fanom.  Kendra Publishing Jeste\u015bmy z\u00a0Wami ju\u017c od 10 lat. Znacie nas dzi\u0119ki publikowanym przez nas audiobookom Alana Wattsa. W\u00a0roku 2020 postanowili\u015bmy stworzy\u0107 produkt fizyczny i\u00a0oddali\u015bmy w\u00a0Wasze r\u0119ce drukowan\u0105 ksi\u0105\u017ck\u0119 pt. \u201eKsi\u0105\u017cka o\u00a0tabu na drodze do samopoznania\u201d. Teraz, chc\u0105c by\u0107 bli\u017cej Was przez ca\u0142y rok, przygotowali\u015bmy niniejszy kalendarz w\u00a0tematyce Zen z\u00a0cytatami Alana Wattsa. Aby da\u0107 Wam wi\u0119kszy wyb\u00f3r i\u00a0zaspokoi\u0107 r\u00f3\u017cne gusta, zaprosili\u015bmy do tego projektu kilku artyst\u00f3w i\u00a0powsta\u0142 nie jeden a\u00a0kilka kalendarzy, kt\u00f3re dost\u0119pne s\u0105 w\u00a0naszym sklepie. Dzi\u0119kujemy Wam za wszystkie emaile, pochwa\u0142y, sugestie i\u00a0zapytania. Zawsze jeste\u015bmy ch\u0119tni by\u0107 z\u00a0Wami w\u00a0kontakcie. \u017byczymy Wam i sobie aby rok 2021 by\u0142 dla nas wszystkich pe\u0142en spokoju, rado\u015bci, obfito\u015bci, przemy\u015ble\u0144 oraz okazji do wzrostu w\u00a0ka\u017cdej dziedzinie \u017cycia. Do siego roku!","og_url":"https:\/\/www.kendra.com.pl\/shop\/produkt\/zen-kalendarz-2021\/","og_site_name":"Kendra Publishing","article_modified_time":"2025-02-16T13:16:59+00:00","og_image":[{"width":907,"height":907,"url":"https:\/\/www.kendra.com.pl\/shop\/wp-content\/uploads\/2020\/10\/kal-2021-ZEN-01.png","type":"image\/png"}],"twitter_card":"summary_large_image","schema":{"@context":"https:\/\/schema.org","@graph":[{"@type":"WebSite","@id":"https:\/\/www.kendra.com.pl\/shop\/#website","url":"https:\/\/www.kendra.com.pl\/shop\/","name":"Kendra Publishing","description":"Sklep","potentialAction":[{"@type":"SearchAction","target":{"@type":"EntryPoint","urlTemplate":"https:\/\/www.kendra.com.pl\/shop\/?s={search_term_string}"},"query-input":"required name=search_term_string"}],"inLanguage":"pl-PL"},{"@type":"ImageObject","inLanguage":"pl-PL","@id":"https:\/\/www.kendra.com.pl\/shop\/produkt\/zen-kalendarz-2021\/#primaryimage","url":"https:\/\/www.kendra.com.pl\/shop\/wp-content\/uploads\/2020\/10\/kal-2021-ZEN-01.png","contentUrl":"https:\/\/www.kendra.com.pl\/shop\/wp-content\/uploads\/2020\/10\/kal-2021-ZEN-01.png","width":907,"height":907,"caption":"Zen - Kalendarz 2021"},{"@type":"WebPage","@id":"https:\/\/www.kendra.com.pl\/shop\/produkt\/zen-kalendarz-2021\/#webpage","url":"https:\/\/www.kendra.com.pl\/shop\/produkt\/zen-kalendarz-2021\/","name":"ZEN - Kalendarz 2021 - Kendra Publishing","isPartOf":{"@id":"https:\/\/www.kendra.com.pl\/shop\/#website"},"primaryImageOfPage":{"@id":"https:\/\/www.kendra.com.pl\/shop\/produkt\/zen-kalendarz-2021\/#primaryimage"},"datePublished":"2020-10-23T09:44:55+00:00","dateModified":"2025-02-16T13:16:59+00:00","breadcrumb":{"@id":"https:\/\/www.kendra.com.pl\/shop\/produkt\/zen-kalendarz-2021\/#breadcrumb"},"inLanguage":"pl-PL","potentialAction":[{"@type":"ReadAction","target":["https:\/\/www.kendra.com.pl\/shop\/produkt\/zen-kalendarz-2021\/"]}]},{"@type":"BreadcrumbList","@id":"https:\/\/www.kendra.com.pl\/shop\/produkt\/zen-kalendarz-2021\/#breadcrumb","itemListElement":[{"@type":"ListItem","position":1,"name":"Strona g\u0142\u00f3wna","item":"https:\/\/www.kendra.com.pl\/shop\/"},{"@type":"ListItem","position":2,"name":"Przerwa w dzia\u0142alno\u015bci sklepu&#8230;","item":"https:\/\/www.kendra.com.pl\/shop\/?page_id=1888"},{"@type":"ListItem","position":3,"name":"ZEN &#8211; Kalendarz 2021"}]}]}},"_links":{"self":[{"href":"https:\/\/www.kendra.com.pl\/shop\/wp-json\/wp\/v2\/product\/1322"}],"collection":[{"href":"https:\/\/www.kendra.com.pl\/shop\/wp-json\/wp\/v2\/product"}],"about":[{"href":"https:\/\/www.kendra.com.pl\/shop\/wp-json\/wp\/v2\/types\/product"}],"replies":[{"embeddable":true,"href":"https:\/\/www.kendra.com.pl\/shop\/wp-json\/wp\/v2\/comments?post=1322"}],"wp:featuredmedia":[{"embeddable":true,"href":"https:\/\/www.kendra.com.pl\/shop\/wp-json\/wp\/v2\/media\/1323"}],"wp:attachment":[{"href":"https:\/\/www.kendra.com.pl\/shop\/wp-json\/wp\/v2\/media?parent=1322"}],"wp:term":[{"taxonomy":"product_cat","embeddable":true,"href":"https:\/\/www.kendra.com.pl\/shop\/wp-json\/wp\/v2\/product_cat?post=1322"},{"taxonomy":"product_tag","embeddable":true,"href":"https:\/\/www.kendra.com.pl\/shop\/wp-json\/wp\/v2\/product_tag?post=1322"}],"curies":[{"name":"wp","href":"https:\/\/api.w.org\/{rel}","templated":true}]}}