{"id":1814,"date":"2021-06-19T07:21:09","date_gmt":"2021-06-19T05:21:09","guid":{"rendered":"https:\/\/www.kendra.com.pl\/shop\/?post_type=product&#038;p=1814"},"modified":"2025-02-16T14:12:04","modified_gmt":"2025-02-16T13:12:04","slug":"kosmiczne-przedstawienie","status":"publish","type":"product","link":"https:\/\/www.kendra.com.pl\/shop\/produkt\/kosmiczne-przedstawienie\/","title":{"rendered":"Kosmiczne przedstawienie"},"content":{"rendered":"<h1>Kosmiczne przedstawienie<\/h1>\n<p>W codziennym p\u0119dzie zdarza nam si\u0119 na chwil\u0119 zatrzyma\u0107 i zapyta\u0107 samych siebie: Czy to wszystko jest \u201cna powa\u017cnie\u201d? A mo\u017ce \u017cycie to \u201ctylko\u201d gra, tylko \u017cart, tylko przedstawienie?<\/p>\n<p>Za\u0142\u00f3\u017cmy na chwil\u0119 \u017ce tak w\u0142a\u015bnie jest. Dobra gra &#8211; taka, w kt\u00f3r\u0105 chcemy gra\u0107 wiele razy &#8211; musi spe\u0142nia\u0107 pewne warunki i mie\u0107 okre\u015blone zasady, tak jak na przyk\u0142ad gra w szachy szachy czy sztuka w teatrze.<br \/>\nCo sprawia \u017ce gra czy przedstawienie jest interesuj\u0105ce i wci\u0105gaj\u0105ce? Czy istnieje przymus brania udzia\u0142u w tym przedstawieniu? Czy jest ryzyko \u017ce czarne mog\u0105 wygra\u0107? Lub m\u00f3wi\u0105c j\u0119zykiem religii chrze\u015bcija\u0144skiej &#8211; czy istnieje ryzyko \u017ce mo\u017cemy zosta\u0107 skazani na wieczne pot\u0119pienie?<\/p>\n<p>Wyk\u0142ad ten zosta\u0142 nagrany w czasie kiedy powstawa\u0142a <a href=\"https:\/\/www.kendra.com.pl\/shop\/produkt\/tabu-na-drodze-do-samopoznania\/\" target=\"_blank\" rel=\"noopener noreferrer\">Ksi\u0105\u017cka o tabu na drodze do samopoznania<\/a> i jest doskona\u0142ym wst\u0119pem do tej pozycji.<\/p>\n<div id=\"koplo-sample-player\" class=\"aplayer\" style=\"margin-top:30px\"><\/div>\n","protected":false},"excerpt":{"rendered":"<p>W codziennym p\u0119dzie zdarza nam si\u0119 na chwil\u0119 zatrzyma\u0107 i zapyta\u0107 samych siebie: Czy to wszystko jest \u201cna powa\u017cnie\u201d? A mo\u017ce \u017cycie to \u201ctylko\u201d gra, tylko \u017cart, tylko przedstawienie?<\/p>\n<p>Za\u0142\u00f3\u017cmy na chwil\u0119 \u017ce tak w\u0142a\u015bnie jest. Dobra gra &#8211; taka, w kt\u00f3r\u0105 chcemy gra\u0107 wiele razy &#8211; musi spe\u0142nia\u0107 pewne warunki i mie\u0107 okre\u015blone zasady, tak jak na przyk\u0142ad gra w szachy szachy czy sztuka w teatrze.<br \/>\nCo sprawia \u017ce gra czy przedstawienie jest interesuj\u0105ce i wci\u0105gaj\u0105ce? Czy istnieje przymus brania udzia\u0142u w tym przedstawieniu? Czy jest ryzyko \u017ce czarne mog\u0105 wygra\u0107? Lub m\u00f3wi\u0105c j\u0119zykiem religii chrze\u015bcija\u0144skiej &#8211; czy istnieje ryzyko \u017ce mo\u017cemy zosta\u0107 skazani na wieczne pot\u0119pienie?<\/p>\n<p>Wyk\u0142ad ten zosta\u0142 nagrany w czasie kiedy powstawa\u0142a <a href=\"https:\/\/www.kendra.com.pl\/shop\/produkt\/tabu-na-drodze-do-samopoznania\/\" target=\"_blank\" rel=\"noopener noreferrer\">Ksi\u0105\u017cka o tabu na drodze do samopoznania<\/a> i jest doskona\u0142ym wst\u0119pem do tej pozycji.<\/p>\n[wc-koplo]\n","protected":false},"featured_media":1167,"comment_status":"closed","ping_status":"closed","template":"","meta":[],"product_cat":[16],"product_tag":[33,69,211,87,375,46,370,131,234,374,31,371,373,376,330,184,372,326,165,307,216,335],"yoast_head":"<!-- This site is optimized with the Yoast SEO plugin v18.8 - https:\/\/yoast.com\/wordpress\/plugins\/seo\/ -->\n<title>Kosmiczne przedstawienie - Kendra Publishing<\/title>\n<meta name=\"robots\" content=\"noindex, follow\" \/>\n<meta property=\"og:locale\" content=\"pl_PL\" \/>\n<meta property=\"og:type\" content=\"article\" \/>\n<meta property=\"og:title\" content=\"Kosmiczne przedstawienie - Kendra Publishing\" \/>\n<meta property=\"og:description\" content=\"W codziennym p\u0119dzie zdarza nam si\u0119 na chwil\u0119 zatrzyma\u0107 i zapyta\u0107 samych siebie: Czy to wszystko jest \u201cna powa\u017cnie\u201d? A mo\u017ce \u017cycie to \u201ctylko\u201d gra, tylko \u017cart, tylko przedstawienie?  Za\u0142\u00f3\u017cmy na chwil\u0119 \u017ce tak w\u0142a\u015bnie jest. Dobra gra - taka, w kt\u00f3r\u0105 chcemy gra\u0107 wiele razy - musi spe\u0142nia\u0107 pewne warunki i mie\u0107 okre\u015blone zasady, tak jak na przyk\u0142ad gra w szachy szachy czy sztuka w teatrze. Co sprawia \u017ce gra czy przedstawienie jest interesuj\u0105ce i wci\u0105gaj\u0105ce? Czy istnieje przymus brania udzia\u0142u w tym przedstawieniu? Czy jest ryzyko \u017ce czarne mog\u0105 wygra\u0107? Lub m\u00f3wi\u0105c j\u0119zykiem religii chrze\u015bcija\u0144skiej - czy istnieje ryzyko \u017ce mo\u017cemy zosta\u0107 skazani na wieczne pot\u0119pienie?  Wyk\u0142ad ten zosta\u0142 nagrany w czasie kiedy powstawa\u0142a Ksi\u0105\u017cka o tabu na drodze do samopoznania i jest doskona\u0142ym wst\u0119pem do tej pozycji.\" \/>\n<meta property=\"og:url\" content=\"https:\/\/www.kendra.com.pl\/shop\/produkt\/kosmiczne-przedstawienie\/\" \/>\n<meta property=\"og:site_name\" content=\"Kendra Publishing\" \/>\n<meta property=\"article:modified_time\" content=\"2025-02-16T13:12:04+00:00\" \/>\n<meta property=\"og:image\" content=\"https:\/\/www.kendra.com.pl\/shop\/wp-content\/uploads\/2020\/06\/okladka-54-kosmiczne-przedstawienie.png\" \/>\n\t<meta property=\"og:image:width\" content=\"949\" \/>\n\t<meta property=\"og:image:height\" content=\"943\" \/>\n\t<meta property=\"og:image:type\" content=\"image\/png\" \/>\n<meta name=\"twitter:card\" content=\"summary_large_image\" \/>\n<meta name=\"twitter:label1\" content=\"Szacowany czas czytania\" \/>\n\t<meta name=\"twitter:data1\" content=\"1 minuta\" \/>\n<script type=\"application\/ld+json\" class=\"yoast-schema-graph\">{\"@context\":\"https:\/\/schema.org\",\"@graph\":[{\"@type\":\"WebSite\",\"@id\":\"https:\/\/www.kendra.com.pl\/shop\/#website\",\"url\":\"https:\/\/www.kendra.com.pl\/shop\/\",\"name\":\"Kendra Publishing\",\"description\":\"Sklep\",\"potentialAction\":[{\"@type\":\"SearchAction\",\"target\":{\"@type\":\"EntryPoint\",\"urlTemplate\":\"https:\/\/www.kendra.com.pl\/shop\/?s={search_term_string}\"},\"query-input\":\"required name=search_term_string\"}],\"inLanguage\":\"pl-PL\"},{\"@type\":\"ImageObject\",\"inLanguage\":\"pl-PL\",\"@id\":\"https:\/\/www.kendra.com.pl\/shop\/produkt\/kosmiczne-przedstawienie\/#primaryimage\",\"url\":\"https:\/\/www.kendra.com.pl\/shop\/wp-content\/uploads\/2020\/06\/okladka-54-kosmiczne-przedstawienie.png\",\"contentUrl\":\"https:\/\/www.kendra.com.pl\/shop\/wp-content\/uploads\/2020\/06\/okladka-54-kosmiczne-przedstawienie.png\",\"width\":949,\"height\":943},{\"@type\":\"WebPage\",\"@id\":\"https:\/\/www.kendra.com.pl\/shop\/produkt\/kosmiczne-przedstawienie\/#webpage\",\"url\":\"https:\/\/www.kendra.com.pl\/shop\/produkt\/kosmiczne-przedstawienie\/\",\"name\":\"Kosmiczne przedstawienie - Kendra Publishing\",\"isPartOf\":{\"@id\":\"https:\/\/www.kendra.com.pl\/shop\/#website\"},\"primaryImageOfPage\":{\"@id\":\"https:\/\/www.kendra.com.pl\/shop\/produkt\/kosmiczne-przedstawienie\/#primaryimage\"},\"datePublished\":\"2021-06-19T05:21:09+00:00\",\"dateModified\":\"2025-02-16T13:12:04+00:00\",\"breadcrumb\":{\"@id\":\"https:\/\/www.kendra.com.pl\/shop\/produkt\/kosmiczne-przedstawienie\/#breadcrumb\"},\"inLanguage\":\"pl-PL\",\"potentialAction\":[{\"@type\":\"ReadAction\",\"target\":[\"https:\/\/www.kendra.com.pl\/shop\/produkt\/kosmiczne-przedstawienie\/\"]}]},{\"@type\":\"BreadcrumbList\",\"@id\":\"https:\/\/www.kendra.com.pl\/shop\/produkt\/kosmiczne-przedstawienie\/#breadcrumb\",\"itemListElement\":[{\"@type\":\"ListItem\",\"position\":1,\"name\":\"Strona g\u0142\u00f3wna\",\"item\":\"https:\/\/www.kendra.com.pl\/shop\/\"},{\"@type\":\"ListItem\",\"position\":2,\"name\":\"Przerwa w dzia\u0142alno\u015bci sklepu&#8230;\",\"item\":\"https:\/\/www.kendra.com.pl\/shop\/?page_id=1888\"},{\"@type\":\"ListItem\",\"position\":3,\"name\":\"Kosmiczne przedstawienie\"}]}]}<\/script>\n<!-- \/ Yoast SEO plugin. -->","yoast_head_json":{"title":"Kosmiczne przedstawienie - Kendra Publishing","robots":{"index":"noindex","follow":"follow"},"og_locale":"pl_PL","og_type":"article","og_title":"Kosmiczne przedstawienie - Kendra Publishing","og_description":"W codziennym p\u0119dzie zdarza nam si\u0119 na chwil\u0119 zatrzyma\u0107 i zapyta\u0107 samych siebie: Czy to wszystko jest \u201cna powa\u017cnie\u201d? A mo\u017ce \u017cycie to \u201ctylko\u201d gra, tylko \u017cart, tylko przedstawienie?  Za\u0142\u00f3\u017cmy na chwil\u0119 \u017ce tak w\u0142a\u015bnie jest. Dobra gra - taka, w kt\u00f3r\u0105 chcemy gra\u0107 wiele razy - musi spe\u0142nia\u0107 pewne warunki i mie\u0107 okre\u015blone zasady, tak jak na przyk\u0142ad gra w szachy szachy czy sztuka w teatrze. Co sprawia \u017ce gra czy przedstawienie jest interesuj\u0105ce i wci\u0105gaj\u0105ce? Czy istnieje przymus brania udzia\u0142u w tym przedstawieniu? Czy jest ryzyko \u017ce czarne mog\u0105 wygra\u0107? Lub m\u00f3wi\u0105c j\u0119zykiem religii chrze\u015bcija\u0144skiej - czy istnieje ryzyko \u017ce mo\u017cemy zosta\u0107 skazani na wieczne pot\u0119pienie?  Wyk\u0142ad ten zosta\u0142 nagrany w czasie kiedy powstawa\u0142a Ksi\u0105\u017cka o tabu na drodze do samopoznania i jest doskona\u0142ym wst\u0119pem do tej pozycji.","og_url":"https:\/\/www.kendra.com.pl\/shop\/produkt\/kosmiczne-przedstawienie\/","og_site_name":"Kendra Publishing","article_modified_time":"2025-02-16T13:12:04+00:00","og_image":[{"width":949,"height":943,"url":"https:\/\/www.kendra.com.pl\/shop\/wp-content\/uploads\/2020\/06\/okladka-54-kosmiczne-przedstawienie.png","type":"image\/png"}],"twitter_card":"summary_large_image","twitter_misc":{"Szacowany czas czytania":"1 minuta"},"schema":{"@context":"https:\/\/schema.org","@graph":[{"@type":"WebSite","@id":"https:\/\/www.kendra.com.pl\/shop\/#website","url":"https:\/\/www.kendra.com.pl\/shop\/","name":"Kendra Publishing","description":"Sklep","potentialAction":[{"@type":"SearchAction","target":{"@type":"EntryPoint","urlTemplate":"https:\/\/www.kendra.com.pl\/shop\/?s={search_term_string}"},"query-input":"required name=search_term_string"}],"inLanguage":"pl-PL"},{"@type":"ImageObject","inLanguage":"pl-PL","@id":"https:\/\/www.kendra.com.pl\/shop\/produkt\/kosmiczne-przedstawienie\/#primaryimage","url":"https:\/\/www.kendra.com.pl\/shop\/wp-content\/uploads\/2020\/06\/okladka-54-kosmiczne-przedstawienie.png","contentUrl":"https:\/\/www.kendra.com.pl\/shop\/wp-content\/uploads\/2020\/06\/okladka-54-kosmiczne-przedstawienie.png","width":949,"height":943},{"@type":"WebPage","@id":"https:\/\/www.kendra.com.pl\/shop\/produkt\/kosmiczne-przedstawienie\/#webpage","url":"https:\/\/www.kendra.com.pl\/shop\/produkt\/kosmiczne-przedstawienie\/","name":"Kosmiczne przedstawienie - Kendra Publishing","isPartOf":{"@id":"https:\/\/www.kendra.com.pl\/shop\/#website"},"primaryImageOfPage":{"@id":"https:\/\/www.kendra.com.pl\/shop\/produkt\/kosmiczne-przedstawienie\/#primaryimage"},"datePublished":"2021-06-19T05:21:09+00:00","dateModified":"2025-02-16T13:12:04+00:00","breadcrumb":{"@id":"https:\/\/www.kendra.com.pl\/shop\/produkt\/kosmiczne-przedstawienie\/#breadcrumb"},"inLanguage":"pl-PL","potentialAction":[{"@type":"ReadAction","target":["https:\/\/www.kendra.com.pl\/shop\/produkt\/kosmiczne-przedstawienie\/"]}]},{"@type":"BreadcrumbList","@id":"https:\/\/www.kendra.com.pl\/shop\/produkt\/kosmiczne-przedstawienie\/#breadcrumb","itemListElement":[{"@type":"ListItem","position":1,"name":"Strona g\u0142\u00f3wna","item":"https:\/\/www.kendra.com.pl\/shop\/"},{"@type":"ListItem","position":2,"name":"Przerwa w dzia\u0142alno\u015bci sklepu&#8230;","item":"https:\/\/www.kendra.com.pl\/shop\/?page_id=1888"},{"@type":"ListItem","position":3,"name":"Kosmiczne przedstawienie"}]}]}},"_links":{"self":[{"href":"https:\/\/www.kendra.com.pl\/shop\/wp-json\/wp\/v2\/product\/1814"}],"collection":[{"href":"https:\/\/www.kendra.com.pl\/shop\/wp-json\/wp\/v2\/product"}],"about":[{"href":"https:\/\/www.kendra.com.pl\/shop\/wp-json\/wp\/v2\/types\/product"}],"replies":[{"embeddable":true,"href":"https:\/\/www.kendra.com.pl\/shop\/wp-json\/wp\/v2\/comments?post=1814"}],"wp:featuredmedia":[{"embeddable":true,"href":"https:\/\/www.kendra.com.pl\/shop\/wp-json\/wp\/v2\/media\/1167"}],"wp:attachment":[{"href":"https:\/\/www.kendra.com.pl\/shop\/wp-json\/wp\/v2\/media?parent=1814"}],"wp:term":[{"taxonomy":"product_cat","embeddable":true,"href":"https:\/\/www.kendra.com.pl\/shop\/wp-json\/wp\/v2\/product_cat?post=1814"},{"taxonomy":"product_tag","embeddable":true,"href":"https:\/\/www.kendra.com.pl\/shop\/wp-json\/wp\/v2\/product_tag?post=1814"}],"curies":[{"name":"wp","href":"https:\/\/api.w.org\/{rel}","templated":true}]}}