{"id":2074,"date":"2021-06-08T12:38:01","date_gmt":"2021-06-08T10:38:01","guid":{"rendered":"https:\/\/www.kendra.com.pl\/shop\/produkt\/mala-buddyjska-drewniana-02\/"},"modified":"2025-02-16T14:16:20","modified_gmt":"2025-02-16T13:16:20","slug":"mala-buddyjska-drewniana-02","status":"publish","type":"product","link":"https:\/\/www.kendra.com.pl\/shop\/produkt\/mala-buddyjska-drewniana-02\/","title":{"rendered":"Mala buddyjska drewniana 02"},"content":{"rendered":"<p>Sznur sk\u0142ada si\u0119 ze 108 koralik\u00f3w wykonanych z drewna, zako\u0144czonych tzw. stup\u0105.<\/p>\n<p>Ca\u0142o\u015b\u0107 wykonana r\u0119cznie w Nepalu.<\/p>\n<p>D\u0142ugo\u015b\u0107 (po z\u0142o\u017ceniu): 28 cm<\/p>\n<p>\u015arednica koralika: 1,1 cm<\/p>\n<p>Wszystkie male sprzedajemy zapakowane w woreczki, bo w\u0142a\u015bnie tak &#8211; zgodnie z tradycj\u0105 &#8211; nale\u017cy je przechowywa\u0107.<\/p>\n","protected":false},"excerpt":{"rendered":"<p>R\u0119cznie robiony, buddyjski sznur\/naszyjnik modlitewny wykorzystywany podczas medytacji. S\u0142u\u017cy do liczenia mantr, pomaga w koncentracji i skupieniu. Mo\u017cna go nosi\u0107 jako naszyjnik, bransoletk\u0119, a dla os\u00f3b nim obdarowanych stanowi wyraz serdeczno\u015bci i dobrych my\u015bli.<\/p>\n","protected":false},"featured_media":2075,"comment_status":"open","ping_status":"closed","template":"","meta":[],"product_cat":[390,389,395,392,396,393],"product_tag":[],"yoast_head":"<!-- This site is optimized with the Yoast SEO plugin v18.8 - https:\/\/yoast.com\/wordpress\/plugins\/seo\/ -->\n<title>Mala buddyjska drewniana 02 - Kendra Publishing<\/title>\n<meta name=\"robots\" content=\"noindex, follow\" \/>\n<meta property=\"og:locale\" content=\"pl_PL\" \/>\n<meta property=\"og:type\" content=\"article\" \/>\n<meta property=\"og:title\" content=\"Mala buddyjska drewniana 02 - Kendra Publishing\" \/>\n<meta property=\"og:description\" content=\"R\u0119cznie robiony, buddyjski sznur\/naszyjnik modlitewny wykorzystywany podczas medytacji. S\u0142u\u017cy do liczenia mantr, pomaga w koncentracji i skupieniu. Mo\u017cna go nosi\u0107 jako naszyjnik, bransoletk\u0119, a dla os\u00f3b nim obdarowanych stanowi wyraz serdeczno\u015bci i dobrych my\u015bli.\" \/>\n<meta property=\"og:url\" content=\"https:\/\/www.kendra.com.pl\/shop\/produkt\/mala-buddyjska-drewniana-02\/\" \/>\n<meta property=\"og:site_name\" content=\"Kendra Publishing\" \/>\n<meta property=\"article:modified_time\" content=\"2025-02-16T13:16:20+00:00\" \/>\n<meta property=\"og:image\" content=\"https:\/\/www.kendra.com.pl\/shop\/wp-content\/uploads\/2021\/06\/mala_buddyjska_drewniana.jpg\" \/>\n\t<meta property=\"og:image:width\" content=\"1120\" \/>\n\t<meta property=\"og:image:height\" content=\"920\" \/>\n\t<meta property=\"og:image:type\" content=\"image\/jpeg\" \/>\n<meta name=\"twitter:card\" content=\"summary_large_image\" \/>\n<script type=\"application\/ld+json\" class=\"yoast-schema-graph\">{\"@context\":\"https:\/\/schema.org\",\"@graph\":[{\"@type\":\"WebSite\",\"@id\":\"https:\/\/www.kendra.com.pl\/shop\/#website\",\"url\":\"https:\/\/www.kendra.com.pl\/shop\/\",\"name\":\"Kendra Publishing\",\"description\":\"Sklep\",\"potentialAction\":[{\"@type\":\"SearchAction\",\"target\":{\"@type\":\"EntryPoint\",\"urlTemplate\":\"https:\/\/www.kendra.com.pl\/shop\/?s={search_term_string}\"},\"query-input\":\"required name=search_term_string\"}],\"inLanguage\":\"pl-PL\"},{\"@type\":\"ImageObject\",\"inLanguage\":\"pl-PL\",\"@id\":\"https:\/\/www.kendra.com.pl\/shop\/produkt\/mala-buddyjska-drewniana-02\/#primaryimage\",\"url\":\"https:\/\/www.kendra.com.pl\/shop\/wp-content\/uploads\/2021\/06\/mala_buddyjska_drewniana.jpg\",\"contentUrl\":\"https:\/\/www.kendra.com.pl\/shop\/wp-content\/uploads\/2021\/06\/mala_buddyjska_drewniana.jpg\",\"width\":1120,\"height\":920},{\"@type\":\"WebPage\",\"@id\":\"https:\/\/www.kendra.com.pl\/shop\/produkt\/mala-buddyjska-drewniana-02\/#webpage\",\"url\":\"https:\/\/www.kendra.com.pl\/shop\/produkt\/mala-buddyjska-drewniana-02\/\",\"name\":\"Mala buddyjska drewniana 02 - Kendra Publishing\",\"isPartOf\":{\"@id\":\"https:\/\/www.kendra.com.pl\/shop\/#website\"},\"primaryImageOfPage\":{\"@id\":\"https:\/\/www.kendra.com.pl\/shop\/produkt\/mala-buddyjska-drewniana-02\/#primaryimage\"},\"datePublished\":\"2021-06-08T10:38:01+00:00\",\"dateModified\":\"2025-02-16T13:16:20+00:00\",\"breadcrumb\":{\"@id\":\"https:\/\/www.kendra.com.pl\/shop\/produkt\/mala-buddyjska-drewniana-02\/#breadcrumb\"},\"inLanguage\":\"pl-PL\",\"potentialAction\":[{\"@type\":\"ReadAction\",\"target\":[\"https:\/\/www.kendra.com.pl\/shop\/produkt\/mala-buddyjska-drewniana-02\/\"]}]},{\"@type\":\"BreadcrumbList\",\"@id\":\"https:\/\/www.kendra.com.pl\/shop\/produkt\/mala-buddyjska-drewniana-02\/#breadcrumb\",\"itemListElement\":[{\"@type\":\"ListItem\",\"position\":1,\"name\":\"Strona g\u0142\u00f3wna\",\"item\":\"https:\/\/www.kendra.com.pl\/shop\/\"},{\"@type\":\"ListItem\",\"position\":2,\"name\":\"Przerwa w dzia\u0142alno\u015bci sklepu&#8230;\",\"item\":\"https:\/\/www.kendra.com.pl\/shop\/?page_id=1888\"},{\"@type\":\"ListItem\",\"position\":3,\"name\":\"Mala buddyjska drewniana 02\"}]}]}<\/script>\n<!-- \/ Yoast SEO plugin. -->","yoast_head_json":{"title":"Mala buddyjska drewniana 02 - Kendra Publishing","robots":{"index":"noindex","follow":"follow"},"og_locale":"pl_PL","og_type":"article","og_title":"Mala buddyjska drewniana 02 - Kendra Publishing","og_description":"R\u0119cznie robiony, buddyjski sznur\/naszyjnik modlitewny wykorzystywany podczas medytacji. S\u0142u\u017cy do liczenia mantr, pomaga w koncentracji i skupieniu. Mo\u017cna go nosi\u0107 jako naszyjnik, bransoletk\u0119, a dla os\u00f3b nim obdarowanych stanowi wyraz serdeczno\u015bci i dobrych my\u015bli.","og_url":"https:\/\/www.kendra.com.pl\/shop\/produkt\/mala-buddyjska-drewniana-02\/","og_site_name":"Kendra Publishing","article_modified_time":"2025-02-16T13:16:20+00:00","og_image":[{"width":1120,"height":920,"url":"https:\/\/www.kendra.com.pl\/shop\/wp-content\/uploads\/2021\/06\/mala_buddyjska_drewniana.jpg","type":"image\/jpeg"}],"twitter_card":"summary_large_image","schema":{"@context":"https:\/\/schema.org","@graph":[{"@type":"WebSite","@id":"https:\/\/www.kendra.com.pl\/shop\/#website","url":"https:\/\/www.kendra.com.pl\/shop\/","name":"Kendra Publishing","description":"Sklep","potentialAction":[{"@type":"SearchAction","target":{"@type":"EntryPoint","urlTemplate":"https:\/\/www.kendra.com.pl\/shop\/?s={search_term_string}"},"query-input":"required name=search_term_string"}],"inLanguage":"pl-PL"},{"@type":"ImageObject","inLanguage":"pl-PL","@id":"https:\/\/www.kendra.com.pl\/shop\/produkt\/mala-buddyjska-drewniana-02\/#primaryimage","url":"https:\/\/www.kendra.com.pl\/shop\/wp-content\/uploads\/2021\/06\/mala_buddyjska_drewniana.jpg","contentUrl":"https:\/\/www.kendra.com.pl\/shop\/wp-content\/uploads\/2021\/06\/mala_buddyjska_drewniana.jpg","width":1120,"height":920},{"@type":"WebPage","@id":"https:\/\/www.kendra.com.pl\/shop\/produkt\/mala-buddyjska-drewniana-02\/#webpage","url":"https:\/\/www.kendra.com.pl\/shop\/produkt\/mala-buddyjska-drewniana-02\/","name":"Mala buddyjska drewniana 02 - Kendra Publishing","isPartOf":{"@id":"https:\/\/www.kendra.com.pl\/shop\/#website"},"primaryImageOfPage":{"@id":"https:\/\/www.kendra.com.pl\/shop\/produkt\/mala-buddyjska-drewniana-02\/#primaryimage"},"datePublished":"2021-06-08T10:38:01+00:00","dateModified":"2025-02-16T13:16:20+00:00","breadcrumb":{"@id":"https:\/\/www.kendra.com.pl\/shop\/produkt\/mala-buddyjska-drewniana-02\/#breadcrumb"},"inLanguage":"pl-PL","potentialAction":[{"@type":"ReadAction","target":["https:\/\/www.kendra.com.pl\/shop\/produkt\/mala-buddyjska-drewniana-02\/"]}]},{"@type":"BreadcrumbList","@id":"https:\/\/www.kendra.com.pl\/shop\/produkt\/mala-buddyjska-drewniana-02\/#breadcrumb","itemListElement":[{"@type":"ListItem","position":1,"name":"Strona g\u0142\u00f3wna","item":"https:\/\/www.kendra.com.pl\/shop\/"},{"@type":"ListItem","position":2,"name":"Przerwa w dzia\u0142alno\u015bci sklepu&#8230;","item":"https:\/\/www.kendra.com.pl\/shop\/?page_id=1888"},{"@type":"ListItem","position":3,"name":"Mala buddyjska drewniana 02"}]}]}},"_links":{"self":[{"href":"https:\/\/www.kendra.com.pl\/shop\/wp-json\/wp\/v2\/product\/2074"}],"collection":[{"href":"https:\/\/www.kendra.com.pl\/shop\/wp-json\/wp\/v2\/product"}],"about":[{"href":"https:\/\/www.kendra.com.pl\/shop\/wp-json\/wp\/v2\/types\/product"}],"replies":[{"embeddable":true,"href":"https:\/\/www.kendra.com.pl\/shop\/wp-json\/wp\/v2\/comments?post=2074"}],"wp:featuredmedia":[{"embeddable":true,"href":"https:\/\/www.kendra.com.pl\/shop\/wp-json\/wp\/v2\/media\/2075"}],"wp:attachment":[{"href":"https:\/\/www.kendra.com.pl\/shop\/wp-json\/wp\/v2\/media?parent=2074"}],"wp:term":[{"taxonomy":"product_cat","embeddable":true,"href":"https:\/\/www.kendra.com.pl\/shop\/wp-json\/wp\/v2\/product_cat?post=2074"},{"taxonomy":"product_tag","embeddable":true,"href":"https:\/\/www.kendra.com.pl\/shop\/wp-json\/wp\/v2\/product_tag?post=2074"}],"curies":[{"name":"wp","href":"https:\/\/api.w.org\/{rel}","templated":true}]}}