{"id":2107,"date":"2020-03-13T12:10:38","date_gmt":"2020-03-13T11:10:38","guid":{"rendered":"https:\/\/www.kendra.com.pl\/shop\/produkt\/mala-buddyjska-drzewo-sandalowe\/"},"modified":"2025-12-03T18:18:30","modified_gmt":"2025-12-03T17:18:30","slug":"mala-buddyjska-drzewo-sandalowe","status":"publish","type":"product","link":"https:\/\/www.kendra.com.pl\/shop\/produkt\/mala-buddyjska-drzewo-sandalowe\/","title":{"rendered":"Mala buddyjska drzewo sanda\u0142owe &#8220;S&#8221;"},"content":{"rendered":"<p>Sznur sk\u0142ada si\u0119 ze 108 koralik\u00f3w wykonanych z drzewa sanda\u0142owego zako\u0144czonych tzw. stup\u0105.<\/p>\n<p>Ca\u0142o\u015b\u0107 wykonana r\u0119cznie w Nepalu.<\/p>\n<p>D\u0142ugo\u015b\u0107 sznura: 32 cm<\/p>\n<p>Obw\u00f3d: 64 cm<\/p>\n<p>\u015arednica koralika: 0,7 cm<\/p>\n<p>Wszystkie male sprzedajemy zapakowane w woreczki, bo w\u0142a\u015bnie tak &#8211; zgodnie z tradycj\u0105 &#8211; nale\u017cy je przechowywa\u0107.<\/p>\n<p>Opisy s\u0105 chronione prawami autorskimi. Kopiowanie jest niedozwolone.<\/p>\n","protected":false},"excerpt":{"rendered":"<p>Buddyjski sznur\/naszyjnik modlitewny\u00a0wykorzystywany podczas medytacji. S\u0142u\u017cy do liczenia pok\u0142on\u00f3w i mantr, pomaga w koncentracji i skupieniu. Przydaje si\u0119 nie tylko praktykuj\u0105cym buddystom \u2013 mo\u017cna je nosi\u0107 jako naszyjnik, a dla os\u00f3b nim obdarowanych stanowi wyraz serdeczno\u015bci i dobrych my\u015bli.<\/p>\n","protected":false},"featured_media":2108,"comment_status":"open","ping_status":"closed","template":"","meta":[],"product_cat":[390,389,395,392,396,393],"product_tag":[],"yoast_head":"<!-- This site is optimized with the Yoast SEO plugin v18.8 - https:\/\/yoast.com\/wordpress\/plugins\/seo\/ -->\n<title>Mala buddyjska drzewo sanda\u0142owe &quot;S&quot; - Kendra Publishing<\/title>\n<meta name=\"robots\" content=\"noindex, follow\" \/>\n<meta property=\"og:locale\" content=\"pl_PL\" \/>\n<meta property=\"og:type\" content=\"article\" \/>\n<meta property=\"og:title\" content=\"Mala buddyjska drzewo sanda\u0142owe &quot;S&quot; - Kendra Publishing\" \/>\n<meta property=\"og:description\" content=\"Buddyjski sznur\/naszyjnik modlitewny\u00a0wykorzystywany podczas medytacji. S\u0142u\u017cy do liczenia pok\u0142on\u00f3w i mantr, pomaga w koncentracji i skupieniu. Przydaje si\u0119 nie tylko praktykuj\u0105cym buddystom \u2013 mo\u017cna je nosi\u0107 jako naszyjnik, a dla os\u00f3b nim obdarowanych stanowi wyraz serdeczno\u015bci i dobrych my\u015bli.\" \/>\n<meta property=\"og:url\" content=\"https:\/\/www.kendra.com.pl\/shop\/produkt\/mala-buddyjska-drzewo-sandalowe\/\" \/>\n<meta property=\"og:site_name\" content=\"Kendra Publishing\" \/>\n<meta property=\"article:modified_time\" content=\"2025-12-03T17:18:30+00:00\" \/>\n<meta property=\"og:image\" content=\"https:\/\/www.kendra.com.pl\/shop\/wp-content\/uploads\/2020\/03\/Mala_buddyjska_drzewo_sandalowe.jpg\" \/>\n\t<meta property=\"og:image:width\" content=\"1120\" \/>\n\t<meta property=\"og:image:height\" content=\"920\" \/>\n\t<meta property=\"og:image:type\" content=\"image\/jpeg\" \/>\n<meta name=\"twitter:card\" content=\"summary_large_image\" \/>\n<script type=\"application\/ld+json\" class=\"yoast-schema-graph\">{\"@context\":\"https:\/\/schema.org\",\"@graph\":[{\"@type\":\"WebSite\",\"@id\":\"https:\/\/www.kendra.com.pl\/shop\/#website\",\"url\":\"https:\/\/www.kendra.com.pl\/shop\/\",\"name\":\"Kendra Publishing\",\"description\":\"Sklep\",\"potentialAction\":[{\"@type\":\"SearchAction\",\"target\":{\"@type\":\"EntryPoint\",\"urlTemplate\":\"https:\/\/www.kendra.com.pl\/shop\/?s={search_term_string}\"},\"query-input\":\"required name=search_term_string\"}],\"inLanguage\":\"pl-PL\"},{\"@type\":\"ImageObject\",\"inLanguage\":\"pl-PL\",\"@id\":\"https:\/\/www.kendra.com.pl\/shop\/produkt\/mala-buddyjska-drzewo-sandalowe\/#primaryimage\",\"url\":\"https:\/\/www.kendra.com.pl\/shop\/wp-content\/uploads\/2020\/03\/Mala_buddyjska_drzewo_sandalowe.jpg\",\"contentUrl\":\"https:\/\/www.kendra.com.pl\/shop\/wp-content\/uploads\/2020\/03\/Mala_buddyjska_drzewo_sandalowe.jpg\",\"width\":1120,\"height\":920},{\"@type\":\"WebPage\",\"@id\":\"https:\/\/www.kendra.com.pl\/shop\/produkt\/mala-buddyjska-drzewo-sandalowe\/#webpage\",\"url\":\"https:\/\/www.kendra.com.pl\/shop\/produkt\/mala-buddyjska-drzewo-sandalowe\/\",\"name\":\"Mala buddyjska drzewo sanda\u0142owe \\\"S\\\" - Kendra Publishing\",\"isPartOf\":{\"@id\":\"https:\/\/www.kendra.com.pl\/shop\/#website\"},\"primaryImageOfPage\":{\"@id\":\"https:\/\/www.kendra.com.pl\/shop\/produkt\/mala-buddyjska-drzewo-sandalowe\/#primaryimage\"},\"datePublished\":\"2020-03-13T11:10:38+00:00\",\"dateModified\":\"2025-12-03T17:18:30+00:00\",\"breadcrumb\":{\"@id\":\"https:\/\/www.kendra.com.pl\/shop\/produkt\/mala-buddyjska-drzewo-sandalowe\/#breadcrumb\"},\"inLanguage\":\"pl-PL\",\"potentialAction\":[{\"@type\":\"ReadAction\",\"target\":[\"https:\/\/www.kendra.com.pl\/shop\/produkt\/mala-buddyjska-drzewo-sandalowe\/\"]}]},{\"@type\":\"BreadcrumbList\",\"@id\":\"https:\/\/www.kendra.com.pl\/shop\/produkt\/mala-buddyjska-drzewo-sandalowe\/#breadcrumb\",\"itemListElement\":[{\"@type\":\"ListItem\",\"position\":1,\"name\":\"Strona g\u0142\u00f3wna\",\"item\":\"https:\/\/www.kendra.com.pl\/shop\/\"},{\"@type\":\"ListItem\",\"position\":2,\"name\":\"Przerwa w dzia\u0142alno\u015bci sklepu&#8230;\",\"item\":\"https:\/\/www.kendra.com.pl\/shop\/?page_id=1888\"},{\"@type\":\"ListItem\",\"position\":3,\"name\":\"Mala buddyjska drzewo sanda\u0142owe &#8220;S&#8221;\"}]}]}<\/script>\n<!-- \/ Yoast SEO plugin. -->","yoast_head_json":{"title":"Mala buddyjska drzewo sanda\u0142owe \"S\" - Kendra Publishing","robots":{"index":"noindex","follow":"follow"},"og_locale":"pl_PL","og_type":"article","og_title":"Mala buddyjska drzewo sanda\u0142owe \"S\" - Kendra Publishing","og_description":"Buddyjski sznur\/naszyjnik modlitewny\u00a0wykorzystywany podczas medytacji. S\u0142u\u017cy do liczenia pok\u0142on\u00f3w i mantr, pomaga w koncentracji i skupieniu. Przydaje si\u0119 nie tylko praktykuj\u0105cym buddystom \u2013 mo\u017cna je nosi\u0107 jako naszyjnik, a dla os\u00f3b nim obdarowanych stanowi wyraz serdeczno\u015bci i dobrych my\u015bli.","og_url":"https:\/\/www.kendra.com.pl\/shop\/produkt\/mala-buddyjska-drzewo-sandalowe\/","og_site_name":"Kendra Publishing","article_modified_time":"2025-12-03T17:18:30+00:00","og_image":[{"width":1120,"height":920,"url":"https:\/\/www.kendra.com.pl\/shop\/wp-content\/uploads\/2020\/03\/Mala_buddyjska_drzewo_sandalowe.jpg","type":"image\/jpeg"}],"twitter_card":"summary_large_image","schema":{"@context":"https:\/\/schema.org","@graph":[{"@type":"WebSite","@id":"https:\/\/www.kendra.com.pl\/shop\/#website","url":"https:\/\/www.kendra.com.pl\/shop\/","name":"Kendra Publishing","description":"Sklep","potentialAction":[{"@type":"SearchAction","target":{"@type":"EntryPoint","urlTemplate":"https:\/\/www.kendra.com.pl\/shop\/?s={search_term_string}"},"query-input":"required name=search_term_string"}],"inLanguage":"pl-PL"},{"@type":"ImageObject","inLanguage":"pl-PL","@id":"https:\/\/www.kendra.com.pl\/shop\/produkt\/mala-buddyjska-drzewo-sandalowe\/#primaryimage","url":"https:\/\/www.kendra.com.pl\/shop\/wp-content\/uploads\/2020\/03\/Mala_buddyjska_drzewo_sandalowe.jpg","contentUrl":"https:\/\/www.kendra.com.pl\/shop\/wp-content\/uploads\/2020\/03\/Mala_buddyjska_drzewo_sandalowe.jpg","width":1120,"height":920},{"@type":"WebPage","@id":"https:\/\/www.kendra.com.pl\/shop\/produkt\/mala-buddyjska-drzewo-sandalowe\/#webpage","url":"https:\/\/www.kendra.com.pl\/shop\/produkt\/mala-buddyjska-drzewo-sandalowe\/","name":"Mala buddyjska drzewo sanda\u0142owe \"S\" - Kendra Publishing","isPartOf":{"@id":"https:\/\/www.kendra.com.pl\/shop\/#website"},"primaryImageOfPage":{"@id":"https:\/\/www.kendra.com.pl\/shop\/produkt\/mala-buddyjska-drzewo-sandalowe\/#primaryimage"},"datePublished":"2020-03-13T11:10:38+00:00","dateModified":"2025-12-03T17:18:30+00:00","breadcrumb":{"@id":"https:\/\/www.kendra.com.pl\/shop\/produkt\/mala-buddyjska-drzewo-sandalowe\/#breadcrumb"},"inLanguage":"pl-PL","potentialAction":[{"@type":"ReadAction","target":["https:\/\/www.kendra.com.pl\/shop\/produkt\/mala-buddyjska-drzewo-sandalowe\/"]}]},{"@type":"BreadcrumbList","@id":"https:\/\/www.kendra.com.pl\/shop\/produkt\/mala-buddyjska-drzewo-sandalowe\/#breadcrumb","itemListElement":[{"@type":"ListItem","position":1,"name":"Strona g\u0142\u00f3wna","item":"https:\/\/www.kendra.com.pl\/shop\/"},{"@type":"ListItem","position":2,"name":"Przerwa w dzia\u0142alno\u015bci sklepu&#8230;","item":"https:\/\/www.kendra.com.pl\/shop\/?page_id=1888"},{"@type":"ListItem","position":3,"name":"Mala buddyjska drzewo sanda\u0142owe &#8220;S&#8221;"}]}]}},"_links":{"self":[{"href":"https:\/\/www.kendra.com.pl\/shop\/wp-json\/wp\/v2\/product\/2107"}],"collection":[{"href":"https:\/\/www.kendra.com.pl\/shop\/wp-json\/wp\/v2\/product"}],"about":[{"href":"https:\/\/www.kendra.com.pl\/shop\/wp-json\/wp\/v2\/types\/product"}],"replies":[{"embeddable":true,"href":"https:\/\/www.kendra.com.pl\/shop\/wp-json\/wp\/v2\/comments?post=2107"}],"wp:featuredmedia":[{"embeddable":true,"href":"https:\/\/www.kendra.com.pl\/shop\/wp-json\/wp\/v2\/media\/2108"}],"wp:attachment":[{"href":"https:\/\/www.kendra.com.pl\/shop\/wp-json\/wp\/v2\/media?parent=2107"}],"wp:term":[{"taxonomy":"product_cat","embeddable":true,"href":"https:\/\/www.kendra.com.pl\/shop\/wp-json\/wp\/v2\/product_cat?post=2107"},{"taxonomy":"product_tag","embeddable":true,"href":"https:\/\/www.kendra.com.pl\/shop\/wp-json\/wp\/v2\/product_tag?post=2107"}],"curies":[{"name":"wp","href":"https:\/\/api.w.org\/{rel}","templated":true}]}}