{"id":2113,"date":"2022-01-17T16:05:45","date_gmt":"2022-01-17T15:05:45","guid":{"rendered":"https:\/\/www.kendra.com.pl\/shop\/produkt\/nigdy-nie-jest-za-pozno\/"},"modified":"2025-02-16T14:10:51","modified_gmt":"2025-02-16T13:10:51","slug":"nigdy-nie-jest-za-pozno","status":"publish","type":"product","link":"https:\/\/www.kendra.com.pl\/shop\/produkt\/nigdy-nie-jest-za-pozno\/","title":{"rendered":"Nigdy nie jest za p\u00f3\u017ano"},"content":{"rendered":"<p><strong>Trudne chwile zdarzaj\u0105 si\u0119 w \u017cyciu ka\u017cdego cz\u0142owieka. Najwa\u017cniejsze jest, by nauczy\u0107 si\u0119 czerpa\u0107 z nich si\u0142\u0119 i stawia\u0107 czo\u0142a przeciwno\u015bciom, kt\u00f3re niesie ze sob\u0105 \u017cycie.\u00a0<\/strong><\/p>\n<p><em>Nigdy nie jest za p\u00f3\u017ano<\/em>\u00a0autorstwa Pemy\u00a0Ch\u00f6dr\u00f6n, \u015bwiatowej s\u0142awy buddystki, kt\u00f3r\u0105 pokocha\u0142y miliony ludzi na \u015bwiecie. Ksi\u0105\u017cka polecana jest\u00a0przez wiele gwiazd, m.in. Oprah Winfrey, Gwyneth Paltrow, Jeffa Bridgesa oraz Marianne Faithfull.<\/p>\n<p><strong>W ksi\u0105\u017cce znajduj\u0105 si\u0119:<\/strong><\/p>\n<ul>\n<li>metody pracy z\u00a0\u00a0przeciwno\u015bciami losu<\/li>\n<li>jak oswaja\u0107 strach i niepok\u00f3j<\/li>\n<li>jak wykorzysta\u0107 trudne i bolesne prze\u017cycia do kszta\u0142towania wewn\u0119trznej<br \/>\nm\u0105dro\u015bci i odwagi.<\/li>\n<li>metody niwelowania szkodliwych schemat\u00f3w zachowa\u0144<\/li>\n<\/ul>\n<p><strong>Pema Ch\u00f6dr\u00f6n<br \/>\n<\/strong>\u00a0<em>Droga wojownika polega na troskliwej i pe\u0142nej wsp\u00f3\u0142czucia obserwacji siebie, tak\u017ce w chwilach, gdy niezale\u017cnie od naszej woli twardnieje nam serce z powodu \u017calu, goryczy lub s\u0142usznego oburzenia.<\/em><\/p>\n<p><strong>Oprah Winfrey<br \/>\n<\/strong>\u00a0<em>Nigdy nie jest za p\u00f3\u017ano\u00a0to ksi\u0105\u017cka, kt\u00f3ra u\u015bwiadamia, \u017ce najwi\u0119cej dowiadujemy si\u0119 o sobie w najtrudniejszych momentach naszego \u017cycia.<\/em><\/p>\n<p><strong>Marianne Faithfull<br \/>\n<\/strong>\u00a0<em>Pema Ch\u00f6dr\u00f6n bardzo mi pomog\u0142a.\u00a0Jest uczennic\u0105\u00a0Czogjama Trungpy Rinpocze, kt\u00f3ry by\u0142 guru Allena Ginsberga, a to w\u0142a\u015bnie Allen nauczy\u0142 mnie medytacji oraz wielu innych m\u0105dro\u015bci buddyzmu.<\/em><\/p>\n<p>Powy\u017cszy opis pochodzi od wydawcy.<br \/>\nWydawnictwo Zwierciad\u0142o<\/p>\n","protected":false},"excerpt":{"rendered":"<p>Pema Chodron w swojej ksi\u0105\u017cce Nigdy nie jest za p\u00f3\u017ano przekazuje swoj\u0105 m\u0105dro\u015b\u0107 duchow\u0105 o tym jak sobie radzi\u0107 w przyt\u0142aczaj\u0105cych nas momentach.<\/p>\n","protected":false},"featured_media":2114,"comment_status":"open","ping_status":"closed","template":"","meta":[],"product_cat":[17,786,392,411,410],"product_tag":[],"yoast_head":"<!-- This site is optimized with the Yoast SEO plugin v18.8 - https:\/\/yoast.com\/wordpress\/plugins\/seo\/ -->\n<title>Nigdy nie jest za p\u00f3\u017ano - Kendra Publishing<\/title>\n<meta name=\"robots\" content=\"noindex, follow\" \/>\n<meta property=\"og:locale\" content=\"pl_PL\" \/>\n<meta property=\"og:type\" content=\"article\" \/>\n<meta property=\"og:title\" content=\"Nigdy nie jest za p\u00f3\u017ano - Kendra Publishing\" \/>\n<meta property=\"og:description\" content=\"Pema Chodron w swojej ksi\u0105\u017cce Nigdy nie jest za p\u00f3\u017ano przekazuje swoj\u0105 m\u0105dro\u015b\u0107 duchow\u0105 o tym jak sobie radzi\u0107 w przyt\u0142aczaj\u0105cych nas momentach.\" \/>\n<meta property=\"og:url\" content=\"https:\/\/www.kendra.com.pl\/shop\/produkt\/nigdy-nie-jest-za-pozno\/\" \/>\n<meta property=\"og:site_name\" content=\"Kendra Publishing\" \/>\n<meta property=\"article:modified_time\" content=\"2025-02-16T13:10:51+00:00\" \/>\n<meta property=\"og:image\" content=\"https:\/\/www.kendra.com.pl\/shop\/wp-content\/uploads\/2022\/01\/Nigdy-nie-jest-za-pozno-Pema-Chodron.jpg\" \/>\n\t<meta property=\"og:image:width\" content=\"1120\" \/>\n\t<meta property=\"og:image:height\" content=\"920\" \/>\n\t<meta property=\"og:image:type\" content=\"image\/jpeg\" \/>\n<meta name=\"twitter:card\" content=\"summary_large_image\" \/>\n<meta name=\"twitter:label1\" content=\"Szacowany czas czytania\" \/>\n\t<meta name=\"twitter:data1\" content=\"1 minuta\" \/>\n<script type=\"application\/ld+json\" class=\"yoast-schema-graph\">{\"@context\":\"https:\/\/schema.org\",\"@graph\":[{\"@type\":\"WebSite\",\"@id\":\"https:\/\/www.kendra.com.pl\/shop\/#website\",\"url\":\"https:\/\/www.kendra.com.pl\/shop\/\",\"name\":\"Kendra Publishing\",\"description\":\"Sklep\",\"potentialAction\":[{\"@type\":\"SearchAction\",\"target\":{\"@type\":\"EntryPoint\",\"urlTemplate\":\"https:\/\/www.kendra.com.pl\/shop\/?s={search_term_string}\"},\"query-input\":\"required name=search_term_string\"}],\"inLanguage\":\"pl-PL\"},{\"@type\":\"ImageObject\",\"inLanguage\":\"pl-PL\",\"@id\":\"https:\/\/www.kendra.com.pl\/shop\/produkt\/nigdy-nie-jest-za-pozno\/#primaryimage\",\"url\":\"https:\/\/www.kendra.com.pl\/shop\/wp-content\/uploads\/2022\/01\/Nigdy-nie-jest-za-pozno-Pema-Chodron.jpg\",\"contentUrl\":\"https:\/\/www.kendra.com.pl\/shop\/wp-content\/uploads\/2022\/01\/Nigdy-nie-jest-za-pozno-Pema-Chodron.jpg\",\"width\":1120,\"height\":920},{\"@type\":\"WebPage\",\"@id\":\"https:\/\/www.kendra.com.pl\/shop\/produkt\/nigdy-nie-jest-za-pozno\/#webpage\",\"url\":\"https:\/\/www.kendra.com.pl\/shop\/produkt\/nigdy-nie-jest-za-pozno\/\",\"name\":\"Nigdy nie jest za p\u00f3\u017ano - Kendra Publishing\",\"isPartOf\":{\"@id\":\"https:\/\/www.kendra.com.pl\/shop\/#website\"},\"primaryImageOfPage\":{\"@id\":\"https:\/\/www.kendra.com.pl\/shop\/produkt\/nigdy-nie-jest-za-pozno\/#primaryimage\"},\"datePublished\":\"2022-01-17T15:05:45+00:00\",\"dateModified\":\"2025-02-16T13:10:51+00:00\",\"breadcrumb\":{\"@id\":\"https:\/\/www.kendra.com.pl\/shop\/produkt\/nigdy-nie-jest-za-pozno\/#breadcrumb\"},\"inLanguage\":\"pl-PL\",\"potentialAction\":[{\"@type\":\"ReadAction\",\"target\":[\"https:\/\/www.kendra.com.pl\/shop\/produkt\/nigdy-nie-jest-za-pozno\/\"]}]},{\"@type\":\"BreadcrumbList\",\"@id\":\"https:\/\/www.kendra.com.pl\/shop\/produkt\/nigdy-nie-jest-za-pozno\/#breadcrumb\",\"itemListElement\":[{\"@type\":\"ListItem\",\"position\":1,\"name\":\"Strona g\u0142\u00f3wna\",\"item\":\"https:\/\/www.kendra.com.pl\/shop\/\"},{\"@type\":\"ListItem\",\"position\":2,\"name\":\"Przerwa w dzia\u0142alno\u015bci sklepu&#8230;\",\"item\":\"https:\/\/www.kendra.com.pl\/shop\/?page_id=1888\"},{\"@type\":\"ListItem\",\"position\":3,\"name\":\"Nigdy nie jest za p\u00f3\u017ano\"}]}]}<\/script>\n<!-- \/ Yoast SEO plugin. -->","yoast_head_json":{"title":"Nigdy nie jest za p\u00f3\u017ano - Kendra Publishing","robots":{"index":"noindex","follow":"follow"},"og_locale":"pl_PL","og_type":"article","og_title":"Nigdy nie jest za p\u00f3\u017ano - Kendra Publishing","og_description":"Pema Chodron w swojej ksi\u0105\u017cce Nigdy nie jest za p\u00f3\u017ano przekazuje swoj\u0105 m\u0105dro\u015b\u0107 duchow\u0105 o tym jak sobie radzi\u0107 w przyt\u0142aczaj\u0105cych nas momentach.","og_url":"https:\/\/www.kendra.com.pl\/shop\/produkt\/nigdy-nie-jest-za-pozno\/","og_site_name":"Kendra Publishing","article_modified_time":"2025-02-16T13:10:51+00:00","og_image":[{"width":1120,"height":920,"url":"https:\/\/www.kendra.com.pl\/shop\/wp-content\/uploads\/2022\/01\/Nigdy-nie-jest-za-pozno-Pema-Chodron.jpg","type":"image\/jpeg"}],"twitter_card":"summary_large_image","twitter_misc":{"Szacowany czas czytania":"1 minuta"},"schema":{"@context":"https:\/\/schema.org","@graph":[{"@type":"WebSite","@id":"https:\/\/www.kendra.com.pl\/shop\/#website","url":"https:\/\/www.kendra.com.pl\/shop\/","name":"Kendra Publishing","description":"Sklep","potentialAction":[{"@type":"SearchAction","target":{"@type":"EntryPoint","urlTemplate":"https:\/\/www.kendra.com.pl\/shop\/?s={search_term_string}"},"query-input":"required name=search_term_string"}],"inLanguage":"pl-PL"},{"@type":"ImageObject","inLanguage":"pl-PL","@id":"https:\/\/www.kendra.com.pl\/shop\/produkt\/nigdy-nie-jest-za-pozno\/#primaryimage","url":"https:\/\/www.kendra.com.pl\/shop\/wp-content\/uploads\/2022\/01\/Nigdy-nie-jest-za-pozno-Pema-Chodron.jpg","contentUrl":"https:\/\/www.kendra.com.pl\/shop\/wp-content\/uploads\/2022\/01\/Nigdy-nie-jest-za-pozno-Pema-Chodron.jpg","width":1120,"height":920},{"@type":"WebPage","@id":"https:\/\/www.kendra.com.pl\/shop\/produkt\/nigdy-nie-jest-za-pozno\/#webpage","url":"https:\/\/www.kendra.com.pl\/shop\/produkt\/nigdy-nie-jest-za-pozno\/","name":"Nigdy nie jest za p\u00f3\u017ano - Kendra Publishing","isPartOf":{"@id":"https:\/\/www.kendra.com.pl\/shop\/#website"},"primaryImageOfPage":{"@id":"https:\/\/www.kendra.com.pl\/shop\/produkt\/nigdy-nie-jest-za-pozno\/#primaryimage"},"datePublished":"2022-01-17T15:05:45+00:00","dateModified":"2025-02-16T13:10:51+00:00","breadcrumb":{"@id":"https:\/\/www.kendra.com.pl\/shop\/produkt\/nigdy-nie-jest-za-pozno\/#breadcrumb"},"inLanguage":"pl-PL","potentialAction":[{"@type":"ReadAction","target":["https:\/\/www.kendra.com.pl\/shop\/produkt\/nigdy-nie-jest-za-pozno\/"]}]},{"@type":"BreadcrumbList","@id":"https:\/\/www.kendra.com.pl\/shop\/produkt\/nigdy-nie-jest-za-pozno\/#breadcrumb","itemListElement":[{"@type":"ListItem","position":1,"name":"Strona g\u0142\u00f3wna","item":"https:\/\/www.kendra.com.pl\/shop\/"},{"@type":"ListItem","position":2,"name":"Przerwa w dzia\u0142alno\u015bci sklepu&#8230;","item":"https:\/\/www.kendra.com.pl\/shop\/?page_id=1888"},{"@type":"ListItem","position":3,"name":"Nigdy nie jest za p\u00f3\u017ano"}]}]}},"_links":{"self":[{"href":"https:\/\/www.kendra.com.pl\/shop\/wp-json\/wp\/v2\/product\/2113"}],"collection":[{"href":"https:\/\/www.kendra.com.pl\/shop\/wp-json\/wp\/v2\/product"}],"about":[{"href":"https:\/\/www.kendra.com.pl\/shop\/wp-json\/wp\/v2\/types\/product"}],"replies":[{"embeddable":true,"href":"https:\/\/www.kendra.com.pl\/shop\/wp-json\/wp\/v2\/comments?post=2113"}],"wp:featuredmedia":[{"embeddable":true,"href":"https:\/\/www.kendra.com.pl\/shop\/wp-json\/wp\/v2\/media\/2114"}],"wp:attachment":[{"href":"https:\/\/www.kendra.com.pl\/shop\/wp-json\/wp\/v2\/media?parent=2113"}],"wp:term":[{"taxonomy":"product_cat","embeddable":true,"href":"https:\/\/www.kendra.com.pl\/shop\/wp-json\/wp\/v2\/product_cat?post=2113"},{"taxonomy":"product_tag","embeddable":true,"href":"https:\/\/www.kendra.com.pl\/shop\/wp-json\/wp\/v2\/product_tag?post=2113"}],"curies":[{"name":"wp","href":"https:\/\/api.w.org\/{rel}","templated":true}]}}