{"id":2161,"date":"2021-08-05T16:39:54","date_gmt":"2021-08-05T14:39:54","guid":{"rendered":"https:\/\/www.kendra.com.pl\/shop\/produkt\/czula-przewodniczka-kobieca-droga-do-siebie\/"},"modified":"2025-12-03T18:17:11","modified_gmt":"2025-12-03T17:17:11","slug":"czula-przewodniczka-kobieca-droga-do-siebie","status":"publish","type":"product","link":"https:\/\/www.kendra.com.pl\/shop\/produkt\/czula-przewodniczka-kobieca-droga-do-siebie\/","title":{"rendered":"Czu\u0142a przewodniczka. Kobieca droga do siebie"},"content":{"rendered":"<p>Ksi\u0105\u017cka znanej psycholo\u017cki i felietonistki magazynu \u201eWysokie obcasy\u201d<\/p>\n<p>Natalia de Barbaro pracuje z kobietami, kt\u00f3re poszukuj\u0105 odpowiedzi na pytania: \u201eKim tak naprawd\u0119 jestem? Czego chc\u0119? O czym marz\u0119? Na co sobie pozwalam?\u201d.<\/p>\n<p>Jej ksi\u0105\u017cka to rzetelna z punktu widzenia psychologii, ale tak\u017ce poetycka, czasem brutalnie szczera i poruszaj\u0105ca opowie\u015b\u0107 o kobiecej drodze do poznania samej siebie. Dlaczego kobiety graj\u0105 role, kt\u00f3re wcale im nie odpowiadaj\u0105? Czemu pracuj\u0105 ponad si\u0142y i surowo oceniaj\u0105 si\u0119 za najmniejsze uchybienia? Jak sprawi\u0107, by wewn\u0119trzny g\u0142os, m\u00f3wi\u0105cy kobiecie o jej potrzebach i marzeniach, by\u0142 s\u0142yszany wyra\u017aniej ni\u017c nakazy i wymogi kultury?<\/p>\n<p>Autorka zaprasza w podr\u00f3\u017c pod opiek\u0105 Czu\u0142ej Przewodniczki \u2013 kobiecej intuicji i m\u0105dro\u015bci. Idealna lektura dla kobiet, kt\u00f3re czuj\u0105, \u017ce w ich \u017cyciu za du\u017co jest powinno\u015bci, a za ma\u0142o rado\u015bci.<\/p>\n<p>\u201eCzu\u0142a przewodniczka\u201d jest zilustrowana kola\u017cami wybitnej artystki m\u0142odego pokolenia Anety Klejnowskiej.<\/p>\n<p>Powy\u017cszy opis pochodzi od wydawcy.<br \/>\nWydawnictwo Agora<strong><br \/>\n<\/strong><\/p>\n","protected":false},"excerpt":{"rendered":"<p>Ksi\u0105\u017cka napisana przez znan\u0105 psycholo\u017ck\u0119 i felietonistk\u0119 Natali\u0119 de Barbaro. To ksi\u0105\u017cka napisana o kobietach dla kobiet. Dzi\u0119ki niej poznasz drog\u0119 do poznania samej siebie.<\/p>\n","protected":false},"featured_media":2162,"comment_status":"open","ping_status":"closed","template":"","meta":[],"product_cat":[446,17,786,790,411,391,410,400,401],"product_tag":[740],"yoast_head":"<!-- This site is optimized with the Yoast SEO plugin v18.8 - https:\/\/yoast.com\/wordpress\/plugins\/seo\/ -->\n<title>Czu\u0142a przewodniczka. Kobieca droga do siebie - Kendra Publishing<\/title>\n<meta name=\"robots\" content=\"noindex, follow\" \/>\n<meta property=\"og:locale\" content=\"pl_PL\" \/>\n<meta property=\"og:type\" content=\"article\" \/>\n<meta property=\"og:title\" content=\"Czu\u0142a przewodniczka. Kobieca droga do siebie - Kendra Publishing\" \/>\n<meta property=\"og:description\" content=\"Ksi\u0105\u017cka napisana przez znan\u0105 psycholo\u017ck\u0119 i felietonistk\u0119 Natali\u0119 de Barbaro. To ksi\u0105\u017cka napisana o kobietach dla kobiet. Dzi\u0119ki niej poznasz drog\u0119 do poznania samej siebie.\" \/>\n<meta property=\"og:url\" content=\"https:\/\/www.kendra.com.pl\/shop\/produkt\/czula-przewodniczka-kobieca-droga-do-siebie\/\" \/>\n<meta property=\"og:site_name\" content=\"Kendra Publishing\" \/>\n<meta property=\"article:modified_time\" content=\"2025-12-03T17:17:11+00:00\" \/>\n<meta property=\"og:image\" content=\"https:\/\/www.kendra.com.pl\/shop\/wp-content\/uploads\/2021\/08\/Czula-przewodniczka-Natalia-De-Barbaro.jpg\" \/>\n\t<meta property=\"og:image:width\" content=\"1120\" \/>\n\t<meta property=\"og:image:height\" content=\"920\" \/>\n\t<meta property=\"og:image:type\" content=\"image\/jpeg\" \/>\n<meta name=\"twitter:card\" content=\"summary_large_image\" \/>\n<meta name=\"twitter:label1\" content=\"Szacowany czas czytania\" \/>\n\t<meta name=\"twitter:data1\" content=\"1 minuta\" \/>\n<script type=\"application\/ld+json\" class=\"yoast-schema-graph\">{\"@context\":\"https:\/\/schema.org\",\"@graph\":[{\"@type\":\"WebSite\",\"@id\":\"https:\/\/www.kendra.com.pl\/shop\/#website\",\"url\":\"https:\/\/www.kendra.com.pl\/shop\/\",\"name\":\"Kendra Publishing\",\"description\":\"Sklep\",\"potentialAction\":[{\"@type\":\"SearchAction\",\"target\":{\"@type\":\"EntryPoint\",\"urlTemplate\":\"https:\/\/www.kendra.com.pl\/shop\/?s={search_term_string}\"},\"query-input\":\"required name=search_term_string\"}],\"inLanguage\":\"pl-PL\"},{\"@type\":\"ImageObject\",\"inLanguage\":\"pl-PL\",\"@id\":\"https:\/\/www.kendra.com.pl\/shop\/produkt\/czula-przewodniczka-kobieca-droga-do-siebie\/#primaryimage\",\"url\":\"https:\/\/www.kendra.com.pl\/shop\/wp-content\/uploads\/2021\/08\/Czula-przewodniczka-Natalia-De-Barbaro.jpg\",\"contentUrl\":\"https:\/\/www.kendra.com.pl\/shop\/wp-content\/uploads\/2021\/08\/Czula-przewodniczka-Natalia-De-Barbaro.jpg\",\"width\":1120,\"height\":920},{\"@type\":\"WebPage\",\"@id\":\"https:\/\/www.kendra.com.pl\/shop\/produkt\/czula-przewodniczka-kobieca-droga-do-siebie\/#webpage\",\"url\":\"https:\/\/www.kendra.com.pl\/shop\/produkt\/czula-przewodniczka-kobieca-droga-do-siebie\/\",\"name\":\"Czu\u0142a przewodniczka. Kobieca droga do siebie - Kendra Publishing\",\"isPartOf\":{\"@id\":\"https:\/\/www.kendra.com.pl\/shop\/#website\"},\"primaryImageOfPage\":{\"@id\":\"https:\/\/www.kendra.com.pl\/shop\/produkt\/czula-przewodniczka-kobieca-droga-do-siebie\/#primaryimage\"},\"datePublished\":\"2021-08-05T14:39:54+00:00\",\"dateModified\":\"2025-12-03T17:17:11+00:00\",\"breadcrumb\":{\"@id\":\"https:\/\/www.kendra.com.pl\/shop\/produkt\/czula-przewodniczka-kobieca-droga-do-siebie\/#breadcrumb\"},\"inLanguage\":\"pl-PL\",\"potentialAction\":[{\"@type\":\"ReadAction\",\"target\":[\"https:\/\/www.kendra.com.pl\/shop\/produkt\/czula-przewodniczka-kobieca-droga-do-siebie\/\"]}]},{\"@type\":\"BreadcrumbList\",\"@id\":\"https:\/\/www.kendra.com.pl\/shop\/produkt\/czula-przewodniczka-kobieca-droga-do-siebie\/#breadcrumb\",\"itemListElement\":[{\"@type\":\"ListItem\",\"position\":1,\"name\":\"Strona g\u0142\u00f3wna\",\"item\":\"https:\/\/www.kendra.com.pl\/shop\/\"},{\"@type\":\"ListItem\",\"position\":2,\"name\":\"Przerwa w dzia\u0142alno\u015bci sklepu&#8230;\",\"item\":\"https:\/\/www.kendra.com.pl\/shop\/?page_id=1888\"},{\"@type\":\"ListItem\",\"position\":3,\"name\":\"Czu\u0142a przewodniczka. Kobieca droga do siebie\"}]}]}<\/script>\n<!-- \/ Yoast SEO plugin. -->","yoast_head_json":{"title":"Czu\u0142a przewodniczka. Kobieca droga do siebie - Kendra Publishing","robots":{"index":"noindex","follow":"follow"},"og_locale":"pl_PL","og_type":"article","og_title":"Czu\u0142a przewodniczka. Kobieca droga do siebie - Kendra Publishing","og_description":"Ksi\u0105\u017cka napisana przez znan\u0105 psycholo\u017ck\u0119 i felietonistk\u0119 Natali\u0119 de Barbaro. To ksi\u0105\u017cka napisana o kobietach dla kobiet. Dzi\u0119ki niej poznasz drog\u0119 do poznania samej siebie.","og_url":"https:\/\/www.kendra.com.pl\/shop\/produkt\/czula-przewodniczka-kobieca-droga-do-siebie\/","og_site_name":"Kendra Publishing","article_modified_time":"2025-12-03T17:17:11+00:00","og_image":[{"width":1120,"height":920,"url":"https:\/\/www.kendra.com.pl\/shop\/wp-content\/uploads\/2021\/08\/Czula-przewodniczka-Natalia-De-Barbaro.jpg","type":"image\/jpeg"}],"twitter_card":"summary_large_image","twitter_misc":{"Szacowany czas czytania":"1 minuta"},"schema":{"@context":"https:\/\/schema.org","@graph":[{"@type":"WebSite","@id":"https:\/\/www.kendra.com.pl\/shop\/#website","url":"https:\/\/www.kendra.com.pl\/shop\/","name":"Kendra Publishing","description":"Sklep","potentialAction":[{"@type":"SearchAction","target":{"@type":"EntryPoint","urlTemplate":"https:\/\/www.kendra.com.pl\/shop\/?s={search_term_string}"},"query-input":"required name=search_term_string"}],"inLanguage":"pl-PL"},{"@type":"ImageObject","inLanguage":"pl-PL","@id":"https:\/\/www.kendra.com.pl\/shop\/produkt\/czula-przewodniczka-kobieca-droga-do-siebie\/#primaryimage","url":"https:\/\/www.kendra.com.pl\/shop\/wp-content\/uploads\/2021\/08\/Czula-przewodniczka-Natalia-De-Barbaro.jpg","contentUrl":"https:\/\/www.kendra.com.pl\/shop\/wp-content\/uploads\/2021\/08\/Czula-przewodniczka-Natalia-De-Barbaro.jpg","width":1120,"height":920},{"@type":"WebPage","@id":"https:\/\/www.kendra.com.pl\/shop\/produkt\/czula-przewodniczka-kobieca-droga-do-siebie\/#webpage","url":"https:\/\/www.kendra.com.pl\/shop\/produkt\/czula-przewodniczka-kobieca-droga-do-siebie\/","name":"Czu\u0142a przewodniczka. Kobieca droga do siebie - Kendra Publishing","isPartOf":{"@id":"https:\/\/www.kendra.com.pl\/shop\/#website"},"primaryImageOfPage":{"@id":"https:\/\/www.kendra.com.pl\/shop\/produkt\/czula-przewodniczka-kobieca-droga-do-siebie\/#primaryimage"},"datePublished":"2021-08-05T14:39:54+00:00","dateModified":"2025-12-03T17:17:11+00:00","breadcrumb":{"@id":"https:\/\/www.kendra.com.pl\/shop\/produkt\/czula-przewodniczka-kobieca-droga-do-siebie\/#breadcrumb"},"inLanguage":"pl-PL","potentialAction":[{"@type":"ReadAction","target":["https:\/\/www.kendra.com.pl\/shop\/produkt\/czula-przewodniczka-kobieca-droga-do-siebie\/"]}]},{"@type":"BreadcrumbList","@id":"https:\/\/www.kendra.com.pl\/shop\/produkt\/czula-przewodniczka-kobieca-droga-do-siebie\/#breadcrumb","itemListElement":[{"@type":"ListItem","position":1,"name":"Strona g\u0142\u00f3wna","item":"https:\/\/www.kendra.com.pl\/shop\/"},{"@type":"ListItem","position":2,"name":"Przerwa w dzia\u0142alno\u015bci sklepu&#8230;","item":"https:\/\/www.kendra.com.pl\/shop\/?page_id=1888"},{"@type":"ListItem","position":3,"name":"Czu\u0142a przewodniczka. Kobieca droga do siebie"}]}]}},"_links":{"self":[{"href":"https:\/\/www.kendra.com.pl\/shop\/wp-json\/wp\/v2\/product\/2161"}],"collection":[{"href":"https:\/\/www.kendra.com.pl\/shop\/wp-json\/wp\/v2\/product"}],"about":[{"href":"https:\/\/www.kendra.com.pl\/shop\/wp-json\/wp\/v2\/types\/product"}],"replies":[{"embeddable":true,"href":"https:\/\/www.kendra.com.pl\/shop\/wp-json\/wp\/v2\/comments?post=2161"}],"wp:featuredmedia":[{"embeddable":true,"href":"https:\/\/www.kendra.com.pl\/shop\/wp-json\/wp\/v2\/media\/2162"}],"wp:attachment":[{"href":"https:\/\/www.kendra.com.pl\/shop\/wp-json\/wp\/v2\/media?parent=2161"}],"wp:term":[{"taxonomy":"product_cat","embeddable":true,"href":"https:\/\/www.kendra.com.pl\/shop\/wp-json\/wp\/v2\/product_cat?post=2161"},{"taxonomy":"product_tag","embeddable":true,"href":"https:\/\/www.kendra.com.pl\/shop\/wp-json\/wp\/v2\/product_tag?post=2161"}],"curies":[{"name":"wp","href":"https:\/\/api.w.org\/{rel}","templated":true}]}}