{"id":2191,"date":"2021-06-06T12:45:05","date_gmt":"2021-06-06T10:45:05","guid":{"rendered":"https:\/\/www.kendra.com.pl\/shop\/produkt\/fenomen-poranka\/"},"modified":"2025-02-16T14:16:22","modified_gmt":"2025-02-16T13:16:22","slug":"fenomen-poranka","status":"publish","type":"product","link":"https:\/\/www.kendra.com.pl\/shop\/produkt\/fenomen-poranka\/","title":{"rendered":"Fenomen poranka"},"content":{"rendered":"<p>Hal Elrod \u2013 cz\u0142owiek sukcesu i \u015bwiatowej s\u0142awy m\u00f3wca motywacyjny, autor programu &#8220;Miracle Morning&#8221; \u2013 w ksi\u0105\u017cce &#8220;Fenomen poranka&#8221; uczy, jak zmieni\u0107 sw\u00f3j spos\u00f3b wstawania dzi\u0119ki prostym technikom, kt\u00f3re uczyni\u0105 twoje poranki bardziej zorganizowanymi i owocnymi. Zdaniem Elroda, udane pocz\u0105tki dnia s\u0105 kluczem do szcz\u0119\u015bliwszego, pe\u0142nego sukces\u00f3w \u017cycia.<\/p>\n<p>&#8220;Miracle Morning&#8221; to program 30-dniowej przemiany nawyk\u00f3w zwi\u0105zanych z porann\u0105 rutyn\u0105, dzi\u0119ki kt\u00f3remu nauczysz si\u0119, jak z rado\u015bci\u0105 zaczyna\u0107 ka\u017cdy dzie\u0144 i sta\u0107 si\u0119 lepsz\u0105 wersj\u0105 siebie. Ksi\u0105\u017cka Elroda to zbi\u00f3r sze\u015bciu sprawdzonych praktyk, pozwalaj\u0105cych wspi\u0105\u0107 si\u0119 na wy\u017cyny w\u0142asnych mo\u017cliwo\u015bci we wszystkich aspektach \u017cycia. Nawet je\u017celi od zawsze mia\u0142e\u015b k\u0142opoty z porannym wstawaniem i rozpoczynaniem dnia o wczesnej porze, po lekturze &#8220;Fenomenu poranka&#8221;, z pewno\u015bci\u0105 uda ci si\u0119 to zmieni\u0107. Ta prosta metoda mo\u017ce ca\u0142kowicie odmieni\u0107 tw\u00f3j harmonogram dnia i u\u015bwiadomi\u0107 ci, \u017ce d\u0142ugie spanie wcale nie jest tym, czego potrzebujesz.<\/p>\n<p><strong>Korzy\u015bci, jakich mo\u017cesz oczekiwa\u0107 po lekturze tej ksi\u0105\u017cki, to m.in.:<\/strong><\/p>\n<ul>\n<li>poranki wype\u0142nione radosnym oczekiwaniem oraz energi\u0105 do dzia\u0142ania,<\/li>\n<li>zmniejszenie stresu i \u0142atwiejsze pokonywanie \u017cyciowych przeszk\u00f3d,<\/li>\n<li>lepsza kondycja fizyczna, a nawet redukcja wagi,<\/li>\n<li>zwi\u0119kszenie efektywno\u015bci i koncentracji w pracy,<\/li>\n<li>osi\u0105ganie lepszych wynik\u00f3w finansowych,<\/li>\n<li>motywacja do realizacji wizji swojego wymarzonego \u017cycia!<\/li>\n<\/ul>\n<p>Powy\u017cszy opis pochodzi od wydawcy.<br \/>\nWydawnictwo Galaktyka<strong><br \/>\n<\/strong><\/p>\n","protected":false},"excerpt":{"rendered":"<p>Fenomen poranka to ksi\u0105\u017cka autorstwa Hal&#8217;a Elrod&#8217;a, w kt\u00f3rej znajdziesz wiele sposob\u00f3w i technik jak zorganizowa\u0107 i zharmonizowa\u0107 ka\u017cdy poranek.<\/p>\n","protected":false},"featured_media":2192,"comment_status":"open","ping_status":"closed","template":"","meta":[],"product_cat":[17,786,790,392,411,400,433],"product_tag":[],"yoast_head":"<!-- This site is optimized with the Yoast SEO plugin v18.8 - https:\/\/yoast.com\/wordpress\/plugins\/seo\/ -->\n<title>Fenomen poranka - Kendra Publishing<\/title>\n<meta name=\"robots\" content=\"noindex, follow\" \/>\n<meta property=\"og:locale\" content=\"pl_PL\" \/>\n<meta property=\"og:type\" content=\"article\" \/>\n<meta property=\"og:title\" content=\"Fenomen poranka - Kendra Publishing\" \/>\n<meta property=\"og:description\" content=\"Fenomen poranka to ksi\u0105\u017cka autorstwa Hal&#039;a Elrod&#039;a, w kt\u00f3rej znajdziesz wiele sposob\u00f3w i technik jak zorganizowa\u0107 i zharmonizowa\u0107 ka\u017cdy poranek.\" \/>\n<meta property=\"og:url\" content=\"https:\/\/www.kendra.com.pl\/shop\/produkt\/fenomen-poranka\/\" \/>\n<meta property=\"og:site_name\" content=\"Kendra Publishing\" \/>\n<meta property=\"article:modified_time\" content=\"2025-02-16T13:16:22+00:00\" \/>\n<meta property=\"og:image\" content=\"https:\/\/www.kendra.com.pl\/shop\/wp-content\/uploads\/2021\/06\/16.jpg\" \/>\n\t<meta property=\"og:image:width\" content=\"1120\" \/>\n\t<meta property=\"og:image:height\" content=\"920\" \/>\n\t<meta property=\"og:image:type\" content=\"image\/jpeg\" \/>\n<meta name=\"twitter:card\" content=\"summary_large_image\" \/>\n<meta name=\"twitter:label1\" content=\"Szacowany czas czytania\" \/>\n\t<meta name=\"twitter:data1\" content=\"1 minuta\" \/>\n<script type=\"application\/ld+json\" class=\"yoast-schema-graph\">{\"@context\":\"https:\/\/schema.org\",\"@graph\":[{\"@type\":\"WebSite\",\"@id\":\"https:\/\/www.kendra.com.pl\/shop\/#website\",\"url\":\"https:\/\/www.kendra.com.pl\/shop\/\",\"name\":\"Kendra Publishing\",\"description\":\"Sklep\",\"potentialAction\":[{\"@type\":\"SearchAction\",\"target\":{\"@type\":\"EntryPoint\",\"urlTemplate\":\"https:\/\/www.kendra.com.pl\/shop\/?s={search_term_string}\"},\"query-input\":\"required name=search_term_string\"}],\"inLanguage\":\"pl-PL\"},{\"@type\":\"ImageObject\",\"inLanguage\":\"pl-PL\",\"@id\":\"https:\/\/www.kendra.com.pl\/shop\/produkt\/fenomen-poranka\/#primaryimage\",\"url\":\"https:\/\/www.kendra.com.pl\/shop\/wp-content\/uploads\/2021\/06\/16.jpg\",\"contentUrl\":\"https:\/\/www.kendra.com.pl\/shop\/wp-content\/uploads\/2021\/06\/16.jpg\",\"width\":1120,\"height\":920},{\"@type\":\"WebPage\",\"@id\":\"https:\/\/www.kendra.com.pl\/shop\/produkt\/fenomen-poranka\/#webpage\",\"url\":\"https:\/\/www.kendra.com.pl\/shop\/produkt\/fenomen-poranka\/\",\"name\":\"Fenomen poranka - Kendra Publishing\",\"isPartOf\":{\"@id\":\"https:\/\/www.kendra.com.pl\/shop\/#website\"},\"primaryImageOfPage\":{\"@id\":\"https:\/\/www.kendra.com.pl\/shop\/produkt\/fenomen-poranka\/#primaryimage\"},\"datePublished\":\"2021-06-06T10:45:05+00:00\",\"dateModified\":\"2025-02-16T13:16:22+00:00\",\"breadcrumb\":{\"@id\":\"https:\/\/www.kendra.com.pl\/shop\/produkt\/fenomen-poranka\/#breadcrumb\"},\"inLanguage\":\"pl-PL\",\"potentialAction\":[{\"@type\":\"ReadAction\",\"target\":[\"https:\/\/www.kendra.com.pl\/shop\/produkt\/fenomen-poranka\/\"]}]},{\"@type\":\"BreadcrumbList\",\"@id\":\"https:\/\/www.kendra.com.pl\/shop\/produkt\/fenomen-poranka\/#breadcrumb\",\"itemListElement\":[{\"@type\":\"ListItem\",\"position\":1,\"name\":\"Strona g\u0142\u00f3wna\",\"item\":\"https:\/\/www.kendra.com.pl\/shop\/\"},{\"@type\":\"ListItem\",\"position\":2,\"name\":\"Przerwa w dzia\u0142alno\u015bci sklepu&#8230;\",\"item\":\"https:\/\/www.kendra.com.pl\/shop\/?page_id=1888\"},{\"@type\":\"ListItem\",\"position\":3,\"name\":\"Fenomen poranka\"}]}]}<\/script>\n<!-- \/ Yoast SEO plugin. -->","yoast_head_json":{"title":"Fenomen poranka - Kendra Publishing","robots":{"index":"noindex","follow":"follow"},"og_locale":"pl_PL","og_type":"article","og_title":"Fenomen poranka - Kendra Publishing","og_description":"Fenomen poranka to ksi\u0105\u017cka autorstwa Hal'a Elrod'a, w kt\u00f3rej znajdziesz wiele sposob\u00f3w i technik jak zorganizowa\u0107 i zharmonizowa\u0107 ka\u017cdy poranek.","og_url":"https:\/\/www.kendra.com.pl\/shop\/produkt\/fenomen-poranka\/","og_site_name":"Kendra Publishing","article_modified_time":"2025-02-16T13:16:22+00:00","og_image":[{"width":1120,"height":920,"url":"https:\/\/www.kendra.com.pl\/shop\/wp-content\/uploads\/2021\/06\/16.jpg","type":"image\/jpeg"}],"twitter_card":"summary_large_image","twitter_misc":{"Szacowany czas czytania":"1 minuta"},"schema":{"@context":"https:\/\/schema.org","@graph":[{"@type":"WebSite","@id":"https:\/\/www.kendra.com.pl\/shop\/#website","url":"https:\/\/www.kendra.com.pl\/shop\/","name":"Kendra Publishing","description":"Sklep","potentialAction":[{"@type":"SearchAction","target":{"@type":"EntryPoint","urlTemplate":"https:\/\/www.kendra.com.pl\/shop\/?s={search_term_string}"},"query-input":"required name=search_term_string"}],"inLanguage":"pl-PL"},{"@type":"ImageObject","inLanguage":"pl-PL","@id":"https:\/\/www.kendra.com.pl\/shop\/produkt\/fenomen-poranka\/#primaryimage","url":"https:\/\/www.kendra.com.pl\/shop\/wp-content\/uploads\/2021\/06\/16.jpg","contentUrl":"https:\/\/www.kendra.com.pl\/shop\/wp-content\/uploads\/2021\/06\/16.jpg","width":1120,"height":920},{"@type":"WebPage","@id":"https:\/\/www.kendra.com.pl\/shop\/produkt\/fenomen-poranka\/#webpage","url":"https:\/\/www.kendra.com.pl\/shop\/produkt\/fenomen-poranka\/","name":"Fenomen poranka - Kendra Publishing","isPartOf":{"@id":"https:\/\/www.kendra.com.pl\/shop\/#website"},"primaryImageOfPage":{"@id":"https:\/\/www.kendra.com.pl\/shop\/produkt\/fenomen-poranka\/#primaryimage"},"datePublished":"2021-06-06T10:45:05+00:00","dateModified":"2025-02-16T13:16:22+00:00","breadcrumb":{"@id":"https:\/\/www.kendra.com.pl\/shop\/produkt\/fenomen-poranka\/#breadcrumb"},"inLanguage":"pl-PL","potentialAction":[{"@type":"ReadAction","target":["https:\/\/www.kendra.com.pl\/shop\/produkt\/fenomen-poranka\/"]}]},{"@type":"BreadcrumbList","@id":"https:\/\/www.kendra.com.pl\/shop\/produkt\/fenomen-poranka\/#breadcrumb","itemListElement":[{"@type":"ListItem","position":1,"name":"Strona g\u0142\u00f3wna","item":"https:\/\/www.kendra.com.pl\/shop\/"},{"@type":"ListItem","position":2,"name":"Przerwa w dzia\u0142alno\u015bci sklepu&#8230;","item":"https:\/\/www.kendra.com.pl\/shop\/?page_id=1888"},{"@type":"ListItem","position":3,"name":"Fenomen poranka"}]}]}},"_links":{"self":[{"href":"https:\/\/www.kendra.com.pl\/shop\/wp-json\/wp\/v2\/product\/2191"}],"collection":[{"href":"https:\/\/www.kendra.com.pl\/shop\/wp-json\/wp\/v2\/product"}],"about":[{"href":"https:\/\/www.kendra.com.pl\/shop\/wp-json\/wp\/v2\/types\/product"}],"replies":[{"embeddable":true,"href":"https:\/\/www.kendra.com.pl\/shop\/wp-json\/wp\/v2\/comments?post=2191"}],"wp:featuredmedia":[{"embeddable":true,"href":"https:\/\/www.kendra.com.pl\/shop\/wp-json\/wp\/v2\/media\/2192"}],"wp:attachment":[{"href":"https:\/\/www.kendra.com.pl\/shop\/wp-json\/wp\/v2\/media?parent=2191"}],"wp:term":[{"taxonomy":"product_cat","embeddable":true,"href":"https:\/\/www.kendra.com.pl\/shop\/wp-json\/wp\/v2\/product_cat?post=2191"},{"taxonomy":"product_tag","embeddable":true,"href":"https:\/\/www.kendra.com.pl\/shop\/wp-json\/wp\/v2\/product_tag?post=2191"}],"curies":[{"name":"wp","href":"https:\/\/api.w.org\/{rel}","templated":true}]}}