{"id":2216,"date":"2020-06-26T20:30:45","date_gmt":"2020-06-26T18:30:45","guid":{"rendered":"https:\/\/www.kendra.com.pl\/shop\/produkt\/rozmowy-z-bogiem-tom-1\/"},"modified":"2025-11-11T04:04:35","modified_gmt":"2025-11-11T03:04:35","slug":"rozmowy-z-bogiem-tom-1","status":"publish","type":"product","link":"https:\/\/www.kendra.com.pl\/shop\/produkt\/rozmowy-z-bogiem-tom-1\/","title":{"rendered":"Rozmowy z Bogiem tom 1"},"content":{"rendered":"<p>Nowe wydanie w twardej oprawie!<\/p>\n<p>Ksi\u0105\u017cka &#8220;Rozmowy z Bogiem&#8221; przeznaczona jest dla ka\u017cdego.<\/p>\n<p>A stanowi wspania\u0142y dar dla tych, kt\u00f3rzy prawdziwie \u0142akn\u0105 odpowiedzi i ceni\u0105 pytania; kt\u00f3rzy ze szczerym sercem, otwartym umys\u0142em i t\u0119sknot\u0105 w duszy poszukuj\u0105 prawdy. Ksi\u0105\u017cka ta porusza odwieczne zagadnienia \u017cycia i mi\u0142o\u015bci, celu i funkcji, ludzi i zwi\u0105zk\u00f3w, dobra i z\u0142a, grzechu i winy, przebaczenia i odkupienia, \u015bcie\u017cki do Boga i drogi do piek\u0142a&#8230; s\u0142owem, wszystko.<\/p>\n<p>Bez os\u0142onek omawia sprawy seksu, w\u0142adzy, ma\u0142\u017ce\u0144stwa, dzieci, pracy, zdrowia, \u017cycia po \u017cyciu&#8221; i \u017cycia przed \u017cyciem&#8221;&#8230; wszystko. Zg\u0142\u0119bia wojn\u0119 i pok\u00f3j, wiedz\u0119 i ignorancj\u0119, ofiarowanie i branie, rado\u015b\u0107 i smutek. Rozpatruje to co konkretne, i to co abstrakcyjne, widzialne i niewidzialne, prawd\u0119 i nieprawd\u0119.<\/p>\n<p><strong>Powy\u017cszy opis pochodzi od wydawcy.<\/strong><\/p>\n<p><strong>Wydawnictwo Esse<\/strong><\/p>\n","protected":false},"excerpt":{"rendered":"<p>Ksi\u0105\u017cka poruszaj\u0105ca wiele temat\u00f3w zwi\u0105zanych z mi\u0142o\u015bci\u0105 i \u017cyciem. Ukazuje prawd\u0119, ale i nieprawd\u0119.<\/p>\n","protected":false},"featured_media":2217,"comment_status":"open","ping_status":"closed","template":"","meta":[],"product_cat":[417,17,786,790,428,391,441,410],"product_tag":[],"yoast_head":"<!-- This site is optimized with the Yoast SEO plugin v18.8 - https:\/\/yoast.com\/wordpress\/plugins\/seo\/ -->\n<title>Rozmowy z Bogiem tom 1 - Kendra Publishing<\/title>\n<meta name=\"robots\" content=\"noindex, follow\" \/>\n<meta property=\"og:locale\" content=\"pl_PL\" \/>\n<meta property=\"og:type\" content=\"article\" \/>\n<meta property=\"og:title\" content=\"Rozmowy z Bogiem tom 1 - Kendra Publishing\" \/>\n<meta property=\"og:description\" content=\"Ksi\u0105\u017cka poruszaj\u0105ca wiele temat\u00f3w zwi\u0105zanych z mi\u0142o\u015bci\u0105 i \u017cyciem. Ukazuje prawd\u0119, ale i nieprawd\u0119.\" \/>\n<meta property=\"og:url\" content=\"https:\/\/www.kendra.com.pl\/shop\/produkt\/rozmowy-z-bogiem-tom-1\/\" \/>\n<meta property=\"og:site_name\" content=\"Kendra Publishing\" \/>\n<meta property=\"article:modified_time\" content=\"2025-11-11T03:04:35+00:00\" \/>\n<meta property=\"og:image\" content=\"https:\/\/www.kendra.com.pl\/shop\/wp-content\/uploads\/2020\/06\/rozmowy_z_bogiem_tom_1.jpg\" \/>\n\t<meta property=\"og:image:width\" content=\"1120\" \/>\n\t<meta property=\"og:image:height\" content=\"920\" \/>\n\t<meta property=\"og:image:type\" content=\"image\/jpeg\" \/>\n<meta name=\"twitter:card\" content=\"summary_large_image\" \/>\n<meta name=\"twitter:label1\" content=\"Szacowany czas czytania\" \/>\n\t<meta name=\"twitter:data1\" content=\"1 minuta\" \/>\n<script type=\"application\/ld+json\" class=\"yoast-schema-graph\">{\"@context\":\"https:\/\/schema.org\",\"@graph\":[{\"@type\":\"WebSite\",\"@id\":\"https:\/\/www.kendra.com.pl\/shop\/#website\",\"url\":\"https:\/\/www.kendra.com.pl\/shop\/\",\"name\":\"Kendra Publishing\",\"description\":\"Sklep\",\"potentialAction\":[{\"@type\":\"SearchAction\",\"target\":{\"@type\":\"EntryPoint\",\"urlTemplate\":\"https:\/\/www.kendra.com.pl\/shop\/?s={search_term_string}\"},\"query-input\":\"required name=search_term_string\"}],\"inLanguage\":\"pl-PL\"},{\"@type\":\"ImageObject\",\"inLanguage\":\"pl-PL\",\"@id\":\"https:\/\/www.kendra.com.pl\/shop\/produkt\/rozmowy-z-bogiem-tom-1\/#primaryimage\",\"url\":\"https:\/\/www.kendra.com.pl\/shop\/wp-content\/uploads\/2020\/06\/rozmowy_z_bogiem_tom_1.jpg\",\"contentUrl\":\"https:\/\/www.kendra.com.pl\/shop\/wp-content\/uploads\/2020\/06\/rozmowy_z_bogiem_tom_1.jpg\",\"width\":1120,\"height\":920},{\"@type\":\"WebPage\",\"@id\":\"https:\/\/www.kendra.com.pl\/shop\/produkt\/rozmowy-z-bogiem-tom-1\/#webpage\",\"url\":\"https:\/\/www.kendra.com.pl\/shop\/produkt\/rozmowy-z-bogiem-tom-1\/\",\"name\":\"Rozmowy z Bogiem tom 1 - Kendra Publishing\",\"isPartOf\":{\"@id\":\"https:\/\/www.kendra.com.pl\/shop\/#website\"},\"primaryImageOfPage\":{\"@id\":\"https:\/\/www.kendra.com.pl\/shop\/produkt\/rozmowy-z-bogiem-tom-1\/#primaryimage\"},\"datePublished\":\"2020-06-26T18:30:45+00:00\",\"dateModified\":\"2025-11-11T03:04:35+00:00\",\"breadcrumb\":{\"@id\":\"https:\/\/www.kendra.com.pl\/shop\/produkt\/rozmowy-z-bogiem-tom-1\/#breadcrumb\"},\"inLanguage\":\"pl-PL\",\"potentialAction\":[{\"@type\":\"ReadAction\",\"target\":[\"https:\/\/www.kendra.com.pl\/shop\/produkt\/rozmowy-z-bogiem-tom-1\/\"]}]},{\"@type\":\"BreadcrumbList\",\"@id\":\"https:\/\/www.kendra.com.pl\/shop\/produkt\/rozmowy-z-bogiem-tom-1\/#breadcrumb\",\"itemListElement\":[{\"@type\":\"ListItem\",\"position\":1,\"name\":\"Strona g\u0142\u00f3wna\",\"item\":\"https:\/\/www.kendra.com.pl\/shop\/\"},{\"@type\":\"ListItem\",\"position\":2,\"name\":\"Przerwa w dzia\u0142alno\u015bci sklepu&#8230;\",\"item\":\"https:\/\/www.kendra.com.pl\/shop\/?page_id=1888\"},{\"@type\":\"ListItem\",\"position\":3,\"name\":\"Rozmowy z Bogiem tom 1\"}]}]}<\/script>\n<!-- \/ Yoast SEO plugin. -->","yoast_head_json":{"title":"Rozmowy z Bogiem tom 1 - Kendra Publishing","robots":{"index":"noindex","follow":"follow"},"og_locale":"pl_PL","og_type":"article","og_title":"Rozmowy z Bogiem tom 1 - Kendra Publishing","og_description":"Ksi\u0105\u017cka poruszaj\u0105ca wiele temat\u00f3w zwi\u0105zanych z mi\u0142o\u015bci\u0105 i \u017cyciem. Ukazuje prawd\u0119, ale i nieprawd\u0119.","og_url":"https:\/\/www.kendra.com.pl\/shop\/produkt\/rozmowy-z-bogiem-tom-1\/","og_site_name":"Kendra Publishing","article_modified_time":"2025-11-11T03:04:35+00:00","og_image":[{"width":1120,"height":920,"url":"https:\/\/www.kendra.com.pl\/shop\/wp-content\/uploads\/2020\/06\/rozmowy_z_bogiem_tom_1.jpg","type":"image\/jpeg"}],"twitter_card":"summary_large_image","twitter_misc":{"Szacowany czas czytania":"1 minuta"},"schema":{"@context":"https:\/\/schema.org","@graph":[{"@type":"WebSite","@id":"https:\/\/www.kendra.com.pl\/shop\/#website","url":"https:\/\/www.kendra.com.pl\/shop\/","name":"Kendra Publishing","description":"Sklep","potentialAction":[{"@type":"SearchAction","target":{"@type":"EntryPoint","urlTemplate":"https:\/\/www.kendra.com.pl\/shop\/?s={search_term_string}"},"query-input":"required name=search_term_string"}],"inLanguage":"pl-PL"},{"@type":"ImageObject","inLanguage":"pl-PL","@id":"https:\/\/www.kendra.com.pl\/shop\/produkt\/rozmowy-z-bogiem-tom-1\/#primaryimage","url":"https:\/\/www.kendra.com.pl\/shop\/wp-content\/uploads\/2020\/06\/rozmowy_z_bogiem_tom_1.jpg","contentUrl":"https:\/\/www.kendra.com.pl\/shop\/wp-content\/uploads\/2020\/06\/rozmowy_z_bogiem_tom_1.jpg","width":1120,"height":920},{"@type":"WebPage","@id":"https:\/\/www.kendra.com.pl\/shop\/produkt\/rozmowy-z-bogiem-tom-1\/#webpage","url":"https:\/\/www.kendra.com.pl\/shop\/produkt\/rozmowy-z-bogiem-tom-1\/","name":"Rozmowy z Bogiem tom 1 - Kendra Publishing","isPartOf":{"@id":"https:\/\/www.kendra.com.pl\/shop\/#website"},"primaryImageOfPage":{"@id":"https:\/\/www.kendra.com.pl\/shop\/produkt\/rozmowy-z-bogiem-tom-1\/#primaryimage"},"datePublished":"2020-06-26T18:30:45+00:00","dateModified":"2025-11-11T03:04:35+00:00","breadcrumb":{"@id":"https:\/\/www.kendra.com.pl\/shop\/produkt\/rozmowy-z-bogiem-tom-1\/#breadcrumb"},"inLanguage":"pl-PL","potentialAction":[{"@type":"ReadAction","target":["https:\/\/www.kendra.com.pl\/shop\/produkt\/rozmowy-z-bogiem-tom-1\/"]}]},{"@type":"BreadcrumbList","@id":"https:\/\/www.kendra.com.pl\/shop\/produkt\/rozmowy-z-bogiem-tom-1\/#breadcrumb","itemListElement":[{"@type":"ListItem","position":1,"name":"Strona g\u0142\u00f3wna","item":"https:\/\/www.kendra.com.pl\/shop\/"},{"@type":"ListItem","position":2,"name":"Przerwa w dzia\u0142alno\u015bci sklepu&#8230;","item":"https:\/\/www.kendra.com.pl\/shop\/?page_id=1888"},{"@type":"ListItem","position":3,"name":"Rozmowy z Bogiem tom 1"}]}]}},"_links":{"self":[{"href":"https:\/\/www.kendra.com.pl\/shop\/wp-json\/wp\/v2\/product\/2216"}],"collection":[{"href":"https:\/\/www.kendra.com.pl\/shop\/wp-json\/wp\/v2\/product"}],"about":[{"href":"https:\/\/www.kendra.com.pl\/shop\/wp-json\/wp\/v2\/types\/product"}],"replies":[{"embeddable":true,"href":"https:\/\/www.kendra.com.pl\/shop\/wp-json\/wp\/v2\/comments?post=2216"}],"wp:featuredmedia":[{"embeddable":true,"href":"https:\/\/www.kendra.com.pl\/shop\/wp-json\/wp\/v2\/media\/2217"}],"wp:attachment":[{"href":"https:\/\/www.kendra.com.pl\/shop\/wp-json\/wp\/v2\/media?parent=2216"}],"wp:term":[{"taxonomy":"product_cat","embeddable":true,"href":"https:\/\/www.kendra.com.pl\/shop\/wp-json\/wp\/v2\/product_cat?post=2216"},{"taxonomy":"product_tag","embeddable":true,"href":"https:\/\/www.kendra.com.pl\/shop\/wp-json\/wp\/v2\/product_tag?post=2216"}],"curies":[{"name":"wp","href":"https:\/\/api.w.org\/{rel}","templated":true}]}}