{"id":2222,"date":"2020-05-25T20:31:13","date_gmt":"2020-05-25T18:31:13","guid":{"rendered":"https:\/\/www.kendra.com.pl\/shop\/produkt\/joga-sztuka-zycia\/"},"modified":"2025-06-11T07:17:18","modified_gmt":"2025-06-11T05:17:18","slug":"joga-sztuka-zycia","status":"publish","type":"product","link":"https:\/\/www.kendra.com.pl\/shop\/produkt\/joga-sztuka-zycia\/","title":{"rendered":"Joga &#8211; sztuka \u017cycia"},"content":{"rendered":"<p>Joga \u2013 sztuka \u017cycia nie prezentuje \u017cadnej konkretnej szko\u0142y jogi \u2013 dla autorki joga jest jedna i ma prowadzi\u0107 cz\u0142owieka do jedno\u015bci ze sob\u0105 i \u015bwiatem. Przekazywane prawdy s\u0105 uniwersalne niezale\u017cnie od wiary, religii, kultury, \u015bwiatopogl\u0105du.<\/p>\n<p>Jak m\u00f3wi Donna Farhi:<strong> \u201esztuka jogi nie polega tylko na idealnym wykonaniu pozycji, sztuka jogi prowadzi praktykuj\u0105cych do bycia bardziej ludzkimi\u201d<\/strong>.<\/p>\n<p>I tego przede wszystkim mo\u017cna si\u0119 dowiedzie\u0107 z tej ksi\u0105\u017cki.<\/p>\n<p>Wiedza przekazywana przez autork\u0119 jest bezcenna, poniewa\u017c p\u0142ynie z wieloletniego do\u015bwiadczenia i jest podana w jasny, przyst\u0119pny spos\u00f3b. Ksi\u0105\u017cka ta pisana jest z du\u017c\u0105 wra\u017cliwo\u015bci\u0105 i zrozumieniem sztuki jogi, wnika g\u0142\u0119boko w prac\u0119 z energi\u0105 i w ludzk\u0105 psychik\u0119. Donna Farhi potrafi przekaza\u0107 m\u0105dro\u015b\u0107 hinduskiej sztuki jogi przeniesion\u0105 w realia cz\u0142owieka zachodniego, nie upraszczaj\u0105c, a wr\u0119cz odkrywaj\u0105c przed nami jej wielk\u0105 warto\u015b\u0107.<\/p>\n<p>Dla ci\u0105gle rosn\u0105cej w Polsce grupy ludzi poszukuj\u0105cych i pragn\u0105cych pozna\u0107 sztuk\u0119 jogi tak wnikliwe podej\u015bcie b\u0119dzie odkryciem, podobnie jak odkryciem s\u0105 s\u0142owa autorki, \u017ce \u201epraktyka jogi nie ko\u0144czy si\u0119 wraz z zako\u0144czeniem sesji na macie, praktyka jogi w \u017cyciu codziennym pozwala z rado\u015bci\u0105, wra\u017cliwo\u015bci\u0105, \u015bwiadomo\u015bci\u0105 i jasno\u015bci\u0105 przej\u015b\u0107 przez to \u017cycie\u201d.<\/p>\n<p>Powy\u017cszy opis pochodzi od wydawcy.<br \/>\nWydawnictwo Czarna Owca<\/p>\n","protected":false},"excerpt":{"rendered":"<p>Ksi\u0105\u017cka, w kt\u00f3rej znajdziesz prawdy przekazywane przez sam\u0105 autork\u0119 na temat praktyki jogi, kt\u00f3re s\u0105 wiedz\u0105 kt\u00f3r\u0105 ona sama posiada, poprzez m\u0105dro\u015b\u0107 hindusk\u0105. Dla ci\u0105gle rosn\u0105cej w Polsce grupy ludzi poszukuj\u0105cych i pragn\u0105cych pozna\u0107 sztuk\u0119 jogi.<\/p>\n","protected":false},"featured_media":2223,"comment_status":"open","ping_status":"closed","template":"","meta":[],"product_cat":[430,17,786,790,392,411,391,407,393],"product_tag":[],"yoast_head":"<!-- This site is optimized with the Yoast SEO plugin v18.8 - https:\/\/yoast.com\/wordpress\/plugins\/seo\/ -->\n<title>Joga - sztuka \u017cycia - Kendra Publishing<\/title>\n<meta name=\"robots\" content=\"noindex, follow\" \/>\n<meta property=\"og:locale\" content=\"pl_PL\" \/>\n<meta property=\"og:type\" content=\"article\" \/>\n<meta property=\"og:title\" content=\"Joga - sztuka \u017cycia - Kendra Publishing\" \/>\n<meta property=\"og:description\" content=\"Ksi\u0105\u017cka, w kt\u00f3rej znajdziesz prawdy przekazywane przez sam\u0105 autork\u0119 na temat praktyki jogi, kt\u00f3re s\u0105 wiedz\u0105 kt\u00f3r\u0105 ona sama posiada, poprzez m\u0105dro\u015b\u0107 hindusk\u0105. Dla ci\u0105gle rosn\u0105cej w Polsce grupy ludzi poszukuj\u0105cych i pragn\u0105cych pozna\u0107 sztuk\u0119 jogi.\" \/>\n<meta property=\"og:url\" content=\"https:\/\/www.kendra.com.pl\/shop\/produkt\/joga-sztuka-zycia\/\" \/>\n<meta property=\"og:site_name\" content=\"Kendra Publishing\" \/>\n<meta property=\"article:modified_time\" content=\"2025-06-11T05:17:18+00:00\" \/>\n<meta property=\"og:image\" content=\"https:\/\/www.kendra.com.pl\/shop\/wp-content\/uploads\/2020\/05\/joga_sztuka_zycia_donna_farhi.jpg\" \/>\n\t<meta property=\"og:image:width\" content=\"1120\" \/>\n\t<meta property=\"og:image:height\" content=\"920\" \/>\n\t<meta property=\"og:image:type\" content=\"image\/jpeg\" \/>\n<meta name=\"twitter:card\" content=\"summary_large_image\" \/>\n<meta name=\"twitter:label1\" content=\"Szacowany czas czytania\" \/>\n\t<meta name=\"twitter:data1\" content=\"1 minuta\" \/>\n<script type=\"application\/ld+json\" class=\"yoast-schema-graph\">{\"@context\":\"https:\/\/schema.org\",\"@graph\":[{\"@type\":\"WebSite\",\"@id\":\"https:\/\/www.kendra.com.pl\/shop\/#website\",\"url\":\"https:\/\/www.kendra.com.pl\/shop\/\",\"name\":\"Kendra Publishing\",\"description\":\"Sklep\",\"potentialAction\":[{\"@type\":\"SearchAction\",\"target\":{\"@type\":\"EntryPoint\",\"urlTemplate\":\"https:\/\/www.kendra.com.pl\/shop\/?s={search_term_string}\"},\"query-input\":\"required name=search_term_string\"}],\"inLanguage\":\"pl-PL\"},{\"@type\":\"ImageObject\",\"inLanguage\":\"pl-PL\",\"@id\":\"https:\/\/www.kendra.com.pl\/shop\/produkt\/joga-sztuka-zycia\/#primaryimage\",\"url\":\"https:\/\/www.kendra.com.pl\/shop\/wp-content\/uploads\/2020\/05\/joga_sztuka_zycia_donna_farhi.jpg\",\"contentUrl\":\"https:\/\/www.kendra.com.pl\/shop\/wp-content\/uploads\/2020\/05\/joga_sztuka_zycia_donna_farhi.jpg\",\"width\":1120,\"height\":920},{\"@type\":\"WebPage\",\"@id\":\"https:\/\/www.kendra.com.pl\/shop\/produkt\/joga-sztuka-zycia\/#webpage\",\"url\":\"https:\/\/www.kendra.com.pl\/shop\/produkt\/joga-sztuka-zycia\/\",\"name\":\"Joga - sztuka \u017cycia - Kendra Publishing\",\"isPartOf\":{\"@id\":\"https:\/\/www.kendra.com.pl\/shop\/#website\"},\"primaryImageOfPage\":{\"@id\":\"https:\/\/www.kendra.com.pl\/shop\/produkt\/joga-sztuka-zycia\/#primaryimage\"},\"datePublished\":\"2020-05-25T18:31:13+00:00\",\"dateModified\":\"2025-06-11T05:17:18+00:00\",\"breadcrumb\":{\"@id\":\"https:\/\/www.kendra.com.pl\/shop\/produkt\/joga-sztuka-zycia\/#breadcrumb\"},\"inLanguage\":\"pl-PL\",\"potentialAction\":[{\"@type\":\"ReadAction\",\"target\":[\"https:\/\/www.kendra.com.pl\/shop\/produkt\/joga-sztuka-zycia\/\"]}]},{\"@type\":\"BreadcrumbList\",\"@id\":\"https:\/\/www.kendra.com.pl\/shop\/produkt\/joga-sztuka-zycia\/#breadcrumb\",\"itemListElement\":[{\"@type\":\"ListItem\",\"position\":1,\"name\":\"Strona g\u0142\u00f3wna\",\"item\":\"https:\/\/www.kendra.com.pl\/shop\/\"},{\"@type\":\"ListItem\",\"position\":2,\"name\":\"Przerwa w dzia\u0142alno\u015bci sklepu&#8230;\",\"item\":\"https:\/\/www.kendra.com.pl\/shop\/?page_id=1888\"},{\"@type\":\"ListItem\",\"position\":3,\"name\":\"Joga &#8211; sztuka \u017cycia\"}]}]}<\/script>\n<!-- \/ Yoast SEO plugin. -->","yoast_head_json":{"title":"Joga - sztuka \u017cycia - Kendra Publishing","robots":{"index":"noindex","follow":"follow"},"og_locale":"pl_PL","og_type":"article","og_title":"Joga - sztuka \u017cycia - Kendra Publishing","og_description":"Ksi\u0105\u017cka, w kt\u00f3rej znajdziesz prawdy przekazywane przez sam\u0105 autork\u0119 na temat praktyki jogi, kt\u00f3re s\u0105 wiedz\u0105 kt\u00f3r\u0105 ona sama posiada, poprzez m\u0105dro\u015b\u0107 hindusk\u0105. Dla ci\u0105gle rosn\u0105cej w Polsce grupy ludzi poszukuj\u0105cych i pragn\u0105cych pozna\u0107 sztuk\u0119 jogi.","og_url":"https:\/\/www.kendra.com.pl\/shop\/produkt\/joga-sztuka-zycia\/","og_site_name":"Kendra Publishing","article_modified_time":"2025-06-11T05:17:18+00:00","og_image":[{"width":1120,"height":920,"url":"https:\/\/www.kendra.com.pl\/shop\/wp-content\/uploads\/2020\/05\/joga_sztuka_zycia_donna_farhi.jpg","type":"image\/jpeg"}],"twitter_card":"summary_large_image","twitter_misc":{"Szacowany czas czytania":"1 minuta"},"schema":{"@context":"https:\/\/schema.org","@graph":[{"@type":"WebSite","@id":"https:\/\/www.kendra.com.pl\/shop\/#website","url":"https:\/\/www.kendra.com.pl\/shop\/","name":"Kendra Publishing","description":"Sklep","potentialAction":[{"@type":"SearchAction","target":{"@type":"EntryPoint","urlTemplate":"https:\/\/www.kendra.com.pl\/shop\/?s={search_term_string}"},"query-input":"required name=search_term_string"}],"inLanguage":"pl-PL"},{"@type":"ImageObject","inLanguage":"pl-PL","@id":"https:\/\/www.kendra.com.pl\/shop\/produkt\/joga-sztuka-zycia\/#primaryimage","url":"https:\/\/www.kendra.com.pl\/shop\/wp-content\/uploads\/2020\/05\/joga_sztuka_zycia_donna_farhi.jpg","contentUrl":"https:\/\/www.kendra.com.pl\/shop\/wp-content\/uploads\/2020\/05\/joga_sztuka_zycia_donna_farhi.jpg","width":1120,"height":920},{"@type":"WebPage","@id":"https:\/\/www.kendra.com.pl\/shop\/produkt\/joga-sztuka-zycia\/#webpage","url":"https:\/\/www.kendra.com.pl\/shop\/produkt\/joga-sztuka-zycia\/","name":"Joga - sztuka \u017cycia - Kendra Publishing","isPartOf":{"@id":"https:\/\/www.kendra.com.pl\/shop\/#website"},"primaryImageOfPage":{"@id":"https:\/\/www.kendra.com.pl\/shop\/produkt\/joga-sztuka-zycia\/#primaryimage"},"datePublished":"2020-05-25T18:31:13+00:00","dateModified":"2025-06-11T05:17:18+00:00","breadcrumb":{"@id":"https:\/\/www.kendra.com.pl\/shop\/produkt\/joga-sztuka-zycia\/#breadcrumb"},"inLanguage":"pl-PL","potentialAction":[{"@type":"ReadAction","target":["https:\/\/www.kendra.com.pl\/shop\/produkt\/joga-sztuka-zycia\/"]}]},{"@type":"BreadcrumbList","@id":"https:\/\/www.kendra.com.pl\/shop\/produkt\/joga-sztuka-zycia\/#breadcrumb","itemListElement":[{"@type":"ListItem","position":1,"name":"Strona g\u0142\u00f3wna","item":"https:\/\/www.kendra.com.pl\/shop\/"},{"@type":"ListItem","position":2,"name":"Przerwa w dzia\u0142alno\u015bci sklepu&#8230;","item":"https:\/\/www.kendra.com.pl\/shop\/?page_id=1888"},{"@type":"ListItem","position":3,"name":"Joga &#8211; sztuka \u017cycia"}]}]}},"_links":{"self":[{"href":"https:\/\/www.kendra.com.pl\/shop\/wp-json\/wp\/v2\/product\/2222"}],"collection":[{"href":"https:\/\/www.kendra.com.pl\/shop\/wp-json\/wp\/v2\/product"}],"about":[{"href":"https:\/\/www.kendra.com.pl\/shop\/wp-json\/wp\/v2\/types\/product"}],"replies":[{"embeddable":true,"href":"https:\/\/www.kendra.com.pl\/shop\/wp-json\/wp\/v2\/comments?post=2222"}],"wp:featuredmedia":[{"embeddable":true,"href":"https:\/\/www.kendra.com.pl\/shop\/wp-json\/wp\/v2\/media\/2223"}],"wp:attachment":[{"href":"https:\/\/www.kendra.com.pl\/shop\/wp-json\/wp\/v2\/media?parent=2222"}],"wp:term":[{"taxonomy":"product_cat","embeddable":true,"href":"https:\/\/www.kendra.com.pl\/shop\/wp-json\/wp\/v2\/product_cat?post=2222"},{"taxonomy":"product_tag","embeddable":true,"href":"https:\/\/www.kendra.com.pl\/shop\/wp-json\/wp\/v2\/product_tag?post=2222"}],"curies":[{"name":"wp","href":"https:\/\/api.w.org\/{rel}","templated":true}]}}