{"id":2260,"date":"2019-11-17T17:17:46","date_gmt":"2019-11-17T16:17:46","guid":{"rendered":"https:\/\/www.kendra.com.pl\/shop\/produkt\/odkryj-swoje-wewnetrzne-dziecko\/"},"modified":"2023-09-09T22:22:09","modified_gmt":"2023-09-09T20:22:09","slug":"odkryj-swoje-wewnetrzne-dziecko","status":"publish","type":"product","link":"https:\/\/www.kendra.com.pl\/shop\/produkt\/odkryj-swoje-wewnetrzne-dziecko\/","title":{"rendered":"Odkryj swoje wewn\u0119trzne dziecko"},"content":{"rendered":"<p>Kolejna k\u0142\u00f3tnia, kt\u00f3rej powodu nie pami\u0119tasz? Co\u015b Ci\u0119 jednak rozz\u0142o\u015bci\u0142o. Brak zrozumienia z drugiej strony? Ogarnia ci\u0119 bezsilno\u015b\u0107, bo nie wiesz, jak wyt\u0142umaczy\u0107 to, co czujesz? Zamiast zastanawia\u0107 si\u0119, co znowu posz\u0142o nie tak, skup si\u0119 na sobie i znajd\u017a powody z\u0142ych emocji.<\/p>\n<p>Za twoje uczucia odpowiedzialne s\u0105 Dziecko Cienia i Dziecko S\u0142o\u0144ca. Towarzysz\u0105 ci od dzieci\u0144stwa i maj\u0105 wiele do powiedzenia, szczeg\u00f3lnie teraz. Wa\u017cne, aby nie tylko nauczy\u0107 si\u0119 ich s\u0142ucha\u0107, ale by one dogada\u0142y si\u0119 ze sob\u0105 \u2013 a ka\u017cde z nich jest tak samo wa\u017cne.<\/p>\n<p><strong>Jak to zrobi\u0107?<\/strong><br \/>\nOto klucz do rozwi\u0105zania prawie wszystkich twoich problem\u00f3w: przeczytaj ksi\u0105\u017ck\u0119 Stefanie Stahl, odkryj swoje wewn\u0119trzne dziecko, zaprzyja\u017anij si\u0119 z nim, znajd\u017a r\u00f3wnowag\u0119 i \u017cyj szcz\u0119\u015bliwie.<\/p>\n<p>Do dzie\u0142a!<\/p>\n<p>Powy\u017cszy opis pochodzi od wydawcy.<br \/>\nWydawnictwo Otwarte<\/p>\n","protected":false},"excerpt":{"rendered":"<p>Je\u017celi Twojemu \u017cyciu ci\u0105gle towarzyszy k\u0142\u00f3tnia z bliskimi, ju\u017c sam nie wiesz co robi\u0107 czy m\u00f3wi\u0107. Nie patrz na innych, popatrz sam na siebie i spr\u00f3buj odkry\u0107 Twoje wewn\u0119trzne dziecko.<\/p>\n","protected":false},"featured_media":2261,"comment_status":"open","ping_status":"closed","template":"","meta":[],"product_cat":[419,17,786,790,392,747,411,391,410,401],"product_tag":[740],"yoast_head":"<!-- This site is optimized with the Yoast SEO plugin v18.8 - https:\/\/yoast.com\/wordpress\/plugins\/seo\/ -->\n<title>Odkryj swoje wewn\u0119trzne dziecko - Kendra Publishing<\/title>\n<meta name=\"robots\" content=\"noindex, follow\" \/>\n<meta property=\"og:locale\" content=\"pl_PL\" \/>\n<meta property=\"og:type\" content=\"article\" \/>\n<meta property=\"og:title\" content=\"Odkryj swoje wewn\u0119trzne dziecko - Kendra Publishing\" \/>\n<meta property=\"og:description\" content=\"Je\u017celi Twojemu \u017cyciu ci\u0105gle towarzyszy k\u0142\u00f3tnia z bliskimi, ju\u017c sam nie wiesz co robi\u0107 czy m\u00f3wi\u0107. Nie patrz na innych, popatrz sam na siebie i spr\u00f3buj odkry\u0107 Twoje wewn\u0119trzne dziecko.\" \/>\n<meta property=\"og:url\" content=\"https:\/\/www.kendra.com.pl\/shop\/produkt\/odkryj-swoje-wewnetrzne-dziecko\/\" \/>\n<meta property=\"og:site_name\" content=\"Kendra Publishing\" \/>\n<meta property=\"article:modified_time\" content=\"2023-09-09T20:22:09+00:00\" \/>\n<meta property=\"og:image\" content=\"https:\/\/www.kendra.com.pl\/shop\/wp-content\/uploads\/2019\/11\/Odkryj_swoje_wewnetrzne_dziecko_01.jpg\" \/>\n\t<meta property=\"og:image:width\" content=\"1120\" \/>\n\t<meta property=\"og:image:height\" content=\"920\" \/>\n\t<meta property=\"og:image:type\" content=\"image\/jpeg\" \/>\n<meta name=\"twitter:card\" content=\"summary_large_image\" \/>\n<meta name=\"twitter:label1\" content=\"Szacowany czas czytania\" \/>\n\t<meta name=\"twitter:data1\" content=\"1 minuta\" \/>\n<script type=\"application\/ld+json\" class=\"yoast-schema-graph\">{\"@context\":\"https:\/\/schema.org\",\"@graph\":[{\"@type\":\"WebSite\",\"@id\":\"https:\/\/www.kendra.com.pl\/shop\/#website\",\"url\":\"https:\/\/www.kendra.com.pl\/shop\/\",\"name\":\"Kendra Publishing\",\"description\":\"Sklep\",\"potentialAction\":[{\"@type\":\"SearchAction\",\"target\":{\"@type\":\"EntryPoint\",\"urlTemplate\":\"https:\/\/www.kendra.com.pl\/shop\/?s={search_term_string}\"},\"query-input\":\"required name=search_term_string\"}],\"inLanguage\":\"pl-PL\"},{\"@type\":\"ImageObject\",\"inLanguage\":\"pl-PL\",\"@id\":\"https:\/\/www.kendra.com.pl\/shop\/produkt\/odkryj-swoje-wewnetrzne-dziecko\/#primaryimage\",\"url\":\"https:\/\/www.kendra.com.pl\/shop\/wp-content\/uploads\/2019\/11\/Odkryj_swoje_wewnetrzne_dziecko_01.jpg\",\"contentUrl\":\"https:\/\/www.kendra.com.pl\/shop\/wp-content\/uploads\/2019\/11\/Odkryj_swoje_wewnetrzne_dziecko_01.jpg\",\"width\":1120,\"height\":920},{\"@type\":\"WebPage\",\"@id\":\"https:\/\/www.kendra.com.pl\/shop\/produkt\/odkryj-swoje-wewnetrzne-dziecko\/#webpage\",\"url\":\"https:\/\/www.kendra.com.pl\/shop\/produkt\/odkryj-swoje-wewnetrzne-dziecko\/\",\"name\":\"Odkryj swoje wewn\u0119trzne dziecko - Kendra Publishing\",\"isPartOf\":{\"@id\":\"https:\/\/www.kendra.com.pl\/shop\/#website\"},\"primaryImageOfPage\":{\"@id\":\"https:\/\/www.kendra.com.pl\/shop\/produkt\/odkryj-swoje-wewnetrzne-dziecko\/#primaryimage\"},\"datePublished\":\"2019-11-17T16:17:46+00:00\",\"dateModified\":\"2023-09-09T20:22:09+00:00\",\"breadcrumb\":{\"@id\":\"https:\/\/www.kendra.com.pl\/shop\/produkt\/odkryj-swoje-wewnetrzne-dziecko\/#breadcrumb\"},\"inLanguage\":\"pl-PL\",\"potentialAction\":[{\"@type\":\"ReadAction\",\"target\":[\"https:\/\/www.kendra.com.pl\/shop\/produkt\/odkryj-swoje-wewnetrzne-dziecko\/\"]}]},{\"@type\":\"BreadcrumbList\",\"@id\":\"https:\/\/www.kendra.com.pl\/shop\/produkt\/odkryj-swoje-wewnetrzne-dziecko\/#breadcrumb\",\"itemListElement\":[{\"@type\":\"ListItem\",\"position\":1,\"name\":\"Strona g\u0142\u00f3wna\",\"item\":\"https:\/\/www.kendra.com.pl\/shop\/\"},{\"@type\":\"ListItem\",\"position\":2,\"name\":\"Przerwa w dzia\u0142alno\u015bci sklepu&#8230;\",\"item\":\"https:\/\/www.kendra.com.pl\/shop\/?page_id=1888\"},{\"@type\":\"ListItem\",\"position\":3,\"name\":\"Odkryj swoje wewn\u0119trzne dziecko\"}]}]}<\/script>\n<!-- \/ Yoast SEO plugin. -->","yoast_head_json":{"title":"Odkryj swoje wewn\u0119trzne dziecko - Kendra Publishing","robots":{"index":"noindex","follow":"follow"},"og_locale":"pl_PL","og_type":"article","og_title":"Odkryj swoje wewn\u0119trzne dziecko - Kendra Publishing","og_description":"Je\u017celi Twojemu \u017cyciu ci\u0105gle towarzyszy k\u0142\u00f3tnia z bliskimi, ju\u017c sam nie wiesz co robi\u0107 czy m\u00f3wi\u0107. Nie patrz na innych, popatrz sam na siebie i spr\u00f3buj odkry\u0107 Twoje wewn\u0119trzne dziecko.","og_url":"https:\/\/www.kendra.com.pl\/shop\/produkt\/odkryj-swoje-wewnetrzne-dziecko\/","og_site_name":"Kendra Publishing","article_modified_time":"2023-09-09T20:22:09+00:00","og_image":[{"width":1120,"height":920,"url":"https:\/\/www.kendra.com.pl\/shop\/wp-content\/uploads\/2019\/11\/Odkryj_swoje_wewnetrzne_dziecko_01.jpg","type":"image\/jpeg"}],"twitter_card":"summary_large_image","twitter_misc":{"Szacowany czas czytania":"1 minuta"},"schema":{"@context":"https:\/\/schema.org","@graph":[{"@type":"WebSite","@id":"https:\/\/www.kendra.com.pl\/shop\/#website","url":"https:\/\/www.kendra.com.pl\/shop\/","name":"Kendra Publishing","description":"Sklep","potentialAction":[{"@type":"SearchAction","target":{"@type":"EntryPoint","urlTemplate":"https:\/\/www.kendra.com.pl\/shop\/?s={search_term_string}"},"query-input":"required name=search_term_string"}],"inLanguage":"pl-PL"},{"@type":"ImageObject","inLanguage":"pl-PL","@id":"https:\/\/www.kendra.com.pl\/shop\/produkt\/odkryj-swoje-wewnetrzne-dziecko\/#primaryimage","url":"https:\/\/www.kendra.com.pl\/shop\/wp-content\/uploads\/2019\/11\/Odkryj_swoje_wewnetrzne_dziecko_01.jpg","contentUrl":"https:\/\/www.kendra.com.pl\/shop\/wp-content\/uploads\/2019\/11\/Odkryj_swoje_wewnetrzne_dziecko_01.jpg","width":1120,"height":920},{"@type":"WebPage","@id":"https:\/\/www.kendra.com.pl\/shop\/produkt\/odkryj-swoje-wewnetrzne-dziecko\/#webpage","url":"https:\/\/www.kendra.com.pl\/shop\/produkt\/odkryj-swoje-wewnetrzne-dziecko\/","name":"Odkryj swoje wewn\u0119trzne dziecko - Kendra Publishing","isPartOf":{"@id":"https:\/\/www.kendra.com.pl\/shop\/#website"},"primaryImageOfPage":{"@id":"https:\/\/www.kendra.com.pl\/shop\/produkt\/odkryj-swoje-wewnetrzne-dziecko\/#primaryimage"},"datePublished":"2019-11-17T16:17:46+00:00","dateModified":"2023-09-09T20:22:09+00:00","breadcrumb":{"@id":"https:\/\/www.kendra.com.pl\/shop\/produkt\/odkryj-swoje-wewnetrzne-dziecko\/#breadcrumb"},"inLanguage":"pl-PL","potentialAction":[{"@type":"ReadAction","target":["https:\/\/www.kendra.com.pl\/shop\/produkt\/odkryj-swoje-wewnetrzne-dziecko\/"]}]},{"@type":"BreadcrumbList","@id":"https:\/\/www.kendra.com.pl\/shop\/produkt\/odkryj-swoje-wewnetrzne-dziecko\/#breadcrumb","itemListElement":[{"@type":"ListItem","position":1,"name":"Strona g\u0142\u00f3wna","item":"https:\/\/www.kendra.com.pl\/shop\/"},{"@type":"ListItem","position":2,"name":"Przerwa w dzia\u0142alno\u015bci sklepu&#8230;","item":"https:\/\/www.kendra.com.pl\/shop\/?page_id=1888"},{"@type":"ListItem","position":3,"name":"Odkryj swoje wewn\u0119trzne dziecko"}]}]}},"_links":{"self":[{"href":"https:\/\/www.kendra.com.pl\/shop\/wp-json\/wp\/v2\/product\/2260"}],"collection":[{"href":"https:\/\/www.kendra.com.pl\/shop\/wp-json\/wp\/v2\/product"}],"about":[{"href":"https:\/\/www.kendra.com.pl\/shop\/wp-json\/wp\/v2\/types\/product"}],"replies":[{"embeddable":true,"href":"https:\/\/www.kendra.com.pl\/shop\/wp-json\/wp\/v2\/comments?post=2260"}],"wp:featuredmedia":[{"embeddable":true,"href":"https:\/\/www.kendra.com.pl\/shop\/wp-json\/wp\/v2\/media\/2261"}],"wp:attachment":[{"href":"https:\/\/www.kendra.com.pl\/shop\/wp-json\/wp\/v2\/media?parent=2260"}],"wp:term":[{"taxonomy":"product_cat","embeddable":true,"href":"https:\/\/www.kendra.com.pl\/shop\/wp-json\/wp\/v2\/product_cat?post=2260"},{"taxonomy":"product_tag","embeddable":true,"href":"https:\/\/www.kendra.com.pl\/shop\/wp-json\/wp\/v2\/product_tag?post=2260"}],"curies":[{"name":"wp","href":"https:\/\/api.w.org\/{rel}","templated":true}]}}