{"id":2284,"date":"2022-02-09T14:18:52","date_gmt":"2022-02-09T13:18:52","guid":{"rendered":"https:\/\/www.kendra.com.pl\/shop\/produkt\/kadzidelka-stozkowe-z-metalowa-podstawka-tuberoza-i-jasmin\/"},"modified":"2025-02-16T14:10:43","modified_gmt":"2025-02-16T13:10:43","slug":"kadzidelka-stozkowe-z-metalowa-podstawka-tuberoza-i-jasmin","status":"publish","type":"product","link":"https:\/\/www.kendra.com.pl\/shop\/produkt\/kadzidelka-stozkowe-z-metalowa-podstawka-tuberoza-i-jasmin\/","title":{"rendered":"Kadzide\u0142ka sto\u017ckowe z metalow\u0105 podstawk\u0105 Tuberoza i Ja\u015bmin"},"content":{"rendered":"<p>Firma Song of India, powsta\u0142a w 1932r., jest jednym z najwi\u0119kszych producent\u00f3w naturalnych kadzide\u0142, olej\u00f3w czy perfum, a ich filozofia oparta jest o moc czystych olejk\u00f3w eterycznych.<\/p>\n<p>Kadzide\u0142ka sto\u017ckowe firmy Song of India pochodz\u0105 z Delhi, s\u0105 przyjazne dla \u015brodowiska, wegetaria\u0144skie i nietoksyczne. Ponadto nie s\u0105 testowane na zwierz\u0119tach, a przy ich produkcji nie wykorzystywana jest praca dzieci.<\/p>\n<p><span style=\"font-weight: 400\">Te wyj\u0105tkowe kadzide\u0142ka sto\u017ckowe maj\u0105 niezwykle aromatyczne kompozycje zapachowe. Nie zawieraj\u0105 sztucznych barwnik\u00f3w. Sk\u0142adaj\u0105 si\u0119 przede wszystkim z suszonych kwiat\u00f3w i li\u015bci oraz z py\u0142u drzewnego i olejk\u00f3w eterycznych.\u00a0<\/span><\/p>\n<p><span style=\"font-weight: 400\">Opakowanie zawiera 20 kadzide\u0142ek sto\u017ckowych oraz dedykowan\u0105, metalow\u0105 podstawk\u0119 w kszta\u0142cie lotosu. Ka\u017cde kadzide\u0142ko pali si\u0119 oko\u0142o 40 minut, a jego zapach unosi si\u0119 w powietrzu jeszcze d\u0142ugo po wypaleniu.\u00a0<\/span><\/p>\n<p><b>Spos\u00f3b u\u017cycia:<\/b><\/p>\n<p><span style=\"font-weight: 400\">Kadzid\u0142o sto\u017ckowe nale\u017cy po\u0142o\u017cy\u0107 na \u017caroodpornej podstawce i podpali\u0107 jego czubek. Kadzide\u0142ka sto\u017ckowe, ze wzgl\u0119du na sw\u00f3j kszta\u0142t, b\u0119d\u0105 pali\u0107 si\u0119 stopniowo i nier\u00f3wnomiernie &#8211; najpierw delikatnie i \u0142agodnie, a p\u00f3\u017aniej zdecydowanie intensywniej.<\/span><\/p>\n<p><span style=\"font-weight: 400\">Opisy s\u0105 chronione prawami autorskimi. Kopiowanie jest niedozwolone.<\/span><\/p>\n","protected":false},"excerpt":{"rendered":"<p><span style=\"font-weight: 400\">Zapachowe sto\u017cki charakteryzuj\u0105ce si\u0119 kwiatowym zapachem powsta\u0142ym z po\u0142\u0105czenia aromat\u00f3w kwiat\u00f3w tuberozy i ja\u015bminu. Kadzide\u0142ka idealnie nadaj\u0105 si\u0119 do palenia przez o osoby o doszy Vata.<\/span><\/p>\n","protected":false},"featured_media":2285,"comment_status":"open","ping_status":"closed","template":"","meta":[],"product_cat":[415,408,506,710,769,708,508,779,727,777,392,391,728,407],"product_tag":[],"yoast_head":"<!-- This site is optimized with the Yoast SEO plugin v18.8 - https:\/\/yoast.com\/wordpress\/plugins\/seo\/ -->\n<title>Kadzide\u0142ka sto\u017ckowe z metalow\u0105 podstawk\u0105 Tuberoza i Ja\u015bmin - Kendra Publishing<\/title>\n<meta name=\"robots\" content=\"noindex, follow\" \/>\n<meta property=\"og:locale\" content=\"pl_PL\" \/>\n<meta property=\"og:type\" content=\"article\" \/>\n<meta property=\"og:title\" content=\"Kadzide\u0142ka sto\u017ckowe z metalow\u0105 podstawk\u0105 Tuberoza i Ja\u015bmin - Kendra Publishing\" \/>\n<meta property=\"og:description\" content=\"Zapachowe sto\u017cki charakteryzuj\u0105ce si\u0119 kwiatowym zapachem powsta\u0142ym z po\u0142\u0105czenia aromat\u00f3w kwiat\u00f3w tuberozy i ja\u015bminu. Kadzide\u0142ka idealnie nadaj\u0105 si\u0119 do palenia przez o osoby o doszy Vata.\" \/>\n<meta property=\"og:url\" content=\"https:\/\/www.kendra.com.pl\/shop\/produkt\/kadzidelka-stozkowe-z-metalowa-podstawka-tuberoza-i-jasmin\/\" \/>\n<meta property=\"og:site_name\" content=\"Kendra Publishing\" \/>\n<meta property=\"article:modified_time\" content=\"2025-02-16T13:10:43+00:00\" \/>\n<meta property=\"og:image\" content=\"https:\/\/www.kendra.com.pl\/shop\/wp-content\/uploads\/2022\/02\/kadzidelka_stozkowe_tuberosa_jasmin.jpg\" \/>\n\t<meta property=\"og:image:width\" content=\"1120\" \/>\n\t<meta property=\"og:image:height\" content=\"920\" \/>\n\t<meta property=\"og:image:type\" content=\"image\/jpeg\" \/>\n<meta name=\"twitter:card\" content=\"summary_large_image\" \/>\n<meta name=\"twitter:label1\" content=\"Szacowany czas czytania\" \/>\n\t<meta name=\"twitter:data1\" content=\"1 minuta\" \/>\n<script type=\"application\/ld+json\" class=\"yoast-schema-graph\">{\"@context\":\"https:\/\/schema.org\",\"@graph\":[{\"@type\":\"WebSite\",\"@id\":\"https:\/\/www.kendra.com.pl\/shop\/#website\",\"url\":\"https:\/\/www.kendra.com.pl\/shop\/\",\"name\":\"Kendra Publishing\",\"description\":\"Sklep\",\"potentialAction\":[{\"@type\":\"SearchAction\",\"target\":{\"@type\":\"EntryPoint\",\"urlTemplate\":\"https:\/\/www.kendra.com.pl\/shop\/?s={search_term_string}\"},\"query-input\":\"required name=search_term_string\"}],\"inLanguage\":\"pl-PL\"},{\"@type\":\"ImageObject\",\"inLanguage\":\"pl-PL\",\"@id\":\"https:\/\/www.kendra.com.pl\/shop\/produkt\/kadzidelka-stozkowe-z-metalowa-podstawka-tuberoza-i-jasmin\/#primaryimage\",\"url\":\"https:\/\/www.kendra.com.pl\/shop\/wp-content\/uploads\/2022\/02\/kadzidelka_stozkowe_tuberosa_jasmin.jpg\",\"contentUrl\":\"https:\/\/www.kendra.com.pl\/shop\/wp-content\/uploads\/2022\/02\/kadzidelka_stozkowe_tuberosa_jasmin.jpg\",\"width\":1120,\"height\":920},{\"@type\":\"WebPage\",\"@id\":\"https:\/\/www.kendra.com.pl\/shop\/produkt\/kadzidelka-stozkowe-z-metalowa-podstawka-tuberoza-i-jasmin\/#webpage\",\"url\":\"https:\/\/www.kendra.com.pl\/shop\/produkt\/kadzidelka-stozkowe-z-metalowa-podstawka-tuberoza-i-jasmin\/\",\"name\":\"Kadzide\u0142ka sto\u017ckowe z metalow\u0105 podstawk\u0105 Tuberoza i Ja\u015bmin - Kendra Publishing\",\"isPartOf\":{\"@id\":\"https:\/\/www.kendra.com.pl\/shop\/#website\"},\"primaryImageOfPage\":{\"@id\":\"https:\/\/www.kendra.com.pl\/shop\/produkt\/kadzidelka-stozkowe-z-metalowa-podstawka-tuberoza-i-jasmin\/#primaryimage\"},\"datePublished\":\"2022-02-09T13:18:52+00:00\",\"dateModified\":\"2025-02-16T13:10:43+00:00\",\"breadcrumb\":{\"@id\":\"https:\/\/www.kendra.com.pl\/shop\/produkt\/kadzidelka-stozkowe-z-metalowa-podstawka-tuberoza-i-jasmin\/#breadcrumb\"},\"inLanguage\":\"pl-PL\",\"potentialAction\":[{\"@type\":\"ReadAction\",\"target\":[\"https:\/\/www.kendra.com.pl\/shop\/produkt\/kadzidelka-stozkowe-z-metalowa-podstawka-tuberoza-i-jasmin\/\"]}]},{\"@type\":\"BreadcrumbList\",\"@id\":\"https:\/\/www.kendra.com.pl\/shop\/produkt\/kadzidelka-stozkowe-z-metalowa-podstawka-tuberoza-i-jasmin\/#breadcrumb\",\"itemListElement\":[{\"@type\":\"ListItem\",\"position\":1,\"name\":\"Strona g\u0142\u00f3wna\",\"item\":\"https:\/\/www.kendra.com.pl\/shop\/\"},{\"@type\":\"ListItem\",\"position\":2,\"name\":\"Przerwa w dzia\u0142alno\u015bci sklepu&#8230;\",\"item\":\"https:\/\/www.kendra.com.pl\/shop\/?page_id=1888\"},{\"@type\":\"ListItem\",\"position\":3,\"name\":\"Kadzide\u0142ka sto\u017ckowe z metalow\u0105 podstawk\u0105 Tuberoza i Ja\u015bmin\"}]}]}<\/script>\n<!-- \/ Yoast SEO plugin. -->","yoast_head_json":{"title":"Kadzide\u0142ka sto\u017ckowe z metalow\u0105 podstawk\u0105 Tuberoza i Ja\u015bmin - Kendra Publishing","robots":{"index":"noindex","follow":"follow"},"og_locale":"pl_PL","og_type":"article","og_title":"Kadzide\u0142ka sto\u017ckowe z metalow\u0105 podstawk\u0105 Tuberoza i Ja\u015bmin - Kendra Publishing","og_description":"Zapachowe sto\u017cki charakteryzuj\u0105ce si\u0119 kwiatowym zapachem powsta\u0142ym z po\u0142\u0105czenia aromat\u00f3w kwiat\u00f3w tuberozy i ja\u015bminu. Kadzide\u0142ka idealnie nadaj\u0105 si\u0119 do palenia przez o osoby o doszy Vata.","og_url":"https:\/\/www.kendra.com.pl\/shop\/produkt\/kadzidelka-stozkowe-z-metalowa-podstawka-tuberoza-i-jasmin\/","og_site_name":"Kendra Publishing","article_modified_time":"2025-02-16T13:10:43+00:00","og_image":[{"width":1120,"height":920,"url":"https:\/\/www.kendra.com.pl\/shop\/wp-content\/uploads\/2022\/02\/kadzidelka_stozkowe_tuberosa_jasmin.jpg","type":"image\/jpeg"}],"twitter_card":"summary_large_image","twitter_misc":{"Szacowany czas czytania":"1 minuta"},"schema":{"@context":"https:\/\/schema.org","@graph":[{"@type":"WebSite","@id":"https:\/\/www.kendra.com.pl\/shop\/#website","url":"https:\/\/www.kendra.com.pl\/shop\/","name":"Kendra Publishing","description":"Sklep","potentialAction":[{"@type":"SearchAction","target":{"@type":"EntryPoint","urlTemplate":"https:\/\/www.kendra.com.pl\/shop\/?s={search_term_string}"},"query-input":"required name=search_term_string"}],"inLanguage":"pl-PL"},{"@type":"ImageObject","inLanguage":"pl-PL","@id":"https:\/\/www.kendra.com.pl\/shop\/produkt\/kadzidelka-stozkowe-z-metalowa-podstawka-tuberoza-i-jasmin\/#primaryimage","url":"https:\/\/www.kendra.com.pl\/shop\/wp-content\/uploads\/2022\/02\/kadzidelka_stozkowe_tuberosa_jasmin.jpg","contentUrl":"https:\/\/www.kendra.com.pl\/shop\/wp-content\/uploads\/2022\/02\/kadzidelka_stozkowe_tuberosa_jasmin.jpg","width":1120,"height":920},{"@type":"WebPage","@id":"https:\/\/www.kendra.com.pl\/shop\/produkt\/kadzidelka-stozkowe-z-metalowa-podstawka-tuberoza-i-jasmin\/#webpage","url":"https:\/\/www.kendra.com.pl\/shop\/produkt\/kadzidelka-stozkowe-z-metalowa-podstawka-tuberoza-i-jasmin\/","name":"Kadzide\u0142ka sto\u017ckowe z metalow\u0105 podstawk\u0105 Tuberoza i Ja\u015bmin - Kendra Publishing","isPartOf":{"@id":"https:\/\/www.kendra.com.pl\/shop\/#website"},"primaryImageOfPage":{"@id":"https:\/\/www.kendra.com.pl\/shop\/produkt\/kadzidelka-stozkowe-z-metalowa-podstawka-tuberoza-i-jasmin\/#primaryimage"},"datePublished":"2022-02-09T13:18:52+00:00","dateModified":"2025-02-16T13:10:43+00:00","breadcrumb":{"@id":"https:\/\/www.kendra.com.pl\/shop\/produkt\/kadzidelka-stozkowe-z-metalowa-podstawka-tuberoza-i-jasmin\/#breadcrumb"},"inLanguage":"pl-PL","potentialAction":[{"@type":"ReadAction","target":["https:\/\/www.kendra.com.pl\/shop\/produkt\/kadzidelka-stozkowe-z-metalowa-podstawka-tuberoza-i-jasmin\/"]}]},{"@type":"BreadcrumbList","@id":"https:\/\/www.kendra.com.pl\/shop\/produkt\/kadzidelka-stozkowe-z-metalowa-podstawka-tuberoza-i-jasmin\/#breadcrumb","itemListElement":[{"@type":"ListItem","position":1,"name":"Strona g\u0142\u00f3wna","item":"https:\/\/www.kendra.com.pl\/shop\/"},{"@type":"ListItem","position":2,"name":"Przerwa w dzia\u0142alno\u015bci sklepu&#8230;","item":"https:\/\/www.kendra.com.pl\/shop\/?page_id=1888"},{"@type":"ListItem","position":3,"name":"Kadzide\u0142ka sto\u017ckowe z metalow\u0105 podstawk\u0105 Tuberoza i Ja\u015bmin"}]}]}},"_links":{"self":[{"href":"https:\/\/www.kendra.com.pl\/shop\/wp-json\/wp\/v2\/product\/2284"}],"collection":[{"href":"https:\/\/www.kendra.com.pl\/shop\/wp-json\/wp\/v2\/product"}],"about":[{"href":"https:\/\/www.kendra.com.pl\/shop\/wp-json\/wp\/v2\/types\/product"}],"replies":[{"embeddable":true,"href":"https:\/\/www.kendra.com.pl\/shop\/wp-json\/wp\/v2\/comments?post=2284"}],"wp:featuredmedia":[{"embeddable":true,"href":"https:\/\/www.kendra.com.pl\/shop\/wp-json\/wp\/v2\/media\/2285"}],"wp:attachment":[{"href":"https:\/\/www.kendra.com.pl\/shop\/wp-json\/wp\/v2\/media?parent=2284"}],"wp:term":[{"taxonomy":"product_cat","embeddable":true,"href":"https:\/\/www.kendra.com.pl\/shop\/wp-json\/wp\/v2\/product_cat?post=2284"},{"taxonomy":"product_tag","embeddable":true,"href":"https:\/\/www.kendra.com.pl\/shop\/wp-json\/wp\/v2\/product_tag?post=2284"}],"curies":[{"name":"wp","href":"https:\/\/api.w.org\/{rel}","templated":true}]}}