{"id":2290,"date":"2022-01-21T10:37:16","date_gmt":"2022-01-21T09:37:16","guid":{"rendered":"https:\/\/www.kendra.com.pl\/shop\/produkt\/kadzidelka-morning-star-palo-santo-200szt\/"},"modified":"2025-02-16T14:10:45","modified_gmt":"2025-02-16T13:10:45","slug":"kadzidelka-morning-star-palo-santo-200szt","status":"publish","type":"product","link":"https:\/\/www.kendra.com.pl\/shop\/produkt\/kadzidelka-morning-star-palo-santo-200szt\/","title":{"rendered":"Kadzide\u0142ka Morning Star Palo Santo (200szt.)"},"content":{"rendered":"<p><span style=\"font-weight: 400\">Wysokiej jako\u015bci bezdymne, japo\u0144skie kadzide\u0142ka o bardzo dobrym, naturalnym sk\u0142adzie. S\u0105 zrobione z czystego kadzid\u0142a, bez u\u017cycia drewnianego patyczka, przez co uwalniaj\u0105 zapach pozbawiony nut palonego bambusa i nie dymi\u0105. <\/span><\/p>\n<p><span style=\"font-weight: 400\">Seria Morning Star marki Nippon Kodo jest znana i ceniona na ca\u0142ym \u015bwiecie za najwy\u017csz\u0105 jako\u015b\u0107 oferowanych produkt\u00f3w oraz efektowne kompozycje zapachowe. W jej sk\u0142ad wchodzi 18 niepowtarzalnych zapach\u00f3w. Ciep\u0142e wonie, takie jak cynamon czy musk rozgrzej\u0105 d\u0142ugie, jesienne wieczory. Natomiast lekkie aromaty, takie jak np. yuzu czy mimoza przynios\u0105 letnie orze\u017awienie. <\/span><\/p>\n<p><span style=\"font-weight: 400\">Kadzide\u0142ka marki Nippon Kodo spe\u0142niaj\u0105 najwy\u017csze normy jako\u015bci i doskonale sprawdzaj\u0105 si\u0119 w czasie sens\u00f3w medytacji lub trening\u00f3w jogi. Warto wykorzysta\u0107 je tak\u017ce w domu, sklepie czy gabinecie kosmetycznym, czyli wsz\u0119dzie tam, gdzie chcesz, aby pomieszczenia wype\u0142ni\u0142 przyjemny zapach.<\/span><\/p>\n<p><span style=\"font-weight: 400\">Czas palenia jednego patyczka to oko\u0142o 35 minut. W opakowaniu mie\u015bci si\u0119 200 kadzide\u0142ek oraz male\u0144ka ceramiczna podstawka z ozdobnym kwiatuszkiem.<\/span><\/p>\n<p><b>Dlaczego<\/b> <b>warto wybra\u0107 kadzide\u0142ka Morning Star?<\/b><\/p>\n<ul>\n<li style=\"font-weight: 400\"><span style=\"font-weight: 400\">Pi\u0119knie pachn\u0105<\/span><\/li>\n<li style=\"font-weight: 400\"><span style=\"font-weight: 400\">Nie dymi\u0105 i nie wydzielaj\u0105 aromatu palonego bambusa<\/span><\/li>\n<li style=\"font-weight: 400\"><span style=\"font-weight: 400\">Spe\u0142niaj\u0105 najwy\u017csze normy jako\u015bciowe<\/span><\/li>\n<li style=\"font-weight: 400\"><span style=\"font-weight: 400\">Maj\u0105 doskona\u0142y sk\u0142ad<\/span><\/li>\n<li style=\"font-weight: 400\"><span style=\"font-weight: 400\">Ich zapach d\u0142ugo utrzymuje si\u0119 w pomieszczeniach<\/span><\/li>\n<\/ul>\n<p>Opisy s\u0105 chronione prawami autorskimi. Kopiowanie jest niedozwolone.<\/p>\n","protected":false},"excerpt":{"rendered":"<p><span style=\"font-weight: 400\">Bezdymne kadzide\u0142ka o oczyszczaj\u0105cym aromacie drewienek palo santo. Maj\u0105 bardzo dobry, naturalny sk\u0142ad. W kartoniku mie\u015bci si\u0119 200 patyczk\u00f3w i ma\u0142a, ceramiczna podstawka.<\/span><\/p>\n","protected":false},"featured_media":2291,"comment_status":"open","ping_status":"closed","template":"","meta":[],"product_cat":[488,506,771,782,773,518,775,647,727,666,392,525,435,713,422,407],"product_tag":[740,510,516],"yoast_head":"<!-- This site is optimized with the Yoast SEO plugin v18.8 - https:\/\/yoast.com\/wordpress\/plugins\/seo\/ -->\n<title>Kadzide\u0142ka Morning Star Palo Santo (200szt.) - Kendra Publishing<\/title>\n<meta name=\"robots\" content=\"noindex, follow\" \/>\n<meta property=\"og:locale\" content=\"pl_PL\" \/>\n<meta property=\"og:type\" content=\"article\" \/>\n<meta property=\"og:title\" content=\"Kadzide\u0142ka Morning Star Palo Santo (200szt.) - Kendra Publishing\" \/>\n<meta property=\"og:description\" content=\"Bezdymne kadzide\u0142ka o oczyszczaj\u0105cym aromacie drewienek palo santo. Maj\u0105 bardzo dobry, naturalny sk\u0142ad. W kartoniku mie\u015bci si\u0119 200 patyczk\u00f3w i ma\u0142a, ceramiczna podstawka.\" \/>\n<meta property=\"og:url\" content=\"https:\/\/www.kendra.com.pl\/shop\/produkt\/kadzidelka-morning-star-palo-santo-200szt\/\" \/>\n<meta property=\"og:site_name\" content=\"Kendra Publishing\" \/>\n<meta property=\"article:modified_time\" content=\"2025-02-16T13:10:45+00:00\" \/>\n<meta property=\"og:image\" content=\"https:\/\/www.kendra.com.pl\/shop\/wp-content\/uploads\/2022\/01\/Kadzidla-Morning-Star-Palo-Santo-200szt..jpg\" \/>\n\t<meta property=\"og:image:width\" content=\"1120\" \/>\n\t<meta property=\"og:image:height\" content=\"920\" \/>\n\t<meta property=\"og:image:type\" content=\"image\/jpeg\" \/>\n<meta name=\"twitter:card\" content=\"summary_large_image\" \/>\n<meta name=\"twitter:label1\" content=\"Szacowany czas czytania\" \/>\n\t<meta name=\"twitter:data1\" content=\"1 minuta\" \/>\n<script type=\"application\/ld+json\" class=\"yoast-schema-graph\">{\"@context\":\"https:\/\/schema.org\",\"@graph\":[{\"@type\":\"WebSite\",\"@id\":\"https:\/\/www.kendra.com.pl\/shop\/#website\",\"url\":\"https:\/\/www.kendra.com.pl\/shop\/\",\"name\":\"Kendra Publishing\",\"description\":\"Sklep\",\"potentialAction\":[{\"@type\":\"SearchAction\",\"target\":{\"@type\":\"EntryPoint\",\"urlTemplate\":\"https:\/\/www.kendra.com.pl\/shop\/?s={search_term_string}\"},\"query-input\":\"required name=search_term_string\"}],\"inLanguage\":\"pl-PL\"},{\"@type\":\"ImageObject\",\"inLanguage\":\"pl-PL\",\"@id\":\"https:\/\/www.kendra.com.pl\/shop\/produkt\/kadzidelka-morning-star-palo-santo-200szt\/#primaryimage\",\"url\":\"https:\/\/www.kendra.com.pl\/shop\/wp-content\/uploads\/2022\/01\/Kadzidla-Morning-Star-Palo-Santo-200szt..jpg\",\"contentUrl\":\"https:\/\/www.kendra.com.pl\/shop\/wp-content\/uploads\/2022\/01\/Kadzidla-Morning-Star-Palo-Santo-200szt..jpg\",\"width\":1120,\"height\":920},{\"@type\":\"WebPage\",\"@id\":\"https:\/\/www.kendra.com.pl\/shop\/produkt\/kadzidelka-morning-star-palo-santo-200szt\/#webpage\",\"url\":\"https:\/\/www.kendra.com.pl\/shop\/produkt\/kadzidelka-morning-star-palo-santo-200szt\/\",\"name\":\"Kadzide\u0142ka Morning Star Palo Santo (200szt.) - Kendra Publishing\",\"isPartOf\":{\"@id\":\"https:\/\/www.kendra.com.pl\/shop\/#website\"},\"primaryImageOfPage\":{\"@id\":\"https:\/\/www.kendra.com.pl\/shop\/produkt\/kadzidelka-morning-star-palo-santo-200szt\/#primaryimage\"},\"datePublished\":\"2022-01-21T09:37:16+00:00\",\"dateModified\":\"2025-02-16T13:10:45+00:00\",\"breadcrumb\":{\"@id\":\"https:\/\/www.kendra.com.pl\/shop\/produkt\/kadzidelka-morning-star-palo-santo-200szt\/#breadcrumb\"},\"inLanguage\":\"pl-PL\",\"potentialAction\":[{\"@type\":\"ReadAction\",\"target\":[\"https:\/\/www.kendra.com.pl\/shop\/produkt\/kadzidelka-morning-star-palo-santo-200szt\/\"]}]},{\"@type\":\"BreadcrumbList\",\"@id\":\"https:\/\/www.kendra.com.pl\/shop\/produkt\/kadzidelka-morning-star-palo-santo-200szt\/#breadcrumb\",\"itemListElement\":[{\"@type\":\"ListItem\",\"position\":1,\"name\":\"Strona g\u0142\u00f3wna\",\"item\":\"https:\/\/www.kendra.com.pl\/shop\/\"},{\"@type\":\"ListItem\",\"position\":2,\"name\":\"Przerwa w dzia\u0142alno\u015bci sklepu&#8230;\",\"item\":\"https:\/\/www.kendra.com.pl\/shop\/?page_id=1888\"},{\"@type\":\"ListItem\",\"position\":3,\"name\":\"Kadzide\u0142ka Morning Star Palo Santo (200szt.)\"}]}]}<\/script>\n<!-- \/ Yoast SEO plugin. -->","yoast_head_json":{"title":"Kadzide\u0142ka Morning Star Palo Santo (200szt.) - Kendra Publishing","robots":{"index":"noindex","follow":"follow"},"og_locale":"pl_PL","og_type":"article","og_title":"Kadzide\u0142ka Morning Star Palo Santo (200szt.) - Kendra Publishing","og_description":"Bezdymne kadzide\u0142ka o oczyszczaj\u0105cym aromacie drewienek palo santo. Maj\u0105 bardzo dobry, naturalny sk\u0142ad. W kartoniku mie\u015bci si\u0119 200 patyczk\u00f3w i ma\u0142a, ceramiczna podstawka.","og_url":"https:\/\/www.kendra.com.pl\/shop\/produkt\/kadzidelka-morning-star-palo-santo-200szt\/","og_site_name":"Kendra Publishing","article_modified_time":"2025-02-16T13:10:45+00:00","og_image":[{"width":1120,"height":920,"url":"https:\/\/www.kendra.com.pl\/shop\/wp-content\/uploads\/2022\/01\/Kadzidla-Morning-Star-Palo-Santo-200szt..jpg","type":"image\/jpeg"}],"twitter_card":"summary_large_image","twitter_misc":{"Szacowany czas czytania":"1 minuta"},"schema":{"@context":"https:\/\/schema.org","@graph":[{"@type":"WebSite","@id":"https:\/\/www.kendra.com.pl\/shop\/#website","url":"https:\/\/www.kendra.com.pl\/shop\/","name":"Kendra Publishing","description":"Sklep","potentialAction":[{"@type":"SearchAction","target":{"@type":"EntryPoint","urlTemplate":"https:\/\/www.kendra.com.pl\/shop\/?s={search_term_string}"},"query-input":"required name=search_term_string"}],"inLanguage":"pl-PL"},{"@type":"ImageObject","inLanguage":"pl-PL","@id":"https:\/\/www.kendra.com.pl\/shop\/produkt\/kadzidelka-morning-star-palo-santo-200szt\/#primaryimage","url":"https:\/\/www.kendra.com.pl\/shop\/wp-content\/uploads\/2022\/01\/Kadzidla-Morning-Star-Palo-Santo-200szt..jpg","contentUrl":"https:\/\/www.kendra.com.pl\/shop\/wp-content\/uploads\/2022\/01\/Kadzidla-Morning-Star-Palo-Santo-200szt..jpg","width":1120,"height":920},{"@type":"WebPage","@id":"https:\/\/www.kendra.com.pl\/shop\/produkt\/kadzidelka-morning-star-palo-santo-200szt\/#webpage","url":"https:\/\/www.kendra.com.pl\/shop\/produkt\/kadzidelka-morning-star-palo-santo-200szt\/","name":"Kadzide\u0142ka Morning Star Palo Santo (200szt.) - Kendra Publishing","isPartOf":{"@id":"https:\/\/www.kendra.com.pl\/shop\/#website"},"primaryImageOfPage":{"@id":"https:\/\/www.kendra.com.pl\/shop\/produkt\/kadzidelka-morning-star-palo-santo-200szt\/#primaryimage"},"datePublished":"2022-01-21T09:37:16+00:00","dateModified":"2025-02-16T13:10:45+00:00","breadcrumb":{"@id":"https:\/\/www.kendra.com.pl\/shop\/produkt\/kadzidelka-morning-star-palo-santo-200szt\/#breadcrumb"},"inLanguage":"pl-PL","potentialAction":[{"@type":"ReadAction","target":["https:\/\/www.kendra.com.pl\/shop\/produkt\/kadzidelka-morning-star-palo-santo-200szt\/"]}]},{"@type":"BreadcrumbList","@id":"https:\/\/www.kendra.com.pl\/shop\/produkt\/kadzidelka-morning-star-palo-santo-200szt\/#breadcrumb","itemListElement":[{"@type":"ListItem","position":1,"name":"Strona g\u0142\u00f3wna","item":"https:\/\/www.kendra.com.pl\/shop\/"},{"@type":"ListItem","position":2,"name":"Przerwa w dzia\u0142alno\u015bci sklepu&#8230;","item":"https:\/\/www.kendra.com.pl\/shop\/?page_id=1888"},{"@type":"ListItem","position":3,"name":"Kadzide\u0142ka Morning Star Palo Santo (200szt.)"}]}]}},"_links":{"self":[{"href":"https:\/\/www.kendra.com.pl\/shop\/wp-json\/wp\/v2\/product\/2290"}],"collection":[{"href":"https:\/\/www.kendra.com.pl\/shop\/wp-json\/wp\/v2\/product"}],"about":[{"href":"https:\/\/www.kendra.com.pl\/shop\/wp-json\/wp\/v2\/types\/product"}],"replies":[{"embeddable":true,"href":"https:\/\/www.kendra.com.pl\/shop\/wp-json\/wp\/v2\/comments?post=2290"}],"wp:featuredmedia":[{"embeddable":true,"href":"https:\/\/www.kendra.com.pl\/shop\/wp-json\/wp\/v2\/media\/2291"}],"wp:attachment":[{"href":"https:\/\/www.kendra.com.pl\/shop\/wp-json\/wp\/v2\/media?parent=2290"}],"wp:term":[{"taxonomy":"product_cat","embeddable":true,"href":"https:\/\/www.kendra.com.pl\/shop\/wp-json\/wp\/v2\/product_cat?post=2290"},{"taxonomy":"product_tag","embeddable":true,"href":"https:\/\/www.kendra.com.pl\/shop\/wp-json\/wp\/v2\/product_tag?post=2290"}],"curies":[{"name":"wp","href":"https:\/\/api.w.org\/{rel}","templated":true}]}}