{"id":2297,"date":"2022-01-21T09:44:32","date_gmt":"2022-01-21T08:44:32","guid":{"rendered":"https:\/\/www.kendra.com.pl\/shop\/produkt\/kadzidla-organiczne-lavender\/"},"modified":"2025-02-16T14:10:47","modified_gmt":"2025-02-16T13:10:47","slug":"kadzidla-organiczne-lavender","status":"publish","type":"product","link":"https:\/\/www.kendra.com.pl\/shop\/produkt\/kadzidla-organiczne-lavender\/","title":{"rendered":"Kadzid\u0142a organiczne Lavender"},"content":{"rendered":"<p><span style=\"font-weight: 400\">R\u0119cznie robione, naturalne kadzid\u0142a z Indii produkowane w 96% z organicznych sk\u0142adnik\u00f3w przez rodzin\u0105 firm\u0119 Song of India od 1932 roku. <\/span> Filozofia firmy to produkowanie naturalnych produkt\u00f3w opartych przede wszystkim na mocy aromaterapii przy u\u017cyciu czystych olejk\u00f3w eterycznych. Kadzid\u0142a z naturalnego py\u0142u drzewnego i olejk\u00f3w eterycznych nawini\u0119tych na patyczek bambusowy s\u0105 przyjazne dla \u015brodowiska, nietoksycznie, wega\u0144skie i nie testowane na zwierz\u0119tach. W trakcie produkcji nie jest wykorzystywana praca dzieci.<\/p>\n<p>Kadzid\u0142a Lavender to bogato pachn\u0105ca mieszanka naturalnego proszku drzewnego z olejkami eterycznymi o zapachu kwiat\u00f3w lawendy.<\/p>\n<p><strong>Sk\u0142adniki:<\/strong><\/p>\n<p>patyczek bambusowy, naturalna \u017cywica z kadzid\u0142owca, w\u0119giel aktywowany, organiczna woda z trzciny cukrowej, proszek z kory joss, proszek drzewny, organiczne olejki eteryczne<\/p>\n<p><span style=\"font-weight: 400\">W kartonowym opakowaniu znajduje si\u0119 oko\u0142o 14 kadzide\u0142 patyczkowych.<\/span><\/p>\n<p><span style=\"font-weight: 400\">Czas palenia ka\u017cdego z nich to oko\u0142o 30-40 minut.<\/span><\/p>\n<p><b>Czym wyr\u00f3\u017cniaj\u0105 si\u0119 kadzid\u0142a organiczne Song of India?<\/b><\/p>\n<ul>\n<li style=\"font-weight: 400\"><span style=\"font-weight: 400\">S\u0105 wytwarzane r\u0119cznie z py\u0142u i olejk\u00f3w eterycznych<\/span><\/li>\n<li style=\"font-weight: 400\"><span style=\"font-weight: 400\">Produkowane s\u0105 zgodnie z tradycyjnymi recepturami<\/span><\/li>\n<li>S\u0105 nietoksyczne<\/li>\n<li>Firma nie wykorzystuje pracy dzieci<\/li>\n<\/ul>\n<p><span style=\"font-weight: 400\">Opisy s\u0105 chronione prawami autorskimi. Kopiowanie jest niedozwolone.<\/span><\/p>\n","protected":false},"excerpt":{"rendered":"<p><span style=\"font-weight: 400\">Organiczne kadzid\u0142a patyczkowe indyjskie Lavender s\u0105 w 100% naturalne. Ich pi\u0119kny, kwiatowy zapach uspokaja i odpr\u0119\u017ca.<\/span><\/p>\n","protected":false},"featured_media":2298,"comment_status":"open","ping_status":"closed","template":"","meta":[],"product_cat":[408,506,710,769,647,511,778,708,779,727,392,391,507,739,407],"product_tag":[519,510],"yoast_head":"<!-- This site is optimized with the Yoast SEO plugin v18.8 - https:\/\/yoast.com\/wordpress\/plugins\/seo\/ -->\n<title>Kadzid\u0142a organiczne Lavender - Kendra Publishing<\/title>\n<meta name=\"robots\" content=\"noindex, follow\" \/>\n<meta property=\"og:locale\" content=\"pl_PL\" \/>\n<meta property=\"og:type\" content=\"article\" \/>\n<meta property=\"og:title\" content=\"Kadzid\u0142a organiczne Lavender - Kendra Publishing\" \/>\n<meta property=\"og:description\" content=\"Organiczne kadzid\u0142a patyczkowe indyjskie Lavender s\u0105 w 100% naturalne. Ich pi\u0119kny, kwiatowy zapach uspokaja i odpr\u0119\u017ca.\" \/>\n<meta property=\"og:url\" content=\"https:\/\/www.kendra.com.pl\/shop\/produkt\/kadzidla-organiczne-lavender\/\" \/>\n<meta property=\"og:site_name\" content=\"Kendra Publishing\" \/>\n<meta property=\"article:modified_time\" content=\"2025-02-16T13:10:47+00:00\" \/>\n<meta property=\"og:image\" content=\"https:\/\/www.kendra.com.pl\/shop\/wp-content\/uploads\/2022\/01\/Kadzidla-organiczne-Lawenda.jpg\" \/>\n\t<meta property=\"og:image:width\" content=\"1120\" \/>\n\t<meta property=\"og:image:height\" content=\"920\" \/>\n\t<meta property=\"og:image:type\" content=\"image\/jpeg\" \/>\n<meta name=\"twitter:card\" content=\"summary_large_image\" \/>\n<meta name=\"twitter:label1\" content=\"Szacowany czas czytania\" \/>\n\t<meta name=\"twitter:data1\" content=\"1 minuta\" \/>\n<script type=\"application\/ld+json\" class=\"yoast-schema-graph\">{\"@context\":\"https:\/\/schema.org\",\"@graph\":[{\"@type\":\"WebSite\",\"@id\":\"https:\/\/www.kendra.com.pl\/shop\/#website\",\"url\":\"https:\/\/www.kendra.com.pl\/shop\/\",\"name\":\"Kendra Publishing\",\"description\":\"Sklep\",\"potentialAction\":[{\"@type\":\"SearchAction\",\"target\":{\"@type\":\"EntryPoint\",\"urlTemplate\":\"https:\/\/www.kendra.com.pl\/shop\/?s={search_term_string}\"},\"query-input\":\"required name=search_term_string\"}],\"inLanguage\":\"pl-PL\"},{\"@type\":\"ImageObject\",\"inLanguage\":\"pl-PL\",\"@id\":\"https:\/\/www.kendra.com.pl\/shop\/produkt\/kadzidla-organiczne-lavender\/#primaryimage\",\"url\":\"https:\/\/www.kendra.com.pl\/shop\/wp-content\/uploads\/2022\/01\/Kadzidla-organiczne-Lawenda.jpg\",\"contentUrl\":\"https:\/\/www.kendra.com.pl\/shop\/wp-content\/uploads\/2022\/01\/Kadzidla-organiczne-Lawenda.jpg\",\"width\":1120,\"height\":920},{\"@type\":\"WebPage\",\"@id\":\"https:\/\/www.kendra.com.pl\/shop\/produkt\/kadzidla-organiczne-lavender\/#webpage\",\"url\":\"https:\/\/www.kendra.com.pl\/shop\/produkt\/kadzidla-organiczne-lavender\/\",\"name\":\"Kadzid\u0142a organiczne Lavender - Kendra Publishing\",\"isPartOf\":{\"@id\":\"https:\/\/www.kendra.com.pl\/shop\/#website\"},\"primaryImageOfPage\":{\"@id\":\"https:\/\/www.kendra.com.pl\/shop\/produkt\/kadzidla-organiczne-lavender\/#primaryimage\"},\"datePublished\":\"2022-01-21T08:44:32+00:00\",\"dateModified\":\"2025-02-16T13:10:47+00:00\",\"breadcrumb\":{\"@id\":\"https:\/\/www.kendra.com.pl\/shop\/produkt\/kadzidla-organiczne-lavender\/#breadcrumb\"},\"inLanguage\":\"pl-PL\",\"potentialAction\":[{\"@type\":\"ReadAction\",\"target\":[\"https:\/\/www.kendra.com.pl\/shop\/produkt\/kadzidla-organiczne-lavender\/\"]}]},{\"@type\":\"BreadcrumbList\",\"@id\":\"https:\/\/www.kendra.com.pl\/shop\/produkt\/kadzidla-organiczne-lavender\/#breadcrumb\",\"itemListElement\":[{\"@type\":\"ListItem\",\"position\":1,\"name\":\"Strona g\u0142\u00f3wna\",\"item\":\"https:\/\/www.kendra.com.pl\/shop\/\"},{\"@type\":\"ListItem\",\"position\":2,\"name\":\"Przerwa w dzia\u0142alno\u015bci sklepu&#8230;\",\"item\":\"https:\/\/www.kendra.com.pl\/shop\/?page_id=1888\"},{\"@type\":\"ListItem\",\"position\":3,\"name\":\"Kadzid\u0142a organiczne Lavender\"}]}]}<\/script>\n<!-- \/ Yoast SEO plugin. -->","yoast_head_json":{"title":"Kadzid\u0142a organiczne Lavender - Kendra Publishing","robots":{"index":"noindex","follow":"follow"},"og_locale":"pl_PL","og_type":"article","og_title":"Kadzid\u0142a organiczne Lavender - Kendra Publishing","og_description":"Organiczne kadzid\u0142a patyczkowe indyjskie Lavender s\u0105 w 100% naturalne. Ich pi\u0119kny, kwiatowy zapach uspokaja i odpr\u0119\u017ca.","og_url":"https:\/\/www.kendra.com.pl\/shop\/produkt\/kadzidla-organiczne-lavender\/","og_site_name":"Kendra Publishing","article_modified_time":"2025-02-16T13:10:47+00:00","og_image":[{"width":1120,"height":920,"url":"https:\/\/www.kendra.com.pl\/shop\/wp-content\/uploads\/2022\/01\/Kadzidla-organiczne-Lawenda.jpg","type":"image\/jpeg"}],"twitter_card":"summary_large_image","twitter_misc":{"Szacowany czas czytania":"1 minuta"},"schema":{"@context":"https:\/\/schema.org","@graph":[{"@type":"WebSite","@id":"https:\/\/www.kendra.com.pl\/shop\/#website","url":"https:\/\/www.kendra.com.pl\/shop\/","name":"Kendra Publishing","description":"Sklep","potentialAction":[{"@type":"SearchAction","target":{"@type":"EntryPoint","urlTemplate":"https:\/\/www.kendra.com.pl\/shop\/?s={search_term_string}"},"query-input":"required name=search_term_string"}],"inLanguage":"pl-PL"},{"@type":"ImageObject","inLanguage":"pl-PL","@id":"https:\/\/www.kendra.com.pl\/shop\/produkt\/kadzidla-organiczne-lavender\/#primaryimage","url":"https:\/\/www.kendra.com.pl\/shop\/wp-content\/uploads\/2022\/01\/Kadzidla-organiczne-Lawenda.jpg","contentUrl":"https:\/\/www.kendra.com.pl\/shop\/wp-content\/uploads\/2022\/01\/Kadzidla-organiczne-Lawenda.jpg","width":1120,"height":920},{"@type":"WebPage","@id":"https:\/\/www.kendra.com.pl\/shop\/produkt\/kadzidla-organiczne-lavender\/#webpage","url":"https:\/\/www.kendra.com.pl\/shop\/produkt\/kadzidla-organiczne-lavender\/","name":"Kadzid\u0142a organiczne Lavender - Kendra Publishing","isPartOf":{"@id":"https:\/\/www.kendra.com.pl\/shop\/#website"},"primaryImageOfPage":{"@id":"https:\/\/www.kendra.com.pl\/shop\/produkt\/kadzidla-organiczne-lavender\/#primaryimage"},"datePublished":"2022-01-21T08:44:32+00:00","dateModified":"2025-02-16T13:10:47+00:00","breadcrumb":{"@id":"https:\/\/www.kendra.com.pl\/shop\/produkt\/kadzidla-organiczne-lavender\/#breadcrumb"},"inLanguage":"pl-PL","potentialAction":[{"@type":"ReadAction","target":["https:\/\/www.kendra.com.pl\/shop\/produkt\/kadzidla-organiczne-lavender\/"]}]},{"@type":"BreadcrumbList","@id":"https:\/\/www.kendra.com.pl\/shop\/produkt\/kadzidla-organiczne-lavender\/#breadcrumb","itemListElement":[{"@type":"ListItem","position":1,"name":"Strona g\u0142\u00f3wna","item":"https:\/\/www.kendra.com.pl\/shop\/"},{"@type":"ListItem","position":2,"name":"Przerwa w dzia\u0142alno\u015bci sklepu&#8230;","item":"https:\/\/www.kendra.com.pl\/shop\/?page_id=1888"},{"@type":"ListItem","position":3,"name":"Kadzid\u0142a organiczne Lavender"}]}]}},"_links":{"self":[{"href":"https:\/\/www.kendra.com.pl\/shop\/wp-json\/wp\/v2\/product\/2297"}],"collection":[{"href":"https:\/\/www.kendra.com.pl\/shop\/wp-json\/wp\/v2\/product"}],"about":[{"href":"https:\/\/www.kendra.com.pl\/shop\/wp-json\/wp\/v2\/types\/product"}],"replies":[{"embeddable":true,"href":"https:\/\/www.kendra.com.pl\/shop\/wp-json\/wp\/v2\/comments?post=2297"}],"wp:featuredmedia":[{"embeddable":true,"href":"https:\/\/www.kendra.com.pl\/shop\/wp-json\/wp\/v2\/media\/2298"}],"wp:attachment":[{"href":"https:\/\/www.kendra.com.pl\/shop\/wp-json\/wp\/v2\/media?parent=2297"}],"wp:term":[{"taxonomy":"product_cat","embeddable":true,"href":"https:\/\/www.kendra.com.pl\/shop\/wp-json\/wp\/v2\/product_cat?post=2297"},{"taxonomy":"product_tag","embeddable":true,"href":"https:\/\/www.kendra.com.pl\/shop\/wp-json\/wp\/v2\/product_tag?post=2297"}],"curies":[{"name":"wp","href":"https:\/\/api.w.org\/{rel}","templated":true}]}}