{"id":2310,"date":"2022-01-17T12:42:33","date_gmt":"2022-01-17T11:42:33","guid":{"rendered":"https:\/\/www.kendra.com.pl\/shop\/produkt\/kadzidla-tybetanskie-frankincense\/"},"modified":"2025-02-16T14:10:51","modified_gmt":"2025-02-16T13:10:51","slug":"kadzidla-tybetanskie-frankincense","status":"publish","type":"product","link":"https:\/\/www.kendra.com.pl\/shop\/produkt\/kadzidla-tybetanskie-frankincense\/","title":{"rendered":"Kadzid\u0142a tybeta\u0144skie Frankincense"},"content":{"rendered":"<p><span style=\"font-weight: 400\">R\u0119cznie robione kadzid\u0142a z Nepalu. S\u0105 w 100% naturalne i nietoksyczne \u2013 powstaj\u0105 z masy ro\u015blinnej, bez dodatku sztucznych barwnik\u00f3w, klej\u00f3w, papieru oraz perfum, wzbogacone o niewielk\u0105 ilo\u015bci\u0105 olejku frankincense. Powstaj\u0105 w zgodzie z tybeta\u0144skimi recepturami sprzed stu lat, dzi\u0119ki czemu ich baz\u0105 s\u0105 himalajskie ro\u015bliny lecznicze, rosn\u0105ce w wy\u017cszych partiach g\u00f3r.\u00a0<\/span><\/p>\n<p><strong>Opakowanie:<\/strong><\/p>\n<p><span style=\"font-weight: 400\">W opakowaniu znajduje si\u0119 oko\u0142o 30 kadzide\u0142 i mini podstawka.<\/span><\/p>\n<p>Ilo\u015b\u0107 sztuk w opakowaniu mo\u017ce si\u0119 nieznacznie r\u00f3\u017cni\u0107 w zale\u017cno\u015bci od tego w jakiej formie by\u0142y prasowane patyczki. Przy wi\u0119kszej \u015brednicy b\u0119dzie ich mniej, ale b\u0119d\u0105 si\u0119 pali\u0107 d\u0142u\u017cej. Przy \u015brednicy z ma\u0142ymi oczkami mo\u017ce by\u0107 ich wi\u0119cej.<\/p>\n<p><span style=\"font-weight: 400\"> Czas palenia ka\u017cdego z nich to oko\u0142o 45 minut.<\/span><\/p>\n<p><b>Czym wyr\u00f3\u017cniaj\u0105 si\u0119 kadzid\u0142a tybeta\u0144skie?<\/b><\/p>\n<ul>\n<li style=\"font-weight: 400\"><span style=\"font-weight: 400\">S\u0105 nietoksyczne<\/span><\/li>\n<li style=\"font-weight: 400\"><span style=\"font-weight: 400\">S\u0105 wytwarzane r\u0119cznie z himalajskich ro\u015blin<\/span><\/li>\n<li style=\"font-weight: 400\"><span style=\"font-weight: 400\">Produkowane s\u0105 zgodnie z dawnymi recepturami<\/span><\/li>\n<li style=\"font-weight: 400\"><span style=\"font-weight: 400\">Pi\u0119knie pachn\u0105 i d\u0142ugo si\u0119 pal\u0105<\/span><\/li>\n<\/ul>\n<p><span style=\"font-weight: 400\">Opisy s\u0105 chronione prawami autorskimi. Kopiowanie jest niedozwolone.<\/span><\/p>\n<p>Sprawd\u017a te\u017c jak zrobi\u0107 kadzide\u0142ka naturalne!<\/p>\n<blockquote class=\"wp-embedded-content\" data-secret=\"GXGFyj3KS8\"><p><a href=\"https:\/\/spokojnyumysl.pl\/blog\/jak-zrobic-kadzidelka-naturalne\/\">Jak zrobi\u0107 kadzide\u0142ka naturalne?<\/a><\/p><\/blockquote>\n<p><iframe class=\"wp-embedded-content\" sandbox=\"allow-scripts\" security=\"restricted\" style=\"position: absolute; clip: rect(1px, 1px, 1px, 1px);\" title=\"&#8222;Jak zrobi\u0107 kadzide\u0142ka naturalne?&#8221; &#8212; Spokojny Umys\u0142\" src=\"https:\/\/spokojnyumysl.pl\/blog\/jak-zrobic-kadzidelka-naturalne\/embed\/#?secret=fIXlAdMUnt#?secret=GXGFyj3KS8\" data-secret=\"GXGFyj3KS8\" width=\"600\" height=\"338\" frameborder=\"0\" marginwidth=\"0\" marginheight=\"0\" scrolling=\"no\"><\/iframe><\/p>\n","protected":false},"excerpt":{"rendered":"<p><span style=\"font-weight: 400\">Kadzid\u0142a tybeta\u0144skie to r\u0119cznie robione kadzid\u0142a o zapachu frankincense, kt\u00f3ry dzia\u0142a uspokajaj\u0105co i odpr\u0119\u017caj\u0105co. Aromat tych kadzide\u0142 wspomagaj\u0105 relaksacj\u0119 i medytacj\u0119.<\/span><\/p>\n","protected":false},"featured_media":2311,"comment_status":"open","ping_status":"closed","template":"","meta":[],"product_cat":[408,506,782,647,778,523,779,727,774,777,391,396,721,400,407,433],"product_tag":[521,510,522],"yoast_head":"<!-- This site is optimized with the Yoast SEO plugin v18.8 - https:\/\/yoast.com\/wordpress\/plugins\/seo\/ -->\n<title>Kadzid\u0142a tybeta\u0144skie Frankincense - Kendra Publishing<\/title>\n<meta name=\"robots\" content=\"noindex, follow\" \/>\n<meta property=\"og:locale\" content=\"pl_PL\" \/>\n<meta property=\"og:type\" content=\"article\" \/>\n<meta property=\"og:title\" content=\"Kadzid\u0142a tybeta\u0144skie Frankincense - Kendra Publishing\" \/>\n<meta property=\"og:description\" content=\"Kadzid\u0142a tybeta\u0144skie to r\u0119cznie robione kadzid\u0142a o zapachu frankincense, kt\u00f3ry dzia\u0142a uspokajaj\u0105co i odpr\u0119\u017caj\u0105co. Aromat tych kadzide\u0142 wspomagaj\u0105 relaksacj\u0119 i medytacj\u0119.\" \/>\n<meta property=\"og:url\" content=\"https:\/\/www.kendra.com.pl\/shop\/produkt\/kadzidla-tybetanskie-frankincense\/\" \/>\n<meta property=\"og:site_name\" content=\"Kendra Publishing\" \/>\n<meta property=\"article:modified_time\" content=\"2025-02-16T13:10:51+00:00\" \/>\n<meta property=\"og:image\" content=\"https:\/\/www.kendra.com.pl\/shop\/wp-content\/uploads\/2022\/01\/Kadzidla-tybetanskie-Frankincense.jpg\" \/>\n\t<meta property=\"og:image:width\" content=\"1120\" \/>\n\t<meta property=\"og:image:height\" content=\"920\" \/>\n\t<meta property=\"og:image:type\" content=\"image\/jpeg\" \/>\n<meta name=\"twitter:card\" content=\"summary_large_image\" \/>\n<meta name=\"twitter:label1\" content=\"Szacowany czas czytania\" \/>\n\t<meta name=\"twitter:data1\" content=\"1 minuta\" \/>\n<script type=\"application\/ld+json\" class=\"yoast-schema-graph\">{\"@context\":\"https:\/\/schema.org\",\"@graph\":[{\"@type\":\"WebSite\",\"@id\":\"https:\/\/www.kendra.com.pl\/shop\/#website\",\"url\":\"https:\/\/www.kendra.com.pl\/shop\/\",\"name\":\"Kendra Publishing\",\"description\":\"Sklep\",\"potentialAction\":[{\"@type\":\"SearchAction\",\"target\":{\"@type\":\"EntryPoint\",\"urlTemplate\":\"https:\/\/www.kendra.com.pl\/shop\/?s={search_term_string}\"},\"query-input\":\"required name=search_term_string\"}],\"inLanguage\":\"pl-PL\"},{\"@type\":\"ImageObject\",\"inLanguage\":\"pl-PL\",\"@id\":\"https:\/\/www.kendra.com.pl\/shop\/produkt\/kadzidla-tybetanskie-frankincense\/#primaryimage\",\"url\":\"https:\/\/www.kendra.com.pl\/shop\/wp-content\/uploads\/2022\/01\/Kadzidla-tybetanskie-Frankincense.jpg\",\"contentUrl\":\"https:\/\/www.kendra.com.pl\/shop\/wp-content\/uploads\/2022\/01\/Kadzidla-tybetanskie-Frankincense.jpg\",\"width\":1120,\"height\":920},{\"@type\":\"WebPage\",\"@id\":\"https:\/\/www.kendra.com.pl\/shop\/produkt\/kadzidla-tybetanskie-frankincense\/#webpage\",\"url\":\"https:\/\/www.kendra.com.pl\/shop\/produkt\/kadzidla-tybetanskie-frankincense\/\",\"name\":\"Kadzid\u0142a tybeta\u0144skie Frankincense - Kendra Publishing\",\"isPartOf\":{\"@id\":\"https:\/\/www.kendra.com.pl\/shop\/#website\"},\"primaryImageOfPage\":{\"@id\":\"https:\/\/www.kendra.com.pl\/shop\/produkt\/kadzidla-tybetanskie-frankincense\/#primaryimage\"},\"datePublished\":\"2022-01-17T11:42:33+00:00\",\"dateModified\":\"2025-02-16T13:10:51+00:00\",\"breadcrumb\":{\"@id\":\"https:\/\/www.kendra.com.pl\/shop\/produkt\/kadzidla-tybetanskie-frankincense\/#breadcrumb\"},\"inLanguage\":\"pl-PL\",\"potentialAction\":[{\"@type\":\"ReadAction\",\"target\":[\"https:\/\/www.kendra.com.pl\/shop\/produkt\/kadzidla-tybetanskie-frankincense\/\"]}]},{\"@type\":\"BreadcrumbList\",\"@id\":\"https:\/\/www.kendra.com.pl\/shop\/produkt\/kadzidla-tybetanskie-frankincense\/#breadcrumb\",\"itemListElement\":[{\"@type\":\"ListItem\",\"position\":1,\"name\":\"Strona g\u0142\u00f3wna\",\"item\":\"https:\/\/www.kendra.com.pl\/shop\/\"},{\"@type\":\"ListItem\",\"position\":2,\"name\":\"Przerwa w dzia\u0142alno\u015bci sklepu&#8230;\",\"item\":\"https:\/\/www.kendra.com.pl\/shop\/?page_id=1888\"},{\"@type\":\"ListItem\",\"position\":3,\"name\":\"Kadzid\u0142a tybeta\u0144skie Frankincense\"}]}]}<\/script>\n<!-- \/ Yoast SEO plugin. -->","yoast_head_json":{"title":"Kadzid\u0142a tybeta\u0144skie Frankincense - Kendra Publishing","robots":{"index":"noindex","follow":"follow"},"og_locale":"pl_PL","og_type":"article","og_title":"Kadzid\u0142a tybeta\u0144skie Frankincense - Kendra Publishing","og_description":"Kadzid\u0142a tybeta\u0144skie to r\u0119cznie robione kadzid\u0142a o zapachu frankincense, kt\u00f3ry dzia\u0142a uspokajaj\u0105co i odpr\u0119\u017caj\u0105co. Aromat tych kadzide\u0142 wspomagaj\u0105 relaksacj\u0119 i medytacj\u0119.","og_url":"https:\/\/www.kendra.com.pl\/shop\/produkt\/kadzidla-tybetanskie-frankincense\/","og_site_name":"Kendra Publishing","article_modified_time":"2025-02-16T13:10:51+00:00","og_image":[{"width":1120,"height":920,"url":"https:\/\/www.kendra.com.pl\/shop\/wp-content\/uploads\/2022\/01\/Kadzidla-tybetanskie-Frankincense.jpg","type":"image\/jpeg"}],"twitter_card":"summary_large_image","twitter_misc":{"Szacowany czas czytania":"1 minuta"},"schema":{"@context":"https:\/\/schema.org","@graph":[{"@type":"WebSite","@id":"https:\/\/www.kendra.com.pl\/shop\/#website","url":"https:\/\/www.kendra.com.pl\/shop\/","name":"Kendra Publishing","description":"Sklep","potentialAction":[{"@type":"SearchAction","target":{"@type":"EntryPoint","urlTemplate":"https:\/\/www.kendra.com.pl\/shop\/?s={search_term_string}"},"query-input":"required name=search_term_string"}],"inLanguage":"pl-PL"},{"@type":"ImageObject","inLanguage":"pl-PL","@id":"https:\/\/www.kendra.com.pl\/shop\/produkt\/kadzidla-tybetanskie-frankincense\/#primaryimage","url":"https:\/\/www.kendra.com.pl\/shop\/wp-content\/uploads\/2022\/01\/Kadzidla-tybetanskie-Frankincense.jpg","contentUrl":"https:\/\/www.kendra.com.pl\/shop\/wp-content\/uploads\/2022\/01\/Kadzidla-tybetanskie-Frankincense.jpg","width":1120,"height":920},{"@type":"WebPage","@id":"https:\/\/www.kendra.com.pl\/shop\/produkt\/kadzidla-tybetanskie-frankincense\/#webpage","url":"https:\/\/www.kendra.com.pl\/shop\/produkt\/kadzidla-tybetanskie-frankincense\/","name":"Kadzid\u0142a tybeta\u0144skie Frankincense - Kendra Publishing","isPartOf":{"@id":"https:\/\/www.kendra.com.pl\/shop\/#website"},"primaryImageOfPage":{"@id":"https:\/\/www.kendra.com.pl\/shop\/produkt\/kadzidla-tybetanskie-frankincense\/#primaryimage"},"datePublished":"2022-01-17T11:42:33+00:00","dateModified":"2025-02-16T13:10:51+00:00","breadcrumb":{"@id":"https:\/\/www.kendra.com.pl\/shop\/produkt\/kadzidla-tybetanskie-frankincense\/#breadcrumb"},"inLanguage":"pl-PL","potentialAction":[{"@type":"ReadAction","target":["https:\/\/www.kendra.com.pl\/shop\/produkt\/kadzidla-tybetanskie-frankincense\/"]}]},{"@type":"BreadcrumbList","@id":"https:\/\/www.kendra.com.pl\/shop\/produkt\/kadzidla-tybetanskie-frankincense\/#breadcrumb","itemListElement":[{"@type":"ListItem","position":1,"name":"Strona g\u0142\u00f3wna","item":"https:\/\/www.kendra.com.pl\/shop\/"},{"@type":"ListItem","position":2,"name":"Przerwa w dzia\u0142alno\u015bci sklepu&#8230;","item":"https:\/\/www.kendra.com.pl\/shop\/?page_id=1888"},{"@type":"ListItem","position":3,"name":"Kadzid\u0142a tybeta\u0144skie Frankincense"}]}]}},"_links":{"self":[{"href":"https:\/\/www.kendra.com.pl\/shop\/wp-json\/wp\/v2\/product\/2310"}],"collection":[{"href":"https:\/\/www.kendra.com.pl\/shop\/wp-json\/wp\/v2\/product"}],"about":[{"href":"https:\/\/www.kendra.com.pl\/shop\/wp-json\/wp\/v2\/types\/product"}],"replies":[{"embeddable":true,"href":"https:\/\/www.kendra.com.pl\/shop\/wp-json\/wp\/v2\/comments?post=2310"}],"wp:featuredmedia":[{"embeddable":true,"href":"https:\/\/www.kendra.com.pl\/shop\/wp-json\/wp\/v2\/media\/2311"}],"wp:attachment":[{"href":"https:\/\/www.kendra.com.pl\/shop\/wp-json\/wp\/v2\/media?parent=2310"}],"wp:term":[{"taxonomy":"product_cat","embeddable":true,"href":"https:\/\/www.kendra.com.pl\/shop\/wp-json\/wp\/v2\/product_cat?post=2310"},{"taxonomy":"product_tag","embeddable":true,"href":"https:\/\/www.kendra.com.pl\/shop\/wp-json\/wp\/v2\/product_tag?post=2310"}],"curies":[{"name":"wp","href":"https:\/\/api.w.org\/{rel}","templated":true}]}}