{"id":2315,"date":"2022-01-12T11:05:42","date_gmt":"2022-01-12T10:05:42","guid":{"rendered":"https:\/\/www.kendra.com.pl\/shop\/produkt\/kadzidelka-patyczkowe-white-sage\/"},"modified":"2025-02-16T14:10:53","modified_gmt":"2025-02-16T13:10:53","slug":"kadzidelka-patyczkowe-white-sage","status":"publish","type":"product","link":"https:\/\/www.kendra.com.pl\/shop\/produkt\/kadzidelka-patyczkowe-white-sage\/","title":{"rendered":"Kadzide\u0142ka patyczkowe White Sage"},"content":{"rendered":"<p align=\"justify\">R\u0119cznie robione, orientalne kadzide\u0142ka py\u0142kowe. Wykonywane s\u0105 ca\u0142kowicie z naturalnych sk\u0142adnik\u00f3w, czystych ekstrakt\u00f3w i pi\u0119knie pachn\u0105cych olejk\u00f3w eterycznych.<\/p>\n<p align=\"justify\">Kadzide\u0142ka Satya sprzedawane w naszym sklepie posiadaj\u0105 hologramowe zabezpieczenia firmy Shrinivas Sugandhalaya, kt\u00f3ra pochodzi z indyjskiego Bangalore. Hologramy te znajdziesz na opakowaniu w miejscu otwarcia. Takie zabezpieczenie daje 100% pewno\u015b\u0107, \u017ce kadzid\u0142a s\u0105 oryginalne.<\/p>\n<p align=\"justify\"><strong>Dzia\u0142anie:<\/strong><\/p>\n<p align=\"justify\">Kadzide\u0142ka oczyszczaj\u0105 powietrze ze z\u0142ej energii, poprawiaj\u0105 nastr\u00f3j, nadaj\u0105 si\u0119 idealnie do medytacji czy jogi.<\/p>\n<p align=\"justify\"><strong>Opakowanie:<\/strong><\/p>\n<p align=\"justify\">Pude\u0142eczko zawiera oko\u0142o 15 naturalnych kadzide\u0142ek py\u0142kowych.<\/p>\n<p align=\"justify\">Waga 1 sztuki to 1g.<\/p>\n<p align=\"justify\"><strong>Spos\u00f3b u\u017cycia:<\/strong><\/p>\n<p align=\"justify\">Kadzide\u0142ek nale\u017cy u\u017cywa\u0107 z podstawk\u0105 na popi\u00f3\u0142. Czas wypalania kadzide\u0142ka to 30 min.<\/p>\n<p><b>Czym wyr\u00f3\u017cniaj\u0105 si\u0119 kadzide\u0142ka patyczkowe Satya?<\/b><\/p>\n<ul>\n<li>S\u0105 oryginalne<\/li>\n<li>S\u0105 wytwarzane r\u0119cznie z naturalnych sk\u0142adnik\u00f3w<\/li>\n<li>Pi\u0119knie pachn\u0105<\/li>\n<\/ul>\n<p>Je\u015bli jeste\u015b ciekaw jak zrobi\u0107 w\u0142asne kadzide\u0142ka to przeczytaj <a href=\"https:\/\/spokojnyumysl.pl\/blog\/jak-zrobic-kadzidelka-naturalne\/\">ten wpis<\/a>.<\/p>\n<p>Opisy s\u0105 chronione prawami autorskimi. Kopiowanie jest niedozwolone.<\/p>\n","protected":false},"excerpt":{"rendered":"<p>Kadzide\u0142ka patyczkowe White Sage to specjalna mieszanka naturalnych py\u0142k\u00f3w i kwiat\u00f3w.\u00a0 Zapach kadzide\u0142 sprzyja relaksacji i uspokojeniu, ale i r\u00f3wnie\u017c przywraca r\u00f3wnowag\u0119. Polecany do stosowania podczas \u0107wicze\u0144 jogi.<\/p>\n","protected":false},"featured_media":2316,"comment_status":"open","ping_status":"closed","template":"","meta":[],"product_cat":[408,506,710,775,647,511,778,727,392,391,703,394,407],"product_tag":[740],"yoast_head":"<!-- This site is optimized with the Yoast SEO plugin v18.8 - https:\/\/yoast.com\/wordpress\/plugins\/seo\/ -->\n<title>Kadzide\u0142ka patyczkowe White Sage - Kendra Publishing<\/title>\n<meta name=\"robots\" content=\"noindex, follow\" \/>\n<meta property=\"og:locale\" content=\"pl_PL\" \/>\n<meta property=\"og:type\" content=\"article\" \/>\n<meta property=\"og:title\" content=\"Kadzide\u0142ka patyczkowe White Sage - Kendra Publishing\" \/>\n<meta property=\"og:description\" content=\"Kadzide\u0142ka patyczkowe White Sage to specjalna mieszanka naturalnych py\u0142k\u00f3w i kwiat\u00f3w.\u00a0 Zapach kadzide\u0142 sprzyja relaksacji i uspokojeniu, ale i r\u00f3wnie\u017c przywraca r\u00f3wnowag\u0119. Polecany do stosowania podczas \u0107wicze\u0144 jogi.\" \/>\n<meta property=\"og:url\" content=\"https:\/\/www.kendra.com.pl\/shop\/produkt\/kadzidelka-patyczkowe-white-sage\/\" \/>\n<meta property=\"og:site_name\" content=\"Kendra Publishing\" \/>\n<meta property=\"article:modified_time\" content=\"2025-02-16T13:10:53+00:00\" \/>\n<meta property=\"og:image\" content=\"https:\/\/www.kendra.com.pl\/shop\/wp-content\/uploads\/2022\/01\/Kadzidla-patyczkowe-Biala-Szalwia.jpg\" \/>\n\t<meta property=\"og:image:width\" content=\"1120\" \/>\n\t<meta property=\"og:image:height\" content=\"920\" \/>\n\t<meta property=\"og:image:type\" content=\"image\/jpeg\" \/>\n<meta name=\"twitter:card\" content=\"summary_large_image\" \/>\n<meta name=\"twitter:label1\" content=\"Szacowany czas czytania\" \/>\n\t<meta name=\"twitter:data1\" content=\"1 minuta\" \/>\n<script type=\"application\/ld+json\" class=\"yoast-schema-graph\">{\"@context\":\"https:\/\/schema.org\",\"@graph\":[{\"@type\":\"WebSite\",\"@id\":\"https:\/\/www.kendra.com.pl\/shop\/#website\",\"url\":\"https:\/\/www.kendra.com.pl\/shop\/\",\"name\":\"Kendra Publishing\",\"description\":\"Sklep\",\"potentialAction\":[{\"@type\":\"SearchAction\",\"target\":{\"@type\":\"EntryPoint\",\"urlTemplate\":\"https:\/\/www.kendra.com.pl\/shop\/?s={search_term_string}\"},\"query-input\":\"required name=search_term_string\"}],\"inLanguage\":\"pl-PL\"},{\"@type\":\"ImageObject\",\"inLanguage\":\"pl-PL\",\"@id\":\"https:\/\/www.kendra.com.pl\/shop\/produkt\/kadzidelka-patyczkowe-white-sage\/#primaryimage\",\"url\":\"https:\/\/www.kendra.com.pl\/shop\/wp-content\/uploads\/2022\/01\/Kadzidla-patyczkowe-Biala-Szalwia.jpg\",\"contentUrl\":\"https:\/\/www.kendra.com.pl\/shop\/wp-content\/uploads\/2022\/01\/Kadzidla-patyczkowe-Biala-Szalwia.jpg\",\"width\":1120,\"height\":920},{\"@type\":\"WebPage\",\"@id\":\"https:\/\/www.kendra.com.pl\/shop\/produkt\/kadzidelka-patyczkowe-white-sage\/#webpage\",\"url\":\"https:\/\/www.kendra.com.pl\/shop\/produkt\/kadzidelka-patyczkowe-white-sage\/\",\"name\":\"Kadzide\u0142ka patyczkowe White Sage - Kendra Publishing\",\"isPartOf\":{\"@id\":\"https:\/\/www.kendra.com.pl\/shop\/#website\"},\"primaryImageOfPage\":{\"@id\":\"https:\/\/www.kendra.com.pl\/shop\/produkt\/kadzidelka-patyczkowe-white-sage\/#primaryimage\"},\"datePublished\":\"2022-01-12T10:05:42+00:00\",\"dateModified\":\"2025-02-16T13:10:53+00:00\",\"breadcrumb\":{\"@id\":\"https:\/\/www.kendra.com.pl\/shop\/produkt\/kadzidelka-patyczkowe-white-sage\/#breadcrumb\"},\"inLanguage\":\"pl-PL\",\"potentialAction\":[{\"@type\":\"ReadAction\",\"target\":[\"https:\/\/www.kendra.com.pl\/shop\/produkt\/kadzidelka-patyczkowe-white-sage\/\"]}]},{\"@type\":\"BreadcrumbList\",\"@id\":\"https:\/\/www.kendra.com.pl\/shop\/produkt\/kadzidelka-patyczkowe-white-sage\/#breadcrumb\",\"itemListElement\":[{\"@type\":\"ListItem\",\"position\":1,\"name\":\"Strona g\u0142\u00f3wna\",\"item\":\"https:\/\/www.kendra.com.pl\/shop\/\"},{\"@type\":\"ListItem\",\"position\":2,\"name\":\"Przerwa w dzia\u0142alno\u015bci sklepu&#8230;\",\"item\":\"https:\/\/www.kendra.com.pl\/shop\/?page_id=1888\"},{\"@type\":\"ListItem\",\"position\":3,\"name\":\"Kadzide\u0142ka patyczkowe White Sage\"}]}]}<\/script>\n<!-- \/ Yoast SEO plugin. -->","yoast_head_json":{"title":"Kadzide\u0142ka patyczkowe White Sage - Kendra Publishing","robots":{"index":"noindex","follow":"follow"},"og_locale":"pl_PL","og_type":"article","og_title":"Kadzide\u0142ka patyczkowe White Sage - Kendra Publishing","og_description":"Kadzide\u0142ka patyczkowe White Sage to specjalna mieszanka naturalnych py\u0142k\u00f3w i kwiat\u00f3w.\u00a0 Zapach kadzide\u0142 sprzyja relaksacji i uspokojeniu, ale i r\u00f3wnie\u017c przywraca r\u00f3wnowag\u0119. Polecany do stosowania podczas \u0107wicze\u0144 jogi.","og_url":"https:\/\/www.kendra.com.pl\/shop\/produkt\/kadzidelka-patyczkowe-white-sage\/","og_site_name":"Kendra Publishing","article_modified_time":"2025-02-16T13:10:53+00:00","og_image":[{"width":1120,"height":920,"url":"https:\/\/www.kendra.com.pl\/shop\/wp-content\/uploads\/2022\/01\/Kadzidla-patyczkowe-Biala-Szalwia.jpg","type":"image\/jpeg"}],"twitter_card":"summary_large_image","twitter_misc":{"Szacowany czas czytania":"1 minuta"},"schema":{"@context":"https:\/\/schema.org","@graph":[{"@type":"WebSite","@id":"https:\/\/www.kendra.com.pl\/shop\/#website","url":"https:\/\/www.kendra.com.pl\/shop\/","name":"Kendra Publishing","description":"Sklep","potentialAction":[{"@type":"SearchAction","target":{"@type":"EntryPoint","urlTemplate":"https:\/\/www.kendra.com.pl\/shop\/?s={search_term_string}"},"query-input":"required name=search_term_string"}],"inLanguage":"pl-PL"},{"@type":"ImageObject","inLanguage":"pl-PL","@id":"https:\/\/www.kendra.com.pl\/shop\/produkt\/kadzidelka-patyczkowe-white-sage\/#primaryimage","url":"https:\/\/www.kendra.com.pl\/shop\/wp-content\/uploads\/2022\/01\/Kadzidla-patyczkowe-Biala-Szalwia.jpg","contentUrl":"https:\/\/www.kendra.com.pl\/shop\/wp-content\/uploads\/2022\/01\/Kadzidla-patyczkowe-Biala-Szalwia.jpg","width":1120,"height":920},{"@type":"WebPage","@id":"https:\/\/www.kendra.com.pl\/shop\/produkt\/kadzidelka-patyczkowe-white-sage\/#webpage","url":"https:\/\/www.kendra.com.pl\/shop\/produkt\/kadzidelka-patyczkowe-white-sage\/","name":"Kadzide\u0142ka patyczkowe White Sage - Kendra Publishing","isPartOf":{"@id":"https:\/\/www.kendra.com.pl\/shop\/#website"},"primaryImageOfPage":{"@id":"https:\/\/www.kendra.com.pl\/shop\/produkt\/kadzidelka-patyczkowe-white-sage\/#primaryimage"},"datePublished":"2022-01-12T10:05:42+00:00","dateModified":"2025-02-16T13:10:53+00:00","breadcrumb":{"@id":"https:\/\/www.kendra.com.pl\/shop\/produkt\/kadzidelka-patyczkowe-white-sage\/#breadcrumb"},"inLanguage":"pl-PL","potentialAction":[{"@type":"ReadAction","target":["https:\/\/www.kendra.com.pl\/shop\/produkt\/kadzidelka-patyczkowe-white-sage\/"]}]},{"@type":"BreadcrumbList","@id":"https:\/\/www.kendra.com.pl\/shop\/produkt\/kadzidelka-patyczkowe-white-sage\/#breadcrumb","itemListElement":[{"@type":"ListItem","position":1,"name":"Strona g\u0142\u00f3wna","item":"https:\/\/www.kendra.com.pl\/shop\/"},{"@type":"ListItem","position":2,"name":"Przerwa w dzia\u0142alno\u015bci sklepu&#8230;","item":"https:\/\/www.kendra.com.pl\/shop\/?page_id=1888"},{"@type":"ListItem","position":3,"name":"Kadzide\u0142ka patyczkowe White Sage"}]}]}},"_links":{"self":[{"href":"https:\/\/www.kendra.com.pl\/shop\/wp-json\/wp\/v2\/product\/2315"}],"collection":[{"href":"https:\/\/www.kendra.com.pl\/shop\/wp-json\/wp\/v2\/product"}],"about":[{"href":"https:\/\/www.kendra.com.pl\/shop\/wp-json\/wp\/v2\/types\/product"}],"replies":[{"embeddable":true,"href":"https:\/\/www.kendra.com.pl\/shop\/wp-json\/wp\/v2\/comments?post=2315"}],"wp:featuredmedia":[{"embeddable":true,"href":"https:\/\/www.kendra.com.pl\/shop\/wp-json\/wp\/v2\/media\/2316"}],"wp:attachment":[{"href":"https:\/\/www.kendra.com.pl\/shop\/wp-json\/wp\/v2\/media?parent=2315"}],"wp:term":[{"taxonomy":"product_cat","embeddable":true,"href":"https:\/\/www.kendra.com.pl\/shop\/wp-json\/wp\/v2\/product_cat?post=2315"},{"taxonomy":"product_tag","embeddable":true,"href":"https:\/\/www.kendra.com.pl\/shop\/wp-json\/wp\/v2\/product_tag?post=2315"}],"curies":[{"name":"wp","href":"https:\/\/api.w.org\/{rel}","templated":true}]}}