{"id":2319,"date":"2021-12-03T08:46:52","date_gmt":"2021-12-03T07:46:52","guid":{"rendered":"https:\/\/www.kendra.com.pl\/shop\/produkt\/kadzidla-indyjskie-complicity\/"},"modified":"2025-02-16T14:10:55","modified_gmt":"2025-02-16T13:10:55","slug":"kadzidla-indyjskie-complicity","status":"publish","type":"product","link":"https:\/\/www.kendra.com.pl\/shop\/produkt\/kadzidla-indyjskie-complicity\/","title":{"rendered":"Kadzid\u0142a indyjskie Complicity"},"content":{"rendered":"<p>Naturalne, r\u0119cznie robione kadzid\u0142a rodzinnej firmy Song of India pochodz\u0105cej z Delhi. Song of India jest jedn\u0105 z najwi\u0119kszych firm produkuj\u0105cych naturalne kadzid\u0142a, oleje czy perfumy, kt\u00f3rych filozofia oparta jest na mocy czystych olejk\u00f3w eterycznych.<\/p>\n<p>Kadzid\u0142a to cieniutkie pa\u0142eczki, kt\u00f3re wyr\u00f3\u017cniaj\u0105 si\u0119 zapachem \u017cywicy z dodatkiem w\u0119gla drzewnego, zmielonego drzewa sanda\u0142owego oraz olej\u00f3w eterycznych.<\/p>\n<p>Kadzid\u0142a indyjskie charakteryzuj\u0105 si\u0119 kompozycj\u0105 trzech nut zapachowych: nuty g\u0142owy, serca i bazowej. Complicity to kadzid\u0142a o le\u015bnym zapachu z nut\u0105 mchu i \u015bci\u00f3\u0142ki.<\/p>\n<p>Rytua\u0142 palenia kadzide\u0142 to wspania\u0142y moment w ci\u0105gu dnia, kt\u00f3ry wymaga od nas skupienia i stanu odpr\u0119\u017cenia. Polecane jest usi\u0105\u015b\u0107, pomy\u015ble\u0107, a nast\u0119pnie kolejno zapali\u0107 wonn\u0105 pa\u0142eczk\u0119. Aby zapach d\u0142u\u017cej unosi\u0142 si\u0119 w pomieszczeniu polecane jest zapali\u0107 dodatkowo \u015bwiec\u0119, kt\u00f3ra wzmocni atmosfer\u0119.<\/p>\n<p><strong>Kiedy pali\u0107 kadzid\u0142a Complicity?:<\/strong><\/p>\n<ul>\n<li>rytua\u0142 oczyszczenia &#8211; nale\u017cy pali\u0107 wcze\u015bnie rano, pomi\u0119dzy wschodem i po\u0142udniem<\/li>\n<li>rytua\u0142 pieni\u0119dzy i dobrobytu &#8211; od po\u0142udnia do zachodu s\u0142o\u0144ca<\/li>\n<li>rytua\u0142 dla zdrowia &#8211; kadzid\u0142a powinny by\u0107 palone o ka\u017cdej porze dnia<\/li>\n<\/ul>\n<p><strong>Dzia\u0142anie:<\/strong><\/p>\n<p>Aromat kadzide\u0142 Complicity ma w\u0142a\u015bciwo\u015bci, kt\u00f3re pobudzaj\u0105 sfer\u0119 empatii i zrozumienia. Powoduj\u0105 wzmocnienie pragnie\u0144 i usuwaj\u0105 negatywn\u0105 energi\u0119. Ich zapach odpr\u0119\u017ca i relaksuje.<\/p>\n<p><strong>Spos\u00f3b u\u017cycia:<\/strong><\/p>\n<p>Kadzid\u0142a poleca si\u0119 pali\u0107 na specjalnie przygotowanych do tego podstawkach, by mo\u017cna \u0142atwo usun\u0105\u0107 z nich popi\u00f3\u0142. Kadzid\u0142a wed\u0142ug zasad ezoterycznych poleca si\u0119 zapala\u0107 praw\u0105 r\u0119k\u0105, kt\u00f3ra jest symbolem w\u0142a\u015bciwej drogi, a lewa drog\u0119 \u017cyciow\u0105, kt\u00f3r\u0105 nie powinno si\u0119 pod\u0105\u017ca\u0107. Kadzid\u0142a pal\u0105 si\u0119 oko\u0142o 30 minut. Polecane jest nie spala\u0107 pa\u0142eczki zapachowej do ko\u0144ca w celu uzyskania po\u017c\u0105danego aromatu. Kadzide\u0142ka mo\u017cna pali\u0107 kilka razy.<\/p>\n<p><b>Czym wyr\u00f3\u017cniaj\u0105 si\u0119 kadzid\u0142a indyjskie Copmlicity?:<\/b><\/p>\n<ul>\n<li>S\u0105 nietoksyczne<\/li>\n<li>S\u0105 wytwarzane r\u0119cznie<\/li>\n<li>Produkowane s\u0105 w rodzinnej firmie indyjskiej<\/li>\n<li>Pi\u0119knie pachn\u0105 i d\u0142ugo si\u0119 pal\u0105<\/li>\n<\/ul>\n<p><strong>Opakowanie:<\/strong><\/p>\n<p>50 szt kadzide\u0142ek bez patyczka bambusowego<\/p>\n<p>Opisy s\u0105 chronione prawami autorskimi. Kopiowanie jest niedozwolone.<\/p>\n","protected":false},"excerpt":{"rendered":"<p>R\u0119cznie robione kadzide\u0142ka nie zawieraj\u0105ce patyczka bambusowego, kt\u00f3re wyr\u00f3\u017cniaj\u0105 si\u0119 zapachem powsta\u0142ym z po\u0142\u0105czenia nut drzewnych z mchem i le\u015bn\u0105 \u015bci\u00f3\u0142k\u0105. Zapach kadzide\u0142ek dzia\u0142a pobudzaj\u0105co na sfer\u0119 empatii i odpowiedzialno\u015bci, a ponadto odpr\u0119\u017caj\u0105 i relaksuj\u0105.<\/p>\n","protected":false},"featured_media":2320,"comment_status":"open","ping_status":"closed","template":"","meta":[],"product_cat":[408,506,773,710,647,781,511,708,392,391,507,729,407,433],"product_tag":[510],"yoast_head":"<!-- This site is optimized with the Yoast SEO plugin v18.8 - https:\/\/yoast.com\/wordpress\/plugins\/seo\/ -->\n<title>Kadzid\u0142a indyjskie Complicity - Kendra Publishing<\/title>\n<meta name=\"robots\" content=\"noindex, follow\" \/>\n<meta property=\"og:locale\" content=\"pl_PL\" \/>\n<meta property=\"og:type\" content=\"article\" \/>\n<meta property=\"og:title\" content=\"Kadzid\u0142a indyjskie Complicity - Kendra Publishing\" \/>\n<meta property=\"og:description\" content=\"R\u0119cznie robione kadzide\u0142ka nie zawieraj\u0105ce patyczka bambusowego, kt\u00f3re wyr\u00f3\u017cniaj\u0105 si\u0119 zapachem powsta\u0142ym z po\u0142\u0105czenia nut drzewnych z mchem i le\u015bn\u0105 \u015bci\u00f3\u0142k\u0105. Zapach kadzide\u0142ek dzia\u0142a pobudzaj\u0105co na sfer\u0119 empatii i odpowiedzialno\u015bci, a ponadto odpr\u0119\u017caj\u0105 i relaksuj\u0105.\" \/>\n<meta property=\"og:url\" content=\"https:\/\/www.kendra.com.pl\/shop\/produkt\/kadzidla-indyjskie-complicity\/\" \/>\n<meta property=\"og:site_name\" content=\"Kendra Publishing\" \/>\n<meta property=\"article:modified_time\" content=\"2025-02-16T13:10:55+00:00\" \/>\n<meta property=\"og:image\" content=\"https:\/\/www.kendra.com.pl\/shop\/wp-content\/uploads\/2021\/12\/Kadzidelka-Complicity.jpg\" \/>\n\t<meta property=\"og:image:width\" content=\"1120\" \/>\n\t<meta property=\"og:image:height\" content=\"920\" \/>\n\t<meta property=\"og:image:type\" content=\"image\/jpeg\" \/>\n<meta name=\"twitter:card\" content=\"summary_large_image\" \/>\n<meta name=\"twitter:label1\" content=\"Szacowany czas czytania\" \/>\n\t<meta name=\"twitter:data1\" content=\"2 minuty\" \/>\n<script type=\"application\/ld+json\" class=\"yoast-schema-graph\">{\"@context\":\"https:\/\/schema.org\",\"@graph\":[{\"@type\":\"WebSite\",\"@id\":\"https:\/\/www.kendra.com.pl\/shop\/#website\",\"url\":\"https:\/\/www.kendra.com.pl\/shop\/\",\"name\":\"Kendra Publishing\",\"description\":\"Sklep\",\"potentialAction\":[{\"@type\":\"SearchAction\",\"target\":{\"@type\":\"EntryPoint\",\"urlTemplate\":\"https:\/\/www.kendra.com.pl\/shop\/?s={search_term_string}\"},\"query-input\":\"required name=search_term_string\"}],\"inLanguage\":\"pl-PL\"},{\"@type\":\"ImageObject\",\"inLanguage\":\"pl-PL\",\"@id\":\"https:\/\/www.kendra.com.pl\/shop\/produkt\/kadzidla-indyjskie-complicity\/#primaryimage\",\"url\":\"https:\/\/www.kendra.com.pl\/shop\/wp-content\/uploads\/2021\/12\/Kadzidelka-Complicity.jpg\",\"contentUrl\":\"https:\/\/www.kendra.com.pl\/shop\/wp-content\/uploads\/2021\/12\/Kadzidelka-Complicity.jpg\",\"width\":1120,\"height\":920},{\"@type\":\"WebPage\",\"@id\":\"https:\/\/www.kendra.com.pl\/shop\/produkt\/kadzidla-indyjskie-complicity\/#webpage\",\"url\":\"https:\/\/www.kendra.com.pl\/shop\/produkt\/kadzidla-indyjskie-complicity\/\",\"name\":\"Kadzid\u0142a indyjskie Complicity - Kendra Publishing\",\"isPartOf\":{\"@id\":\"https:\/\/www.kendra.com.pl\/shop\/#website\"},\"primaryImageOfPage\":{\"@id\":\"https:\/\/www.kendra.com.pl\/shop\/produkt\/kadzidla-indyjskie-complicity\/#primaryimage\"},\"datePublished\":\"2021-12-03T07:46:52+00:00\",\"dateModified\":\"2025-02-16T13:10:55+00:00\",\"breadcrumb\":{\"@id\":\"https:\/\/www.kendra.com.pl\/shop\/produkt\/kadzidla-indyjskie-complicity\/#breadcrumb\"},\"inLanguage\":\"pl-PL\",\"potentialAction\":[{\"@type\":\"ReadAction\",\"target\":[\"https:\/\/www.kendra.com.pl\/shop\/produkt\/kadzidla-indyjskie-complicity\/\"]}]},{\"@type\":\"BreadcrumbList\",\"@id\":\"https:\/\/www.kendra.com.pl\/shop\/produkt\/kadzidla-indyjskie-complicity\/#breadcrumb\",\"itemListElement\":[{\"@type\":\"ListItem\",\"position\":1,\"name\":\"Strona g\u0142\u00f3wna\",\"item\":\"https:\/\/www.kendra.com.pl\/shop\/\"},{\"@type\":\"ListItem\",\"position\":2,\"name\":\"Przerwa w dzia\u0142alno\u015bci sklepu&#8230;\",\"item\":\"https:\/\/www.kendra.com.pl\/shop\/?page_id=1888\"},{\"@type\":\"ListItem\",\"position\":3,\"name\":\"Kadzid\u0142a indyjskie Complicity\"}]}]}<\/script>\n<!-- \/ Yoast SEO plugin. -->","yoast_head_json":{"title":"Kadzid\u0142a indyjskie Complicity - Kendra Publishing","robots":{"index":"noindex","follow":"follow"},"og_locale":"pl_PL","og_type":"article","og_title":"Kadzid\u0142a indyjskie Complicity - Kendra Publishing","og_description":"R\u0119cznie robione kadzide\u0142ka nie zawieraj\u0105ce patyczka bambusowego, kt\u00f3re wyr\u00f3\u017cniaj\u0105 si\u0119 zapachem powsta\u0142ym z po\u0142\u0105czenia nut drzewnych z mchem i le\u015bn\u0105 \u015bci\u00f3\u0142k\u0105. Zapach kadzide\u0142ek dzia\u0142a pobudzaj\u0105co na sfer\u0119 empatii i odpowiedzialno\u015bci, a ponadto odpr\u0119\u017caj\u0105 i relaksuj\u0105.","og_url":"https:\/\/www.kendra.com.pl\/shop\/produkt\/kadzidla-indyjskie-complicity\/","og_site_name":"Kendra Publishing","article_modified_time":"2025-02-16T13:10:55+00:00","og_image":[{"width":1120,"height":920,"url":"https:\/\/www.kendra.com.pl\/shop\/wp-content\/uploads\/2021\/12\/Kadzidelka-Complicity.jpg","type":"image\/jpeg"}],"twitter_card":"summary_large_image","twitter_misc":{"Szacowany czas czytania":"2 minuty"},"schema":{"@context":"https:\/\/schema.org","@graph":[{"@type":"WebSite","@id":"https:\/\/www.kendra.com.pl\/shop\/#website","url":"https:\/\/www.kendra.com.pl\/shop\/","name":"Kendra Publishing","description":"Sklep","potentialAction":[{"@type":"SearchAction","target":{"@type":"EntryPoint","urlTemplate":"https:\/\/www.kendra.com.pl\/shop\/?s={search_term_string}"},"query-input":"required name=search_term_string"}],"inLanguage":"pl-PL"},{"@type":"ImageObject","inLanguage":"pl-PL","@id":"https:\/\/www.kendra.com.pl\/shop\/produkt\/kadzidla-indyjskie-complicity\/#primaryimage","url":"https:\/\/www.kendra.com.pl\/shop\/wp-content\/uploads\/2021\/12\/Kadzidelka-Complicity.jpg","contentUrl":"https:\/\/www.kendra.com.pl\/shop\/wp-content\/uploads\/2021\/12\/Kadzidelka-Complicity.jpg","width":1120,"height":920},{"@type":"WebPage","@id":"https:\/\/www.kendra.com.pl\/shop\/produkt\/kadzidla-indyjskie-complicity\/#webpage","url":"https:\/\/www.kendra.com.pl\/shop\/produkt\/kadzidla-indyjskie-complicity\/","name":"Kadzid\u0142a indyjskie Complicity - Kendra Publishing","isPartOf":{"@id":"https:\/\/www.kendra.com.pl\/shop\/#website"},"primaryImageOfPage":{"@id":"https:\/\/www.kendra.com.pl\/shop\/produkt\/kadzidla-indyjskie-complicity\/#primaryimage"},"datePublished":"2021-12-03T07:46:52+00:00","dateModified":"2025-02-16T13:10:55+00:00","breadcrumb":{"@id":"https:\/\/www.kendra.com.pl\/shop\/produkt\/kadzidla-indyjskie-complicity\/#breadcrumb"},"inLanguage":"pl-PL","potentialAction":[{"@type":"ReadAction","target":["https:\/\/www.kendra.com.pl\/shop\/produkt\/kadzidla-indyjskie-complicity\/"]}]},{"@type":"BreadcrumbList","@id":"https:\/\/www.kendra.com.pl\/shop\/produkt\/kadzidla-indyjskie-complicity\/#breadcrumb","itemListElement":[{"@type":"ListItem","position":1,"name":"Strona g\u0142\u00f3wna","item":"https:\/\/www.kendra.com.pl\/shop\/"},{"@type":"ListItem","position":2,"name":"Przerwa w dzia\u0142alno\u015bci sklepu&#8230;","item":"https:\/\/www.kendra.com.pl\/shop\/?page_id=1888"},{"@type":"ListItem","position":3,"name":"Kadzid\u0142a indyjskie Complicity"}]}]}},"_links":{"self":[{"href":"https:\/\/www.kendra.com.pl\/shop\/wp-json\/wp\/v2\/product\/2319"}],"collection":[{"href":"https:\/\/www.kendra.com.pl\/shop\/wp-json\/wp\/v2\/product"}],"about":[{"href":"https:\/\/www.kendra.com.pl\/shop\/wp-json\/wp\/v2\/types\/product"}],"replies":[{"embeddable":true,"href":"https:\/\/www.kendra.com.pl\/shop\/wp-json\/wp\/v2\/comments?post=2319"}],"wp:featuredmedia":[{"embeddable":true,"href":"https:\/\/www.kendra.com.pl\/shop\/wp-json\/wp\/v2\/media\/2320"}],"wp:attachment":[{"href":"https:\/\/www.kendra.com.pl\/shop\/wp-json\/wp\/v2\/media?parent=2319"}],"wp:term":[{"taxonomy":"product_cat","embeddable":true,"href":"https:\/\/www.kendra.com.pl\/shop\/wp-json\/wp\/v2\/product_cat?post=2319"},{"taxonomy":"product_tag","embeddable":true,"href":"https:\/\/www.kendra.com.pl\/shop\/wp-json\/wp\/v2\/product_tag?post=2319"}],"curies":[{"name":"wp","href":"https:\/\/api.w.org\/{rel}","templated":true}]}}