{"id":2324,"date":"2021-11-30T13:55:59","date_gmt":"2021-11-30T12:55:59","guid":{"rendered":"https:\/\/www.kendra.com.pl\/shop\/produkt\/kadzidla-nepalskie-sznurkowe-rose\/"},"modified":"2025-02-16T14:10:58","modified_gmt":"2025-02-16T13:10:58","slug":"kadzidla-nepalskie-sznurkowe-rose","status":"publish","type":"product","link":"https:\/\/www.kendra.com.pl\/shop\/produkt\/kadzidla-nepalskie-sznurkowe-rose\/","title":{"rendered":"Kadzid\u0142a nepalskie sznurkowe Rose"},"content":{"rendered":"<p><span style=\"font-weight: 400\">R\u0119cznie skr\u0119cane sznurkowe kadzid\u0142a z Nepalu s\u0105 w 100% naturalne i nietoksyczne. Sznurek powstaje z doskona\u0142ej jako\u015bci, odpornego na ple\u015b\u0144, wilgo\u0107 i insekty nepalskiego papieru czerpanego lokta pozyskiwanego z wiecznie zielonego krzewu rosn\u0105cego w himalajskich lasach. Wype\u0142niony jest sproszkowanymi sk\u0142adnikami ro\u015blinnymi dodatkowo nas\u0105czanymi olejkami eterycznymi. <\/span><\/p>\n<p><span style=\"font-weight: 400\">Kadzid\u0142a sznurkowe Rose maj\u0105 zmys\u0142owy, s\u0142odki zapach kwiat\u00f3w r\u00f3\u017cy. Do ich spalania mo\u017cna wykorzysta\u0107 podstawk\u0119 ceramiczn\u0105 lub glinian\u0105, dobrze r\u00f3wnie\u017c sprawdzi si\u0119 niewielkie naczynie wype\u0142nione sol\u0105 lub ziarnami kawy.<\/span><\/p>\n<p><span style=\"font-weight: 400\">Zanim pojawi\u0142y si\u0119 znane nam kadzid\u0142a patyczkowe to pierwszymi kadzid\u0142ami by\u0142y w\u0142a\u015bnie kadzid\u0142a sznurkowe. Kr\u00f3lowa\u0142y one na rynkach w Tybecie, Nepalu oraz Indiach. Dzi\u0119ki spalaniu si\u0119 zi\u00f3\u0142 i olejk\u00f3w, kt\u00f3re zawarte s\u0105 w papierowych zwitkach, uzyskuje si\u0119 ten przyjemny i d\u0142ugotrwa\u0142y aromat.<\/span><\/p>\n<p>Kadzid\u0142a pal\u0105 si\u0119 do\u015b\u0107 szybko, ale uwolniony aromat na d\u0142ugo pozostaje w pomieszczeniu.<\/p>\n<p><span style=\"font-weight: 400\">W opakowaniu znajduje si\u0119 oko\u0142o 25 kadzide\u0142, ich ilo\u015b\u0107 mo\u017ce si\u0119 delikatnie r\u00f3\u017cni\u0107 w zale\u017cno\u015bci od grubo\u015bci sznurka.<\/span><\/p>\n<p>Czas palenia ka\u017cdego z nich to oko\u0142o 20 minut.<\/p>\n<p><b>Czym wyr\u00f3\u017cniaj\u0105 si\u0119 nepalskie kadzid\u0142a sznurkowe ?<\/b><\/p>\n<ul>\n<li style=\"font-weight: 400\"><span style=\"font-weight: 400\">S\u0105 wytwarzane r\u0119cznie ze sproszkowanych sk\u0142adnik\u00f3w ro\u015blinnych<\/span><\/li>\n<li style=\"font-weight: 400\">Produkowane s\u0105 zgodnie z dawnymi recepturami<\/li>\n<li style=\"font-weight: 400\"><span style=\"font-weight: 400\">Pi\u0119knie pachn\u0105<\/span><\/li>\n<li style=\"font-weight: 400\">S\u0105 nietoksyczne<\/li>\n<\/ul>\n<p><span style=\"font-weight: 400\">Opisy s\u0105 chronione prawami autorskimi. Kopiowanie jest niedozwolone.<\/span><\/p>\n","protected":false},"excerpt":{"rendered":"<p><span style=\"font-weight: 400\">Kadzid\u0142a nepalskie sznurkowe s\u0105 w 100 % naturalne. Ich ciep\u0142y, zmys\u0142owy zapach powstaje ze sproszkowanych sk\u0142adnik\u00f3w ro\u015blinnych i olejk\u00f3w eterycznych, pozwala si\u0119 odpr\u0119\u017cy\u0107 i u\u0142atwia medytacj\u0119. Tradycyjnie u\u017cywany w ceremonii Puja, \u015bwi\u0105tyniach oraz przy praktykowaniu jogi.<\/span><\/p>\n","protected":false},"featured_media":2325,"comment_status":"open","ping_status":"closed","template":"","meta":[],"product_cat":[408,506,769,712,778,664,523,779,727,392,391,507,396,725,407],"product_tag":[522],"yoast_head":"<!-- This site is optimized with the Yoast SEO plugin v18.8 - https:\/\/yoast.com\/wordpress\/plugins\/seo\/ -->\n<title>Kadzid\u0142a nepalskie sznurkowe Rose - Kendra Publishing<\/title>\n<meta name=\"robots\" content=\"noindex, follow\" \/>\n<meta property=\"og:locale\" content=\"pl_PL\" \/>\n<meta property=\"og:type\" content=\"article\" \/>\n<meta property=\"og:title\" content=\"Kadzid\u0142a nepalskie sznurkowe Rose - Kendra Publishing\" \/>\n<meta property=\"og:description\" content=\"Kadzid\u0142a nepalskie sznurkowe s\u0105 w 100 % naturalne. Ich ciep\u0142y, zmys\u0142owy zapach powstaje ze sproszkowanych sk\u0142adnik\u00f3w ro\u015blinnych i olejk\u00f3w eterycznych, pozwala si\u0119 odpr\u0119\u017cy\u0107 i u\u0142atwia medytacj\u0119. Tradycyjnie u\u017cywany w ceremonii Puja, \u015bwi\u0105tyniach oraz przy praktykowaniu jogi.\" \/>\n<meta property=\"og:url\" content=\"https:\/\/www.kendra.com.pl\/shop\/produkt\/kadzidla-nepalskie-sznurkowe-rose\/\" \/>\n<meta property=\"og:site_name\" content=\"Kendra Publishing\" \/>\n<meta property=\"article:modified_time\" content=\"2025-02-16T13:10:58+00:00\" \/>\n<meta property=\"og:image\" content=\"https:\/\/www.kendra.com.pl\/shop\/wp-content\/uploads\/2021\/11\/Kadzidla-sznurkowe-ROSE.jpg\" \/>\n\t<meta property=\"og:image:width\" content=\"1120\" \/>\n\t<meta property=\"og:image:height\" content=\"920\" \/>\n\t<meta property=\"og:image:type\" content=\"image\/jpeg\" \/>\n<meta name=\"twitter:card\" content=\"summary_large_image\" \/>\n<meta name=\"twitter:label1\" content=\"Szacowany czas czytania\" \/>\n\t<meta name=\"twitter:data1\" content=\"1 minuta\" \/>\n<script type=\"application\/ld+json\" class=\"yoast-schema-graph\">{\"@context\":\"https:\/\/schema.org\",\"@graph\":[{\"@type\":\"WebSite\",\"@id\":\"https:\/\/www.kendra.com.pl\/shop\/#website\",\"url\":\"https:\/\/www.kendra.com.pl\/shop\/\",\"name\":\"Kendra Publishing\",\"description\":\"Sklep\",\"potentialAction\":[{\"@type\":\"SearchAction\",\"target\":{\"@type\":\"EntryPoint\",\"urlTemplate\":\"https:\/\/www.kendra.com.pl\/shop\/?s={search_term_string}\"},\"query-input\":\"required name=search_term_string\"}],\"inLanguage\":\"pl-PL\"},{\"@type\":\"ImageObject\",\"inLanguage\":\"pl-PL\",\"@id\":\"https:\/\/www.kendra.com.pl\/shop\/produkt\/kadzidla-nepalskie-sznurkowe-rose\/#primaryimage\",\"url\":\"https:\/\/www.kendra.com.pl\/shop\/wp-content\/uploads\/2021\/11\/Kadzidla-sznurkowe-ROSE.jpg\",\"contentUrl\":\"https:\/\/www.kendra.com.pl\/shop\/wp-content\/uploads\/2021\/11\/Kadzidla-sznurkowe-ROSE.jpg\",\"width\":1120,\"height\":920},{\"@type\":\"WebPage\",\"@id\":\"https:\/\/www.kendra.com.pl\/shop\/produkt\/kadzidla-nepalskie-sznurkowe-rose\/#webpage\",\"url\":\"https:\/\/www.kendra.com.pl\/shop\/produkt\/kadzidla-nepalskie-sznurkowe-rose\/\",\"name\":\"Kadzid\u0142a nepalskie sznurkowe Rose - Kendra Publishing\",\"isPartOf\":{\"@id\":\"https:\/\/www.kendra.com.pl\/shop\/#website\"},\"primaryImageOfPage\":{\"@id\":\"https:\/\/www.kendra.com.pl\/shop\/produkt\/kadzidla-nepalskie-sznurkowe-rose\/#primaryimage\"},\"datePublished\":\"2021-11-30T12:55:59+00:00\",\"dateModified\":\"2025-02-16T13:10:58+00:00\",\"breadcrumb\":{\"@id\":\"https:\/\/www.kendra.com.pl\/shop\/produkt\/kadzidla-nepalskie-sznurkowe-rose\/#breadcrumb\"},\"inLanguage\":\"pl-PL\",\"potentialAction\":[{\"@type\":\"ReadAction\",\"target\":[\"https:\/\/www.kendra.com.pl\/shop\/produkt\/kadzidla-nepalskie-sznurkowe-rose\/\"]}]},{\"@type\":\"BreadcrumbList\",\"@id\":\"https:\/\/www.kendra.com.pl\/shop\/produkt\/kadzidla-nepalskie-sznurkowe-rose\/#breadcrumb\",\"itemListElement\":[{\"@type\":\"ListItem\",\"position\":1,\"name\":\"Strona g\u0142\u00f3wna\",\"item\":\"https:\/\/www.kendra.com.pl\/shop\/\"},{\"@type\":\"ListItem\",\"position\":2,\"name\":\"Przerwa w dzia\u0142alno\u015bci sklepu&#8230;\",\"item\":\"https:\/\/www.kendra.com.pl\/shop\/?page_id=1888\"},{\"@type\":\"ListItem\",\"position\":3,\"name\":\"Kadzid\u0142a nepalskie sznurkowe Rose\"}]}]}<\/script>\n<!-- \/ Yoast SEO plugin. -->","yoast_head_json":{"title":"Kadzid\u0142a nepalskie sznurkowe Rose - Kendra Publishing","robots":{"index":"noindex","follow":"follow"},"og_locale":"pl_PL","og_type":"article","og_title":"Kadzid\u0142a nepalskie sznurkowe Rose - Kendra Publishing","og_description":"Kadzid\u0142a nepalskie sznurkowe s\u0105 w 100 % naturalne. Ich ciep\u0142y, zmys\u0142owy zapach powstaje ze sproszkowanych sk\u0142adnik\u00f3w ro\u015blinnych i olejk\u00f3w eterycznych, pozwala si\u0119 odpr\u0119\u017cy\u0107 i u\u0142atwia medytacj\u0119. Tradycyjnie u\u017cywany w ceremonii Puja, \u015bwi\u0105tyniach oraz przy praktykowaniu jogi.","og_url":"https:\/\/www.kendra.com.pl\/shop\/produkt\/kadzidla-nepalskie-sznurkowe-rose\/","og_site_name":"Kendra Publishing","article_modified_time":"2025-02-16T13:10:58+00:00","og_image":[{"width":1120,"height":920,"url":"https:\/\/www.kendra.com.pl\/shop\/wp-content\/uploads\/2021\/11\/Kadzidla-sznurkowe-ROSE.jpg","type":"image\/jpeg"}],"twitter_card":"summary_large_image","twitter_misc":{"Szacowany czas czytania":"1 minuta"},"schema":{"@context":"https:\/\/schema.org","@graph":[{"@type":"WebSite","@id":"https:\/\/www.kendra.com.pl\/shop\/#website","url":"https:\/\/www.kendra.com.pl\/shop\/","name":"Kendra Publishing","description":"Sklep","potentialAction":[{"@type":"SearchAction","target":{"@type":"EntryPoint","urlTemplate":"https:\/\/www.kendra.com.pl\/shop\/?s={search_term_string}"},"query-input":"required name=search_term_string"}],"inLanguage":"pl-PL"},{"@type":"ImageObject","inLanguage":"pl-PL","@id":"https:\/\/www.kendra.com.pl\/shop\/produkt\/kadzidla-nepalskie-sznurkowe-rose\/#primaryimage","url":"https:\/\/www.kendra.com.pl\/shop\/wp-content\/uploads\/2021\/11\/Kadzidla-sznurkowe-ROSE.jpg","contentUrl":"https:\/\/www.kendra.com.pl\/shop\/wp-content\/uploads\/2021\/11\/Kadzidla-sznurkowe-ROSE.jpg","width":1120,"height":920},{"@type":"WebPage","@id":"https:\/\/www.kendra.com.pl\/shop\/produkt\/kadzidla-nepalskie-sznurkowe-rose\/#webpage","url":"https:\/\/www.kendra.com.pl\/shop\/produkt\/kadzidla-nepalskie-sznurkowe-rose\/","name":"Kadzid\u0142a nepalskie sznurkowe Rose - Kendra Publishing","isPartOf":{"@id":"https:\/\/www.kendra.com.pl\/shop\/#website"},"primaryImageOfPage":{"@id":"https:\/\/www.kendra.com.pl\/shop\/produkt\/kadzidla-nepalskie-sznurkowe-rose\/#primaryimage"},"datePublished":"2021-11-30T12:55:59+00:00","dateModified":"2025-02-16T13:10:58+00:00","breadcrumb":{"@id":"https:\/\/www.kendra.com.pl\/shop\/produkt\/kadzidla-nepalskie-sznurkowe-rose\/#breadcrumb"},"inLanguage":"pl-PL","potentialAction":[{"@type":"ReadAction","target":["https:\/\/www.kendra.com.pl\/shop\/produkt\/kadzidla-nepalskie-sznurkowe-rose\/"]}]},{"@type":"BreadcrumbList","@id":"https:\/\/www.kendra.com.pl\/shop\/produkt\/kadzidla-nepalskie-sznurkowe-rose\/#breadcrumb","itemListElement":[{"@type":"ListItem","position":1,"name":"Strona g\u0142\u00f3wna","item":"https:\/\/www.kendra.com.pl\/shop\/"},{"@type":"ListItem","position":2,"name":"Przerwa w dzia\u0142alno\u015bci sklepu&#8230;","item":"https:\/\/www.kendra.com.pl\/shop\/?page_id=1888"},{"@type":"ListItem","position":3,"name":"Kadzid\u0142a nepalskie sznurkowe Rose"}]}]}},"_links":{"self":[{"href":"https:\/\/www.kendra.com.pl\/shop\/wp-json\/wp\/v2\/product\/2324"}],"collection":[{"href":"https:\/\/www.kendra.com.pl\/shop\/wp-json\/wp\/v2\/product"}],"about":[{"href":"https:\/\/www.kendra.com.pl\/shop\/wp-json\/wp\/v2\/types\/product"}],"replies":[{"embeddable":true,"href":"https:\/\/www.kendra.com.pl\/shop\/wp-json\/wp\/v2\/comments?post=2324"}],"wp:featuredmedia":[{"embeddable":true,"href":"https:\/\/www.kendra.com.pl\/shop\/wp-json\/wp\/v2\/media\/2325"}],"wp:attachment":[{"href":"https:\/\/www.kendra.com.pl\/shop\/wp-json\/wp\/v2\/media?parent=2324"}],"wp:term":[{"taxonomy":"product_cat","embeddable":true,"href":"https:\/\/www.kendra.com.pl\/shop\/wp-json\/wp\/v2\/product_cat?post=2324"},{"taxonomy":"product_tag","embeddable":true,"href":"https:\/\/www.kendra.com.pl\/shop\/wp-json\/wp\/v2\/product_tag?post=2324"}],"curies":[{"name":"wp","href":"https:\/\/api.w.org\/{rel}","templated":true}]}}