{"id":2387,"date":"2019-05-31T15:30:48","date_gmt":"2019-05-31T13:30:48","guid":{"rendered":"https:\/\/www.kendra.com.pl\/shop\/produkt\/przywracanie-zdrowia\/"},"modified":"2025-04-13T22:47:53","modified_gmt":"2025-04-13T20:47:53","slug":"przywracanie-zdrowia","status":"publish","type":"product","link":"https:\/\/www.kendra.com.pl\/shop\/produkt\/przywracanie-zdrowia\/","title":{"rendered":"Przywracanie zdrowia"},"content":{"rendered":"<p>Przywracanie zdrowia. David R. Hawkins<\/p>\n<p>Kolejna ksi\u0105\u017cka z serii wyk\u0142ad\u00f3w\u00a0Hawkinsa, w kt\u00f3rej\u00a0opisuje jak z wykorzystaniem Mapy Poziom\u00f3w \u015awiadomo\u015bci wyleczy\u0142 samego siebie z wielu przewlek\u0142ych, powa\u017cnych chor\u00f3b, a nast\u0119pnie osi\u0105ga\u0142 spektakularne efekty w pracy ze swoimi pacjentami, kt\u00f3rych dolegliwo\u015bci by\u0142y tak powa\u017cne, \u017ce okre\u015blano ich mianem &#8220;przypadk\u00f3w beznadziejnych&#8221;.<\/p>\n<p>Sam autor tak wypowiada si\u0119 o metodach opisanych w ksi\u0105\u017cce:<br \/>\n&#8220;Przedstawimy tutaj koncepcj\u0119 zak\u0142adaj\u0105c\u0105 wykorzystanie \u015bwiadomo\u015bci w radzeniu sobie z ca\u0142\u0105 gam\u0105 ludzkich problem\u00f3w, takich jak stres, alkoholizm, r\u00f3\u017cne choroby, depresja, strach i poczucie straty, by wymieni\u0107 tylko niekt\u00f3re. Omawiaj\u0105c te wyzwania, ca\u0142y czas b\u0119dziemy odnosi\u0107 si\u0119 do Mapy \u015awiadomo\u015bci. Jest ona cz\u0119sto przywo\u0142ywana, by wyja\u015bni\u0107 relacje pomi\u0119dzy cia\u0142em, umys\u0142em i duchem, co w przypadku samouzdrawiania jest bardzo wa\u017cn\u0105 do przyswojenia informacj\u0105.&#8221;<\/p>\n<p>Skoncentrujemy si\u0119 na samych technikach, kt\u00f3re wspomagaj\u0105 uzdrawianie, a tak\u017ce na ich zastosowaniu. Zg\u0142\u0119bimy r\u00f3wnie\u017c podstawowe zasady, jak na przyk\u0142ad t\u0119 m\u00f3wi\u0105c\u0105 o tym, \u017ce \u017ar\u00f3d\u0142em choroby cz\u0119sto jest nie\u015bwiadome poczucie winy i okre\u015blony system przekona\u0144, pogorszone jeszcze przez st\u0142umione emocje. Opisz\u0119, jak wykorzystywa\u0142em te techniki i ich zrozumienie, aby uleczy\u0107 siebie z ponad dwudziestu ci\u0119\u017ckich, chronicznych chor\u00f3b, kt\u00f3re przez lata by\u0142y oporne na metody leczenia tradycyjnej medycyny.Stopniowo przedstawiaj\u0105c to zagadnienie zobaczymy, jak dochodzi do tego, \u017ce choroba wynika z programowania zbiorowej \u015bwiadomo\u015bci (i jak w ni\u0105 nie popa\u015b\u0107) oraz jaki wp\u0142yw na jej wywo\u0142ywanie maj\u0105 systemy przekona\u0144. Nauczymy si\u0119, jak mo\u017cna wyleczy\u0107 si\u0119 z chor\u00f3b, kt\u00f3rych karmiczne parametry odziedziczyli\u015bmy. Nie ma tu czego\u015b takiego jak stopnie trudno\u015bci, niezale\u017cnie od tego, jak powa\u017cnie mo\u017ce wygl\u0105da\u0107 dana choroba. Nauczymy si\u0119 aktywizowa\u0107 wewn\u0119trznego uzdrowiciela, kt\u00f3ry za spraw\u0105 Natury jest obecny w nas wszystkich.&#8221;<\/p>\n<p><strong>Dr David R. Hawkins<br \/>\n<\/strong>dr nauk medycznych, znany psychiatra, klinicysta, nauczyciel duchowy i wyk\u0142adowca. By\u0142 do\u017cywotnim cz\u0142onkiem American Psychiatric Association (Ameryka\u0144skiego Towarzystwa Psychiatrycznego), a swoj\u0105 karier\u0119 w psychiatrii zacz\u0105\u0142 w 1952 roku. Od czasu kiedy zaniecha\u0142 swojej intenstywnej praktyki w Nowym Jorku, aby wie\u015b\u0107 \u017cycie naukowca, nadal zajmowa\u0142 si\u0119 pacjentami o specjalnych potrzebach. W 1973 roku wraz z noblist\u0105 Linusem Paulingiem, napisa\u0142 nowatorsk\u0105 ksi\u0105\u017ck\u0119 <em>Orthomolecular Psychiatry.<\/em>\u00a0Jego wybitne dokonania jako terapeuty i nauczyciela zosta\u0142y odnotowane w biograficznej publikacji\u00a0<em>Who&#8217;s who in America.\u00a0<\/em>By\u0142 dyrektorem The Institute for Advanced Theoretical Research (Instytutu Zaawansowanych Bada\u0144 Teoretycznych). Jego prace jako badacza, kt\u00f3ry opracowa\u0142 Map\u0119 Poziom\u00f3w \u015awiadomo\u015bci oraz lekarza by\u0142y pionierskie, a jego praktyka kliniczna by\u0142a w latach 1968-1979 najwi\u0119ksz\u0105 w USA. Opublikowa\u0142 setki artyku\u0142\u00f3w i wyk\u0142ad\u00f3w oraz kilkadziesi\u0105t ksi\u0105\u017cek. Wyk\u0142ada\u0142 na najwi\u0119kszych uniwersytetach (Harvard, Oxford i inne), a tak\u017ce dla mi\u0119dzynarodowej dyplomacji. Swoje \u017cycie po\u015bwi\u0119ci\u0142 podniesieniu ludzkiej \u015bwiadomo\u015bci.<\/p>\n<p>Powy\u017cszy opis pochodzi od wydawcy.<br \/>\nWydawnictwo Virgo<\/p>\n","protected":false},"excerpt":{"rendered":"<p>Kolejna ksi\u0105\u017cka dr David&#8217;a R. Hawkins&#8217;a w kt\u00f3rej opisuje jak z wykorzystaniem Mapy Poziom\u00f3w \u015awiadomo\u015bci wyleczy\u0142 samego siebie z wielu przewlek\u0142ych, powa\u017cnych chor\u00f3b, a nast\u0119pnie osi\u0105ga\u0142 spektakularne efekty w pracy ze swoimi pacjentami.<\/p>\n","protected":false},"featured_media":2388,"comment_status":"open","ping_status":"closed","template":"","meta":[],"product_cat":[794,417,17,786,790,749,411,441,410],"product_tag":[740],"yoast_head":"<!-- This site is optimized with the Yoast SEO plugin v18.8 - https:\/\/yoast.com\/wordpress\/plugins\/seo\/ -->\n<title>Przywracanie zdrowia - Kendra Publishing<\/title>\n<meta name=\"robots\" content=\"noindex, follow\" \/>\n<meta property=\"og:locale\" content=\"pl_PL\" \/>\n<meta property=\"og:type\" content=\"article\" \/>\n<meta property=\"og:title\" content=\"Przywracanie zdrowia - Kendra Publishing\" \/>\n<meta property=\"og:description\" content=\"Kolejna ksi\u0105\u017cka dr David&#039;a R. Hawkins&#039;a w kt\u00f3rej opisuje jak z wykorzystaniem Mapy Poziom\u00f3w \u015awiadomo\u015bci wyleczy\u0142 samego siebie z wielu przewlek\u0142ych, powa\u017cnych chor\u00f3b, a nast\u0119pnie osi\u0105ga\u0142 spektakularne efekty w pracy ze swoimi pacjentami.\" \/>\n<meta property=\"og:url\" content=\"https:\/\/www.kendra.com.pl\/shop\/produkt\/przywracanie-zdrowia\/\" \/>\n<meta property=\"og:site_name\" content=\"Kendra Publishing\" \/>\n<meta property=\"article:modified_time\" content=\"2025-04-13T20:47:53+00:00\" \/>\n<meta property=\"og:image\" content=\"https:\/\/www.kendra.com.pl\/shop\/wp-content\/uploads\/2019\/05\/Przywracanie_zdrowia_01.jpg\" \/>\n\t<meta property=\"og:image:width\" content=\"1024\" \/>\n\t<meta property=\"og:image:height\" content=\"841\" \/>\n\t<meta property=\"og:image:type\" content=\"image\/jpeg\" \/>\n<meta name=\"twitter:card\" content=\"summary_large_image\" \/>\n<meta name=\"twitter:label1\" content=\"Szacowany czas czytania\" \/>\n\t<meta name=\"twitter:data1\" content=\"3 minuty\" \/>\n<script type=\"application\/ld+json\" class=\"yoast-schema-graph\">{\"@context\":\"https:\/\/schema.org\",\"@graph\":[{\"@type\":\"WebSite\",\"@id\":\"https:\/\/www.kendra.com.pl\/shop\/#website\",\"url\":\"https:\/\/www.kendra.com.pl\/shop\/\",\"name\":\"Kendra Publishing\",\"description\":\"Sklep\",\"potentialAction\":[{\"@type\":\"SearchAction\",\"target\":{\"@type\":\"EntryPoint\",\"urlTemplate\":\"https:\/\/www.kendra.com.pl\/shop\/?s={search_term_string}\"},\"query-input\":\"required name=search_term_string\"}],\"inLanguage\":\"pl-PL\"},{\"@type\":\"ImageObject\",\"inLanguage\":\"pl-PL\",\"@id\":\"https:\/\/www.kendra.com.pl\/shop\/produkt\/przywracanie-zdrowia\/#primaryimage\",\"url\":\"https:\/\/www.kendra.com.pl\/shop\/wp-content\/uploads\/2019\/05\/Przywracanie_zdrowia_01.jpg\",\"contentUrl\":\"https:\/\/www.kendra.com.pl\/shop\/wp-content\/uploads\/2019\/05\/Przywracanie_zdrowia_01.jpg\",\"width\":1024,\"height\":841},{\"@type\":\"WebPage\",\"@id\":\"https:\/\/www.kendra.com.pl\/shop\/produkt\/przywracanie-zdrowia\/#webpage\",\"url\":\"https:\/\/www.kendra.com.pl\/shop\/produkt\/przywracanie-zdrowia\/\",\"name\":\"Przywracanie zdrowia - Kendra Publishing\",\"isPartOf\":{\"@id\":\"https:\/\/www.kendra.com.pl\/shop\/#website\"},\"primaryImageOfPage\":{\"@id\":\"https:\/\/www.kendra.com.pl\/shop\/produkt\/przywracanie-zdrowia\/#primaryimage\"},\"datePublished\":\"2019-05-31T13:30:48+00:00\",\"dateModified\":\"2025-04-13T20:47:53+00:00\",\"breadcrumb\":{\"@id\":\"https:\/\/www.kendra.com.pl\/shop\/produkt\/przywracanie-zdrowia\/#breadcrumb\"},\"inLanguage\":\"pl-PL\",\"potentialAction\":[{\"@type\":\"ReadAction\",\"target\":[\"https:\/\/www.kendra.com.pl\/shop\/produkt\/przywracanie-zdrowia\/\"]}]},{\"@type\":\"BreadcrumbList\",\"@id\":\"https:\/\/www.kendra.com.pl\/shop\/produkt\/przywracanie-zdrowia\/#breadcrumb\",\"itemListElement\":[{\"@type\":\"ListItem\",\"position\":1,\"name\":\"Strona g\u0142\u00f3wna\",\"item\":\"https:\/\/www.kendra.com.pl\/shop\/\"},{\"@type\":\"ListItem\",\"position\":2,\"name\":\"Przerwa w dzia\u0142alno\u015bci sklepu&#8230;\",\"item\":\"https:\/\/www.kendra.com.pl\/shop\/?page_id=1888\"},{\"@type\":\"ListItem\",\"position\":3,\"name\":\"Przywracanie zdrowia\"}]}]}<\/script>\n<!-- \/ Yoast SEO plugin. -->","yoast_head_json":{"title":"Przywracanie zdrowia - Kendra Publishing","robots":{"index":"noindex","follow":"follow"},"og_locale":"pl_PL","og_type":"article","og_title":"Przywracanie zdrowia - Kendra Publishing","og_description":"Kolejna ksi\u0105\u017cka dr David'a R. Hawkins'a w kt\u00f3rej opisuje jak z wykorzystaniem Mapy Poziom\u00f3w \u015awiadomo\u015bci wyleczy\u0142 samego siebie z wielu przewlek\u0142ych, powa\u017cnych chor\u00f3b, a nast\u0119pnie osi\u0105ga\u0142 spektakularne efekty w pracy ze swoimi pacjentami.","og_url":"https:\/\/www.kendra.com.pl\/shop\/produkt\/przywracanie-zdrowia\/","og_site_name":"Kendra Publishing","article_modified_time":"2025-04-13T20:47:53+00:00","og_image":[{"width":1024,"height":841,"url":"https:\/\/www.kendra.com.pl\/shop\/wp-content\/uploads\/2019\/05\/Przywracanie_zdrowia_01.jpg","type":"image\/jpeg"}],"twitter_card":"summary_large_image","twitter_misc":{"Szacowany czas czytania":"3 minuty"},"schema":{"@context":"https:\/\/schema.org","@graph":[{"@type":"WebSite","@id":"https:\/\/www.kendra.com.pl\/shop\/#website","url":"https:\/\/www.kendra.com.pl\/shop\/","name":"Kendra Publishing","description":"Sklep","potentialAction":[{"@type":"SearchAction","target":{"@type":"EntryPoint","urlTemplate":"https:\/\/www.kendra.com.pl\/shop\/?s={search_term_string}"},"query-input":"required name=search_term_string"}],"inLanguage":"pl-PL"},{"@type":"ImageObject","inLanguage":"pl-PL","@id":"https:\/\/www.kendra.com.pl\/shop\/produkt\/przywracanie-zdrowia\/#primaryimage","url":"https:\/\/www.kendra.com.pl\/shop\/wp-content\/uploads\/2019\/05\/Przywracanie_zdrowia_01.jpg","contentUrl":"https:\/\/www.kendra.com.pl\/shop\/wp-content\/uploads\/2019\/05\/Przywracanie_zdrowia_01.jpg","width":1024,"height":841},{"@type":"WebPage","@id":"https:\/\/www.kendra.com.pl\/shop\/produkt\/przywracanie-zdrowia\/#webpage","url":"https:\/\/www.kendra.com.pl\/shop\/produkt\/przywracanie-zdrowia\/","name":"Przywracanie zdrowia - Kendra Publishing","isPartOf":{"@id":"https:\/\/www.kendra.com.pl\/shop\/#website"},"primaryImageOfPage":{"@id":"https:\/\/www.kendra.com.pl\/shop\/produkt\/przywracanie-zdrowia\/#primaryimage"},"datePublished":"2019-05-31T13:30:48+00:00","dateModified":"2025-04-13T20:47:53+00:00","breadcrumb":{"@id":"https:\/\/www.kendra.com.pl\/shop\/produkt\/przywracanie-zdrowia\/#breadcrumb"},"inLanguage":"pl-PL","potentialAction":[{"@type":"ReadAction","target":["https:\/\/www.kendra.com.pl\/shop\/produkt\/przywracanie-zdrowia\/"]}]},{"@type":"BreadcrumbList","@id":"https:\/\/www.kendra.com.pl\/shop\/produkt\/przywracanie-zdrowia\/#breadcrumb","itemListElement":[{"@type":"ListItem","position":1,"name":"Strona g\u0142\u00f3wna","item":"https:\/\/www.kendra.com.pl\/shop\/"},{"@type":"ListItem","position":2,"name":"Przerwa w dzia\u0142alno\u015bci sklepu&#8230;","item":"https:\/\/www.kendra.com.pl\/shop\/?page_id=1888"},{"@type":"ListItem","position":3,"name":"Przywracanie zdrowia"}]}]}},"_links":{"self":[{"href":"https:\/\/www.kendra.com.pl\/shop\/wp-json\/wp\/v2\/product\/2387"}],"collection":[{"href":"https:\/\/www.kendra.com.pl\/shop\/wp-json\/wp\/v2\/product"}],"about":[{"href":"https:\/\/www.kendra.com.pl\/shop\/wp-json\/wp\/v2\/types\/product"}],"replies":[{"embeddable":true,"href":"https:\/\/www.kendra.com.pl\/shop\/wp-json\/wp\/v2\/comments?post=2387"}],"wp:featuredmedia":[{"embeddable":true,"href":"https:\/\/www.kendra.com.pl\/shop\/wp-json\/wp\/v2\/media\/2388"}],"wp:attachment":[{"href":"https:\/\/www.kendra.com.pl\/shop\/wp-json\/wp\/v2\/media?parent=2387"}],"wp:term":[{"taxonomy":"product_cat","embeddable":true,"href":"https:\/\/www.kendra.com.pl\/shop\/wp-json\/wp\/v2\/product_cat?post=2387"},{"taxonomy":"product_tag","embeddable":true,"href":"https:\/\/www.kendra.com.pl\/shop\/wp-json\/wp\/v2\/product_tag?post=2387"}],"curies":[{"name":"wp","href":"https:\/\/api.w.org\/{rel}","templated":true}]}}