{"id":2438,"date":"2019-02-20T22:28:27","date_gmt":"2019-02-20T21:28:27","guid":{"rendered":"https:\/\/www.kendra.com.pl\/shop\/produkt\/koniec-wszystkich-historii-medytacje\/"},"modified":"2023-05-25T05:59:06","modified_gmt":"2023-05-25T03:59:06","slug":"koniec-wszystkich-historii-medytacje","status":"publish","type":"product","link":"https:\/\/www.kendra.com.pl\/shop\/produkt\/koniec-wszystkich-historii-medytacje\/","title":{"rendered":"Koniec wszystkich historii. Medytacje"},"content":{"rendered":"<p>To ksi\u0105\u017cka o stopniowym dochodzeniu do prawdy. Jej autorka, Nitya (Patrycja Pruchnik) opowiadaj\u0105c o w\u0142asnej drodze, dzieli si\u0119 swoj\u0105 praktyk\u0105 duchow\u0105, naprowadzaj\u0105c czytelnika na najwa\u017cniejsze pytania. Trzeba je sobie zada\u0107 w ciszy. W ka\u017cdej chwili mo\u017ce nadej\u015b\u0107 odpowied\u017a, przynosz\u0105ca ze sob\u0105&#8230; zrozumienie.<\/p>\n<p>Nitya to imi\u0119, kt\u00f3re nada\u0142 Patrycji jej nauczyciel, Mooji. W sanskrycie znaczy \u201ewieczna esencja\u201d.<\/p>\n<p>Satsangi Nityi gromadz\u0105 coraz wi\u0119cej uczestnik\u00f3w, co jest przejawem szerszego zjawiska, wyra\u017anie widocznego na Zachodzie. Jeste\u015bmy \u015bwiadkami demokratyzacji do\u015bwiadczenia, w naszej kulturze nazywanego kiedy\u015b \u201emistycznym\u201d, a na Wschodzie znanego jako o\u015bwiecenie. W swojej ksi\u0105\u017cce Nitya uprzytamnia nam, \u017ce to do\u015bwiadczenie jest dost\u0119pne dla ka\u017cdego. Jest istot\u0105 naszej natury i naszym przeznaczeniem.<\/p>\n<p>Powy\u017cszy opis pochodzi od wydawcy.<br \/>\nWydawnictwo To Co Jest<strong><br \/>\n<\/strong><\/p>\n","protected":false},"excerpt":{"rendered":"<p>Ksi\u0105\u017cka autostwa Nitya&#8217;i &#8211; Patrycji Pruchnik, kt\u00f3ra pozwala na stopniowe doj\u015bcie do prawdy. Opisuje \u017cycie i praktyk\u0119 duchow\u0105 samej autorki.<\/p>\n","protected":false},"featured_media":2439,"comment_status":"open","ping_status":"closed","template":"","meta":[],"product_cat":[417,17,392,410,422],"product_tag":[],"yoast_head":"<!-- This site is optimized with the Yoast SEO plugin v18.8 - https:\/\/yoast.com\/wordpress\/plugins\/seo\/ -->\n<title>Koniec wszystkich historii. Medytacje - Kendra Publishing<\/title>\n<meta name=\"robots\" content=\"noindex, follow\" \/>\n<meta property=\"og:locale\" content=\"pl_PL\" \/>\n<meta property=\"og:type\" content=\"article\" \/>\n<meta property=\"og:title\" content=\"Koniec wszystkich historii. Medytacje - Kendra Publishing\" \/>\n<meta property=\"og:description\" content=\"Ksi\u0105\u017cka autostwa Nitya&#039;i - Patrycji Pruchnik, kt\u00f3ra pozwala na stopniowe doj\u015bcie do prawdy. Opisuje \u017cycie i praktyk\u0119 duchow\u0105 samej autorki.\" \/>\n<meta property=\"og:url\" content=\"https:\/\/www.kendra.com.pl\/shop\/produkt\/koniec-wszystkich-historii-medytacje\/\" \/>\n<meta property=\"og:site_name\" content=\"Kendra Publishing\" \/>\n<meta property=\"article:modified_time\" content=\"2023-05-25T03:59:06+00:00\" \/>\n<meta property=\"og:image\" content=\"https:\/\/www.kendra.com.pl\/shop\/wp-content\/uploads\/2019\/02\/Koniec_wszystkich_hisotrii_medytacje_11.jpg\" \/>\n\t<meta property=\"og:image:width\" content=\"1024\" \/>\n\t<meta property=\"og:image:height\" content=\"841\" \/>\n\t<meta property=\"og:image:type\" content=\"image\/jpeg\" \/>\n<meta name=\"twitter:card\" content=\"summary_large_image\" \/>\n<meta name=\"twitter:label1\" content=\"Szacowany czas czytania\" \/>\n\t<meta name=\"twitter:data1\" content=\"1 minuta\" \/>\n<script type=\"application\/ld+json\" class=\"yoast-schema-graph\">{\"@context\":\"https:\/\/schema.org\",\"@graph\":[{\"@type\":\"WebSite\",\"@id\":\"https:\/\/www.kendra.com.pl\/shop\/#website\",\"url\":\"https:\/\/www.kendra.com.pl\/shop\/\",\"name\":\"Kendra Publishing\",\"description\":\"Sklep\",\"potentialAction\":[{\"@type\":\"SearchAction\",\"target\":{\"@type\":\"EntryPoint\",\"urlTemplate\":\"https:\/\/www.kendra.com.pl\/shop\/?s={search_term_string}\"},\"query-input\":\"required name=search_term_string\"}],\"inLanguage\":\"pl-PL\"},{\"@type\":\"ImageObject\",\"inLanguage\":\"pl-PL\",\"@id\":\"https:\/\/www.kendra.com.pl\/shop\/produkt\/koniec-wszystkich-historii-medytacje\/#primaryimage\",\"url\":\"https:\/\/www.kendra.com.pl\/shop\/wp-content\/uploads\/2019\/02\/Koniec_wszystkich_hisotrii_medytacje_11.jpg\",\"contentUrl\":\"https:\/\/www.kendra.com.pl\/shop\/wp-content\/uploads\/2019\/02\/Koniec_wszystkich_hisotrii_medytacje_11.jpg\",\"width\":1024,\"height\":841},{\"@type\":\"WebPage\",\"@id\":\"https:\/\/www.kendra.com.pl\/shop\/produkt\/koniec-wszystkich-historii-medytacje\/#webpage\",\"url\":\"https:\/\/www.kendra.com.pl\/shop\/produkt\/koniec-wszystkich-historii-medytacje\/\",\"name\":\"Koniec wszystkich historii. Medytacje - Kendra Publishing\",\"isPartOf\":{\"@id\":\"https:\/\/www.kendra.com.pl\/shop\/#website\"},\"primaryImageOfPage\":{\"@id\":\"https:\/\/www.kendra.com.pl\/shop\/produkt\/koniec-wszystkich-historii-medytacje\/#primaryimage\"},\"datePublished\":\"2019-02-20T21:28:27+00:00\",\"dateModified\":\"2023-05-25T03:59:06+00:00\",\"breadcrumb\":{\"@id\":\"https:\/\/www.kendra.com.pl\/shop\/produkt\/koniec-wszystkich-historii-medytacje\/#breadcrumb\"},\"inLanguage\":\"pl-PL\",\"potentialAction\":[{\"@type\":\"ReadAction\",\"target\":[\"https:\/\/www.kendra.com.pl\/shop\/produkt\/koniec-wszystkich-historii-medytacje\/\"]}]},{\"@type\":\"BreadcrumbList\",\"@id\":\"https:\/\/www.kendra.com.pl\/shop\/produkt\/koniec-wszystkich-historii-medytacje\/#breadcrumb\",\"itemListElement\":[{\"@type\":\"ListItem\",\"position\":1,\"name\":\"Strona g\u0142\u00f3wna\",\"item\":\"https:\/\/www.kendra.com.pl\/shop\/\"},{\"@type\":\"ListItem\",\"position\":2,\"name\":\"Przerwa w dzia\u0142alno\u015bci sklepu&#8230;\",\"item\":\"https:\/\/www.kendra.com.pl\/shop\/?page_id=1888\"},{\"@type\":\"ListItem\",\"position\":3,\"name\":\"Koniec wszystkich historii. Medytacje\"}]}]}<\/script>\n<!-- \/ Yoast SEO plugin. -->","yoast_head_json":{"title":"Koniec wszystkich historii. Medytacje - Kendra Publishing","robots":{"index":"noindex","follow":"follow"},"og_locale":"pl_PL","og_type":"article","og_title":"Koniec wszystkich historii. Medytacje - Kendra Publishing","og_description":"Ksi\u0105\u017cka autostwa Nitya'i - Patrycji Pruchnik, kt\u00f3ra pozwala na stopniowe doj\u015bcie do prawdy. Opisuje \u017cycie i praktyk\u0119 duchow\u0105 samej autorki.","og_url":"https:\/\/www.kendra.com.pl\/shop\/produkt\/koniec-wszystkich-historii-medytacje\/","og_site_name":"Kendra Publishing","article_modified_time":"2023-05-25T03:59:06+00:00","og_image":[{"width":1024,"height":841,"url":"https:\/\/www.kendra.com.pl\/shop\/wp-content\/uploads\/2019\/02\/Koniec_wszystkich_hisotrii_medytacje_11.jpg","type":"image\/jpeg"}],"twitter_card":"summary_large_image","twitter_misc":{"Szacowany czas czytania":"1 minuta"},"schema":{"@context":"https:\/\/schema.org","@graph":[{"@type":"WebSite","@id":"https:\/\/www.kendra.com.pl\/shop\/#website","url":"https:\/\/www.kendra.com.pl\/shop\/","name":"Kendra Publishing","description":"Sklep","potentialAction":[{"@type":"SearchAction","target":{"@type":"EntryPoint","urlTemplate":"https:\/\/www.kendra.com.pl\/shop\/?s={search_term_string}"},"query-input":"required name=search_term_string"}],"inLanguage":"pl-PL"},{"@type":"ImageObject","inLanguage":"pl-PL","@id":"https:\/\/www.kendra.com.pl\/shop\/produkt\/koniec-wszystkich-historii-medytacje\/#primaryimage","url":"https:\/\/www.kendra.com.pl\/shop\/wp-content\/uploads\/2019\/02\/Koniec_wszystkich_hisotrii_medytacje_11.jpg","contentUrl":"https:\/\/www.kendra.com.pl\/shop\/wp-content\/uploads\/2019\/02\/Koniec_wszystkich_hisotrii_medytacje_11.jpg","width":1024,"height":841},{"@type":"WebPage","@id":"https:\/\/www.kendra.com.pl\/shop\/produkt\/koniec-wszystkich-historii-medytacje\/#webpage","url":"https:\/\/www.kendra.com.pl\/shop\/produkt\/koniec-wszystkich-historii-medytacje\/","name":"Koniec wszystkich historii. Medytacje - Kendra Publishing","isPartOf":{"@id":"https:\/\/www.kendra.com.pl\/shop\/#website"},"primaryImageOfPage":{"@id":"https:\/\/www.kendra.com.pl\/shop\/produkt\/koniec-wszystkich-historii-medytacje\/#primaryimage"},"datePublished":"2019-02-20T21:28:27+00:00","dateModified":"2023-05-25T03:59:06+00:00","breadcrumb":{"@id":"https:\/\/www.kendra.com.pl\/shop\/produkt\/koniec-wszystkich-historii-medytacje\/#breadcrumb"},"inLanguage":"pl-PL","potentialAction":[{"@type":"ReadAction","target":["https:\/\/www.kendra.com.pl\/shop\/produkt\/koniec-wszystkich-historii-medytacje\/"]}]},{"@type":"BreadcrumbList","@id":"https:\/\/www.kendra.com.pl\/shop\/produkt\/koniec-wszystkich-historii-medytacje\/#breadcrumb","itemListElement":[{"@type":"ListItem","position":1,"name":"Strona g\u0142\u00f3wna","item":"https:\/\/www.kendra.com.pl\/shop\/"},{"@type":"ListItem","position":2,"name":"Przerwa w dzia\u0142alno\u015bci sklepu&#8230;","item":"https:\/\/www.kendra.com.pl\/shop\/?page_id=1888"},{"@type":"ListItem","position":3,"name":"Koniec wszystkich historii. Medytacje"}]}]}},"_links":{"self":[{"href":"https:\/\/www.kendra.com.pl\/shop\/wp-json\/wp\/v2\/product\/2438"}],"collection":[{"href":"https:\/\/www.kendra.com.pl\/shop\/wp-json\/wp\/v2\/product"}],"about":[{"href":"https:\/\/www.kendra.com.pl\/shop\/wp-json\/wp\/v2\/types\/product"}],"replies":[{"embeddable":true,"href":"https:\/\/www.kendra.com.pl\/shop\/wp-json\/wp\/v2\/comments?post=2438"}],"wp:featuredmedia":[{"embeddable":true,"href":"https:\/\/www.kendra.com.pl\/shop\/wp-json\/wp\/v2\/media\/2439"}],"wp:attachment":[{"href":"https:\/\/www.kendra.com.pl\/shop\/wp-json\/wp\/v2\/media?parent=2438"}],"wp:term":[{"taxonomy":"product_cat","embeddable":true,"href":"https:\/\/www.kendra.com.pl\/shop\/wp-json\/wp\/v2\/product_cat?post=2438"},{"taxonomy":"product_tag","embeddable":true,"href":"https:\/\/www.kendra.com.pl\/shop\/wp-json\/wp\/v2\/product_tag?post=2438"}],"curies":[{"name":"wp","href":"https:\/\/api.w.org\/{rel}","templated":true}]}}