{"id":2528,"date":"2019-01-18T16:49:42","date_gmt":"2019-01-18T15:49:42","guid":{"rendered":"https:\/\/www.kendra.com.pl\/shop\/produkt\/wabi-sabi-japonska-sztuka-dostrzegania-piekna-w-przemijaniu\/"},"modified":"2023-05-25T06:08:06","modified_gmt":"2023-05-25T04:08:06","slug":"wabi-sabi-japonska-sztuka-dostrzegania-piekna-w-przemijaniu","status":"publish","type":"product","link":"https:\/\/www.kendra.com.pl\/shop\/produkt\/wabi-sabi-japonska-sztuka-dostrzegania-piekna-w-przemijaniu\/","title":{"rendered":"Wabi sabi. Japo\u0144ska sztuka dostrzegania pi\u0119kna w przemijaniu"},"content":{"rendered":"<p>Wed\u0142ug\u00a0zen\u00a0s\u0142owa s\u0105 g\u0142\u00f3wn\u0105 przeszkod\u0105 stoj\u0105c\u0105 na drodze do zrozumienia. Najbardziej g\u0142\u0119bokie nauki zen nie mog\u0105 by\u0107 przekazane za pomoc\u0105 s\u0142\u00f3w. Podobnie jest z\u00a0wabi sabi. Trudno okre\u015bli\u0107 w kilku s\u0142owach, czym jest. To filozofia tak nieuchwytna, \u017ce nawet japo\u0144scy uczeni rozmawiaj\u0105 o niej jedynie w poetycki spos\u00f3b, pozostawiaj\u0105c niewyt\u0142umaczalne niewyt\u0142umaczalnym. Wabi sabi mo\u017cna okre\u015bli\u0107 jako pr\u00f3b\u0119 wyra\u017cenia mi\u0142o\u015bci do \u017cycia zr\u00f3wnowa\u017conej smutkiem wynikaj\u0105cym z nieuchronno\u015bci ko\u0144ca. Bazuje na zasadach prostoty, pokory, pow\u015bci\u0105gliwo\u015bci, naturalno\u015bci, rado\u015bci i melancholii, jak r\u00f3wnie\u017c na zasadzie nietrwa\u0142o\u015bci. Sk\u0142ania nas do ponownego odkrycia intymnego pi\u0119kna, kt\u00f3re odnajdujemy w najdrobniejszych szczeg\u00f3\u0142ach tego, co oferuje nam natura.<\/p>\n<p>Ta ksi\u0105\u017cka stanowi pr\u00f3b\u0119 wyja\u015bnienia ludziom Zachodu istoty wabi sabi. By\u0107 mo\u017ce dzi\u0119ki niej zyskasz \u015bwiadomo\u015b\u0107 przej\u015bciowej natury ziemskich rzeczy i odkryjesz, jak subtelnie przyjemna jest ta nietrwa\u0142o\u015b\u0107. Wabi sabi to\u00a0stan umys\u0142u, kt\u00f3ry jest \u015bwiadomy otoczenia i akceptuje je. Stopniowo przekonasz si\u0119, w jak doskona\u0142y spos\u00f3b wabi sabi pozwala doceni\u0107 czyste pi\u0119kno \u017cycia. Pi\u0119kno tkwi w p\u0119kni\u0119tej wazie, naturalnym kamieniu, d\u017awi\u0119ku, jaki wydaj\u0105 krople deszczu uderzaj\u0105ce o li\u015bcie drzew. Dzi\u0119ki tej ksi\u0105\u017cce b\u0119dziesz my\u015bla\u0142 o wabi sabi jak o alternatywie dla \u015bwiata pe\u0142nego po\u015bpiechu i masowo produkowanych rzeczy. By\u0107 mo\u017ce zwolnisz, aby cieszy\u0107 si\u0119 naturalnym pi\u0119knem. Je\u015bli zechcesz zacz\u0105\u0107 projektowa\u0107 w my\u015bl tej filozofii, pr\u0119dko si\u0119 zorientujesz, jak subtelnej transformacji ulegn\u0105 Twoje cia\u0142o, umys\u0142 i&#8230; dom.<\/p>\n<p><strong>W tej ksi\u0105\u017cce:<\/strong><\/p>\n<ul>\n<li>Historia, czyli jak rozwija\u0142 si\u0119 nurt wabi sabi,<\/li>\n<li>Kultura, czyli jak japo\u0144skie poczucie pi\u0119kna kszta\u0142tuje wabi sabi,<\/li>\n<li>Sztuka, czyli co okre\u015bla warto\u015bci estetyczne wabi sabi,<\/li>\n<li>Projektowanie, czyli jak tworzy\u0107 w stylu wabi sabi,<\/li>\n<li>Duch, czyli uniwersalne przes\u0142anie wabi sabi.<\/li>\n<\/ul>\n<p>Wabi sabi &#8211; poczuj s\u0142odycz ostatniej poziomki!<\/p>\n<p>Powy\u017cszy opis pochodzi od wydawcy.<br \/>\nWydawnictwo Helion<strong><br \/>\n<\/strong><\/p>\n","protected":false},"excerpt":{"rendered":"<p>Wed\u0142ug\u00a0zen\u00a0s\u0142owa s\u0105 g\u0142\u00f3wn\u0105 przeszkod\u0105 stoj\u0105c\u0105 na drodze do zrozumienia. Najbardziej g\u0142\u0119bokie nauki zen nie mog\u0105 by\u0107 przekazane za pomoc\u0105 s\u0142\u00f3w. Podobnie jest z\u00a0wabi sabi. Trudno okre\u015bli\u0107 w kilku s\u0142owach, czym jest. To filozofia tak nieuchwytna, \u017ce nawet japo\u0144scy uczeni rozmawiaj\u0105 o niej jedynie w poetycki spos\u00f3b, pozostawiaj\u0105c niewyt\u0142umaczalne niewyt\u0142umaczalnym. Wabi sabi mo\u017cna okre\u015bli\u0107 jako pr\u00f3b\u0119 [&hellip;]<\/p>\n","protected":false},"featured_media":2529,"comment_status":"open","ping_status":"closed","template":"","meta":[],"product_cat":[426,488,17,566,790,392,391,410,394],"product_tag":[399],"yoast_head":"<!-- This site is optimized with the Yoast SEO plugin v18.8 - https:\/\/yoast.com\/wordpress\/plugins\/seo\/ -->\n<title>Wabi sabi. Japo\u0144ska sztuka dostrzegania pi\u0119kna w przemijaniu - Kendra Publishing<\/title>\n<meta name=\"robots\" content=\"noindex, follow\" \/>\n<meta property=\"og:locale\" content=\"pl_PL\" \/>\n<meta property=\"og:type\" content=\"article\" \/>\n<meta property=\"og:title\" content=\"Wabi sabi. Japo\u0144ska sztuka dostrzegania pi\u0119kna w przemijaniu - Kendra Publishing\" \/>\n<meta property=\"og:description\" content=\"Wed\u0142ug\u00a0zen\u00a0s\u0142owa s\u0105 g\u0142\u00f3wn\u0105 przeszkod\u0105 stoj\u0105c\u0105 na drodze do zrozumienia. Najbardziej g\u0142\u0119bokie nauki zen nie mog\u0105 by\u0107 przekazane za pomoc\u0105 s\u0142\u00f3w. Podobnie jest z\u00a0wabi sabi. Trudno okre\u015bli\u0107 w kilku s\u0142owach, czym jest. To filozofia tak nieuchwytna, \u017ce nawet japo\u0144scy uczeni rozmawiaj\u0105 o niej jedynie w poetycki spos\u00f3b, pozostawiaj\u0105c niewyt\u0142umaczalne niewyt\u0142umaczalnym. Wabi sabi mo\u017cna okre\u015bli\u0107 jako pr\u00f3b\u0119 [&hellip;]\" \/>\n<meta property=\"og:url\" content=\"https:\/\/www.kendra.com.pl\/shop\/produkt\/wabi-sabi-japonska-sztuka-dostrzegania-piekna-w-przemijaniu\/\" \/>\n<meta property=\"og:site_name\" content=\"Kendra Publishing\" \/>\n<meta property=\"article:modified_time\" content=\"2023-05-25T04:08:06+00:00\" \/>\n<meta property=\"og:image\" content=\"https:\/\/www.kendra.com.pl\/shop\/wp-content\/uploads\/2019\/01\/Wabi_sabi_02.jpg\" \/>\n\t<meta property=\"og:image:width\" content=\"1120\" \/>\n\t<meta property=\"og:image:height\" content=\"920\" \/>\n\t<meta property=\"og:image:type\" content=\"image\/jpeg\" \/>\n<meta name=\"twitter:card\" content=\"summary_large_image\" \/>\n<meta name=\"twitter:label1\" content=\"Szacowany czas czytania\" \/>\n\t<meta name=\"twitter:data1\" content=\"2 minuty\" \/>\n<script type=\"application\/ld+json\" class=\"yoast-schema-graph\">{\"@context\":\"https:\/\/schema.org\",\"@graph\":[{\"@type\":\"WebSite\",\"@id\":\"https:\/\/www.kendra.com.pl\/shop\/#website\",\"url\":\"https:\/\/www.kendra.com.pl\/shop\/\",\"name\":\"Kendra Publishing\",\"description\":\"Sklep\",\"potentialAction\":[{\"@type\":\"SearchAction\",\"target\":{\"@type\":\"EntryPoint\",\"urlTemplate\":\"https:\/\/www.kendra.com.pl\/shop\/?s={search_term_string}\"},\"query-input\":\"required name=search_term_string\"}],\"inLanguage\":\"pl-PL\"},{\"@type\":\"ImageObject\",\"inLanguage\":\"pl-PL\",\"@id\":\"https:\/\/www.kendra.com.pl\/shop\/produkt\/wabi-sabi-japonska-sztuka-dostrzegania-piekna-w-przemijaniu\/#primaryimage\",\"url\":\"https:\/\/www.kendra.com.pl\/shop\/wp-content\/uploads\/2019\/01\/Wabi_sabi_02.jpg\",\"contentUrl\":\"https:\/\/www.kendra.com.pl\/shop\/wp-content\/uploads\/2019\/01\/Wabi_sabi_02.jpg\",\"width\":1120,\"height\":920},{\"@type\":\"WebPage\",\"@id\":\"https:\/\/www.kendra.com.pl\/shop\/produkt\/wabi-sabi-japonska-sztuka-dostrzegania-piekna-w-przemijaniu\/#webpage\",\"url\":\"https:\/\/www.kendra.com.pl\/shop\/produkt\/wabi-sabi-japonska-sztuka-dostrzegania-piekna-w-przemijaniu\/\",\"name\":\"Wabi sabi. Japo\u0144ska sztuka dostrzegania pi\u0119kna w przemijaniu - Kendra Publishing\",\"isPartOf\":{\"@id\":\"https:\/\/www.kendra.com.pl\/shop\/#website\"},\"primaryImageOfPage\":{\"@id\":\"https:\/\/www.kendra.com.pl\/shop\/produkt\/wabi-sabi-japonska-sztuka-dostrzegania-piekna-w-przemijaniu\/#primaryimage\"},\"datePublished\":\"2019-01-18T15:49:42+00:00\",\"dateModified\":\"2023-05-25T04:08:06+00:00\",\"breadcrumb\":{\"@id\":\"https:\/\/www.kendra.com.pl\/shop\/produkt\/wabi-sabi-japonska-sztuka-dostrzegania-piekna-w-przemijaniu\/#breadcrumb\"},\"inLanguage\":\"pl-PL\",\"potentialAction\":[{\"@type\":\"ReadAction\",\"target\":[\"https:\/\/www.kendra.com.pl\/shop\/produkt\/wabi-sabi-japonska-sztuka-dostrzegania-piekna-w-przemijaniu\/\"]}]},{\"@type\":\"BreadcrumbList\",\"@id\":\"https:\/\/www.kendra.com.pl\/shop\/produkt\/wabi-sabi-japonska-sztuka-dostrzegania-piekna-w-przemijaniu\/#breadcrumb\",\"itemListElement\":[{\"@type\":\"ListItem\",\"position\":1,\"name\":\"Strona g\u0142\u00f3wna\",\"item\":\"https:\/\/www.kendra.com.pl\/shop\/\"},{\"@type\":\"ListItem\",\"position\":2,\"name\":\"Przerwa w dzia\u0142alno\u015bci sklepu&#8230;\",\"item\":\"https:\/\/www.kendra.com.pl\/shop\/?page_id=1888\"},{\"@type\":\"ListItem\",\"position\":3,\"name\":\"Wabi sabi. Japo\u0144ska sztuka dostrzegania pi\u0119kna w przemijaniu\"}]}]}<\/script>\n<!-- \/ Yoast SEO plugin. -->","yoast_head_json":{"title":"Wabi sabi. Japo\u0144ska sztuka dostrzegania pi\u0119kna w przemijaniu - Kendra Publishing","robots":{"index":"noindex","follow":"follow"},"og_locale":"pl_PL","og_type":"article","og_title":"Wabi sabi. Japo\u0144ska sztuka dostrzegania pi\u0119kna w przemijaniu - Kendra Publishing","og_description":"Wed\u0142ug\u00a0zen\u00a0s\u0142owa s\u0105 g\u0142\u00f3wn\u0105 przeszkod\u0105 stoj\u0105c\u0105 na drodze do zrozumienia. Najbardziej g\u0142\u0119bokie nauki zen nie mog\u0105 by\u0107 przekazane za pomoc\u0105 s\u0142\u00f3w. Podobnie jest z\u00a0wabi sabi. Trudno okre\u015bli\u0107 w kilku s\u0142owach, czym jest. To filozofia tak nieuchwytna, \u017ce nawet japo\u0144scy uczeni rozmawiaj\u0105 o niej jedynie w poetycki spos\u00f3b, pozostawiaj\u0105c niewyt\u0142umaczalne niewyt\u0142umaczalnym. Wabi sabi mo\u017cna okre\u015bli\u0107 jako pr\u00f3b\u0119 [&hellip;]","og_url":"https:\/\/www.kendra.com.pl\/shop\/produkt\/wabi-sabi-japonska-sztuka-dostrzegania-piekna-w-przemijaniu\/","og_site_name":"Kendra Publishing","article_modified_time":"2023-05-25T04:08:06+00:00","og_image":[{"width":1120,"height":920,"url":"https:\/\/www.kendra.com.pl\/shop\/wp-content\/uploads\/2019\/01\/Wabi_sabi_02.jpg","type":"image\/jpeg"}],"twitter_card":"summary_large_image","twitter_misc":{"Szacowany czas czytania":"2 minuty"},"schema":{"@context":"https:\/\/schema.org","@graph":[{"@type":"WebSite","@id":"https:\/\/www.kendra.com.pl\/shop\/#website","url":"https:\/\/www.kendra.com.pl\/shop\/","name":"Kendra Publishing","description":"Sklep","potentialAction":[{"@type":"SearchAction","target":{"@type":"EntryPoint","urlTemplate":"https:\/\/www.kendra.com.pl\/shop\/?s={search_term_string}"},"query-input":"required name=search_term_string"}],"inLanguage":"pl-PL"},{"@type":"ImageObject","inLanguage":"pl-PL","@id":"https:\/\/www.kendra.com.pl\/shop\/produkt\/wabi-sabi-japonska-sztuka-dostrzegania-piekna-w-przemijaniu\/#primaryimage","url":"https:\/\/www.kendra.com.pl\/shop\/wp-content\/uploads\/2019\/01\/Wabi_sabi_02.jpg","contentUrl":"https:\/\/www.kendra.com.pl\/shop\/wp-content\/uploads\/2019\/01\/Wabi_sabi_02.jpg","width":1120,"height":920},{"@type":"WebPage","@id":"https:\/\/www.kendra.com.pl\/shop\/produkt\/wabi-sabi-japonska-sztuka-dostrzegania-piekna-w-przemijaniu\/#webpage","url":"https:\/\/www.kendra.com.pl\/shop\/produkt\/wabi-sabi-japonska-sztuka-dostrzegania-piekna-w-przemijaniu\/","name":"Wabi sabi. Japo\u0144ska sztuka dostrzegania pi\u0119kna w przemijaniu - Kendra Publishing","isPartOf":{"@id":"https:\/\/www.kendra.com.pl\/shop\/#website"},"primaryImageOfPage":{"@id":"https:\/\/www.kendra.com.pl\/shop\/produkt\/wabi-sabi-japonska-sztuka-dostrzegania-piekna-w-przemijaniu\/#primaryimage"},"datePublished":"2019-01-18T15:49:42+00:00","dateModified":"2023-05-25T04:08:06+00:00","breadcrumb":{"@id":"https:\/\/www.kendra.com.pl\/shop\/produkt\/wabi-sabi-japonska-sztuka-dostrzegania-piekna-w-przemijaniu\/#breadcrumb"},"inLanguage":"pl-PL","potentialAction":[{"@type":"ReadAction","target":["https:\/\/www.kendra.com.pl\/shop\/produkt\/wabi-sabi-japonska-sztuka-dostrzegania-piekna-w-przemijaniu\/"]}]},{"@type":"BreadcrumbList","@id":"https:\/\/www.kendra.com.pl\/shop\/produkt\/wabi-sabi-japonska-sztuka-dostrzegania-piekna-w-przemijaniu\/#breadcrumb","itemListElement":[{"@type":"ListItem","position":1,"name":"Strona g\u0142\u00f3wna","item":"https:\/\/www.kendra.com.pl\/shop\/"},{"@type":"ListItem","position":2,"name":"Przerwa w dzia\u0142alno\u015bci sklepu&#8230;","item":"https:\/\/www.kendra.com.pl\/shop\/?page_id=1888"},{"@type":"ListItem","position":3,"name":"Wabi sabi. Japo\u0144ska sztuka dostrzegania pi\u0119kna w przemijaniu"}]}]}},"_links":{"self":[{"href":"https:\/\/www.kendra.com.pl\/shop\/wp-json\/wp\/v2\/product\/2528"}],"collection":[{"href":"https:\/\/www.kendra.com.pl\/shop\/wp-json\/wp\/v2\/product"}],"about":[{"href":"https:\/\/www.kendra.com.pl\/shop\/wp-json\/wp\/v2\/types\/product"}],"replies":[{"embeddable":true,"href":"https:\/\/www.kendra.com.pl\/shop\/wp-json\/wp\/v2\/comments?post=2528"}],"wp:featuredmedia":[{"embeddable":true,"href":"https:\/\/www.kendra.com.pl\/shop\/wp-json\/wp\/v2\/media\/2529"}],"wp:attachment":[{"href":"https:\/\/www.kendra.com.pl\/shop\/wp-json\/wp\/v2\/media?parent=2528"}],"wp:term":[{"taxonomy":"product_cat","embeddable":true,"href":"https:\/\/www.kendra.com.pl\/shop\/wp-json\/wp\/v2\/product_cat?post=2528"},{"taxonomy":"product_tag","embeddable":true,"href":"https:\/\/www.kendra.com.pl\/shop\/wp-json\/wp\/v2\/product_tag?post=2528"}],"curies":[{"name":"wp","href":"https:\/\/api.w.org\/{rel}","templated":true}]}}