{"id":2546,"date":"2018-11-29T16:32:31","date_gmt":"2018-11-29T15:32:31","guid":{"rendered":"https:\/\/www.kendra.com.pl\/shop\/produkt\/wszystko-zaczyna-sie-w-glowie\/"},"modified":"2023-05-25T06:11:19","modified_gmt":"2023-05-25T04:11:19","slug":"wszystko-zaczyna-sie-w-glowie","status":"publish","type":"product","link":"https:\/\/www.kendra.com.pl\/shop\/produkt\/wszystko-zaczyna-sie-w-glowie\/","title":{"rendered":"Wszystko zaczyna si\u0119 w g\u0142owie"},"content":{"rendered":"<p>Witaj, nazywam si\u0119 Karolina Cwalina!<br \/>\n\u201eSexy zaczyna si\u0119 w g\u0142owie\u201d oraz \u201eSukces zaczyna si\u0119 w g\u0142owie\u201d to moje dwa autorskie projekty rozwojowe. Sko\u0144czy\u0142am prawo, ale&#8230; posz\u0142am w lewo. Zakocha\u0142am si\u0119 w coachingu i konsekwentnie szkol\u0119 si\u0119 oraz zdobywam do\u015bwiadczenie w tej dziedzinie. Dzi\u015b jestem kobiet\u0105, kt\u00f3ra wspiera innych, kt\u00f3ra pragn\u0105c zmian i d\u0105\u017c\u0105c do samodoskonalenia, nie unika ci\u0119\u017ckiej pracy. Bez niej nic z nieba nie spada i dlatego niepowodzenia s\u0105 moimi wyzwaniami, pora\u017cki schodami do sukcesu, a ludzie, kt\u00f3rzy we mnie wierz\u0105, motywatorami do dzia\u0142ania. Kiedy\u015b zmaga\u0142am si\u0119 z ci\u0119\u017ck\u0105 chorob\u0105 i nie mia\u0142am \u015bwiadomo\u015bci, czego tak naprawd\u0119 chc\u0119. Cierpia\u0142am z powodu niskiego poczucia w\u0142asnej warto\u015bci i braku wiary w siebie. Czu\u0142am si\u0119 bezsilna i niemal utraci\u0142am nadziej\u0119, \u017ce co\u015b w moim \u017cyciu mo\u017ce si\u0119 odmieni\u0107, bo uwa\u017ca\u0142am, \u017ce na wiele nie zas\u0142uguj\u0119. Na moje i mam nadziej\u0119 Twoje szcz\u0119\u015bcie zacz\u0119\u0142am si\u0119 interesowa\u0107 rozwojem osobistym&#8230; Odkry\u0142am, co mnie motywuje. Stworzy\u0142am strategi\u0119 \u201ena \u017cycie\u201d, plan dzia\u0142ania i ruszy\u0142am w \u017cmudn\u0105, ale fascynuj\u0105c\u0105 drog\u0119 ku samorealizacji. Dzi\u0119ki wyt\u0119\u017conej pracy zmieni\u0142am si\u0119 fizycznie i psychicznie, odnalaz\u0142am sens, cel i nap\u0119d do zmian. Dzi\u015b ch\u0119tnie dziel\u0119 si\u0119 swoj\u0105 histori\u0105 i w\u0142asnymi sposobami na wyj\u015bcie z mniejszych i wi\u0119kszych \u017cyciowych zawirowa\u0144, poniewa\u017c takowe ca\u0142y czas na mnie czyhaj\u0105 i walcz\u0119! Fortuna ko\u0142em si\u0119 toczy, czasem mo\u017cna mie\u0107 do\u015b\u0107, ale nie poddajemy si\u0119&#8230; Dzia\u0142amy.<\/p>\n<p><strong>Czy ta ksi\u0105\u017cka jest dla Ciebie?<\/strong><\/p>\n<p>Tak! Bo, jak pisz\u0119 na swojej stronie : \u201eKa\u017cdy z nas chce czu\u0107 si\u0119 spe\u0142niony, doceniony i szcz\u0119\u015bliwy. Wszyscy mamy marzenia, stawiamy sobie cele, rysujemy idealny obraz swojej przysz\u0142o\u015bci. Jednak dlaczego tak trudno po to si\u0119gn\u0105\u0107? Bo czasem brakuje wsparcia, motywacji i inspiracji.\u201d Mam nadziej\u0119, \u017ce ta ksi\u0105\u017cka zainspiruj\u0119 Ci\u0119 do stawienia czo\u0142a wyzwaniom i ruszenia po zwyci\u0119stwo. Zamiast suchych i sztampowych porad, odnajdziesz w niej moj\u0105 histori\u0119 oraz \u0107wiczenia, kt\u00f3re sama wymy\u015bli\u0142am, kiedy mia\u0142am wszystkiego do\u015b\u0107.<\/p>\n<p>Zastosowa\u0142am je, i wiesz co? Pomog\u0142y! A propos \u2013 czy masz \u015bwiadomo\u015b\u0107 tego, \u017ce ka\u017cda kobieta jest sexy? Ka\u017cda, kt\u00f3ra w siebie wierzy. Bo SEXY zaczyna si\u0119 w g\u0142owie. Podobnie jak sukces. W og\u00f3le, wszystko zaczyna si\u0119 w g\u0142owie! Dlatego \u2013 otw\u00f3rz t\u0119 ksi\u0105\u017ck\u0119, przeczytaj j\u0105, wykonaj zawarte w niej \u0107wiczenia, i nikomu, absolutnie nikomu jej nie oddawaj, bo b\u0119dziesz do niej wraca\u0107 przy kolejnych krokach drogi po wszystko czas start!!!<\/p>\n<p>Powy\u017cszy opis pochodzi od wydawcy.<br \/>\nWydawnictwo Helion<br \/>\n<strong><br \/>\n<\/strong><\/p>\n","protected":false},"excerpt":{"rendered":"<p>Sukces zaczyna si\u0119 od przepracowania tej ksi\u0105\u017cki!<\/p>\n","protected":false},"featured_media":2547,"comment_status":"open","ping_status":"closed","template":"","meta":[],"product_cat":[419,17,435,391,441,410,394,400,401],"product_tag":[740],"yoast_head":"<!-- This site is optimized with the Yoast SEO plugin v18.8 - https:\/\/yoast.com\/wordpress\/plugins\/seo\/ -->\n<title>Wszystko zaczyna si\u0119 w g\u0142owie - Kendra Publishing<\/title>\n<meta name=\"robots\" content=\"noindex, follow\" \/>\n<meta property=\"og:locale\" content=\"pl_PL\" \/>\n<meta property=\"og:type\" content=\"article\" \/>\n<meta property=\"og:title\" content=\"Wszystko zaczyna si\u0119 w g\u0142owie - Kendra Publishing\" \/>\n<meta property=\"og:description\" content=\"Sukces zaczyna si\u0119 od przepracowania tej ksi\u0105\u017cki!\" \/>\n<meta property=\"og:url\" content=\"https:\/\/www.kendra.com.pl\/shop\/produkt\/wszystko-zaczyna-sie-w-glowie\/\" \/>\n<meta property=\"og:site_name\" content=\"Kendra Publishing\" \/>\n<meta property=\"article:modified_time\" content=\"2023-05-25T04:11:19+00:00\" \/>\n<meta property=\"og:image\" content=\"https:\/\/www.kendra.com.pl\/shop\/wp-content\/uploads\/2018\/11\/Wszystko_zaczyna_sie_w_glowie_02.jpg\" \/>\n\t<meta property=\"og:image:width\" content=\"1120\" \/>\n\t<meta property=\"og:image:height\" content=\"920\" \/>\n\t<meta property=\"og:image:type\" content=\"image\/jpeg\" \/>\n<meta name=\"twitter:card\" content=\"summary_large_image\" \/>\n<meta name=\"twitter:label1\" content=\"Szacowany czas czytania\" \/>\n\t<meta name=\"twitter:data1\" content=\"2 minuty\" \/>\n<script type=\"application\/ld+json\" class=\"yoast-schema-graph\">{\"@context\":\"https:\/\/schema.org\",\"@graph\":[{\"@type\":\"WebSite\",\"@id\":\"https:\/\/www.kendra.com.pl\/shop\/#website\",\"url\":\"https:\/\/www.kendra.com.pl\/shop\/\",\"name\":\"Kendra Publishing\",\"description\":\"Sklep\",\"potentialAction\":[{\"@type\":\"SearchAction\",\"target\":{\"@type\":\"EntryPoint\",\"urlTemplate\":\"https:\/\/www.kendra.com.pl\/shop\/?s={search_term_string}\"},\"query-input\":\"required name=search_term_string\"}],\"inLanguage\":\"pl-PL\"},{\"@type\":\"ImageObject\",\"inLanguage\":\"pl-PL\",\"@id\":\"https:\/\/www.kendra.com.pl\/shop\/produkt\/wszystko-zaczyna-sie-w-glowie\/#primaryimage\",\"url\":\"https:\/\/www.kendra.com.pl\/shop\/wp-content\/uploads\/2018\/11\/Wszystko_zaczyna_sie_w_glowie_02.jpg\",\"contentUrl\":\"https:\/\/www.kendra.com.pl\/shop\/wp-content\/uploads\/2018\/11\/Wszystko_zaczyna_sie_w_glowie_02.jpg\",\"width\":1120,\"height\":920},{\"@type\":\"WebPage\",\"@id\":\"https:\/\/www.kendra.com.pl\/shop\/produkt\/wszystko-zaczyna-sie-w-glowie\/#webpage\",\"url\":\"https:\/\/www.kendra.com.pl\/shop\/produkt\/wszystko-zaczyna-sie-w-glowie\/\",\"name\":\"Wszystko zaczyna si\u0119 w g\u0142owie - Kendra Publishing\",\"isPartOf\":{\"@id\":\"https:\/\/www.kendra.com.pl\/shop\/#website\"},\"primaryImageOfPage\":{\"@id\":\"https:\/\/www.kendra.com.pl\/shop\/produkt\/wszystko-zaczyna-sie-w-glowie\/#primaryimage\"},\"datePublished\":\"2018-11-29T15:32:31+00:00\",\"dateModified\":\"2023-05-25T04:11:19+00:00\",\"breadcrumb\":{\"@id\":\"https:\/\/www.kendra.com.pl\/shop\/produkt\/wszystko-zaczyna-sie-w-glowie\/#breadcrumb\"},\"inLanguage\":\"pl-PL\",\"potentialAction\":[{\"@type\":\"ReadAction\",\"target\":[\"https:\/\/www.kendra.com.pl\/shop\/produkt\/wszystko-zaczyna-sie-w-glowie\/\"]}]},{\"@type\":\"BreadcrumbList\",\"@id\":\"https:\/\/www.kendra.com.pl\/shop\/produkt\/wszystko-zaczyna-sie-w-glowie\/#breadcrumb\",\"itemListElement\":[{\"@type\":\"ListItem\",\"position\":1,\"name\":\"Strona g\u0142\u00f3wna\",\"item\":\"https:\/\/www.kendra.com.pl\/shop\/\"},{\"@type\":\"ListItem\",\"position\":2,\"name\":\"Przerwa w dzia\u0142alno\u015bci sklepu&#8230;\",\"item\":\"https:\/\/www.kendra.com.pl\/shop\/?page_id=1888\"},{\"@type\":\"ListItem\",\"position\":3,\"name\":\"Wszystko zaczyna si\u0119 w g\u0142owie\"}]}]}<\/script>\n<!-- \/ Yoast SEO plugin. -->","yoast_head_json":{"title":"Wszystko zaczyna si\u0119 w g\u0142owie - Kendra Publishing","robots":{"index":"noindex","follow":"follow"},"og_locale":"pl_PL","og_type":"article","og_title":"Wszystko zaczyna si\u0119 w g\u0142owie - Kendra Publishing","og_description":"Sukces zaczyna si\u0119 od przepracowania tej ksi\u0105\u017cki!","og_url":"https:\/\/www.kendra.com.pl\/shop\/produkt\/wszystko-zaczyna-sie-w-glowie\/","og_site_name":"Kendra Publishing","article_modified_time":"2023-05-25T04:11:19+00:00","og_image":[{"width":1120,"height":920,"url":"https:\/\/www.kendra.com.pl\/shop\/wp-content\/uploads\/2018\/11\/Wszystko_zaczyna_sie_w_glowie_02.jpg","type":"image\/jpeg"}],"twitter_card":"summary_large_image","twitter_misc":{"Szacowany czas czytania":"2 minuty"},"schema":{"@context":"https:\/\/schema.org","@graph":[{"@type":"WebSite","@id":"https:\/\/www.kendra.com.pl\/shop\/#website","url":"https:\/\/www.kendra.com.pl\/shop\/","name":"Kendra Publishing","description":"Sklep","potentialAction":[{"@type":"SearchAction","target":{"@type":"EntryPoint","urlTemplate":"https:\/\/www.kendra.com.pl\/shop\/?s={search_term_string}"},"query-input":"required name=search_term_string"}],"inLanguage":"pl-PL"},{"@type":"ImageObject","inLanguage":"pl-PL","@id":"https:\/\/www.kendra.com.pl\/shop\/produkt\/wszystko-zaczyna-sie-w-glowie\/#primaryimage","url":"https:\/\/www.kendra.com.pl\/shop\/wp-content\/uploads\/2018\/11\/Wszystko_zaczyna_sie_w_glowie_02.jpg","contentUrl":"https:\/\/www.kendra.com.pl\/shop\/wp-content\/uploads\/2018\/11\/Wszystko_zaczyna_sie_w_glowie_02.jpg","width":1120,"height":920},{"@type":"WebPage","@id":"https:\/\/www.kendra.com.pl\/shop\/produkt\/wszystko-zaczyna-sie-w-glowie\/#webpage","url":"https:\/\/www.kendra.com.pl\/shop\/produkt\/wszystko-zaczyna-sie-w-glowie\/","name":"Wszystko zaczyna si\u0119 w g\u0142owie - Kendra Publishing","isPartOf":{"@id":"https:\/\/www.kendra.com.pl\/shop\/#website"},"primaryImageOfPage":{"@id":"https:\/\/www.kendra.com.pl\/shop\/produkt\/wszystko-zaczyna-sie-w-glowie\/#primaryimage"},"datePublished":"2018-11-29T15:32:31+00:00","dateModified":"2023-05-25T04:11:19+00:00","breadcrumb":{"@id":"https:\/\/www.kendra.com.pl\/shop\/produkt\/wszystko-zaczyna-sie-w-glowie\/#breadcrumb"},"inLanguage":"pl-PL","potentialAction":[{"@type":"ReadAction","target":["https:\/\/www.kendra.com.pl\/shop\/produkt\/wszystko-zaczyna-sie-w-glowie\/"]}]},{"@type":"BreadcrumbList","@id":"https:\/\/www.kendra.com.pl\/shop\/produkt\/wszystko-zaczyna-sie-w-glowie\/#breadcrumb","itemListElement":[{"@type":"ListItem","position":1,"name":"Strona g\u0142\u00f3wna","item":"https:\/\/www.kendra.com.pl\/shop\/"},{"@type":"ListItem","position":2,"name":"Przerwa w dzia\u0142alno\u015bci sklepu&#8230;","item":"https:\/\/www.kendra.com.pl\/shop\/?page_id=1888"},{"@type":"ListItem","position":3,"name":"Wszystko zaczyna si\u0119 w g\u0142owie"}]}]}},"_links":{"self":[{"href":"https:\/\/www.kendra.com.pl\/shop\/wp-json\/wp\/v2\/product\/2546"}],"collection":[{"href":"https:\/\/www.kendra.com.pl\/shop\/wp-json\/wp\/v2\/product"}],"about":[{"href":"https:\/\/www.kendra.com.pl\/shop\/wp-json\/wp\/v2\/types\/product"}],"replies":[{"embeddable":true,"href":"https:\/\/www.kendra.com.pl\/shop\/wp-json\/wp\/v2\/comments?post=2546"}],"wp:featuredmedia":[{"embeddable":true,"href":"https:\/\/www.kendra.com.pl\/shop\/wp-json\/wp\/v2\/media\/2547"}],"wp:attachment":[{"href":"https:\/\/www.kendra.com.pl\/shop\/wp-json\/wp\/v2\/media?parent=2546"}],"wp:term":[{"taxonomy":"product_cat","embeddable":true,"href":"https:\/\/www.kendra.com.pl\/shop\/wp-json\/wp\/v2\/product_cat?post=2546"},{"taxonomy":"product_tag","embeddable":true,"href":"https:\/\/www.kendra.com.pl\/shop\/wp-json\/wp\/v2\/product_tag?post=2546"}],"curies":[{"name":"wp","href":"https:\/\/api.w.org\/{rel}","templated":true}]}}