{"id":2601,"date":"2018-10-16T16:33:22","date_gmt":"2018-10-16T14:33:22","guid":{"rendered":"https:\/\/www.kendra.com.pl\/shop\/produkt\/sztuka-afirmacji-uwolniona-potega-podswiadomosci\/"},"modified":"2023-10-03T10:32:31","modified_gmt":"2023-10-03T08:32:31","slug":"sztuka-afirmacji-uwolniona-potega-podswiadomosci","status":"publish","type":"product","link":"https:\/\/www.kendra.com.pl\/shop\/produkt\/sztuka-afirmacji-uwolniona-potega-podswiadomosci\/","title":{"rendered":"Sztuka afirmacji. Uwolniona pot\u0119ga pod\u015bwiadomo\u015bci"},"content":{"rendered":"<p>Autor \u201ePot\u0119gi pod\u015bwiadomo\u015bci\u201d powraca z now\u0105 ksi\u0105\u017ck\u0105, kt\u00f3ra zmieni Tw\u00f3j spos\u00f3b my\u015blenia o \u017cyciu!<\/p>\n<p>Poznaj moc pod\u015bwiadomo\u015bci!<\/p>\n<p>Dlaczego niekt\u00f3rzy ludzie wiod\u0105 szcz\u0119\u015bliwe i dostatnie \u017cycie, a inni cierpi\u0105 ub\u00f3stwo i s\u0105 nieszcz\u0119\u015bliwi? Dlaczego niekt\u00f3rzy s\u0105 pe\u0142ni niepokoju i obaw, a inni pe\u0142ni wiary i pewno\u015bci siebie? Dlaczego niekt\u00f3rzy mieszkaj\u0105 w pi\u0119knych, luksusowych domach, a inni ledwo wi\u0105\u017c\u0105 koniec z ko\u0144cem? Odpowied\u017a jest jedna: pod\u015bwiadomo\u015b\u0107.<\/p>\n<p>Zapro\u015b magi\u0119 do swojego \u017cycia!<\/p>\n<p>Joseph Murphy, autor \u015bwiatowego bestselleru \u201ePot\u0119ga pod\u015bwiadomo\u015bci\u201d, od lat udowadnia, \u017ce za nasze sukcesy lub pora\u017cki odpowiada nasz umys\u0142. Twoja pod\u015bwiadomo\u015b\u0107 jest \u017ar\u00f3d\u0142em Twoich emocji i posiada zdolno\u015b\u0107 kreacji. Wykorzystuj\u0105c sw\u00f3j \u015bwiadomy umys\u0142, mo\u017cesz tak zaprogramowa\u0107 swoj\u0105 pod\u015bwiadomo\u015b\u0107, aby by\u0142a zdolna do pozytywnego my\u015blenia i kreowania rzeczywisto\u015bci, kt\u00f3r\u0105 sobie wymarzy\u0142e\u015b.<\/p>\n<p>Zaprz\u0119gnij swoj\u0105 pod\u015bwiadomo\u015b\u0107 do pracy!<\/p>\n<p>Masz niesamowity potencja\u0142, aby by\u0107, kim chcesz, robi\u0107, co chcesz, i otrzymywa\u0107 wszystko, na co zas\u0142ugujesz. Niestety, tylko niewielka liczba ludzi potrafi to wykorzysta\u0107. Ta ksi\u0105\u017cka to zmieni! Poznasz zasady afirmacji i techniki przenoszenia pragnie\u0144 do pod\u015bwiadomo\u015bci, zrozumiesz, jak ona dzia\u0142a i jak uwolni\u0107 w sobie niewyczerpan\u0105 moc.<\/p>\n<p>Odkryj pot\u0119g\u0119 pod\u015bwiadomo\u015bci i zmie\u0144 niedoskona\u0142e dzisiaj na lepsze jutro.<\/p>\n<p>Powy\u017cszy opis pochodzi od wydawcy.<br \/>\nWydawnictwo Helion<strong><br \/>\n<\/strong><\/p>\n","protected":false},"excerpt":{"rendered":"<p>Autor \u201ePot\u0119gi pod\u015bwiadomo\u015bci\u201d powraca z now\u0105 ksi\u0105\u017ck\u0105, kt\u00f3ra zmieni Tw\u00f3j spos\u00f3b my\u015blenia o \u017cyciu!<\/p>\n","protected":false},"featured_media":2602,"comment_status":"open","ping_status":"closed","template":"","meta":[],"product_cat":[417,419,17,790,410,400,401],"product_tag":[],"yoast_head":"<!-- This site is optimized with the Yoast SEO plugin v18.8 - https:\/\/yoast.com\/wordpress\/plugins\/seo\/ -->\n<title>Sztuka afirmacji. Uwolniona pot\u0119ga pod\u015bwiadomo\u015bci - Kendra Publishing<\/title>\n<meta name=\"robots\" content=\"noindex, follow\" \/>\n<meta property=\"og:locale\" content=\"pl_PL\" \/>\n<meta property=\"og:type\" content=\"article\" \/>\n<meta property=\"og:title\" content=\"Sztuka afirmacji. Uwolniona pot\u0119ga pod\u015bwiadomo\u015bci - Kendra Publishing\" \/>\n<meta property=\"og:description\" content=\"Autor \u201ePot\u0119gi pod\u015bwiadomo\u015bci\u201d powraca z now\u0105 ksi\u0105\u017ck\u0105, kt\u00f3ra zmieni Tw\u00f3j spos\u00f3b my\u015blenia o \u017cyciu!\" \/>\n<meta property=\"og:url\" content=\"https:\/\/www.kendra.com.pl\/shop\/produkt\/sztuka-afirmacji-uwolniona-potega-podswiadomosci\/\" \/>\n<meta property=\"og:site_name\" content=\"Kendra Publishing\" \/>\n<meta property=\"article:modified_time\" content=\"2023-10-03T08:32:31+00:00\" \/>\n<meta property=\"og:image\" content=\"https:\/\/www.kendra.com.pl\/shop\/wp-content\/uploads\/2018\/10\/Sztuka-afirmacji_1.jpg\" \/>\n\t<meta property=\"og:image:width\" content=\"1120\" \/>\n\t<meta property=\"og:image:height\" content=\"920\" \/>\n\t<meta property=\"og:image:type\" content=\"image\/jpeg\" \/>\n<meta name=\"twitter:card\" content=\"summary_large_image\" \/>\n<meta name=\"twitter:label1\" content=\"Szacowany czas czytania\" \/>\n\t<meta name=\"twitter:data1\" content=\"1 minuta\" \/>\n<script type=\"application\/ld+json\" class=\"yoast-schema-graph\">{\"@context\":\"https:\/\/schema.org\",\"@graph\":[{\"@type\":\"WebSite\",\"@id\":\"https:\/\/www.kendra.com.pl\/shop\/#website\",\"url\":\"https:\/\/www.kendra.com.pl\/shop\/\",\"name\":\"Kendra Publishing\",\"description\":\"Sklep\",\"potentialAction\":[{\"@type\":\"SearchAction\",\"target\":{\"@type\":\"EntryPoint\",\"urlTemplate\":\"https:\/\/www.kendra.com.pl\/shop\/?s={search_term_string}\"},\"query-input\":\"required name=search_term_string\"}],\"inLanguage\":\"pl-PL\"},{\"@type\":\"ImageObject\",\"inLanguage\":\"pl-PL\",\"@id\":\"https:\/\/www.kendra.com.pl\/shop\/produkt\/sztuka-afirmacji-uwolniona-potega-podswiadomosci\/#primaryimage\",\"url\":\"https:\/\/www.kendra.com.pl\/shop\/wp-content\/uploads\/2018\/10\/Sztuka-afirmacji_1.jpg\",\"contentUrl\":\"https:\/\/www.kendra.com.pl\/shop\/wp-content\/uploads\/2018\/10\/Sztuka-afirmacji_1.jpg\",\"width\":1120,\"height\":920},{\"@type\":\"WebPage\",\"@id\":\"https:\/\/www.kendra.com.pl\/shop\/produkt\/sztuka-afirmacji-uwolniona-potega-podswiadomosci\/#webpage\",\"url\":\"https:\/\/www.kendra.com.pl\/shop\/produkt\/sztuka-afirmacji-uwolniona-potega-podswiadomosci\/\",\"name\":\"Sztuka afirmacji. Uwolniona pot\u0119ga pod\u015bwiadomo\u015bci - Kendra Publishing\",\"isPartOf\":{\"@id\":\"https:\/\/www.kendra.com.pl\/shop\/#website\"},\"primaryImageOfPage\":{\"@id\":\"https:\/\/www.kendra.com.pl\/shop\/produkt\/sztuka-afirmacji-uwolniona-potega-podswiadomosci\/#primaryimage\"},\"datePublished\":\"2018-10-16T14:33:22+00:00\",\"dateModified\":\"2023-10-03T08:32:31+00:00\",\"breadcrumb\":{\"@id\":\"https:\/\/www.kendra.com.pl\/shop\/produkt\/sztuka-afirmacji-uwolniona-potega-podswiadomosci\/#breadcrumb\"},\"inLanguage\":\"pl-PL\",\"potentialAction\":[{\"@type\":\"ReadAction\",\"target\":[\"https:\/\/www.kendra.com.pl\/shop\/produkt\/sztuka-afirmacji-uwolniona-potega-podswiadomosci\/\"]}]},{\"@type\":\"BreadcrumbList\",\"@id\":\"https:\/\/www.kendra.com.pl\/shop\/produkt\/sztuka-afirmacji-uwolniona-potega-podswiadomosci\/#breadcrumb\",\"itemListElement\":[{\"@type\":\"ListItem\",\"position\":1,\"name\":\"Strona g\u0142\u00f3wna\",\"item\":\"https:\/\/www.kendra.com.pl\/shop\/\"},{\"@type\":\"ListItem\",\"position\":2,\"name\":\"Przerwa w dzia\u0142alno\u015bci sklepu&#8230;\",\"item\":\"https:\/\/www.kendra.com.pl\/shop\/?page_id=1888\"},{\"@type\":\"ListItem\",\"position\":3,\"name\":\"Sztuka afirmacji. Uwolniona pot\u0119ga pod\u015bwiadomo\u015bci\"}]}]}<\/script>\n<!-- \/ Yoast SEO plugin. -->","yoast_head_json":{"title":"Sztuka afirmacji. Uwolniona pot\u0119ga pod\u015bwiadomo\u015bci - Kendra Publishing","robots":{"index":"noindex","follow":"follow"},"og_locale":"pl_PL","og_type":"article","og_title":"Sztuka afirmacji. Uwolniona pot\u0119ga pod\u015bwiadomo\u015bci - Kendra Publishing","og_description":"Autor \u201ePot\u0119gi pod\u015bwiadomo\u015bci\u201d powraca z now\u0105 ksi\u0105\u017ck\u0105, kt\u00f3ra zmieni Tw\u00f3j spos\u00f3b my\u015blenia o \u017cyciu!","og_url":"https:\/\/www.kendra.com.pl\/shop\/produkt\/sztuka-afirmacji-uwolniona-potega-podswiadomosci\/","og_site_name":"Kendra Publishing","article_modified_time":"2023-10-03T08:32:31+00:00","og_image":[{"width":1120,"height":920,"url":"https:\/\/www.kendra.com.pl\/shop\/wp-content\/uploads\/2018\/10\/Sztuka-afirmacji_1.jpg","type":"image\/jpeg"}],"twitter_card":"summary_large_image","twitter_misc":{"Szacowany czas czytania":"1 minuta"},"schema":{"@context":"https:\/\/schema.org","@graph":[{"@type":"WebSite","@id":"https:\/\/www.kendra.com.pl\/shop\/#website","url":"https:\/\/www.kendra.com.pl\/shop\/","name":"Kendra Publishing","description":"Sklep","potentialAction":[{"@type":"SearchAction","target":{"@type":"EntryPoint","urlTemplate":"https:\/\/www.kendra.com.pl\/shop\/?s={search_term_string}"},"query-input":"required name=search_term_string"}],"inLanguage":"pl-PL"},{"@type":"ImageObject","inLanguage":"pl-PL","@id":"https:\/\/www.kendra.com.pl\/shop\/produkt\/sztuka-afirmacji-uwolniona-potega-podswiadomosci\/#primaryimage","url":"https:\/\/www.kendra.com.pl\/shop\/wp-content\/uploads\/2018\/10\/Sztuka-afirmacji_1.jpg","contentUrl":"https:\/\/www.kendra.com.pl\/shop\/wp-content\/uploads\/2018\/10\/Sztuka-afirmacji_1.jpg","width":1120,"height":920},{"@type":"WebPage","@id":"https:\/\/www.kendra.com.pl\/shop\/produkt\/sztuka-afirmacji-uwolniona-potega-podswiadomosci\/#webpage","url":"https:\/\/www.kendra.com.pl\/shop\/produkt\/sztuka-afirmacji-uwolniona-potega-podswiadomosci\/","name":"Sztuka afirmacji. Uwolniona pot\u0119ga pod\u015bwiadomo\u015bci - Kendra Publishing","isPartOf":{"@id":"https:\/\/www.kendra.com.pl\/shop\/#website"},"primaryImageOfPage":{"@id":"https:\/\/www.kendra.com.pl\/shop\/produkt\/sztuka-afirmacji-uwolniona-potega-podswiadomosci\/#primaryimage"},"datePublished":"2018-10-16T14:33:22+00:00","dateModified":"2023-10-03T08:32:31+00:00","breadcrumb":{"@id":"https:\/\/www.kendra.com.pl\/shop\/produkt\/sztuka-afirmacji-uwolniona-potega-podswiadomosci\/#breadcrumb"},"inLanguage":"pl-PL","potentialAction":[{"@type":"ReadAction","target":["https:\/\/www.kendra.com.pl\/shop\/produkt\/sztuka-afirmacji-uwolniona-potega-podswiadomosci\/"]}]},{"@type":"BreadcrumbList","@id":"https:\/\/www.kendra.com.pl\/shop\/produkt\/sztuka-afirmacji-uwolniona-potega-podswiadomosci\/#breadcrumb","itemListElement":[{"@type":"ListItem","position":1,"name":"Strona g\u0142\u00f3wna","item":"https:\/\/www.kendra.com.pl\/shop\/"},{"@type":"ListItem","position":2,"name":"Przerwa w dzia\u0142alno\u015bci sklepu&#8230;","item":"https:\/\/www.kendra.com.pl\/shop\/?page_id=1888"},{"@type":"ListItem","position":3,"name":"Sztuka afirmacji. Uwolniona pot\u0119ga pod\u015bwiadomo\u015bci"}]}]}},"_links":{"self":[{"href":"https:\/\/www.kendra.com.pl\/shop\/wp-json\/wp\/v2\/product\/2601"}],"collection":[{"href":"https:\/\/www.kendra.com.pl\/shop\/wp-json\/wp\/v2\/product"}],"about":[{"href":"https:\/\/www.kendra.com.pl\/shop\/wp-json\/wp\/v2\/types\/product"}],"replies":[{"embeddable":true,"href":"https:\/\/www.kendra.com.pl\/shop\/wp-json\/wp\/v2\/comments?post=2601"}],"wp:featuredmedia":[{"embeddable":true,"href":"https:\/\/www.kendra.com.pl\/shop\/wp-json\/wp\/v2\/media\/2602"}],"wp:attachment":[{"href":"https:\/\/www.kendra.com.pl\/shop\/wp-json\/wp\/v2\/media?parent=2601"}],"wp:term":[{"taxonomy":"product_cat","embeddable":true,"href":"https:\/\/www.kendra.com.pl\/shop\/wp-json\/wp\/v2\/product_cat?post=2601"},{"taxonomy":"product_tag","embeddable":true,"href":"https:\/\/www.kendra.com.pl\/shop\/wp-json\/wp\/v2\/product_tag?post=2601"}],"curies":[{"name":"wp","href":"https:\/\/api.w.org\/{rel}","templated":true}]}}