{"id":2605,"date":"2018-10-16T16:32:26","date_gmt":"2018-10-16T14:32:26","guid":{"rendered":"https:\/\/www.kendra.com.pl\/shop\/produkt\/tao-te-ching\/"},"modified":"2023-05-25T06:21:05","modified_gmt":"2023-05-25T04:21:05","slug":"tao-te-ching","status":"publish","type":"product","link":"https:\/\/www.kendra.com.pl\/shop\/produkt\/tao-te-ching\/","title":{"rendered":"Tao Te Ching"},"content":{"rendered":"<p><span style=\"font-weight: 400\">Tao Te Ching to kanon taoizmu. To interpretacja legendarnego pergaminu, kt\u00f3ry wyszed\u0142 spod pi\u00f3ra samego mistrza Lao Tse. Dzie\u0142o filozoficzne przesycone jest cennymi radami, kt\u00f3re pozwol\u0105 odnale\u017a\u0107 siebie. Cho\u0107 ksi\u0105\u017cka ma ju\u017c ponad 2000 lat, doskonale sprawdzi si\u0119 r\u00f3wnie\u017c dzi\u015b, w \u015bwiecie pe\u0142nym szumu i chaosu. Rady zamieszczone w Tao Te Ching zaskakuj\u0105 swoj\u0105 przewrotno\u015bci\u0105. Pozwalaj\u0105 wkroczy\u0107 na drog\u0119 pe\u0142n\u0105 harmonii, si\u0142y i spokoju. W pod\u0105\u017caniu obran\u0105 \u015bcie\u017ck\u0105 pomagaj\u0105 wskaz\u00f3wki z ksi\u0119gi. Zatrzymaj si\u0119 na chwil\u0119 podczas codziennej bieganiny, we\u017a g\u0142\u0119boki wdech i poczuj, jak odzyskujesz prawdziw\u0105 r\u00f3wnowag\u0119. Ciesz si\u0119 skromno\u015bci\u0105, spontaniczno\u015bci\u0105 i wspania\u0142omy\u015blno\u015bci\u0105, a przy tym udoskonalisz zdolno\u015bci biznesowe oraz przyw\u00f3dcze.<\/span><\/p>\n<p><b>Z ksi\u0105\u017cki dowiesz si\u0119 , \u017ce Tao jest naczyniem bez dna, kt\u00f3rego:<\/b><\/p>\n<ul>\n<li style=\"font-weight: 400\"><span style=\"font-weight: 400\">G\u0142\u0119bia jest ukryta i wieczna<\/span><\/li>\n<li style=\"font-weight: 400\"><span style=\"font-weight: 400\">U\u017cywa Ja\u017a\u0144 i nie mo\u017cna go wype\u0142ni\u0107 \u015bwiatem<\/span><\/li>\n<li style=\"font-weight: 400\"><span style=\"font-weight: 400\">Nie mo\u017cna go uciszy\u0107, ani zaciemni\u0107<\/span><\/li>\n<\/ul>\n<p>Opisy s\u0105 chronione prawami autorskimi. Kopiowanie jest niedozwolone.<br \/>\nWydawnictwo Helion<\/p>\n","protected":false},"excerpt":{"rendered":"<p><span style=\"font-weight: 400\">To dzie\u0142o filozoficzne, kt\u00f3re jest drogowskazem od ponad 2000 lat. Uczy, \u017ce ka\u017cdy cz\u0142owiek ma cechy, kt\u00f3re same w sobie nie r\u00f3\u017cni\u0105 si\u0119 od tych, kt\u00f3rymi mog\u0105 poszczyci\u0107 si\u0119 genialni my\u015bliciele, wielkoduszni filantropi i sprawiedliwi w\u0142adcy.<\/span><\/p>\n","protected":false},"featured_media":2606,"comment_status":"open","ping_status":"closed","template":"","meta":[],"product_cat":[426,17],"product_tag":[],"yoast_head":"<!-- This site is optimized with the Yoast SEO plugin v18.8 - https:\/\/yoast.com\/wordpress\/plugins\/seo\/ -->\n<title>Tao Te Ching - Kendra Publishing<\/title>\n<meta name=\"robots\" content=\"noindex, follow\" \/>\n<meta property=\"og:locale\" content=\"pl_PL\" \/>\n<meta property=\"og:type\" content=\"article\" \/>\n<meta property=\"og:title\" content=\"Tao Te Ching - Kendra Publishing\" \/>\n<meta property=\"og:description\" content=\"To dzie\u0142o filozoficzne, kt\u00f3re jest drogowskazem od ponad 2000 lat. Uczy, \u017ce ka\u017cdy cz\u0142owiek ma cechy, kt\u00f3re same w sobie nie r\u00f3\u017cni\u0105 si\u0119 od tych, kt\u00f3rymi mog\u0105 poszczyci\u0107 si\u0119 genialni my\u015bliciele, wielkoduszni filantropi i sprawiedliwi w\u0142adcy.\" \/>\n<meta property=\"og:url\" content=\"https:\/\/www.kendra.com.pl\/shop\/produkt\/tao-te-ching\/\" \/>\n<meta property=\"og:site_name\" content=\"Kendra Publishing\" \/>\n<meta property=\"article:modified_time\" content=\"2023-05-25T04:21:05+00:00\" \/>\n<meta property=\"og:image\" content=\"https:\/\/www.kendra.com.pl\/shop\/wp-content\/uploads\/2018\/10\/TaoTeChing6.jpg\" \/>\n\t<meta property=\"og:image:width\" content=\"1120\" \/>\n\t<meta property=\"og:image:height\" content=\"920\" \/>\n\t<meta property=\"og:image:type\" content=\"image\/jpeg\" \/>\n<meta name=\"twitter:card\" content=\"summary_large_image\" \/>\n<meta name=\"twitter:label1\" content=\"Szacowany czas czytania\" \/>\n\t<meta name=\"twitter:data1\" content=\"1 minuta\" \/>\n<script type=\"application\/ld+json\" class=\"yoast-schema-graph\">{\"@context\":\"https:\/\/schema.org\",\"@graph\":[{\"@type\":\"WebSite\",\"@id\":\"https:\/\/www.kendra.com.pl\/shop\/#website\",\"url\":\"https:\/\/www.kendra.com.pl\/shop\/\",\"name\":\"Kendra Publishing\",\"description\":\"Sklep\",\"potentialAction\":[{\"@type\":\"SearchAction\",\"target\":{\"@type\":\"EntryPoint\",\"urlTemplate\":\"https:\/\/www.kendra.com.pl\/shop\/?s={search_term_string}\"},\"query-input\":\"required name=search_term_string\"}],\"inLanguage\":\"pl-PL\"},{\"@type\":\"ImageObject\",\"inLanguage\":\"pl-PL\",\"@id\":\"https:\/\/www.kendra.com.pl\/shop\/produkt\/tao-te-ching\/#primaryimage\",\"url\":\"https:\/\/www.kendra.com.pl\/shop\/wp-content\/uploads\/2018\/10\/TaoTeChing6.jpg\",\"contentUrl\":\"https:\/\/www.kendra.com.pl\/shop\/wp-content\/uploads\/2018\/10\/TaoTeChing6.jpg\",\"width\":1120,\"height\":920},{\"@type\":\"WebPage\",\"@id\":\"https:\/\/www.kendra.com.pl\/shop\/produkt\/tao-te-ching\/#webpage\",\"url\":\"https:\/\/www.kendra.com.pl\/shop\/produkt\/tao-te-ching\/\",\"name\":\"Tao Te Ching - Kendra Publishing\",\"isPartOf\":{\"@id\":\"https:\/\/www.kendra.com.pl\/shop\/#website\"},\"primaryImageOfPage\":{\"@id\":\"https:\/\/www.kendra.com.pl\/shop\/produkt\/tao-te-ching\/#primaryimage\"},\"datePublished\":\"2018-10-16T14:32:26+00:00\",\"dateModified\":\"2023-05-25T04:21:05+00:00\",\"breadcrumb\":{\"@id\":\"https:\/\/www.kendra.com.pl\/shop\/produkt\/tao-te-ching\/#breadcrumb\"},\"inLanguage\":\"pl-PL\",\"potentialAction\":[{\"@type\":\"ReadAction\",\"target\":[\"https:\/\/www.kendra.com.pl\/shop\/produkt\/tao-te-ching\/\"]}]},{\"@type\":\"BreadcrumbList\",\"@id\":\"https:\/\/www.kendra.com.pl\/shop\/produkt\/tao-te-ching\/#breadcrumb\",\"itemListElement\":[{\"@type\":\"ListItem\",\"position\":1,\"name\":\"Strona g\u0142\u00f3wna\",\"item\":\"https:\/\/www.kendra.com.pl\/shop\/\"},{\"@type\":\"ListItem\",\"position\":2,\"name\":\"Przerwa w dzia\u0142alno\u015bci sklepu&#8230;\",\"item\":\"https:\/\/www.kendra.com.pl\/shop\/?page_id=1888\"},{\"@type\":\"ListItem\",\"position\":3,\"name\":\"Tao Te Ching\"}]}]}<\/script>\n<!-- \/ Yoast SEO plugin. -->","yoast_head_json":{"title":"Tao Te Ching - Kendra Publishing","robots":{"index":"noindex","follow":"follow"},"og_locale":"pl_PL","og_type":"article","og_title":"Tao Te Ching - Kendra Publishing","og_description":"To dzie\u0142o filozoficzne, kt\u00f3re jest drogowskazem od ponad 2000 lat. Uczy, \u017ce ka\u017cdy cz\u0142owiek ma cechy, kt\u00f3re same w sobie nie r\u00f3\u017cni\u0105 si\u0119 od tych, kt\u00f3rymi mog\u0105 poszczyci\u0107 si\u0119 genialni my\u015bliciele, wielkoduszni filantropi i sprawiedliwi w\u0142adcy.","og_url":"https:\/\/www.kendra.com.pl\/shop\/produkt\/tao-te-ching\/","og_site_name":"Kendra Publishing","article_modified_time":"2023-05-25T04:21:05+00:00","og_image":[{"width":1120,"height":920,"url":"https:\/\/www.kendra.com.pl\/shop\/wp-content\/uploads\/2018\/10\/TaoTeChing6.jpg","type":"image\/jpeg"}],"twitter_card":"summary_large_image","twitter_misc":{"Szacowany czas czytania":"1 minuta"},"schema":{"@context":"https:\/\/schema.org","@graph":[{"@type":"WebSite","@id":"https:\/\/www.kendra.com.pl\/shop\/#website","url":"https:\/\/www.kendra.com.pl\/shop\/","name":"Kendra Publishing","description":"Sklep","potentialAction":[{"@type":"SearchAction","target":{"@type":"EntryPoint","urlTemplate":"https:\/\/www.kendra.com.pl\/shop\/?s={search_term_string}"},"query-input":"required name=search_term_string"}],"inLanguage":"pl-PL"},{"@type":"ImageObject","inLanguage":"pl-PL","@id":"https:\/\/www.kendra.com.pl\/shop\/produkt\/tao-te-ching\/#primaryimage","url":"https:\/\/www.kendra.com.pl\/shop\/wp-content\/uploads\/2018\/10\/TaoTeChing6.jpg","contentUrl":"https:\/\/www.kendra.com.pl\/shop\/wp-content\/uploads\/2018\/10\/TaoTeChing6.jpg","width":1120,"height":920},{"@type":"WebPage","@id":"https:\/\/www.kendra.com.pl\/shop\/produkt\/tao-te-ching\/#webpage","url":"https:\/\/www.kendra.com.pl\/shop\/produkt\/tao-te-ching\/","name":"Tao Te Ching - Kendra Publishing","isPartOf":{"@id":"https:\/\/www.kendra.com.pl\/shop\/#website"},"primaryImageOfPage":{"@id":"https:\/\/www.kendra.com.pl\/shop\/produkt\/tao-te-ching\/#primaryimage"},"datePublished":"2018-10-16T14:32:26+00:00","dateModified":"2023-05-25T04:21:05+00:00","breadcrumb":{"@id":"https:\/\/www.kendra.com.pl\/shop\/produkt\/tao-te-ching\/#breadcrumb"},"inLanguage":"pl-PL","potentialAction":[{"@type":"ReadAction","target":["https:\/\/www.kendra.com.pl\/shop\/produkt\/tao-te-ching\/"]}]},{"@type":"BreadcrumbList","@id":"https:\/\/www.kendra.com.pl\/shop\/produkt\/tao-te-ching\/#breadcrumb","itemListElement":[{"@type":"ListItem","position":1,"name":"Strona g\u0142\u00f3wna","item":"https:\/\/www.kendra.com.pl\/shop\/"},{"@type":"ListItem","position":2,"name":"Przerwa w dzia\u0142alno\u015bci sklepu&#8230;","item":"https:\/\/www.kendra.com.pl\/shop\/?page_id=1888"},{"@type":"ListItem","position":3,"name":"Tao Te Ching"}]}]}},"_links":{"self":[{"href":"https:\/\/www.kendra.com.pl\/shop\/wp-json\/wp\/v2\/product\/2605"}],"collection":[{"href":"https:\/\/www.kendra.com.pl\/shop\/wp-json\/wp\/v2\/product"}],"about":[{"href":"https:\/\/www.kendra.com.pl\/shop\/wp-json\/wp\/v2\/types\/product"}],"replies":[{"embeddable":true,"href":"https:\/\/www.kendra.com.pl\/shop\/wp-json\/wp\/v2\/comments?post=2605"}],"wp:featuredmedia":[{"embeddable":true,"href":"https:\/\/www.kendra.com.pl\/shop\/wp-json\/wp\/v2\/media\/2606"}],"wp:attachment":[{"href":"https:\/\/www.kendra.com.pl\/shop\/wp-json\/wp\/v2\/media?parent=2605"}],"wp:term":[{"taxonomy":"product_cat","embeddable":true,"href":"https:\/\/www.kendra.com.pl\/shop\/wp-json\/wp\/v2\/product_cat?post=2605"},{"taxonomy":"product_tag","embeddable":true,"href":"https:\/\/www.kendra.com.pl\/shop\/wp-json\/wp\/v2\/product_tag?post=2605"}],"curies":[{"name":"wp","href":"https:\/\/api.w.org\/{rel}","templated":true}]}}