{"id":2644,"date":"2021-10-13T15:44:43","date_gmt":"2021-10-13T13:44:43","guid":{"rendered":"https:\/\/www.kendra.com.pl\/shop\/produkt\/kadzidelka-patyczkowe-cynamon-jablko\/"},"modified":"2025-02-16T14:11:08","modified_gmt":"2025-02-16T13:11:08","slug":"kadzidelka-patyczkowe-cynamon-jablko","status":"publish","type":"product","link":"https:\/\/www.kendra.com.pl\/shop\/produkt\/kadzidelka-patyczkowe-cynamon-jablko\/","title":{"rendered":"Kadzide\u0142ka patyczkowe Cynamon Jab\u0142ko"},"content":{"rendered":"<p><span style=\"font-weight: 400\">Naturalne kadzid\u0142a patyczkowe, kt\u00f3re charakteryzuj\u0105 si\u0119 przyjemnym zapachem. Zrobione s\u0105 z py\u0142u drzewnego z dodatkiem li\u015bci, kwiat\u00f3w i olejk\u00f3w zapachowych. Nie zawieraj\u0105 sztucznych barwnik\u00f3w. Koniec kadzide\u0142ka nale\u017cy podpali\u0107, a nast\u0119pnie zgasi\u0107, tak aby si\u0119 lekko \u017carzy\u0142. Do palenia najlepiej wykorzysta\u0107 podstawk\u0119 pod kadzid\u0142a \u2013 w naszym sklepie mo\u017cna znale\u017a\u0107 j\u0105 w kilku ods\u0142onach. W ka\u017cdym opakowaniu (tekturowe pude\u0142ko) znajduje si\u0119 8 wonnych patyczk\u00f3w.<\/span><\/p>\n<p><b>Czym charakteryzuj\u0105 si\u0119 kadzide\u0142ka Hem?<\/b><\/p>\n<ul>\n<li><span style=\"font-weight: 400\">Maj\u0105 przyjemny zapach<\/span><\/li>\n<li style=\"font-weight: 400\"><span style=\"font-weight: 400\">Robione s\u0105 z naturalnych sk\u0142adnik\u00f3w i olejk\u00f3w eterycznych<\/span><\/li>\n<li style=\"font-weight: 400\"><span style=\"font-weight: 400\">Nie zawieraj\u0105 sztucznych barwnik\u00f3w<\/span><\/li>\n<li style=\"font-weight: 400\"><span style=\"font-weight: 400\">Maj\u0105 niska cen\u0119 i dobr\u0105 jako\u015b\u0107<\/span><\/li>\n<\/ul>\n<p>Opisy s\u0105 chronione prawami autorskimi. Kopiowanie jest niedozwolone.<\/p>\n","protected":false},"excerpt":{"rendered":"<p><span style=\"font-weight: 400\">Kadzide\u0142ka patyczkowe r\u0119cznie rolowane i pakowane charakteryzuj\u0105ce si\u0119 zapachem powsta\u0142ym z po\u0142\u0105czenia korzennego cynamonu i s\u0142odkich jab\u0142ek. Palenie tych kadzide\u0142ek idealnie sprawdza si\u0119 w czasie d\u0142ugich, jesiennych lub zimowych wieczor\u00f3w.<\/span><\/p>\n","protected":false},"featured_media":2645,"comment_status":"open","ping_status":"closed","template":"","meta":[],"product_cat":[670,408,506,710,647,511,727,789,392,722,407,433],"product_tag":[],"yoast_head":"<!-- This site is optimized with the Yoast SEO plugin v18.8 - https:\/\/yoast.com\/wordpress\/plugins\/seo\/ -->\n<title>Kadzide\u0142ka patyczkowe Cynamon Jab\u0142ko - Kendra Publishing<\/title>\n<meta name=\"robots\" content=\"noindex, follow\" \/>\n<meta property=\"og:locale\" content=\"pl_PL\" \/>\n<meta property=\"og:type\" content=\"article\" \/>\n<meta property=\"og:title\" content=\"Kadzide\u0142ka patyczkowe Cynamon Jab\u0142ko - Kendra Publishing\" \/>\n<meta property=\"og:description\" content=\"Kadzide\u0142ka patyczkowe r\u0119cznie rolowane i pakowane charakteryzuj\u0105ce si\u0119 zapachem powsta\u0142ym z po\u0142\u0105czenia korzennego cynamonu i s\u0142odkich jab\u0142ek. Palenie tych kadzide\u0142ek idealnie sprawdza si\u0119 w czasie d\u0142ugich, jesiennych lub zimowych wieczor\u00f3w.\" \/>\n<meta property=\"og:url\" content=\"https:\/\/www.kendra.com.pl\/shop\/produkt\/kadzidelka-patyczkowe-cynamon-jablko\/\" \/>\n<meta property=\"og:site_name\" content=\"Kendra Publishing\" \/>\n<meta property=\"article:modified_time\" content=\"2025-02-16T13:11:08+00:00\" \/>\n<meta property=\"og:image\" content=\"https:\/\/www.kendra.com.pl\/shop\/wp-content\/uploads\/2021\/10\/Kadzidla-patyczkowe-jablko-cynamon-Hem.jpg\" \/>\n\t<meta property=\"og:image:width\" content=\"1120\" \/>\n\t<meta property=\"og:image:height\" content=\"920\" \/>\n\t<meta property=\"og:image:type\" content=\"image\/jpeg\" \/>\n<meta name=\"twitter:card\" content=\"summary_large_image\" \/>\n<meta name=\"twitter:label1\" content=\"Szacowany czas czytania\" \/>\n\t<meta name=\"twitter:data1\" content=\"1 minuta\" \/>\n<script type=\"application\/ld+json\" class=\"yoast-schema-graph\">{\"@context\":\"https:\/\/schema.org\",\"@graph\":[{\"@type\":\"WebSite\",\"@id\":\"https:\/\/www.kendra.com.pl\/shop\/#website\",\"url\":\"https:\/\/www.kendra.com.pl\/shop\/\",\"name\":\"Kendra Publishing\",\"description\":\"Sklep\",\"potentialAction\":[{\"@type\":\"SearchAction\",\"target\":{\"@type\":\"EntryPoint\",\"urlTemplate\":\"https:\/\/www.kendra.com.pl\/shop\/?s={search_term_string}\"},\"query-input\":\"required name=search_term_string\"}],\"inLanguage\":\"pl-PL\"},{\"@type\":\"ImageObject\",\"inLanguage\":\"pl-PL\",\"@id\":\"https:\/\/www.kendra.com.pl\/shop\/produkt\/kadzidelka-patyczkowe-cynamon-jablko\/#primaryimage\",\"url\":\"https:\/\/www.kendra.com.pl\/shop\/wp-content\/uploads\/2021\/10\/Kadzidla-patyczkowe-jablko-cynamon-Hem.jpg\",\"contentUrl\":\"https:\/\/www.kendra.com.pl\/shop\/wp-content\/uploads\/2021\/10\/Kadzidla-patyczkowe-jablko-cynamon-Hem.jpg\",\"width\":1120,\"height\":920},{\"@type\":\"WebPage\",\"@id\":\"https:\/\/www.kendra.com.pl\/shop\/produkt\/kadzidelka-patyczkowe-cynamon-jablko\/#webpage\",\"url\":\"https:\/\/www.kendra.com.pl\/shop\/produkt\/kadzidelka-patyczkowe-cynamon-jablko\/\",\"name\":\"Kadzide\u0142ka patyczkowe Cynamon Jab\u0142ko - Kendra Publishing\",\"isPartOf\":{\"@id\":\"https:\/\/www.kendra.com.pl\/shop\/#website\"},\"primaryImageOfPage\":{\"@id\":\"https:\/\/www.kendra.com.pl\/shop\/produkt\/kadzidelka-patyczkowe-cynamon-jablko\/#primaryimage\"},\"datePublished\":\"2021-10-13T13:44:43+00:00\",\"dateModified\":\"2025-02-16T13:11:08+00:00\",\"breadcrumb\":{\"@id\":\"https:\/\/www.kendra.com.pl\/shop\/produkt\/kadzidelka-patyczkowe-cynamon-jablko\/#breadcrumb\"},\"inLanguage\":\"pl-PL\",\"potentialAction\":[{\"@type\":\"ReadAction\",\"target\":[\"https:\/\/www.kendra.com.pl\/shop\/produkt\/kadzidelka-patyczkowe-cynamon-jablko\/\"]}]},{\"@type\":\"BreadcrumbList\",\"@id\":\"https:\/\/www.kendra.com.pl\/shop\/produkt\/kadzidelka-patyczkowe-cynamon-jablko\/#breadcrumb\",\"itemListElement\":[{\"@type\":\"ListItem\",\"position\":1,\"name\":\"Strona g\u0142\u00f3wna\",\"item\":\"https:\/\/www.kendra.com.pl\/shop\/\"},{\"@type\":\"ListItem\",\"position\":2,\"name\":\"Przerwa w dzia\u0142alno\u015bci sklepu&#8230;\",\"item\":\"https:\/\/www.kendra.com.pl\/shop\/?page_id=1888\"},{\"@type\":\"ListItem\",\"position\":3,\"name\":\"Kadzide\u0142ka patyczkowe Cynamon Jab\u0142ko\"}]}]}<\/script>\n<!-- \/ Yoast SEO plugin. -->","yoast_head_json":{"title":"Kadzide\u0142ka patyczkowe Cynamon Jab\u0142ko - Kendra Publishing","robots":{"index":"noindex","follow":"follow"},"og_locale":"pl_PL","og_type":"article","og_title":"Kadzide\u0142ka patyczkowe Cynamon Jab\u0142ko - Kendra Publishing","og_description":"Kadzide\u0142ka patyczkowe r\u0119cznie rolowane i pakowane charakteryzuj\u0105ce si\u0119 zapachem powsta\u0142ym z po\u0142\u0105czenia korzennego cynamonu i s\u0142odkich jab\u0142ek. Palenie tych kadzide\u0142ek idealnie sprawdza si\u0119 w czasie d\u0142ugich, jesiennych lub zimowych wieczor\u00f3w.","og_url":"https:\/\/www.kendra.com.pl\/shop\/produkt\/kadzidelka-patyczkowe-cynamon-jablko\/","og_site_name":"Kendra Publishing","article_modified_time":"2025-02-16T13:11:08+00:00","og_image":[{"width":1120,"height":920,"url":"https:\/\/www.kendra.com.pl\/shop\/wp-content\/uploads\/2021\/10\/Kadzidla-patyczkowe-jablko-cynamon-Hem.jpg","type":"image\/jpeg"}],"twitter_card":"summary_large_image","twitter_misc":{"Szacowany czas czytania":"1 minuta"},"schema":{"@context":"https:\/\/schema.org","@graph":[{"@type":"WebSite","@id":"https:\/\/www.kendra.com.pl\/shop\/#website","url":"https:\/\/www.kendra.com.pl\/shop\/","name":"Kendra Publishing","description":"Sklep","potentialAction":[{"@type":"SearchAction","target":{"@type":"EntryPoint","urlTemplate":"https:\/\/www.kendra.com.pl\/shop\/?s={search_term_string}"},"query-input":"required name=search_term_string"}],"inLanguage":"pl-PL"},{"@type":"ImageObject","inLanguage":"pl-PL","@id":"https:\/\/www.kendra.com.pl\/shop\/produkt\/kadzidelka-patyczkowe-cynamon-jablko\/#primaryimage","url":"https:\/\/www.kendra.com.pl\/shop\/wp-content\/uploads\/2021\/10\/Kadzidla-patyczkowe-jablko-cynamon-Hem.jpg","contentUrl":"https:\/\/www.kendra.com.pl\/shop\/wp-content\/uploads\/2021\/10\/Kadzidla-patyczkowe-jablko-cynamon-Hem.jpg","width":1120,"height":920},{"@type":"WebPage","@id":"https:\/\/www.kendra.com.pl\/shop\/produkt\/kadzidelka-patyczkowe-cynamon-jablko\/#webpage","url":"https:\/\/www.kendra.com.pl\/shop\/produkt\/kadzidelka-patyczkowe-cynamon-jablko\/","name":"Kadzide\u0142ka patyczkowe Cynamon Jab\u0142ko - Kendra Publishing","isPartOf":{"@id":"https:\/\/www.kendra.com.pl\/shop\/#website"},"primaryImageOfPage":{"@id":"https:\/\/www.kendra.com.pl\/shop\/produkt\/kadzidelka-patyczkowe-cynamon-jablko\/#primaryimage"},"datePublished":"2021-10-13T13:44:43+00:00","dateModified":"2025-02-16T13:11:08+00:00","breadcrumb":{"@id":"https:\/\/www.kendra.com.pl\/shop\/produkt\/kadzidelka-patyczkowe-cynamon-jablko\/#breadcrumb"},"inLanguage":"pl-PL","potentialAction":[{"@type":"ReadAction","target":["https:\/\/www.kendra.com.pl\/shop\/produkt\/kadzidelka-patyczkowe-cynamon-jablko\/"]}]},{"@type":"BreadcrumbList","@id":"https:\/\/www.kendra.com.pl\/shop\/produkt\/kadzidelka-patyczkowe-cynamon-jablko\/#breadcrumb","itemListElement":[{"@type":"ListItem","position":1,"name":"Strona g\u0142\u00f3wna","item":"https:\/\/www.kendra.com.pl\/shop\/"},{"@type":"ListItem","position":2,"name":"Przerwa w dzia\u0142alno\u015bci sklepu&#8230;","item":"https:\/\/www.kendra.com.pl\/shop\/?page_id=1888"},{"@type":"ListItem","position":3,"name":"Kadzide\u0142ka patyczkowe Cynamon Jab\u0142ko"}]}]}},"_links":{"self":[{"href":"https:\/\/www.kendra.com.pl\/shop\/wp-json\/wp\/v2\/product\/2644"}],"collection":[{"href":"https:\/\/www.kendra.com.pl\/shop\/wp-json\/wp\/v2\/product"}],"about":[{"href":"https:\/\/www.kendra.com.pl\/shop\/wp-json\/wp\/v2\/types\/product"}],"replies":[{"embeddable":true,"href":"https:\/\/www.kendra.com.pl\/shop\/wp-json\/wp\/v2\/comments?post=2644"}],"wp:featuredmedia":[{"embeddable":true,"href":"https:\/\/www.kendra.com.pl\/shop\/wp-json\/wp\/v2\/media\/2645"}],"wp:attachment":[{"href":"https:\/\/www.kendra.com.pl\/shop\/wp-json\/wp\/v2\/media?parent=2644"}],"wp:term":[{"taxonomy":"product_cat","embeddable":true,"href":"https:\/\/www.kendra.com.pl\/shop\/wp-json\/wp\/v2\/product_cat?post=2644"},{"taxonomy":"product_tag","embeddable":true,"href":"https:\/\/www.kendra.com.pl\/shop\/wp-json\/wp\/v2\/product_tag?post=2644"}],"curies":[{"name":"wp","href":"https:\/\/api.w.org\/{rel}","templated":true}]}}