{"id":27,"date":"2011-11-05T12:00:37","date_gmt":"2011-11-05T11:00:37","guid":{"rendered":"http:\/\/www.kendra.com.pl\/shop\/?post_type=product&#038;p=27"},"modified":"2025-02-16T14:08:41","modified_gmt":"2025-02-16T13:08:41","slug":"aw-21-wprowadzenie-do-buddyzmu","status":"publish","type":"product","link":"https:\/\/www.kendra.com.pl\/shop\/produkt\/aw-21-wprowadzenie-do-buddyzmu\/","title":{"rendered":"Wprowadzenie do Buddyzmu"},"content":{"rendered":"","protected":false},"excerpt":{"rendered":"<p>Jakie s\u0105 metodologicznie za\u0142o\u017cenia Buddyzmu? Jaka jest r\u00f3\u017cnica pomi\u0119dzy Hinduizmem a Buddyzmem na temat tego <em>Kim jeste\u015b?<\/em> W wyk\u0142adzie tym Alan Watts w niezwykle przyst\u0119pny a zarazem zabawny spos\u00f3b przedstawia nam za\u0142o\u017cenia Buddyzmu, ukazuje filozofi\u0119 Buddyzmu <em>Mahayana<\/em>, przybli\u017ca ide\u0119 tzw. <em>bodhisattva<\/em>. Rozwijaj\u0105c te tematy poazuje nam buddyjskie podej\u015bcie do osi\u0105gni\u0119cia <em>nirwany<\/em> &#8211; wyzwolenia. Wyk\u0142ad ten porusza r\u00f3wnie\u017c takie zagadnienia jak: cztery szlachetne prawdy buddyjskie, O\u015bmiostopniowa \u015acie\u017cka, karma i jej przyczyny oraz histori\u0119 <em>bodhisattvy Amitaby<\/em>.<\/p>\n[wc-koplo]\n","protected":false},"featured_media":383,"comment_status":"closed","ping_status":"closed","template":"","meta":[],"product_cat":[16],"product_tag":[140,143,40,70,139,26,46,141,29,142,131,31,64,145,136,48,144,49],"yoast_head":"<!-- This site is optimized with the Yoast SEO plugin v18.8 - https:\/\/yoast.com\/wordpress\/plugins\/seo\/ -->\n<title>Wprowadzenie do Buddyzmu - Kendra Publishing<\/title>\n<meta name=\"robots\" content=\"noindex, follow\" \/>\n<meta property=\"og:locale\" content=\"pl_PL\" \/>\n<meta property=\"og:type\" content=\"article\" \/>\n<meta property=\"og:title\" content=\"Wprowadzenie do Buddyzmu - Kendra Publishing\" \/>\n<meta property=\"og:description\" content=\"Jakie s\u0105 metodologicznie za\u0142o\u017cenia Buddyzmu? Jaka jest r\u00f3\u017cnica pomi\u0119dzy Hinduizmem a Buddyzmem na temat tego Kim jeste\u015b? W wyk\u0142adzie tym Alan Watts w niezwykle przyst\u0119pny a zarazem zabawny spos\u00f3b przedstawia nam za\u0142o\u017cenia Buddyzmu, ukazuje filozofi\u0119 Buddyzmu Mahayana, przybli\u017ca ide\u0119 tzw. bodhisattva. Rozwijaj\u0105c te tematy poazuje nam buddyjskie podej\u015bcie do osi\u0105gni\u0119cia nirwany - wyzwolenia. Wyk\u0142ad ten porusza r\u00f3wnie\u017c takie zagadnienia jak: cztery szlachetne prawdy buddyjskie, O\u015bmiostopniowa \u015acie\u017cka, karma i jej przyczyny oraz histori\u0119 bodhisattvy Amitaby.\" \/>\n<meta property=\"og:url\" content=\"https:\/\/www.kendra.com.pl\/shop\/produkt\/aw-21-wprowadzenie-do-buddyzmu\/\" \/>\n<meta property=\"og:site_name\" content=\"Kendra Publishing\" \/>\n<meta property=\"article:modified_time\" content=\"2025-02-16T13:08:41+00:00\" \/>\n<meta property=\"og:image\" content=\"https:\/\/www.kendra.com.pl\/shop\/wp-content\/uploads\/2018\/07\/okladka-21-wprowadzenie-do-buddyzmu.png\" \/>\n\t<meta property=\"og:image:width\" content=\"949\" \/>\n\t<meta property=\"og:image:height\" content=\"943\" \/>\n\t<meta property=\"og:image:type\" content=\"image\/png\" \/>\n<meta name=\"twitter:card\" content=\"summary_large_image\" \/>\n<script type=\"application\/ld+json\" class=\"yoast-schema-graph\">{\"@context\":\"https:\/\/schema.org\",\"@graph\":[{\"@type\":\"WebSite\",\"@id\":\"https:\/\/www.kendra.com.pl\/shop\/#website\",\"url\":\"https:\/\/www.kendra.com.pl\/shop\/\",\"name\":\"Kendra Publishing\",\"description\":\"Sklep\",\"potentialAction\":[{\"@type\":\"SearchAction\",\"target\":{\"@type\":\"EntryPoint\",\"urlTemplate\":\"https:\/\/www.kendra.com.pl\/shop\/?s={search_term_string}\"},\"query-input\":\"required name=search_term_string\"}],\"inLanguage\":\"pl-PL\"},{\"@type\":\"ImageObject\",\"inLanguage\":\"pl-PL\",\"@id\":\"https:\/\/www.kendra.com.pl\/shop\/produkt\/aw-21-wprowadzenie-do-buddyzmu\/#primaryimage\",\"url\":\"https:\/\/www.kendra.com.pl\/shop\/wp-content\/uploads\/2018\/07\/okladka-21-wprowadzenie-do-buddyzmu.png\",\"contentUrl\":\"https:\/\/www.kendra.com.pl\/shop\/wp-content\/uploads\/2018\/07\/okladka-21-wprowadzenie-do-buddyzmu.png\",\"width\":949,\"height\":943},{\"@type\":\"WebPage\",\"@id\":\"https:\/\/www.kendra.com.pl\/shop\/produkt\/aw-21-wprowadzenie-do-buddyzmu\/#webpage\",\"url\":\"https:\/\/www.kendra.com.pl\/shop\/produkt\/aw-21-wprowadzenie-do-buddyzmu\/\",\"name\":\"Wprowadzenie do Buddyzmu - Kendra Publishing\",\"isPartOf\":{\"@id\":\"https:\/\/www.kendra.com.pl\/shop\/#website\"},\"primaryImageOfPage\":{\"@id\":\"https:\/\/www.kendra.com.pl\/shop\/produkt\/aw-21-wprowadzenie-do-buddyzmu\/#primaryimage\"},\"datePublished\":\"2011-11-05T11:00:37+00:00\",\"dateModified\":\"2025-02-16T13:08:41+00:00\",\"breadcrumb\":{\"@id\":\"https:\/\/www.kendra.com.pl\/shop\/produkt\/aw-21-wprowadzenie-do-buddyzmu\/#breadcrumb\"},\"inLanguage\":\"pl-PL\",\"potentialAction\":[{\"@type\":\"ReadAction\",\"target\":[\"https:\/\/www.kendra.com.pl\/shop\/produkt\/aw-21-wprowadzenie-do-buddyzmu\/\"]}]},{\"@type\":\"BreadcrumbList\",\"@id\":\"https:\/\/www.kendra.com.pl\/shop\/produkt\/aw-21-wprowadzenie-do-buddyzmu\/#breadcrumb\",\"itemListElement\":[{\"@type\":\"ListItem\",\"position\":1,\"name\":\"Strona g\u0142\u00f3wna\",\"item\":\"https:\/\/www.kendra.com.pl\/shop\/\"},{\"@type\":\"ListItem\",\"position\":2,\"name\":\"Przerwa w dzia\u0142alno\u015bci sklepu&#8230;\",\"item\":\"https:\/\/www.kendra.com.pl\/shop\/?page_id=1888\"},{\"@type\":\"ListItem\",\"position\":3,\"name\":\"Wprowadzenie do Buddyzmu\"}]}]}<\/script>\n<!-- \/ Yoast SEO plugin. -->","yoast_head_json":{"title":"Wprowadzenie do Buddyzmu - Kendra Publishing","robots":{"index":"noindex","follow":"follow"},"og_locale":"pl_PL","og_type":"article","og_title":"Wprowadzenie do Buddyzmu - Kendra Publishing","og_description":"Jakie s\u0105 metodologicznie za\u0142o\u017cenia Buddyzmu? Jaka jest r\u00f3\u017cnica pomi\u0119dzy Hinduizmem a Buddyzmem na temat tego Kim jeste\u015b? W wyk\u0142adzie tym Alan Watts w niezwykle przyst\u0119pny a zarazem zabawny spos\u00f3b przedstawia nam za\u0142o\u017cenia Buddyzmu, ukazuje filozofi\u0119 Buddyzmu Mahayana, przybli\u017ca ide\u0119 tzw. bodhisattva. Rozwijaj\u0105c te tematy poazuje nam buddyjskie podej\u015bcie do osi\u0105gni\u0119cia nirwany - wyzwolenia. Wyk\u0142ad ten porusza r\u00f3wnie\u017c takie zagadnienia jak: cztery szlachetne prawdy buddyjskie, O\u015bmiostopniowa \u015acie\u017cka, karma i jej przyczyny oraz histori\u0119 bodhisattvy Amitaby.","og_url":"https:\/\/www.kendra.com.pl\/shop\/produkt\/aw-21-wprowadzenie-do-buddyzmu\/","og_site_name":"Kendra Publishing","article_modified_time":"2025-02-16T13:08:41+00:00","og_image":[{"width":949,"height":943,"url":"https:\/\/www.kendra.com.pl\/shop\/wp-content\/uploads\/2018\/07\/okladka-21-wprowadzenie-do-buddyzmu.png","type":"image\/png"}],"twitter_card":"summary_large_image","schema":{"@context":"https:\/\/schema.org","@graph":[{"@type":"WebSite","@id":"https:\/\/www.kendra.com.pl\/shop\/#website","url":"https:\/\/www.kendra.com.pl\/shop\/","name":"Kendra Publishing","description":"Sklep","potentialAction":[{"@type":"SearchAction","target":{"@type":"EntryPoint","urlTemplate":"https:\/\/www.kendra.com.pl\/shop\/?s={search_term_string}"},"query-input":"required name=search_term_string"}],"inLanguage":"pl-PL"},{"@type":"ImageObject","inLanguage":"pl-PL","@id":"https:\/\/www.kendra.com.pl\/shop\/produkt\/aw-21-wprowadzenie-do-buddyzmu\/#primaryimage","url":"https:\/\/www.kendra.com.pl\/shop\/wp-content\/uploads\/2018\/07\/okladka-21-wprowadzenie-do-buddyzmu.png","contentUrl":"https:\/\/www.kendra.com.pl\/shop\/wp-content\/uploads\/2018\/07\/okladka-21-wprowadzenie-do-buddyzmu.png","width":949,"height":943},{"@type":"WebPage","@id":"https:\/\/www.kendra.com.pl\/shop\/produkt\/aw-21-wprowadzenie-do-buddyzmu\/#webpage","url":"https:\/\/www.kendra.com.pl\/shop\/produkt\/aw-21-wprowadzenie-do-buddyzmu\/","name":"Wprowadzenie do Buddyzmu - Kendra Publishing","isPartOf":{"@id":"https:\/\/www.kendra.com.pl\/shop\/#website"},"primaryImageOfPage":{"@id":"https:\/\/www.kendra.com.pl\/shop\/produkt\/aw-21-wprowadzenie-do-buddyzmu\/#primaryimage"},"datePublished":"2011-11-05T11:00:37+00:00","dateModified":"2025-02-16T13:08:41+00:00","breadcrumb":{"@id":"https:\/\/www.kendra.com.pl\/shop\/produkt\/aw-21-wprowadzenie-do-buddyzmu\/#breadcrumb"},"inLanguage":"pl-PL","potentialAction":[{"@type":"ReadAction","target":["https:\/\/www.kendra.com.pl\/shop\/produkt\/aw-21-wprowadzenie-do-buddyzmu\/"]}]},{"@type":"BreadcrumbList","@id":"https:\/\/www.kendra.com.pl\/shop\/produkt\/aw-21-wprowadzenie-do-buddyzmu\/#breadcrumb","itemListElement":[{"@type":"ListItem","position":1,"name":"Strona g\u0142\u00f3wna","item":"https:\/\/www.kendra.com.pl\/shop\/"},{"@type":"ListItem","position":2,"name":"Przerwa w dzia\u0142alno\u015bci sklepu&#8230;","item":"https:\/\/www.kendra.com.pl\/shop\/?page_id=1888"},{"@type":"ListItem","position":3,"name":"Wprowadzenie do Buddyzmu"}]}]}},"_links":{"self":[{"href":"https:\/\/www.kendra.com.pl\/shop\/wp-json\/wp\/v2\/product\/27"}],"collection":[{"href":"https:\/\/www.kendra.com.pl\/shop\/wp-json\/wp\/v2\/product"}],"about":[{"href":"https:\/\/www.kendra.com.pl\/shop\/wp-json\/wp\/v2\/types\/product"}],"replies":[{"embeddable":true,"href":"https:\/\/www.kendra.com.pl\/shop\/wp-json\/wp\/v2\/comments?post=27"}],"wp:featuredmedia":[{"embeddable":true,"href":"https:\/\/www.kendra.com.pl\/shop\/wp-json\/wp\/v2\/media\/383"}],"wp:attachment":[{"href":"https:\/\/www.kendra.com.pl\/shop\/wp-json\/wp\/v2\/media?parent=27"}],"wp:term":[{"taxonomy":"product_cat","embeddable":true,"href":"https:\/\/www.kendra.com.pl\/shop\/wp-json\/wp\/v2\/product_cat?post=27"},{"taxonomy":"product_tag","embeddable":true,"href":"https:\/\/www.kendra.com.pl\/shop\/wp-json\/wp\/v2\/product_tag?post=27"}],"curies":[{"name":"wp","href":"https:\/\/api.w.org\/{rel}","templated":true}]}}