{"id":3248,"date":"2020-01-22T15:59:42","date_gmt":"2020-01-22T14:59:42","guid":{"rendered":"https:\/\/www.kendra.com.pl\/shop\/produkt\/podstawka-narta-ze-zdobieniem-pod-kadzidla\/"},"modified":"2024-08-09T22:30:14","modified_gmt":"2024-08-09T20:30:14","slug":"podstawka-narta-ze-zdobieniem-pod-kadzidla","status":"publish","type":"product","link":"https:\/\/www.kendra.com.pl\/shop\/produkt\/podstawka-narta-ze-zdobieniem-pod-kadzidla\/","title":{"rendered":"Podstawka narta ze zdobieniem pod kadzid\u0142a"},"content":{"rendered":"<p><span style=\"font-weight: 400\">R\u0119cznie wykonana podstawka z drewna mangowego, kt\u00f3ry jest odporny na temperatur\u0119. Nadaje si\u0119 do palenia kadzide\u0142 patyczkowych, kt\u00f3re podczas palenia wydzielaj\u0105 popi\u00f3\u0142. Podstawka zdobiona jest male\u0144kim, mosi\u0119\u017cnym wzorkiem. Do wyboru jest jeden z pi\u0119ciu wzor\u00f3w: pacyfa, s\u0142o\u0144ce, pi\u0119cioramienna gwiazda, Yin Yang lub malutki s\u0142onik (w informacjach do zam\u00f3wienia prosz\u0119 wskaza\u0107 preferowany przez siebie wz\u00f3r). Ka\u017cda z podstawek jest dzie\u0142em rzemie\u015blnika, przez co mo\u017ce by\u0107 nieco inna od tej prezentowanej na zdj\u0119ciu. Jej wymiary to 25,5 cm x 3,8 cm.<\/span><\/p>\n<p><b>\u00a0<\/b><b>Dlaczego warto kupi\u0107 podstawk\u0119 pod kadzid\u0142a?<\/b><\/p>\n<ul>\n<li style=\"font-weight: 400\"><span style=\"font-weight: 400\">Chroni miejsce palenia kadzid\u0142a przed uszkodzeniem pod wp\u0142ywem gor\u0105cego popio\u0142u<\/span><\/li>\n<li style=\"font-weight: 400\"><span style=\"font-weight: 400\">Zosta\u0142a wykonana r\u0119cznie w Indiach<\/span><\/li>\n<li style=\"font-weight: 400\"><span style=\"font-weight: 400\">Jest zrobione z drewna mangowego, kt\u00f3ry jest bardzo wytrzyma\u0142e<\/span><\/li>\n<li style=\"font-weight: 400\"><span style=\"font-weight: 400\">Jest udekorowana mosi\u0119\u017cnym detalem<\/span><\/li>\n<\/ul>\n<p><span style=\"font-weight: 400\">Pod\u0142u\u017cna podstawka pod kadzid\u0142a patyczkowe. Wykonana w Indiach, ozdobiona subtelnym, mosi\u0119\u017cnym wzrokiem. Zrobiona z drewna mangowego, kt\u00f3ry jest odporny na temperatur\u0119 popio\u0142u.<\/span><\/p>\n<p>Opisy s\u0105 chronione prawami autorskimi. Kopiowanie jest niedozwolone.<\/p>\n","protected":false},"excerpt":{"rendered":"<p><span style=\"font-weight: 400\">Pod\u0142u\u017cna podstawka pod kadzid\u0142a patyczkowe. Wykonana w Indiach, ozdobiona jednym z pi\u0119ciu wzor\u00f3w ale dost\u0119pne s\u0105 tylko s\u0142onik i pacyfka. Zrobiona z drewna mangowego, kt\u00f3ry jest odporny na temperatur\u0119 popio\u0142u.<\/span><\/p>\n","protected":false},"featured_media":3249,"comment_status":"open","ping_status":"closed","template":"","meta":[],"product_cat":[764,408,765],"product_tag":[609],"yoast_head":"<!-- This site is optimized with the Yoast SEO plugin v18.8 - https:\/\/yoast.com\/wordpress\/plugins\/seo\/ -->\n<title>Podstawka narta ze zdobieniem pod kadzid\u0142a - Kendra Publishing<\/title>\n<meta name=\"robots\" content=\"noindex, follow\" \/>\n<meta property=\"og:locale\" content=\"pl_PL\" \/>\n<meta property=\"og:type\" content=\"article\" \/>\n<meta property=\"og:title\" content=\"Podstawka narta ze zdobieniem pod kadzid\u0142a - Kendra Publishing\" \/>\n<meta property=\"og:description\" content=\"Pod\u0142u\u017cna podstawka pod kadzid\u0142a patyczkowe. Wykonana w Indiach, ozdobiona jednym z pi\u0119ciu wzor\u00f3w ale dost\u0119pne s\u0105 tylko s\u0142onik i pacyfka. Zrobiona z drewna mangowego, kt\u00f3ry jest odporny na temperatur\u0119 popio\u0142u.\" \/>\n<meta property=\"og:url\" content=\"https:\/\/www.kendra.com.pl\/shop\/produkt\/podstawka-narta-ze-zdobieniem-pod-kadzidla\/\" \/>\n<meta property=\"og:site_name\" content=\"Kendra Publishing\" \/>\n<meta property=\"article:modified_time\" content=\"2024-08-09T20:30:14+00:00\" \/>\n<meta property=\"og:image\" content=\"https:\/\/www.kendra.com.pl\/shop\/wp-content\/uploads\/2020\/01\/Podstawka_pod_kadzidelka_patyczkowe_03.jpg\" \/>\n\t<meta property=\"og:image:width\" content=\"1120\" \/>\n\t<meta property=\"og:image:height\" content=\"920\" \/>\n\t<meta property=\"og:image:type\" content=\"image\/jpeg\" \/>\n<meta name=\"twitter:card\" content=\"summary_large_image\" \/>\n<meta name=\"twitter:label1\" content=\"Szacowany czas czytania\" \/>\n\t<meta name=\"twitter:data1\" content=\"1 minuta\" \/>\n<script type=\"application\/ld+json\" class=\"yoast-schema-graph\">{\"@context\":\"https:\/\/schema.org\",\"@graph\":[{\"@type\":\"WebSite\",\"@id\":\"https:\/\/www.kendra.com.pl\/shop\/#website\",\"url\":\"https:\/\/www.kendra.com.pl\/shop\/\",\"name\":\"Kendra Publishing\",\"description\":\"Sklep\",\"potentialAction\":[{\"@type\":\"SearchAction\",\"target\":{\"@type\":\"EntryPoint\",\"urlTemplate\":\"https:\/\/www.kendra.com.pl\/shop\/?s={search_term_string}\"},\"query-input\":\"required name=search_term_string\"}],\"inLanguage\":\"pl-PL\"},{\"@type\":\"ImageObject\",\"inLanguage\":\"pl-PL\",\"@id\":\"https:\/\/www.kendra.com.pl\/shop\/produkt\/podstawka-narta-ze-zdobieniem-pod-kadzidla\/#primaryimage\",\"url\":\"https:\/\/www.kendra.com.pl\/shop\/wp-content\/uploads\/2020\/01\/Podstawka_pod_kadzidelka_patyczkowe_03.jpg\",\"contentUrl\":\"https:\/\/www.kendra.com.pl\/shop\/wp-content\/uploads\/2020\/01\/Podstawka_pod_kadzidelka_patyczkowe_03.jpg\",\"width\":1120,\"height\":920},{\"@type\":\"WebPage\",\"@id\":\"https:\/\/www.kendra.com.pl\/shop\/produkt\/podstawka-narta-ze-zdobieniem-pod-kadzidla\/#webpage\",\"url\":\"https:\/\/www.kendra.com.pl\/shop\/produkt\/podstawka-narta-ze-zdobieniem-pod-kadzidla\/\",\"name\":\"Podstawka narta ze zdobieniem pod kadzid\u0142a - Kendra Publishing\",\"isPartOf\":{\"@id\":\"https:\/\/www.kendra.com.pl\/shop\/#website\"},\"primaryImageOfPage\":{\"@id\":\"https:\/\/www.kendra.com.pl\/shop\/produkt\/podstawka-narta-ze-zdobieniem-pod-kadzidla\/#primaryimage\"},\"datePublished\":\"2020-01-22T14:59:42+00:00\",\"dateModified\":\"2024-08-09T20:30:14+00:00\",\"breadcrumb\":{\"@id\":\"https:\/\/www.kendra.com.pl\/shop\/produkt\/podstawka-narta-ze-zdobieniem-pod-kadzidla\/#breadcrumb\"},\"inLanguage\":\"pl-PL\",\"potentialAction\":[{\"@type\":\"ReadAction\",\"target\":[\"https:\/\/www.kendra.com.pl\/shop\/produkt\/podstawka-narta-ze-zdobieniem-pod-kadzidla\/\"]}]},{\"@type\":\"BreadcrumbList\",\"@id\":\"https:\/\/www.kendra.com.pl\/shop\/produkt\/podstawka-narta-ze-zdobieniem-pod-kadzidla\/#breadcrumb\",\"itemListElement\":[{\"@type\":\"ListItem\",\"position\":1,\"name\":\"Strona g\u0142\u00f3wna\",\"item\":\"https:\/\/www.kendra.com.pl\/shop\/\"},{\"@type\":\"ListItem\",\"position\":2,\"name\":\"Przerwa w dzia\u0142alno\u015bci sklepu&#8230;\",\"item\":\"https:\/\/www.kendra.com.pl\/shop\/?page_id=1888\"},{\"@type\":\"ListItem\",\"position\":3,\"name\":\"Podstawka narta ze zdobieniem pod kadzid\u0142a\"}]}]}<\/script>\n<!-- \/ Yoast SEO plugin. -->","yoast_head_json":{"title":"Podstawka narta ze zdobieniem pod kadzid\u0142a - Kendra Publishing","robots":{"index":"noindex","follow":"follow"},"og_locale":"pl_PL","og_type":"article","og_title":"Podstawka narta ze zdobieniem pod kadzid\u0142a - Kendra Publishing","og_description":"Pod\u0142u\u017cna podstawka pod kadzid\u0142a patyczkowe. Wykonana w Indiach, ozdobiona jednym z pi\u0119ciu wzor\u00f3w ale dost\u0119pne s\u0105 tylko s\u0142onik i pacyfka. Zrobiona z drewna mangowego, kt\u00f3ry jest odporny na temperatur\u0119 popio\u0142u.","og_url":"https:\/\/www.kendra.com.pl\/shop\/produkt\/podstawka-narta-ze-zdobieniem-pod-kadzidla\/","og_site_name":"Kendra Publishing","article_modified_time":"2024-08-09T20:30:14+00:00","og_image":[{"width":1120,"height":920,"url":"https:\/\/www.kendra.com.pl\/shop\/wp-content\/uploads\/2020\/01\/Podstawka_pod_kadzidelka_patyczkowe_03.jpg","type":"image\/jpeg"}],"twitter_card":"summary_large_image","twitter_misc":{"Szacowany czas czytania":"1 minuta"},"schema":{"@context":"https:\/\/schema.org","@graph":[{"@type":"WebSite","@id":"https:\/\/www.kendra.com.pl\/shop\/#website","url":"https:\/\/www.kendra.com.pl\/shop\/","name":"Kendra Publishing","description":"Sklep","potentialAction":[{"@type":"SearchAction","target":{"@type":"EntryPoint","urlTemplate":"https:\/\/www.kendra.com.pl\/shop\/?s={search_term_string}"},"query-input":"required name=search_term_string"}],"inLanguage":"pl-PL"},{"@type":"ImageObject","inLanguage":"pl-PL","@id":"https:\/\/www.kendra.com.pl\/shop\/produkt\/podstawka-narta-ze-zdobieniem-pod-kadzidla\/#primaryimage","url":"https:\/\/www.kendra.com.pl\/shop\/wp-content\/uploads\/2020\/01\/Podstawka_pod_kadzidelka_patyczkowe_03.jpg","contentUrl":"https:\/\/www.kendra.com.pl\/shop\/wp-content\/uploads\/2020\/01\/Podstawka_pod_kadzidelka_patyczkowe_03.jpg","width":1120,"height":920},{"@type":"WebPage","@id":"https:\/\/www.kendra.com.pl\/shop\/produkt\/podstawka-narta-ze-zdobieniem-pod-kadzidla\/#webpage","url":"https:\/\/www.kendra.com.pl\/shop\/produkt\/podstawka-narta-ze-zdobieniem-pod-kadzidla\/","name":"Podstawka narta ze zdobieniem pod kadzid\u0142a - Kendra Publishing","isPartOf":{"@id":"https:\/\/www.kendra.com.pl\/shop\/#website"},"primaryImageOfPage":{"@id":"https:\/\/www.kendra.com.pl\/shop\/produkt\/podstawka-narta-ze-zdobieniem-pod-kadzidla\/#primaryimage"},"datePublished":"2020-01-22T14:59:42+00:00","dateModified":"2024-08-09T20:30:14+00:00","breadcrumb":{"@id":"https:\/\/www.kendra.com.pl\/shop\/produkt\/podstawka-narta-ze-zdobieniem-pod-kadzidla\/#breadcrumb"},"inLanguage":"pl-PL","potentialAction":[{"@type":"ReadAction","target":["https:\/\/www.kendra.com.pl\/shop\/produkt\/podstawka-narta-ze-zdobieniem-pod-kadzidla\/"]}]},{"@type":"BreadcrumbList","@id":"https:\/\/www.kendra.com.pl\/shop\/produkt\/podstawka-narta-ze-zdobieniem-pod-kadzidla\/#breadcrumb","itemListElement":[{"@type":"ListItem","position":1,"name":"Strona g\u0142\u00f3wna","item":"https:\/\/www.kendra.com.pl\/shop\/"},{"@type":"ListItem","position":2,"name":"Przerwa w dzia\u0142alno\u015bci sklepu&#8230;","item":"https:\/\/www.kendra.com.pl\/shop\/?page_id=1888"},{"@type":"ListItem","position":3,"name":"Podstawka narta ze zdobieniem pod kadzid\u0142a"}]}]}},"_links":{"self":[{"href":"https:\/\/www.kendra.com.pl\/shop\/wp-json\/wp\/v2\/product\/3248"}],"collection":[{"href":"https:\/\/www.kendra.com.pl\/shop\/wp-json\/wp\/v2\/product"}],"about":[{"href":"https:\/\/www.kendra.com.pl\/shop\/wp-json\/wp\/v2\/types\/product"}],"replies":[{"embeddable":true,"href":"https:\/\/www.kendra.com.pl\/shop\/wp-json\/wp\/v2\/comments?post=3248"}],"wp:featuredmedia":[{"embeddable":true,"href":"https:\/\/www.kendra.com.pl\/shop\/wp-json\/wp\/v2\/media\/3249"}],"wp:attachment":[{"href":"https:\/\/www.kendra.com.pl\/shop\/wp-json\/wp\/v2\/media?parent=3248"}],"wp:term":[{"taxonomy":"product_cat","embeddable":true,"href":"https:\/\/www.kendra.com.pl\/shop\/wp-json\/wp\/v2\/product_cat?post=3248"},{"taxonomy":"product_tag","embeddable":true,"href":"https:\/\/www.kendra.com.pl\/shop\/wp-json\/wp\/v2\/product_tag?post=3248"}],"curies":[{"name":"wp","href":"https:\/\/api.w.org\/{rel}","templated":true}]}}