{"id":3259,"date":"2019-04-24T16:16:59","date_gmt":"2019-04-24T14:16:59","guid":{"rendered":"https:\/\/www.kendra.com.pl\/shop\/produkt\/wegielki-three-kings-rolka-33mm\/"},"modified":"2023-08-29T08:49:04","modified_gmt":"2023-08-29T06:49:04","slug":"wegielki-three-kings-rolka-33mm","status":"publish","type":"product","link":"https:\/\/www.kendra.com.pl\/shop\/produkt\/wegielki-three-kings-rolka-33mm\/","title":{"rendered":"W\u0119gielki Three Kings rolka (33mm)"},"content":{"rendered":"<p><span style=\"font-weight: 400\">W\u0119gielki trybularzowe pakowane po 10 w rolk\u0119. Doskonale nadaj\u0105 si\u0119 do kadzielniczek oraz sziszy. S\u0105 bezwonne i niebrudz\u0105ce. Ich czas palenia to 45 minut. W\u0119gielki maj\u0105 \u015brednic\u0119 33 mm. Po otwarciu opakowania nale\u017cy chroni\u0107 je przed wilgoci\u0105.<\/span><\/p>\n<p><b>Dlaczego warto wybra\u0107 w\u0119gielki Three Kings:<\/b><\/p>\n<ul>\n<li style=\"font-weight: 400\"><span style=\"font-weight: 400\">Nie brudz\u0105<\/span><\/li>\n<li style=\"font-weight: 400\"><span style=\"font-weight: 400\">S\u0105 \u0142atwe do zapalenia<\/span><\/li>\n<li style=\"font-weight: 400\"><span style=\"font-weight: 400\">Czas ich palenia to 45 min.<\/span><\/li>\n<li style=\"font-weight: 400\"><span style=\"font-weight: 400\">S\u0105 bezwonne<\/span><\/li>\n<\/ul>\n<p>Opisy s\u0105 chronione prawami autorskimi. Kopiowanie jest niedozwolone.<\/p>\n","protected":false},"excerpt":{"rendered":"<p><span style=\"font-weight: 400\">Zestaw 10 w\u0119gielk\u00f3w w rolce. Produkt wysokiej jako\u015bci, ma\u0142o brudz\u0105cy i bezwonny. W\u0119gielki mo\u017cna bardzo \u0142atwo rozpali\u0107, a czas palenia ka\u017cdego z nich to 45 min. Idealne do wykorzystania z kadzid\u0142ami sypkimi.<\/span><\/p>\n","protected":false},"featured_media":3260,"comment_status":"open","ping_status":"closed","template":"","meta":[],"product_cat":[764,419,767],"product_tag":[],"yoast_head":"<!-- This site is optimized with the Yoast SEO plugin v18.8 - https:\/\/yoast.com\/wordpress\/plugins\/seo\/ -->\n<title>W\u0119gielki Three Kings rolka (33mm) - Kendra Publishing<\/title>\n<meta name=\"robots\" content=\"noindex, follow\" \/>\n<meta property=\"og:locale\" content=\"pl_PL\" \/>\n<meta property=\"og:type\" content=\"article\" \/>\n<meta property=\"og:title\" content=\"W\u0119gielki Three Kings rolka (33mm) - Kendra Publishing\" \/>\n<meta property=\"og:description\" content=\"Zestaw 10 w\u0119gielk\u00f3w w rolce. Produkt wysokiej jako\u015bci, ma\u0142o brudz\u0105cy i bezwonny. W\u0119gielki mo\u017cna bardzo \u0142atwo rozpali\u0107, a czas palenia ka\u017cdego z nich to 45 min. Idealne do wykorzystania z kadzid\u0142ami sypkimi.\" \/>\n<meta property=\"og:url\" content=\"https:\/\/www.kendra.com.pl\/shop\/produkt\/wegielki-three-kings-rolka-33mm\/\" \/>\n<meta property=\"og:site_name\" content=\"Kendra Publishing\" \/>\n<meta property=\"article:modified_time\" content=\"2023-08-29T06:49:04+00:00\" \/>\n<meta property=\"og:image\" content=\"https:\/\/www.kendra.com.pl\/shop\/wp-content\/uploads\/2019\/04\/Wegielki_trybularzowe_three_kings_01.jpg\" \/>\n\t<meta property=\"og:image:width\" content=\"1024\" \/>\n\t<meta property=\"og:image:height\" content=\"841\" \/>\n\t<meta property=\"og:image:type\" content=\"image\/jpeg\" \/>\n<meta name=\"twitter:card\" content=\"summary_large_image\" \/>\n<script type=\"application\/ld+json\" class=\"yoast-schema-graph\">{\"@context\":\"https:\/\/schema.org\",\"@graph\":[{\"@type\":\"WebSite\",\"@id\":\"https:\/\/www.kendra.com.pl\/shop\/#website\",\"url\":\"https:\/\/www.kendra.com.pl\/shop\/\",\"name\":\"Kendra Publishing\",\"description\":\"Sklep\",\"potentialAction\":[{\"@type\":\"SearchAction\",\"target\":{\"@type\":\"EntryPoint\",\"urlTemplate\":\"https:\/\/www.kendra.com.pl\/shop\/?s={search_term_string}\"},\"query-input\":\"required name=search_term_string\"}],\"inLanguage\":\"pl-PL\"},{\"@type\":\"ImageObject\",\"inLanguage\":\"pl-PL\",\"@id\":\"https:\/\/www.kendra.com.pl\/shop\/produkt\/wegielki-three-kings-rolka-33mm\/#primaryimage\",\"url\":\"https:\/\/www.kendra.com.pl\/shop\/wp-content\/uploads\/2019\/04\/Wegielki_trybularzowe_three_kings_01.jpg\",\"contentUrl\":\"https:\/\/www.kendra.com.pl\/shop\/wp-content\/uploads\/2019\/04\/Wegielki_trybularzowe_three_kings_01.jpg\",\"width\":1024,\"height\":841},{\"@type\":\"WebPage\",\"@id\":\"https:\/\/www.kendra.com.pl\/shop\/produkt\/wegielki-three-kings-rolka-33mm\/#webpage\",\"url\":\"https:\/\/www.kendra.com.pl\/shop\/produkt\/wegielki-three-kings-rolka-33mm\/\",\"name\":\"W\u0119gielki Three Kings rolka (33mm) - Kendra Publishing\",\"isPartOf\":{\"@id\":\"https:\/\/www.kendra.com.pl\/shop\/#website\"},\"primaryImageOfPage\":{\"@id\":\"https:\/\/www.kendra.com.pl\/shop\/produkt\/wegielki-three-kings-rolka-33mm\/#primaryimage\"},\"datePublished\":\"2019-04-24T14:16:59+00:00\",\"dateModified\":\"2023-08-29T06:49:04+00:00\",\"breadcrumb\":{\"@id\":\"https:\/\/www.kendra.com.pl\/shop\/produkt\/wegielki-three-kings-rolka-33mm\/#breadcrumb\"},\"inLanguage\":\"pl-PL\",\"potentialAction\":[{\"@type\":\"ReadAction\",\"target\":[\"https:\/\/www.kendra.com.pl\/shop\/produkt\/wegielki-three-kings-rolka-33mm\/\"]}]},{\"@type\":\"BreadcrumbList\",\"@id\":\"https:\/\/www.kendra.com.pl\/shop\/produkt\/wegielki-three-kings-rolka-33mm\/#breadcrumb\",\"itemListElement\":[{\"@type\":\"ListItem\",\"position\":1,\"name\":\"Strona g\u0142\u00f3wna\",\"item\":\"https:\/\/www.kendra.com.pl\/shop\/\"},{\"@type\":\"ListItem\",\"position\":2,\"name\":\"Przerwa w dzia\u0142alno\u015bci sklepu&#8230;\",\"item\":\"https:\/\/www.kendra.com.pl\/shop\/?page_id=1888\"},{\"@type\":\"ListItem\",\"position\":3,\"name\":\"W\u0119gielki Three Kings rolka (33mm)\"}]}]}<\/script>\n<!-- \/ Yoast SEO plugin. -->","yoast_head_json":{"title":"W\u0119gielki Three Kings rolka (33mm) - Kendra Publishing","robots":{"index":"noindex","follow":"follow"},"og_locale":"pl_PL","og_type":"article","og_title":"W\u0119gielki Three Kings rolka (33mm) - Kendra Publishing","og_description":"Zestaw 10 w\u0119gielk\u00f3w w rolce. Produkt wysokiej jako\u015bci, ma\u0142o brudz\u0105cy i bezwonny. W\u0119gielki mo\u017cna bardzo \u0142atwo rozpali\u0107, a czas palenia ka\u017cdego z nich to 45 min. Idealne do wykorzystania z kadzid\u0142ami sypkimi.","og_url":"https:\/\/www.kendra.com.pl\/shop\/produkt\/wegielki-three-kings-rolka-33mm\/","og_site_name":"Kendra Publishing","article_modified_time":"2023-08-29T06:49:04+00:00","og_image":[{"width":1024,"height":841,"url":"https:\/\/www.kendra.com.pl\/shop\/wp-content\/uploads\/2019\/04\/Wegielki_trybularzowe_three_kings_01.jpg","type":"image\/jpeg"}],"twitter_card":"summary_large_image","schema":{"@context":"https:\/\/schema.org","@graph":[{"@type":"WebSite","@id":"https:\/\/www.kendra.com.pl\/shop\/#website","url":"https:\/\/www.kendra.com.pl\/shop\/","name":"Kendra Publishing","description":"Sklep","potentialAction":[{"@type":"SearchAction","target":{"@type":"EntryPoint","urlTemplate":"https:\/\/www.kendra.com.pl\/shop\/?s={search_term_string}"},"query-input":"required name=search_term_string"}],"inLanguage":"pl-PL"},{"@type":"ImageObject","inLanguage":"pl-PL","@id":"https:\/\/www.kendra.com.pl\/shop\/produkt\/wegielki-three-kings-rolka-33mm\/#primaryimage","url":"https:\/\/www.kendra.com.pl\/shop\/wp-content\/uploads\/2019\/04\/Wegielki_trybularzowe_three_kings_01.jpg","contentUrl":"https:\/\/www.kendra.com.pl\/shop\/wp-content\/uploads\/2019\/04\/Wegielki_trybularzowe_three_kings_01.jpg","width":1024,"height":841},{"@type":"WebPage","@id":"https:\/\/www.kendra.com.pl\/shop\/produkt\/wegielki-three-kings-rolka-33mm\/#webpage","url":"https:\/\/www.kendra.com.pl\/shop\/produkt\/wegielki-three-kings-rolka-33mm\/","name":"W\u0119gielki Three Kings rolka (33mm) - Kendra Publishing","isPartOf":{"@id":"https:\/\/www.kendra.com.pl\/shop\/#website"},"primaryImageOfPage":{"@id":"https:\/\/www.kendra.com.pl\/shop\/produkt\/wegielki-three-kings-rolka-33mm\/#primaryimage"},"datePublished":"2019-04-24T14:16:59+00:00","dateModified":"2023-08-29T06:49:04+00:00","breadcrumb":{"@id":"https:\/\/www.kendra.com.pl\/shop\/produkt\/wegielki-three-kings-rolka-33mm\/#breadcrumb"},"inLanguage":"pl-PL","potentialAction":[{"@type":"ReadAction","target":["https:\/\/www.kendra.com.pl\/shop\/produkt\/wegielki-three-kings-rolka-33mm\/"]}]},{"@type":"BreadcrumbList","@id":"https:\/\/www.kendra.com.pl\/shop\/produkt\/wegielki-three-kings-rolka-33mm\/#breadcrumb","itemListElement":[{"@type":"ListItem","position":1,"name":"Strona g\u0142\u00f3wna","item":"https:\/\/www.kendra.com.pl\/shop\/"},{"@type":"ListItem","position":2,"name":"Przerwa w dzia\u0142alno\u015bci sklepu&#8230;","item":"https:\/\/www.kendra.com.pl\/shop\/?page_id=1888"},{"@type":"ListItem","position":3,"name":"W\u0119gielki Three Kings rolka (33mm)"}]}]}},"_links":{"self":[{"href":"https:\/\/www.kendra.com.pl\/shop\/wp-json\/wp\/v2\/product\/3259"}],"collection":[{"href":"https:\/\/www.kendra.com.pl\/shop\/wp-json\/wp\/v2\/product"}],"about":[{"href":"https:\/\/www.kendra.com.pl\/shop\/wp-json\/wp\/v2\/types\/product"}],"replies":[{"embeddable":true,"href":"https:\/\/www.kendra.com.pl\/shop\/wp-json\/wp\/v2\/comments?post=3259"}],"wp:featuredmedia":[{"embeddable":true,"href":"https:\/\/www.kendra.com.pl\/shop\/wp-json\/wp\/v2\/media\/3260"}],"wp:attachment":[{"href":"https:\/\/www.kendra.com.pl\/shop\/wp-json\/wp\/v2\/media?parent=3259"}],"wp:term":[{"taxonomy":"product_cat","embeddable":true,"href":"https:\/\/www.kendra.com.pl\/shop\/wp-json\/wp\/v2\/product_cat?post=3259"},{"taxonomy":"product_tag","embeddable":true,"href":"https:\/\/www.kendra.com.pl\/shop\/wp-json\/wp\/v2\/product_tag?post=3259"}],"curies":[{"name":"wp","href":"https:\/\/api.w.org\/{rel}","templated":true}]}}