{"id":3267,"date":"2021-12-01T13:12:38","date_gmt":"2021-12-01T12:12:38","guid":{"rendered":"https:\/\/www.kendra.com.pl\/shop\/produkt\/palo-santo-drewienka-150g-kopia-2\/"},"modified":"2025-02-16T14:10:56","modified_gmt":"2025-02-16T13:10:56","slug":"palo-santo-drewienka-150g","status":"publish","type":"product","link":"https:\/\/www.kendra.com.pl\/shop\/produkt\/palo-santo-drewienka-150g\/","title":{"rendered":"Palo Santo drewienka (150g)"},"content":{"rendered":"<p>Palo Santo to najintensywniej pachn\u0105ce drzewo na \u015bwiecie, kt\u00f3re ro\u015bnie g\u0142\u00f3wnie w Ameryce Po\u0142udniowej, na wyspach Galapagos i w Meksyku.<\/p>\n<p>Od wiek\u00f3w drewienka Palo Santo stosowane s\u0105 przez szaman\u00f3w do r\u00f3\u017cnych rytua\u0142\u00f3w, ceremonii i modlitw. Ich przepi\u0119kny zapach, intryguj\u0105cy spos\u00f3b palenia i prozdrowotne w\u0142a\u015bciwo\u015bci sprawiaj\u0105, \u017ce i my coraz ch\u0119tniej si\u0119gamy po Palo Santo na co dzie\u0144.<\/p>\n<p>Lekko cytrusowy zapach Palo Santo pobudza kreatywno\u015b\u0107, sprzyja medytacji i koncentracji.<\/p>\n<p>Nasze Palo Santo pochodzi z kontrolowanych plantacji w Peru i posiada certyfikat le\u015bny i fitosanitarny (zobacz go <a href=\"https:\/\/bit.ly\/3RrwUbI\">tutaj<\/a>).<\/p>\n<p>Opisy s\u0105 chronione prawami autorskimi. Kopiowanie jest niedozwolone.<\/p>\n","protected":false},"excerpt":{"rendered":"<p><span style=\"font-weight: 400\">Aromatyczne drewienka pochodz\u0105ce z drzewa Palo Santo. Wyr\u00f3\u017cniaj\u0105 si\u0119 ciekawym, \u017cywicznym zapachem. Wspomagaj\u0105 przep\u0142yw energii i oczyszczaj\u0105, przez co wspieraj\u0105 medytacj\u0119. Mo\u017cna stosowa\u0107 je jako naturalne kadzid\u0142a. Nasze Palo Santo jest certyfikowane, etycznego pochodzenia.<\/span><\/p>\n","protected":false},"featured_media":4246,"comment_status":"open","ping_status":"closed","template":"","meta":[],"product_cat":[506,771,667,775,781,428,525,526,758,713,433],"product_tag":[607,606,519,516],"yoast_head":"<!-- This site is optimized with the Yoast SEO plugin v18.8 - https:\/\/yoast.com\/wordpress\/plugins\/seo\/ -->\n<title>Palo Santo drewienka (150g) - Kendra Publishing<\/title>\n<meta name=\"robots\" content=\"noindex, follow\" \/>\n<meta property=\"og:locale\" content=\"pl_PL\" \/>\n<meta property=\"og:type\" content=\"article\" \/>\n<meta property=\"og:title\" content=\"Palo Santo drewienka (150g) - Kendra Publishing\" \/>\n<meta property=\"og:description\" content=\"Aromatyczne drewienka pochodz\u0105ce z drzewa Palo Santo. Wyr\u00f3\u017cniaj\u0105 si\u0119 ciekawym, \u017cywicznym zapachem. Wspomagaj\u0105 przep\u0142yw energii i oczyszczaj\u0105, przez co wspieraj\u0105 medytacj\u0119. Mo\u017cna stosowa\u0107 je jako naturalne kadzid\u0142a. Nasze Palo Santo jest certyfikowane, etycznego pochodzenia.\" \/>\n<meta property=\"og:url\" content=\"https:\/\/www.kendra.com.pl\/shop\/produkt\/palo-santo-drewienka-150g\/\" \/>\n<meta property=\"og:site_name\" content=\"Kendra Publishing\" \/>\n<meta property=\"article:modified_time\" content=\"2025-02-16T13:10:56+00:00\" \/>\n<meta property=\"og:image\" content=\"https:\/\/www.kendra.com.pl\/shop\/wp-content\/uploads\/2021\/12\/Bez-nazwy-1.jpg\" \/>\n\t<meta property=\"og:image:width\" content=\"1120\" \/>\n\t<meta property=\"og:image:height\" content=\"920\" \/>\n\t<meta property=\"og:image:type\" content=\"image\/jpeg\" \/>\n<meta name=\"twitter:card\" content=\"summary_large_image\" \/>\n<meta name=\"twitter:label1\" content=\"Szacowany czas czytania\" \/>\n\t<meta name=\"twitter:data1\" content=\"1 minuta\" \/>\n<script type=\"application\/ld+json\" class=\"yoast-schema-graph\">{\"@context\":\"https:\/\/schema.org\",\"@graph\":[{\"@type\":\"WebSite\",\"@id\":\"https:\/\/www.kendra.com.pl\/shop\/#website\",\"url\":\"https:\/\/www.kendra.com.pl\/shop\/\",\"name\":\"Kendra Publishing\",\"description\":\"Sklep\",\"potentialAction\":[{\"@type\":\"SearchAction\",\"target\":{\"@type\":\"EntryPoint\",\"urlTemplate\":\"https:\/\/www.kendra.com.pl\/shop\/?s={search_term_string}\"},\"query-input\":\"required name=search_term_string\"}],\"inLanguage\":\"pl-PL\"},{\"@type\":\"ImageObject\",\"inLanguage\":\"pl-PL\",\"@id\":\"https:\/\/www.kendra.com.pl\/shop\/produkt\/palo-santo-drewienka-150g\/#primaryimage\",\"url\":\"https:\/\/www.kendra.com.pl\/shop\/wp-content\/uploads\/2021\/12\/Bez-nazwy-1.jpg\",\"contentUrl\":\"https:\/\/www.kendra.com.pl\/shop\/wp-content\/uploads\/2021\/12\/Bez-nazwy-1.jpg\",\"width\":1120,\"height\":920},{\"@type\":\"WebPage\",\"@id\":\"https:\/\/www.kendra.com.pl\/shop\/produkt\/palo-santo-drewienka-150g\/#webpage\",\"url\":\"https:\/\/www.kendra.com.pl\/shop\/produkt\/palo-santo-drewienka-150g\/\",\"name\":\"Palo Santo drewienka (150g) - Kendra Publishing\",\"isPartOf\":{\"@id\":\"https:\/\/www.kendra.com.pl\/shop\/#website\"},\"primaryImageOfPage\":{\"@id\":\"https:\/\/www.kendra.com.pl\/shop\/produkt\/palo-santo-drewienka-150g\/#primaryimage\"},\"datePublished\":\"2021-12-01T12:12:38+00:00\",\"dateModified\":\"2025-02-16T13:10:56+00:00\",\"breadcrumb\":{\"@id\":\"https:\/\/www.kendra.com.pl\/shop\/produkt\/palo-santo-drewienka-150g\/#breadcrumb\"},\"inLanguage\":\"pl-PL\",\"potentialAction\":[{\"@type\":\"ReadAction\",\"target\":[\"https:\/\/www.kendra.com.pl\/shop\/produkt\/palo-santo-drewienka-150g\/\"]}]},{\"@type\":\"BreadcrumbList\",\"@id\":\"https:\/\/www.kendra.com.pl\/shop\/produkt\/palo-santo-drewienka-150g\/#breadcrumb\",\"itemListElement\":[{\"@type\":\"ListItem\",\"position\":1,\"name\":\"Strona g\u0142\u00f3wna\",\"item\":\"https:\/\/www.kendra.com.pl\/shop\/\"},{\"@type\":\"ListItem\",\"position\":2,\"name\":\"Przerwa w dzia\u0142alno\u015bci sklepu&#8230;\",\"item\":\"https:\/\/www.kendra.com.pl\/shop\/?page_id=1888\"},{\"@type\":\"ListItem\",\"position\":3,\"name\":\"Palo Santo drewienka (150g)\"}]}]}<\/script>\n<!-- \/ Yoast SEO plugin. -->","yoast_head_json":{"title":"Palo Santo drewienka (150g) - Kendra Publishing","robots":{"index":"noindex","follow":"follow"},"og_locale":"pl_PL","og_type":"article","og_title":"Palo Santo drewienka (150g) - Kendra Publishing","og_description":"Aromatyczne drewienka pochodz\u0105ce z drzewa Palo Santo. Wyr\u00f3\u017cniaj\u0105 si\u0119 ciekawym, \u017cywicznym zapachem. Wspomagaj\u0105 przep\u0142yw energii i oczyszczaj\u0105, przez co wspieraj\u0105 medytacj\u0119. Mo\u017cna stosowa\u0107 je jako naturalne kadzid\u0142a. Nasze Palo Santo jest certyfikowane, etycznego pochodzenia.","og_url":"https:\/\/www.kendra.com.pl\/shop\/produkt\/palo-santo-drewienka-150g\/","og_site_name":"Kendra Publishing","article_modified_time":"2025-02-16T13:10:56+00:00","og_image":[{"width":1120,"height":920,"url":"https:\/\/www.kendra.com.pl\/shop\/wp-content\/uploads\/2021\/12\/Bez-nazwy-1.jpg","type":"image\/jpeg"}],"twitter_card":"summary_large_image","twitter_misc":{"Szacowany czas czytania":"1 minuta"},"schema":{"@context":"https:\/\/schema.org","@graph":[{"@type":"WebSite","@id":"https:\/\/www.kendra.com.pl\/shop\/#website","url":"https:\/\/www.kendra.com.pl\/shop\/","name":"Kendra Publishing","description":"Sklep","potentialAction":[{"@type":"SearchAction","target":{"@type":"EntryPoint","urlTemplate":"https:\/\/www.kendra.com.pl\/shop\/?s={search_term_string}"},"query-input":"required name=search_term_string"}],"inLanguage":"pl-PL"},{"@type":"ImageObject","inLanguage":"pl-PL","@id":"https:\/\/www.kendra.com.pl\/shop\/produkt\/palo-santo-drewienka-150g\/#primaryimage","url":"https:\/\/www.kendra.com.pl\/shop\/wp-content\/uploads\/2021\/12\/Bez-nazwy-1.jpg","contentUrl":"https:\/\/www.kendra.com.pl\/shop\/wp-content\/uploads\/2021\/12\/Bez-nazwy-1.jpg","width":1120,"height":920},{"@type":"WebPage","@id":"https:\/\/www.kendra.com.pl\/shop\/produkt\/palo-santo-drewienka-150g\/#webpage","url":"https:\/\/www.kendra.com.pl\/shop\/produkt\/palo-santo-drewienka-150g\/","name":"Palo Santo drewienka (150g) - Kendra Publishing","isPartOf":{"@id":"https:\/\/www.kendra.com.pl\/shop\/#website"},"primaryImageOfPage":{"@id":"https:\/\/www.kendra.com.pl\/shop\/produkt\/palo-santo-drewienka-150g\/#primaryimage"},"datePublished":"2021-12-01T12:12:38+00:00","dateModified":"2025-02-16T13:10:56+00:00","breadcrumb":{"@id":"https:\/\/www.kendra.com.pl\/shop\/produkt\/palo-santo-drewienka-150g\/#breadcrumb"},"inLanguage":"pl-PL","potentialAction":[{"@type":"ReadAction","target":["https:\/\/www.kendra.com.pl\/shop\/produkt\/palo-santo-drewienka-150g\/"]}]},{"@type":"BreadcrumbList","@id":"https:\/\/www.kendra.com.pl\/shop\/produkt\/palo-santo-drewienka-150g\/#breadcrumb","itemListElement":[{"@type":"ListItem","position":1,"name":"Strona g\u0142\u00f3wna","item":"https:\/\/www.kendra.com.pl\/shop\/"},{"@type":"ListItem","position":2,"name":"Przerwa w dzia\u0142alno\u015bci sklepu&#8230;","item":"https:\/\/www.kendra.com.pl\/shop\/?page_id=1888"},{"@type":"ListItem","position":3,"name":"Palo Santo drewienka (150g)"}]}]}},"_links":{"self":[{"href":"https:\/\/www.kendra.com.pl\/shop\/wp-json\/wp\/v2\/product\/3267"}],"collection":[{"href":"https:\/\/www.kendra.com.pl\/shop\/wp-json\/wp\/v2\/product"}],"about":[{"href":"https:\/\/www.kendra.com.pl\/shop\/wp-json\/wp\/v2\/types\/product"}],"replies":[{"embeddable":true,"href":"https:\/\/www.kendra.com.pl\/shop\/wp-json\/wp\/v2\/comments?post=3267"}],"wp:featuredmedia":[{"embeddable":true,"href":"https:\/\/www.kendra.com.pl\/shop\/wp-json\/wp\/v2\/media\/4246"}],"wp:attachment":[{"href":"https:\/\/www.kendra.com.pl\/shop\/wp-json\/wp\/v2\/media?parent=3267"}],"wp:term":[{"taxonomy":"product_cat","embeddable":true,"href":"https:\/\/www.kendra.com.pl\/shop\/wp-json\/wp\/v2\/product_cat?post=3267"},{"taxonomy":"product_tag","embeddable":true,"href":"https:\/\/www.kendra.com.pl\/shop\/wp-json\/wp\/v2\/product_tag?post=3267"}],"curies":[{"name":"wp","href":"https:\/\/api.w.org\/{rel}","templated":true}]}}