{"id":3272,"date":"2021-11-26T12:58:21","date_gmt":"2021-11-26T11:58:21","guid":{"rendered":"https:\/\/www.kendra.com.pl\/shop\/produkt\/kadzidlo-w-proszku-byzantium-100g\/"},"modified":"2025-02-16T14:10:58","modified_gmt":"2025-02-16T13:10:58","slug":"kadzidlo-w-proszku-byzantium-100g","status":"publish","type":"product","link":"https:\/\/www.kendra.com.pl\/shop\/produkt\/kadzidlo-w-proszku-byzantium-100g\/","title":{"rendered":"Kadzid\u0142o w proszku Byzantium (90g)"},"content":{"rendered":"<p><span style=\"font-weight: 400\">Kadzid\u0142o proszkowe o kwiatowym zapachu Byzantium, charakterystyczne dla Ko\u015bcio\u0142\u00f3w Wschodu. <\/span><\/p>\n<p><span style=\"font-weight: 400\">Jak u\u017cywa\u0107 kadzide\u0142 proszkowych? W\u0119gielek trybularzowy trzeba po\u0142o\u017cy\u0107 na niepalnej podstawce lub kadzielniczce, a nast\u0119pnie nale\u017cy go podpali\u0107. P\u00f3\u017aniej wystarczy nasypa\u0107 kadzid\u0142a na w\u0119gielek, aromat zacznie uwalnia\u0107 si\u0119 natychmiast po nasypaniu i wyczuwalny b\u0119dzie jeszcze d\u0142ugo po zako\u0144czeniu kadzenia. Wysokiej jako\u015bci w\u0119gielki trybularzowe oraz kadzielniczki mo\u017cna r\u00f3wnie\u017c kupi\u0107 w naszym sklepie.<\/span><\/p>\n<p><strong>Waga:<\/strong> 90g<\/p>\n<p><b>Dlaczego warto kupi\u0107 kadzid\u0142o w proszku Byzantium?<\/b><\/p>\n<ul>\n<li style=\"font-weight: 400\"><span style=\"font-weight: 400\">Ma unikalny zapach,<\/span><\/li>\n<li style=\"font-weight: 400\"><span style=\"font-weight: 400\">Jego aromat uwalnia si\u0119 natychmiast<br \/>\n<\/span><\/li>\n<li>Dzi\u0119ki jego formie \u0142atwo mo\u017cna intensyfikowa\u0107 aromat<\/li>\n<\/ul>\n<p>Opisy s\u0105 chronione prawami autorskimi. Kopiowanie jest niedozwolone.<\/p>\n","protected":false},"excerpt":{"rendered":"<p><span style=\"font-weight: 400\">Naturalne kadzid\u0142o w proszku o kwiatowym zapachu Byzantium, charakterystycznym dla Ko\u015bcio\u0142\u00f3w Wschodu. Forma proszku u\u0142atwia dozowanie produktu.<br \/>\n<\/span><\/p>\n","protected":false},"featured_media":3273,"comment_status":"open","ping_status":"closed","template":"","meta":[],"product_cat":[419,770,622,758,407],"product_tag":[606],"yoast_head":"<!-- This site is optimized with the Yoast SEO plugin v18.8 - https:\/\/yoast.com\/wordpress\/plugins\/seo\/ -->\n<title>Kadzid\u0142o w proszku Byzantium (90g) - Kendra Publishing<\/title>\n<meta name=\"robots\" content=\"noindex, follow\" \/>\n<meta property=\"og:locale\" content=\"pl_PL\" \/>\n<meta property=\"og:type\" content=\"article\" \/>\n<meta property=\"og:title\" content=\"Kadzid\u0142o w proszku Byzantium (90g) - Kendra Publishing\" \/>\n<meta property=\"og:description\" content=\"Naturalne kadzid\u0142o w proszku o kwiatowym zapachu Byzantium, charakterystycznym dla Ko\u015bcio\u0142\u00f3w Wschodu. Forma proszku u\u0142atwia dozowanie produktu.\" \/>\n<meta property=\"og:url\" content=\"https:\/\/www.kendra.com.pl\/shop\/produkt\/kadzidlo-w-proszku-byzantium-100g\/\" \/>\n<meta property=\"og:site_name\" content=\"Kendra Publishing\" \/>\n<meta property=\"article:modified_time\" content=\"2025-02-16T13:10:58+00:00\" \/>\n<meta property=\"og:image\" content=\"https:\/\/www.kendra.com.pl\/shop\/wp-content\/uploads\/2021\/11\/Kadzidlo-proszkowane-Byzantium.jpg\" \/>\n\t<meta property=\"og:image:width\" content=\"1120\" \/>\n\t<meta property=\"og:image:height\" content=\"920\" \/>\n\t<meta property=\"og:image:type\" content=\"image\/jpeg\" \/>\n<meta name=\"twitter:card\" content=\"summary_large_image\" \/>\n<meta name=\"twitter:label1\" content=\"Szacowany czas czytania\" \/>\n\t<meta name=\"twitter:data1\" content=\"1 minuta\" \/>\n<script type=\"application\/ld+json\" class=\"yoast-schema-graph\">{\"@context\":\"https:\/\/schema.org\",\"@graph\":[{\"@type\":\"WebSite\",\"@id\":\"https:\/\/www.kendra.com.pl\/shop\/#website\",\"url\":\"https:\/\/www.kendra.com.pl\/shop\/\",\"name\":\"Kendra Publishing\",\"description\":\"Sklep\",\"potentialAction\":[{\"@type\":\"SearchAction\",\"target\":{\"@type\":\"EntryPoint\",\"urlTemplate\":\"https:\/\/www.kendra.com.pl\/shop\/?s={search_term_string}\"},\"query-input\":\"required name=search_term_string\"}],\"inLanguage\":\"pl-PL\"},{\"@type\":\"ImageObject\",\"inLanguage\":\"pl-PL\",\"@id\":\"https:\/\/www.kendra.com.pl\/shop\/produkt\/kadzidlo-w-proszku-byzantium-100g\/#primaryimage\",\"url\":\"https:\/\/www.kendra.com.pl\/shop\/wp-content\/uploads\/2021\/11\/Kadzidlo-proszkowane-Byzantium.jpg\",\"contentUrl\":\"https:\/\/www.kendra.com.pl\/shop\/wp-content\/uploads\/2021\/11\/Kadzidlo-proszkowane-Byzantium.jpg\",\"width\":1120,\"height\":920},{\"@type\":\"WebPage\",\"@id\":\"https:\/\/www.kendra.com.pl\/shop\/produkt\/kadzidlo-w-proszku-byzantium-100g\/#webpage\",\"url\":\"https:\/\/www.kendra.com.pl\/shop\/produkt\/kadzidlo-w-proszku-byzantium-100g\/\",\"name\":\"Kadzid\u0142o w proszku Byzantium (90g) - Kendra Publishing\",\"isPartOf\":{\"@id\":\"https:\/\/www.kendra.com.pl\/shop\/#website\"},\"primaryImageOfPage\":{\"@id\":\"https:\/\/www.kendra.com.pl\/shop\/produkt\/kadzidlo-w-proszku-byzantium-100g\/#primaryimage\"},\"datePublished\":\"2021-11-26T11:58:21+00:00\",\"dateModified\":\"2025-02-16T13:10:58+00:00\",\"breadcrumb\":{\"@id\":\"https:\/\/www.kendra.com.pl\/shop\/produkt\/kadzidlo-w-proszku-byzantium-100g\/#breadcrumb\"},\"inLanguage\":\"pl-PL\",\"potentialAction\":[{\"@type\":\"ReadAction\",\"target\":[\"https:\/\/www.kendra.com.pl\/shop\/produkt\/kadzidlo-w-proszku-byzantium-100g\/\"]}]},{\"@type\":\"BreadcrumbList\",\"@id\":\"https:\/\/www.kendra.com.pl\/shop\/produkt\/kadzidlo-w-proszku-byzantium-100g\/#breadcrumb\",\"itemListElement\":[{\"@type\":\"ListItem\",\"position\":1,\"name\":\"Strona g\u0142\u00f3wna\",\"item\":\"https:\/\/www.kendra.com.pl\/shop\/\"},{\"@type\":\"ListItem\",\"position\":2,\"name\":\"Przerwa w dzia\u0142alno\u015bci sklepu&#8230;\",\"item\":\"https:\/\/www.kendra.com.pl\/shop\/?page_id=1888\"},{\"@type\":\"ListItem\",\"position\":3,\"name\":\"Kadzid\u0142o w proszku Byzantium (90g)\"}]}]}<\/script>\n<!-- \/ Yoast SEO plugin. -->","yoast_head_json":{"title":"Kadzid\u0142o w proszku Byzantium (90g) - Kendra Publishing","robots":{"index":"noindex","follow":"follow"},"og_locale":"pl_PL","og_type":"article","og_title":"Kadzid\u0142o w proszku Byzantium (90g) - Kendra Publishing","og_description":"Naturalne kadzid\u0142o w proszku o kwiatowym zapachu Byzantium, charakterystycznym dla Ko\u015bcio\u0142\u00f3w Wschodu. Forma proszku u\u0142atwia dozowanie produktu.","og_url":"https:\/\/www.kendra.com.pl\/shop\/produkt\/kadzidlo-w-proszku-byzantium-100g\/","og_site_name":"Kendra Publishing","article_modified_time":"2025-02-16T13:10:58+00:00","og_image":[{"width":1120,"height":920,"url":"https:\/\/www.kendra.com.pl\/shop\/wp-content\/uploads\/2021\/11\/Kadzidlo-proszkowane-Byzantium.jpg","type":"image\/jpeg"}],"twitter_card":"summary_large_image","twitter_misc":{"Szacowany czas czytania":"1 minuta"},"schema":{"@context":"https:\/\/schema.org","@graph":[{"@type":"WebSite","@id":"https:\/\/www.kendra.com.pl\/shop\/#website","url":"https:\/\/www.kendra.com.pl\/shop\/","name":"Kendra Publishing","description":"Sklep","potentialAction":[{"@type":"SearchAction","target":{"@type":"EntryPoint","urlTemplate":"https:\/\/www.kendra.com.pl\/shop\/?s={search_term_string}"},"query-input":"required name=search_term_string"}],"inLanguage":"pl-PL"},{"@type":"ImageObject","inLanguage":"pl-PL","@id":"https:\/\/www.kendra.com.pl\/shop\/produkt\/kadzidlo-w-proszku-byzantium-100g\/#primaryimage","url":"https:\/\/www.kendra.com.pl\/shop\/wp-content\/uploads\/2021\/11\/Kadzidlo-proszkowane-Byzantium.jpg","contentUrl":"https:\/\/www.kendra.com.pl\/shop\/wp-content\/uploads\/2021\/11\/Kadzidlo-proszkowane-Byzantium.jpg","width":1120,"height":920},{"@type":"WebPage","@id":"https:\/\/www.kendra.com.pl\/shop\/produkt\/kadzidlo-w-proszku-byzantium-100g\/#webpage","url":"https:\/\/www.kendra.com.pl\/shop\/produkt\/kadzidlo-w-proszku-byzantium-100g\/","name":"Kadzid\u0142o w proszku Byzantium (90g) - Kendra Publishing","isPartOf":{"@id":"https:\/\/www.kendra.com.pl\/shop\/#website"},"primaryImageOfPage":{"@id":"https:\/\/www.kendra.com.pl\/shop\/produkt\/kadzidlo-w-proszku-byzantium-100g\/#primaryimage"},"datePublished":"2021-11-26T11:58:21+00:00","dateModified":"2025-02-16T13:10:58+00:00","breadcrumb":{"@id":"https:\/\/www.kendra.com.pl\/shop\/produkt\/kadzidlo-w-proszku-byzantium-100g\/#breadcrumb"},"inLanguage":"pl-PL","potentialAction":[{"@type":"ReadAction","target":["https:\/\/www.kendra.com.pl\/shop\/produkt\/kadzidlo-w-proszku-byzantium-100g\/"]}]},{"@type":"BreadcrumbList","@id":"https:\/\/www.kendra.com.pl\/shop\/produkt\/kadzidlo-w-proszku-byzantium-100g\/#breadcrumb","itemListElement":[{"@type":"ListItem","position":1,"name":"Strona g\u0142\u00f3wna","item":"https:\/\/www.kendra.com.pl\/shop\/"},{"@type":"ListItem","position":2,"name":"Przerwa w dzia\u0142alno\u015bci sklepu&#8230;","item":"https:\/\/www.kendra.com.pl\/shop\/?page_id=1888"},{"@type":"ListItem","position":3,"name":"Kadzid\u0142o w proszku Byzantium (90g)"}]}]}},"_links":{"self":[{"href":"https:\/\/www.kendra.com.pl\/shop\/wp-json\/wp\/v2\/product\/3272"}],"collection":[{"href":"https:\/\/www.kendra.com.pl\/shop\/wp-json\/wp\/v2\/product"}],"about":[{"href":"https:\/\/www.kendra.com.pl\/shop\/wp-json\/wp\/v2\/types\/product"}],"replies":[{"embeddable":true,"href":"https:\/\/www.kendra.com.pl\/shop\/wp-json\/wp\/v2\/comments?post=3272"}],"wp:featuredmedia":[{"embeddable":true,"href":"https:\/\/www.kendra.com.pl\/shop\/wp-json\/wp\/v2\/media\/3273"}],"wp:attachment":[{"href":"https:\/\/www.kendra.com.pl\/shop\/wp-json\/wp\/v2\/media?parent=3272"}],"wp:term":[{"taxonomy":"product_cat","embeddable":true,"href":"https:\/\/www.kendra.com.pl\/shop\/wp-json\/wp\/v2\/product_cat?post=3272"},{"taxonomy":"product_tag","embeddable":true,"href":"https:\/\/www.kendra.com.pl\/shop\/wp-json\/wp\/v2\/product_tag?post=3272"}],"curies":[{"name":"wp","href":"https:\/\/api.w.org\/{rel}","templated":true}]}}