{"id":3280,"date":"2021-05-03T11:38:56","date_gmt":"2021-05-03T09:38:56","guid":{"rendered":"https:\/\/www.kendra.com.pl\/shop\/produkt\/kamfora-naturalna-25g\/"},"modified":"2025-02-16T14:16:35","modified_gmt":"2025-02-16T13:16:35","slug":"kamfora-naturalna-25g","status":"publish","type":"product","link":"https:\/\/www.kendra.com.pl\/shop\/produkt\/kamfora-naturalna-25g\/","title":{"rendered":"Kamfora Naturalna (25g)"},"content":{"rendered":"<p>Kamfora naturalna to skrystalizowany olejek kamforowy pochodz\u0105cy z drzew cynamonowca kamforowego. Stosowna jest od tysi\u0105ca lat w wielu dziedzinach \u017cycia. Pocz\u0105wszy od medycyny naturalnej, przez zastosowania kulinarne, perfumeryjne, na przemy\u015ble ko\u0144cz\u0105c.<\/p>\n<p>Jej pi\u0119kny, \u015bwie\u017cy zapach wprowadza przyjemn\u0105, czyst\u0105 atmosfer\u0119. Ju\u017c po otwarciu opakowania kamfory mo\u017cna pozostawi\u0107 j\u0105 do swobodnego parowania zapachu, lecz proponowany spos\u00f3b jej u\u017cycia to palenie na rozgrzanym w\u0119gielku.<\/p>\n<p><strong>Spos\u00f3b u\u017cycia:<\/strong><\/p>\n<p><strong>Ma\u015b\u0107 kamforowa:<\/strong> w k\u0105pieli wodnej rozpu\u015bci\u0107 90g wazeliny i 10g kamfory. Dok\u0142adnie wymiesza\u0107. Mo\u017cna dodatkowo doda\u0107 olejek eteryczny np. o aromacie sosny lub eukaliptusa. Kolejno przela\u0107 ma\u015b\u0107 do wyparzonego s\u0142oiczka i odstawi\u0107 do zastygni\u0119cia.<\/p>\n<p>Nale\u017cy te\u017c pami\u0119ta\u0107, \u017ce jest to substancja \u0142atwopalna i nie mo\u017cna dopu\u015bci\u0107 do jej kontaktu z otwartym ogniem. Nie u\u017cywa\u0107 na uszkodzon\u0105 sk\u00f3r\u0119.<\/p>\n<p><strong>Spos\u00f3b u\u017cycia:<\/strong><\/p>\n<p>Rozpali\u0107 w\u0119gielek zapalniczk\u0105. Przytrzymuj\u0105c p\u0142omie\u0144 przy w\u0119gielku przez kilka sekund, kolejno pozostawi\u0107 go na 5-10 minut do pe\u0142nego jego rozpalenia i zmiany koloru na szary. Na rozgrzany w\u0119gielek na\u0142o\u017cy\u0107 niewielk\u0105 ilo\u015b\u0107 kamfory. Kamfora pozostawiona na w\u0119gielku ca\u0142kowicie si\u0119 roztopi uwalniaj\u0105c pi\u0119kny zapach kamforowy.<\/p>\n<p><strong>Dlaczego warto wybra\u0107 Kamfor\u0119 Naturaln\u0105?<\/strong><\/p>\n<ul>\n<li>jest w pe\u0142ni naturalna<\/li>\n<li>pomaga w b\u00f3lach mi\u0119\u015bniowych i stawowych<\/li>\n<li>dzia\u0142a jako \u015brodek antyseptyczny<\/li>\n<\/ul>\n<p>Opisy s\u0105 chronione prawami autorskimi. Kopiowanie jest niedozwolone.<\/p>\n","protected":false},"excerpt":{"rendered":"<p>Skrystalizowany olejek kamforowy o intensywnym, ale przyjemnym i rozgrzewaj\u0105cym zapachu. Czczona jest przez hindus\u00f3w, uwa\u017cana za cia\u0142o dewaiczne.<\/p>\n","protected":false},"featured_media":3281,"comment_status":"open","ping_status":"closed","template":"","meta":[],"product_cat":[408,622,428,392,391,394],"product_tag":[606],"yoast_head":"<!-- This site is optimized with the Yoast SEO plugin v18.8 - https:\/\/yoast.com\/wordpress\/plugins\/seo\/ -->\n<title>Kamfora Naturalna (25g) - Kendra Publishing<\/title>\n<meta name=\"robots\" content=\"noindex, follow\" \/>\n<meta property=\"og:locale\" content=\"pl_PL\" \/>\n<meta property=\"og:type\" content=\"article\" \/>\n<meta property=\"og:title\" content=\"Kamfora Naturalna (25g) - Kendra Publishing\" \/>\n<meta property=\"og:description\" content=\"Skrystalizowany olejek kamforowy o intensywnym, ale przyjemnym i rozgrzewaj\u0105cym zapachu. Czczona jest przez hindus\u00f3w, uwa\u017cana za cia\u0142o dewaiczne.\" \/>\n<meta property=\"og:url\" content=\"https:\/\/www.kendra.com.pl\/shop\/produkt\/kamfora-naturalna-25g\/\" \/>\n<meta property=\"og:site_name\" content=\"Kendra Publishing\" \/>\n<meta property=\"article:modified_time\" content=\"2025-02-16T13:16:35+00:00\" \/>\n<meta property=\"og:image\" content=\"https:\/\/www.kendra.com.pl\/shop\/wp-content\/uploads\/2021\/05\/17.jpg\" \/>\n\t<meta property=\"og:image:width\" content=\"1120\" \/>\n\t<meta property=\"og:image:height\" content=\"920\" \/>\n\t<meta property=\"og:image:type\" content=\"image\/jpeg\" \/>\n<meta name=\"twitter:card\" content=\"summary_large_image\" \/>\n<meta name=\"twitter:label1\" content=\"Szacowany czas czytania\" \/>\n\t<meta name=\"twitter:data1\" content=\"1 minuta\" \/>\n<script type=\"application\/ld+json\" class=\"yoast-schema-graph\">{\"@context\":\"https:\/\/schema.org\",\"@graph\":[{\"@type\":\"WebSite\",\"@id\":\"https:\/\/www.kendra.com.pl\/shop\/#website\",\"url\":\"https:\/\/www.kendra.com.pl\/shop\/\",\"name\":\"Kendra Publishing\",\"description\":\"Sklep\",\"potentialAction\":[{\"@type\":\"SearchAction\",\"target\":{\"@type\":\"EntryPoint\",\"urlTemplate\":\"https:\/\/www.kendra.com.pl\/shop\/?s={search_term_string}\"},\"query-input\":\"required name=search_term_string\"}],\"inLanguage\":\"pl-PL\"},{\"@type\":\"ImageObject\",\"inLanguage\":\"pl-PL\",\"@id\":\"https:\/\/www.kendra.com.pl\/shop\/produkt\/kamfora-naturalna-25g\/#primaryimage\",\"url\":\"https:\/\/www.kendra.com.pl\/shop\/wp-content\/uploads\/2021\/05\/17.jpg\",\"contentUrl\":\"https:\/\/www.kendra.com.pl\/shop\/wp-content\/uploads\/2021\/05\/17.jpg\",\"width\":1120,\"height\":920},{\"@type\":\"WebPage\",\"@id\":\"https:\/\/www.kendra.com.pl\/shop\/produkt\/kamfora-naturalna-25g\/#webpage\",\"url\":\"https:\/\/www.kendra.com.pl\/shop\/produkt\/kamfora-naturalna-25g\/\",\"name\":\"Kamfora Naturalna (25g) - Kendra Publishing\",\"isPartOf\":{\"@id\":\"https:\/\/www.kendra.com.pl\/shop\/#website\"},\"primaryImageOfPage\":{\"@id\":\"https:\/\/www.kendra.com.pl\/shop\/produkt\/kamfora-naturalna-25g\/#primaryimage\"},\"datePublished\":\"2021-05-03T09:38:56+00:00\",\"dateModified\":\"2025-02-16T13:16:35+00:00\",\"breadcrumb\":{\"@id\":\"https:\/\/www.kendra.com.pl\/shop\/produkt\/kamfora-naturalna-25g\/#breadcrumb\"},\"inLanguage\":\"pl-PL\",\"potentialAction\":[{\"@type\":\"ReadAction\",\"target\":[\"https:\/\/www.kendra.com.pl\/shop\/produkt\/kamfora-naturalna-25g\/\"]}]},{\"@type\":\"BreadcrumbList\",\"@id\":\"https:\/\/www.kendra.com.pl\/shop\/produkt\/kamfora-naturalna-25g\/#breadcrumb\",\"itemListElement\":[{\"@type\":\"ListItem\",\"position\":1,\"name\":\"Strona g\u0142\u00f3wna\",\"item\":\"https:\/\/www.kendra.com.pl\/shop\/\"},{\"@type\":\"ListItem\",\"position\":2,\"name\":\"Przerwa w dzia\u0142alno\u015bci sklepu&#8230;\",\"item\":\"https:\/\/www.kendra.com.pl\/shop\/?page_id=1888\"},{\"@type\":\"ListItem\",\"position\":3,\"name\":\"Kamfora Naturalna (25g)\"}]}]}<\/script>\n<!-- \/ Yoast SEO plugin. -->","yoast_head_json":{"title":"Kamfora Naturalna (25g) - Kendra Publishing","robots":{"index":"noindex","follow":"follow"},"og_locale":"pl_PL","og_type":"article","og_title":"Kamfora Naturalna (25g) - Kendra Publishing","og_description":"Skrystalizowany olejek kamforowy o intensywnym, ale przyjemnym i rozgrzewaj\u0105cym zapachu. Czczona jest przez hindus\u00f3w, uwa\u017cana za cia\u0142o dewaiczne.","og_url":"https:\/\/www.kendra.com.pl\/shop\/produkt\/kamfora-naturalna-25g\/","og_site_name":"Kendra Publishing","article_modified_time":"2025-02-16T13:16:35+00:00","og_image":[{"width":1120,"height":920,"url":"https:\/\/www.kendra.com.pl\/shop\/wp-content\/uploads\/2021\/05\/17.jpg","type":"image\/jpeg"}],"twitter_card":"summary_large_image","twitter_misc":{"Szacowany czas czytania":"1 minuta"},"schema":{"@context":"https:\/\/schema.org","@graph":[{"@type":"WebSite","@id":"https:\/\/www.kendra.com.pl\/shop\/#website","url":"https:\/\/www.kendra.com.pl\/shop\/","name":"Kendra Publishing","description":"Sklep","potentialAction":[{"@type":"SearchAction","target":{"@type":"EntryPoint","urlTemplate":"https:\/\/www.kendra.com.pl\/shop\/?s={search_term_string}"},"query-input":"required name=search_term_string"}],"inLanguage":"pl-PL"},{"@type":"ImageObject","inLanguage":"pl-PL","@id":"https:\/\/www.kendra.com.pl\/shop\/produkt\/kamfora-naturalna-25g\/#primaryimage","url":"https:\/\/www.kendra.com.pl\/shop\/wp-content\/uploads\/2021\/05\/17.jpg","contentUrl":"https:\/\/www.kendra.com.pl\/shop\/wp-content\/uploads\/2021\/05\/17.jpg","width":1120,"height":920},{"@type":"WebPage","@id":"https:\/\/www.kendra.com.pl\/shop\/produkt\/kamfora-naturalna-25g\/#webpage","url":"https:\/\/www.kendra.com.pl\/shop\/produkt\/kamfora-naturalna-25g\/","name":"Kamfora Naturalna (25g) - Kendra Publishing","isPartOf":{"@id":"https:\/\/www.kendra.com.pl\/shop\/#website"},"primaryImageOfPage":{"@id":"https:\/\/www.kendra.com.pl\/shop\/produkt\/kamfora-naturalna-25g\/#primaryimage"},"datePublished":"2021-05-03T09:38:56+00:00","dateModified":"2025-02-16T13:16:35+00:00","breadcrumb":{"@id":"https:\/\/www.kendra.com.pl\/shop\/produkt\/kamfora-naturalna-25g\/#breadcrumb"},"inLanguage":"pl-PL","potentialAction":[{"@type":"ReadAction","target":["https:\/\/www.kendra.com.pl\/shop\/produkt\/kamfora-naturalna-25g\/"]}]},{"@type":"BreadcrumbList","@id":"https:\/\/www.kendra.com.pl\/shop\/produkt\/kamfora-naturalna-25g\/#breadcrumb","itemListElement":[{"@type":"ListItem","position":1,"name":"Strona g\u0142\u00f3wna","item":"https:\/\/www.kendra.com.pl\/shop\/"},{"@type":"ListItem","position":2,"name":"Przerwa w dzia\u0142alno\u015bci sklepu&#8230;","item":"https:\/\/www.kendra.com.pl\/shop\/?page_id=1888"},{"@type":"ListItem","position":3,"name":"Kamfora Naturalna (25g)"}]}]}},"_links":{"self":[{"href":"https:\/\/www.kendra.com.pl\/shop\/wp-json\/wp\/v2\/product\/3280"}],"collection":[{"href":"https:\/\/www.kendra.com.pl\/shop\/wp-json\/wp\/v2\/product"}],"about":[{"href":"https:\/\/www.kendra.com.pl\/shop\/wp-json\/wp\/v2\/types\/product"}],"replies":[{"embeddable":true,"href":"https:\/\/www.kendra.com.pl\/shop\/wp-json\/wp\/v2\/comments?post=3280"}],"wp:featuredmedia":[{"embeddable":true,"href":"https:\/\/www.kendra.com.pl\/shop\/wp-json\/wp\/v2\/media\/3281"}],"wp:attachment":[{"href":"https:\/\/www.kendra.com.pl\/shop\/wp-json\/wp\/v2\/media?parent=3280"}],"wp:term":[{"taxonomy":"product_cat","embeddable":true,"href":"https:\/\/www.kendra.com.pl\/shop\/wp-json\/wp\/v2\/product_cat?post=3280"},{"taxonomy":"product_tag","embeddable":true,"href":"https:\/\/www.kendra.com.pl\/shop\/wp-json\/wp\/v2\/product_tag?post=3280"}],"curies":[{"name":"wp","href":"https:\/\/api.w.org\/{rel}","templated":true}]}}