{"id":3282,"date":"2020-10-27T18:14:52","date_gmt":"2020-10-27T17:14:52","guid":{"rendered":"https:\/\/www.kendra.com.pl\/shop\/produkt\/kadzidlo-zywiczne-frankincense-150-g\/"},"modified":"2025-02-16T14:16:58","modified_gmt":"2025-02-16T13:16:58","slug":"kadzidlo-zywiczne-frankincense-150-g","status":"publish","type":"product","link":"https:\/\/www.kendra.com.pl\/shop\/produkt\/kadzidlo-zywiczne-frankincense-150-g\/","title":{"rendered":"Kadzid\u0142o \u017cywiczne Frankincense (150g)"},"content":{"rendered":"<p><span style=\"font-weight: 400\">Kadzid\u0142o Frankincense to nic innego, jak naturalna \u017cywica pochodz\u0105ca z drzewa Boswellia sacra, kt\u00f3re ro\u015bnie w Somalii i Omanie na ekstremalnie nas\u0142onecznionych terenach. Pobiera si\u0119 j\u0105 poprzez nacinanie kory drzewa. Gdy wyp\u0142ywa, skrapla si\u0119 i wygl\u0105da niczym z\u0142ociste \u0142zy. <\/span><\/p>\n<p><span style=\"font-weight: 400\">Ma bardzo przyjemny, lekki, \u015bwie\u017cy, cytrusowy zapach, kt\u00f3ry daje rado\u015b\u0107 i przywraca energi\u0119 do dzia\u0142ania. Jej w\u0142a\u015bciwo\u015bci sprawi\u0142y, \u017ce do dzi\u015b w wielu kulturach uwa\u017cana jest za \u015bwi\u0119t\u0105 substancj\u0119. Warto doda\u0107, \u017ce przed laty by\u0142a ona powszechnie wykorzystywana w medycynie. Kremy i mazid\u0142a z dodatkiem \u017cywicy Boswellia sacra poprawia\u0142y kondycj\u0119 cery oraz przyspiesza\u0142y gojenie ran i zmniejsza\u0142y blizny. Podawana doustnie mia\u0142a poprawia\u0107 trawienie, \u0142agodzi\u0107 dolegliwo\u015bci \u017co\u0142\u0105dkowo-jelitowe i u\u0142atwia\u0107 odkrztuszanie.<\/span><\/p>\n<p><span style=\"font-weight: 400\">Kryszta\u0142ki \u017cywicy wysypuje si\u0119 na roz\u017carzony w\u0119gielek trybularzowy (nale\u017cy w\u0142o\u017cy\u0107 go do kadzielniczki lub umie\u015bci\u0107 na niepalnej podstawce). Frankincense roztapia si\u0119, uwalniaj\u0105c wyj\u0105tkowy zapach.<\/span><\/p>\n<p><b>Czym wyr\u00f3\u017cnia si\u0119 kadzid\u0142o Frankincense?<\/b><\/p>\n<ul>\n<li style=\"font-weight: 400\"><span style=\"font-weight: 400\">Ma \u015bwie\u017cy, lekki, cytrusowy zapach<\/span><\/li>\n<li style=\"font-weight: 400\"><span style=\"font-weight: 400\">Poprawia nastr\u00f3j<\/span><\/li>\n<li style=\"font-weight: 400\"><span style=\"font-weight: 400\">Znosi b\u00f3le g\u0142owy<\/span><\/li>\n<li style=\"font-weight: 400\"><span style=\"font-weight: 400\">Pomaga w medytacji<\/span><\/li>\n<li style=\"font-weight: 400\"><span style=\"font-weight: 400\">Jest cenione od wiek\u00f3w<\/span><\/li>\n<\/ul>\n<p>Opisy s\u0105 chronione prawami autorskimi. Kopiowanie jest niedozwolone.<\/p>\n","protected":false},"excerpt":{"rendered":"<p><span style=\"font-weight: 400\">Doskona\u0142e kadzid\u0142o do medytacji. Aromat Frankincense roz\u015bwietla aur\u0119 i oczyszcza. Co wi\u0119cej, ma r\u00f3wnie\u017c dzia\u0142anie ochronne. Wyj\u0105tkowa wo\u0144 \u017cywicy natychmiastowo poprawia nastr\u00f3j. Mo\u017ce by\u0107 stosowana tak\u017ce pomocniczo do \u0142agodzenia b\u00f3l\u00f3w g\u0142owy.<\/span><\/p>\n","protected":false},"featured_media":3283,"comment_status":"open","ping_status":"closed","template":"","meta":[],"product_cat":[727,622,774,428,721,407],"product_tag":[606],"yoast_head":"<!-- This site is optimized with the Yoast SEO plugin v18.8 - https:\/\/yoast.com\/wordpress\/plugins\/seo\/ -->\n<title>Kadzid\u0142o \u017cywiczne Frankincense (150g) - Kendra Publishing<\/title>\n<meta name=\"robots\" content=\"noindex, follow\" \/>\n<meta property=\"og:locale\" content=\"pl_PL\" \/>\n<meta property=\"og:type\" content=\"article\" \/>\n<meta property=\"og:title\" content=\"Kadzid\u0142o \u017cywiczne Frankincense (150g) - Kendra Publishing\" \/>\n<meta property=\"og:description\" content=\"Doskona\u0142e kadzid\u0142o do medytacji. Aromat Frankincense roz\u015bwietla aur\u0119 i oczyszcza. Co wi\u0119cej, ma r\u00f3wnie\u017c dzia\u0142anie ochronne. Wyj\u0105tkowa wo\u0144 \u017cywicy natychmiastowo poprawia nastr\u00f3j. Mo\u017ce by\u0107 stosowana tak\u017ce pomocniczo do \u0142agodzenia b\u00f3l\u00f3w g\u0142owy.\" \/>\n<meta property=\"og:url\" content=\"https:\/\/www.kendra.com.pl\/shop\/produkt\/kadzidlo-zywiczne-frankincense-150-g\/\" \/>\n<meta property=\"og:site_name\" content=\"Kendra Publishing\" \/>\n<meta property=\"article:modified_time\" content=\"2025-02-16T13:16:58+00:00\" \/>\n<meta property=\"og:image\" content=\"https:\/\/www.kendra.com.pl\/shop\/wp-content\/uploads\/2020\/10\/kadzidla_zywiczne_frankincense.jpg\" \/>\n\t<meta property=\"og:image:width\" content=\"1120\" \/>\n\t<meta property=\"og:image:height\" content=\"920\" \/>\n\t<meta property=\"og:image:type\" content=\"image\/jpeg\" \/>\n<meta name=\"twitter:card\" content=\"summary_large_image\" \/>\n<meta name=\"twitter:label1\" content=\"Szacowany czas czytania\" \/>\n\t<meta name=\"twitter:data1\" content=\"1 minuta\" \/>\n<script type=\"application\/ld+json\" class=\"yoast-schema-graph\">{\"@context\":\"https:\/\/schema.org\",\"@graph\":[{\"@type\":\"WebSite\",\"@id\":\"https:\/\/www.kendra.com.pl\/shop\/#website\",\"url\":\"https:\/\/www.kendra.com.pl\/shop\/\",\"name\":\"Kendra Publishing\",\"description\":\"Sklep\",\"potentialAction\":[{\"@type\":\"SearchAction\",\"target\":{\"@type\":\"EntryPoint\",\"urlTemplate\":\"https:\/\/www.kendra.com.pl\/shop\/?s={search_term_string}\"},\"query-input\":\"required name=search_term_string\"}],\"inLanguage\":\"pl-PL\"},{\"@type\":\"ImageObject\",\"inLanguage\":\"pl-PL\",\"@id\":\"https:\/\/www.kendra.com.pl\/shop\/produkt\/kadzidlo-zywiczne-frankincense-150-g\/#primaryimage\",\"url\":\"https:\/\/www.kendra.com.pl\/shop\/wp-content\/uploads\/2020\/10\/kadzidla_zywiczne_frankincense.jpg\",\"contentUrl\":\"https:\/\/www.kendra.com.pl\/shop\/wp-content\/uploads\/2020\/10\/kadzidla_zywiczne_frankincense.jpg\",\"width\":1120,\"height\":920},{\"@type\":\"WebPage\",\"@id\":\"https:\/\/www.kendra.com.pl\/shop\/produkt\/kadzidlo-zywiczne-frankincense-150-g\/#webpage\",\"url\":\"https:\/\/www.kendra.com.pl\/shop\/produkt\/kadzidlo-zywiczne-frankincense-150-g\/\",\"name\":\"Kadzid\u0142o \u017cywiczne Frankincense (150g) - Kendra Publishing\",\"isPartOf\":{\"@id\":\"https:\/\/www.kendra.com.pl\/shop\/#website\"},\"primaryImageOfPage\":{\"@id\":\"https:\/\/www.kendra.com.pl\/shop\/produkt\/kadzidlo-zywiczne-frankincense-150-g\/#primaryimage\"},\"datePublished\":\"2020-10-27T17:14:52+00:00\",\"dateModified\":\"2025-02-16T13:16:58+00:00\",\"breadcrumb\":{\"@id\":\"https:\/\/www.kendra.com.pl\/shop\/produkt\/kadzidlo-zywiczne-frankincense-150-g\/#breadcrumb\"},\"inLanguage\":\"pl-PL\",\"potentialAction\":[{\"@type\":\"ReadAction\",\"target\":[\"https:\/\/www.kendra.com.pl\/shop\/produkt\/kadzidlo-zywiczne-frankincense-150-g\/\"]}]},{\"@type\":\"BreadcrumbList\",\"@id\":\"https:\/\/www.kendra.com.pl\/shop\/produkt\/kadzidlo-zywiczne-frankincense-150-g\/#breadcrumb\",\"itemListElement\":[{\"@type\":\"ListItem\",\"position\":1,\"name\":\"Strona g\u0142\u00f3wna\",\"item\":\"https:\/\/www.kendra.com.pl\/shop\/\"},{\"@type\":\"ListItem\",\"position\":2,\"name\":\"Przerwa w dzia\u0142alno\u015bci sklepu&#8230;\",\"item\":\"https:\/\/www.kendra.com.pl\/shop\/?page_id=1888\"},{\"@type\":\"ListItem\",\"position\":3,\"name\":\"Kadzid\u0142o \u017cywiczne Frankincense (150g)\"}]}]}<\/script>\n<!-- \/ Yoast SEO plugin. -->","yoast_head_json":{"title":"Kadzid\u0142o \u017cywiczne Frankincense (150g) - Kendra Publishing","robots":{"index":"noindex","follow":"follow"},"og_locale":"pl_PL","og_type":"article","og_title":"Kadzid\u0142o \u017cywiczne Frankincense (150g) - Kendra Publishing","og_description":"Doskona\u0142e kadzid\u0142o do medytacji. Aromat Frankincense roz\u015bwietla aur\u0119 i oczyszcza. Co wi\u0119cej, ma r\u00f3wnie\u017c dzia\u0142anie ochronne. Wyj\u0105tkowa wo\u0144 \u017cywicy natychmiastowo poprawia nastr\u00f3j. Mo\u017ce by\u0107 stosowana tak\u017ce pomocniczo do \u0142agodzenia b\u00f3l\u00f3w g\u0142owy.","og_url":"https:\/\/www.kendra.com.pl\/shop\/produkt\/kadzidlo-zywiczne-frankincense-150-g\/","og_site_name":"Kendra Publishing","article_modified_time":"2025-02-16T13:16:58+00:00","og_image":[{"width":1120,"height":920,"url":"https:\/\/www.kendra.com.pl\/shop\/wp-content\/uploads\/2020\/10\/kadzidla_zywiczne_frankincense.jpg","type":"image\/jpeg"}],"twitter_card":"summary_large_image","twitter_misc":{"Szacowany czas czytania":"1 minuta"},"schema":{"@context":"https:\/\/schema.org","@graph":[{"@type":"WebSite","@id":"https:\/\/www.kendra.com.pl\/shop\/#website","url":"https:\/\/www.kendra.com.pl\/shop\/","name":"Kendra Publishing","description":"Sklep","potentialAction":[{"@type":"SearchAction","target":{"@type":"EntryPoint","urlTemplate":"https:\/\/www.kendra.com.pl\/shop\/?s={search_term_string}"},"query-input":"required name=search_term_string"}],"inLanguage":"pl-PL"},{"@type":"ImageObject","inLanguage":"pl-PL","@id":"https:\/\/www.kendra.com.pl\/shop\/produkt\/kadzidlo-zywiczne-frankincense-150-g\/#primaryimage","url":"https:\/\/www.kendra.com.pl\/shop\/wp-content\/uploads\/2020\/10\/kadzidla_zywiczne_frankincense.jpg","contentUrl":"https:\/\/www.kendra.com.pl\/shop\/wp-content\/uploads\/2020\/10\/kadzidla_zywiczne_frankincense.jpg","width":1120,"height":920},{"@type":"WebPage","@id":"https:\/\/www.kendra.com.pl\/shop\/produkt\/kadzidlo-zywiczne-frankincense-150-g\/#webpage","url":"https:\/\/www.kendra.com.pl\/shop\/produkt\/kadzidlo-zywiczne-frankincense-150-g\/","name":"Kadzid\u0142o \u017cywiczne Frankincense (150g) - Kendra Publishing","isPartOf":{"@id":"https:\/\/www.kendra.com.pl\/shop\/#website"},"primaryImageOfPage":{"@id":"https:\/\/www.kendra.com.pl\/shop\/produkt\/kadzidlo-zywiczne-frankincense-150-g\/#primaryimage"},"datePublished":"2020-10-27T17:14:52+00:00","dateModified":"2025-02-16T13:16:58+00:00","breadcrumb":{"@id":"https:\/\/www.kendra.com.pl\/shop\/produkt\/kadzidlo-zywiczne-frankincense-150-g\/#breadcrumb"},"inLanguage":"pl-PL","potentialAction":[{"@type":"ReadAction","target":["https:\/\/www.kendra.com.pl\/shop\/produkt\/kadzidlo-zywiczne-frankincense-150-g\/"]}]},{"@type":"BreadcrumbList","@id":"https:\/\/www.kendra.com.pl\/shop\/produkt\/kadzidlo-zywiczne-frankincense-150-g\/#breadcrumb","itemListElement":[{"@type":"ListItem","position":1,"name":"Strona g\u0142\u00f3wna","item":"https:\/\/www.kendra.com.pl\/shop\/"},{"@type":"ListItem","position":2,"name":"Przerwa w dzia\u0142alno\u015bci sklepu&#8230;","item":"https:\/\/www.kendra.com.pl\/shop\/?page_id=1888"},{"@type":"ListItem","position":3,"name":"Kadzid\u0142o \u017cywiczne Frankincense (150g)"}]}]}},"_links":{"self":[{"href":"https:\/\/www.kendra.com.pl\/shop\/wp-json\/wp\/v2\/product\/3282"}],"collection":[{"href":"https:\/\/www.kendra.com.pl\/shop\/wp-json\/wp\/v2\/product"}],"about":[{"href":"https:\/\/www.kendra.com.pl\/shop\/wp-json\/wp\/v2\/types\/product"}],"replies":[{"embeddable":true,"href":"https:\/\/www.kendra.com.pl\/shop\/wp-json\/wp\/v2\/comments?post=3282"}],"wp:featuredmedia":[{"embeddable":true,"href":"https:\/\/www.kendra.com.pl\/shop\/wp-json\/wp\/v2\/media\/3283"}],"wp:attachment":[{"href":"https:\/\/www.kendra.com.pl\/shop\/wp-json\/wp\/v2\/media?parent=3282"}],"wp:term":[{"taxonomy":"product_cat","embeddable":true,"href":"https:\/\/www.kendra.com.pl\/shop\/wp-json\/wp\/v2\/product_cat?post=3282"},{"taxonomy":"product_tag","embeddable":true,"href":"https:\/\/www.kendra.com.pl\/shop\/wp-json\/wp\/v2\/product_tag?post=3282"}],"curies":[{"name":"wp","href":"https:\/\/api.w.org\/{rel}","templated":true}]}}