{"id":3284,"date":"2020-09-04T21:06:17","date_gmt":"2020-09-04T19:06:17","guid":{"rendered":"https:\/\/www.kendra.com.pl\/shop\/produkt\/boswellia-serrata-kadzidlo-indyjskie-50g\/"},"modified":"2025-02-16T14:17:01","modified_gmt":"2025-02-16T13:17:01","slug":"boswellia-serrata-kadzidlo-indyjskie-50g","status":"publish","type":"product","link":"https:\/\/www.kendra.com.pl\/shop\/produkt\/boswellia-serrata-kadzidlo-indyjskie-50g\/","title":{"rendered":"Boswellia Serrata kadzid\u0142o indyjskie (50g)"},"content":{"rendered":"<p>Boswellia serrata to kadzid\u0142owiec rosn\u0105cy w Indiach i Pakistanie, kt\u00f3ry wytwarza \u017cywic\u0119 nazywan\u0105 Shallaki, Salai, ale najbardziej popularny jest pod nazw\u0105 Frankincense.<\/p>\n<p>\u017bywica z tego drzewa pozyskiwana jest od wielu lat, w staro\u017cytnych Indiach stosowana do rytua\u0142\u00f3w religijnych, w szczeg\u00f3lno\u015bci do balsamowania zw\u0142ok.<\/p>\n<p>\u017bywica stosowana by\u0142a r\u00f3wnie\u017c w klasztorach, dzi\u0119ki swojemu niezwyk\u0142emu zapachowi nadawa\u0142a niesamowity klimat podczas medytacji i codziennych modlitw, pomagaj\u0105c wej\u015b\u0107 g\u0142\u0119biej w medytacj\u0119, spowalniaj\u0105c oddech i poprawiaj\u0105c koncentracj\u0119.<\/p>\n<p>\u017bywic\u0119 w obecnych czasach mo\u017cna znale\u017a\u0107 w produktach takich jak myd\u0142a i olejki z racji swoich w\u0142a\u015bciwo\u015bci takich jak: dzia\u0142anie przeciwb\u00f3lowe, uspokajaj\u0105ce, r\u00f3wnowa\u017c\u0105ce dosze pitty i kapha.<\/p>\n<p><strong>Dlaczego warto wybra\u0107 Boswellia Serrata &#8211; kadzid\u0142o indyjskie?<\/strong><\/p>\n<ul>\n<li>Tworzy niesamowit\u0105 atmosfer\u0119 w pomieszczeniu<\/li>\n<li>Pomaga zag\u0142\u0119bi\u0107 si\u0119 w medytacji<\/li>\n<li>Uspokaja i harmonizuje.<\/li>\n<\/ul>\n<p>Opisy s\u0105 chronione prawami autorskimi. Kopiowanie jest niedozwolone.<\/p>\n","protected":false},"excerpt":{"rendered":"<p>Naturalna \u017cywica pozyskiwana z drzewa indyjskiego kadzid\u0142owca o charakterystycznym, mistycznym zapachu sprzyjaj\u0105cym zag\u0142\u0119bianiu si\u0119 podczas medytacji.<\/p>\n","protected":false},"featured_media":3285,"comment_status":"open","ping_status":"closed","template":"","meta":[],"product_cat":[506,784,779,727,622,774,428,392,391,721,393],"product_tag":[606],"yoast_head":"<!-- This site is optimized with the Yoast SEO plugin v18.8 - https:\/\/yoast.com\/wordpress\/plugins\/seo\/ -->\n<title>Boswellia Serrata kadzid\u0142o indyjskie (50g) - Kendra Publishing<\/title>\n<meta name=\"robots\" content=\"noindex, follow\" \/>\n<meta property=\"og:locale\" content=\"pl_PL\" \/>\n<meta property=\"og:type\" content=\"article\" \/>\n<meta property=\"og:title\" content=\"Boswellia Serrata kadzid\u0142o indyjskie (50g) - Kendra Publishing\" \/>\n<meta property=\"og:description\" content=\"Naturalna \u017cywica pozyskiwana z drzewa indyjskiego kadzid\u0142owca o charakterystycznym, mistycznym zapachu sprzyjaj\u0105cym zag\u0142\u0119bianiu si\u0119 podczas medytacji.\" \/>\n<meta property=\"og:url\" content=\"https:\/\/www.kendra.com.pl\/shop\/produkt\/boswellia-serrata-kadzidlo-indyjskie-50g\/\" \/>\n<meta property=\"og:site_name\" content=\"Kendra Publishing\" \/>\n<meta property=\"article:modified_time\" content=\"2025-02-16T13:17:01+00:00\" \/>\n<meta property=\"og:image\" content=\"https:\/\/www.kendra.com.pl\/shop\/wp-content\/uploads\/2020\/09\/Kadzidlo_indyjskie_boswellia_serrata.jpg\" \/>\n\t<meta property=\"og:image:width\" content=\"1120\" \/>\n\t<meta property=\"og:image:height\" content=\"920\" \/>\n\t<meta property=\"og:image:type\" content=\"image\/jpeg\" \/>\n<meta name=\"twitter:card\" content=\"summary_large_image\" \/>\n<meta name=\"twitter:label1\" content=\"Szacowany czas czytania\" \/>\n\t<meta name=\"twitter:data1\" content=\"1 minuta\" \/>\n<script type=\"application\/ld+json\" class=\"yoast-schema-graph\">{\"@context\":\"https:\/\/schema.org\",\"@graph\":[{\"@type\":\"WebSite\",\"@id\":\"https:\/\/www.kendra.com.pl\/shop\/#website\",\"url\":\"https:\/\/www.kendra.com.pl\/shop\/\",\"name\":\"Kendra Publishing\",\"description\":\"Sklep\",\"potentialAction\":[{\"@type\":\"SearchAction\",\"target\":{\"@type\":\"EntryPoint\",\"urlTemplate\":\"https:\/\/www.kendra.com.pl\/shop\/?s={search_term_string}\"},\"query-input\":\"required name=search_term_string\"}],\"inLanguage\":\"pl-PL\"},{\"@type\":\"ImageObject\",\"inLanguage\":\"pl-PL\",\"@id\":\"https:\/\/www.kendra.com.pl\/shop\/produkt\/boswellia-serrata-kadzidlo-indyjskie-50g\/#primaryimage\",\"url\":\"https:\/\/www.kendra.com.pl\/shop\/wp-content\/uploads\/2020\/09\/Kadzidlo_indyjskie_boswellia_serrata.jpg\",\"contentUrl\":\"https:\/\/www.kendra.com.pl\/shop\/wp-content\/uploads\/2020\/09\/Kadzidlo_indyjskie_boswellia_serrata.jpg\",\"width\":1120,\"height\":920},{\"@type\":\"WebPage\",\"@id\":\"https:\/\/www.kendra.com.pl\/shop\/produkt\/boswellia-serrata-kadzidlo-indyjskie-50g\/#webpage\",\"url\":\"https:\/\/www.kendra.com.pl\/shop\/produkt\/boswellia-serrata-kadzidlo-indyjskie-50g\/\",\"name\":\"Boswellia Serrata kadzid\u0142o indyjskie (50g) - Kendra Publishing\",\"isPartOf\":{\"@id\":\"https:\/\/www.kendra.com.pl\/shop\/#website\"},\"primaryImageOfPage\":{\"@id\":\"https:\/\/www.kendra.com.pl\/shop\/produkt\/boswellia-serrata-kadzidlo-indyjskie-50g\/#primaryimage\"},\"datePublished\":\"2020-09-04T19:06:17+00:00\",\"dateModified\":\"2025-02-16T13:17:01+00:00\",\"breadcrumb\":{\"@id\":\"https:\/\/www.kendra.com.pl\/shop\/produkt\/boswellia-serrata-kadzidlo-indyjskie-50g\/#breadcrumb\"},\"inLanguage\":\"pl-PL\",\"potentialAction\":[{\"@type\":\"ReadAction\",\"target\":[\"https:\/\/www.kendra.com.pl\/shop\/produkt\/boswellia-serrata-kadzidlo-indyjskie-50g\/\"]}]},{\"@type\":\"BreadcrumbList\",\"@id\":\"https:\/\/www.kendra.com.pl\/shop\/produkt\/boswellia-serrata-kadzidlo-indyjskie-50g\/#breadcrumb\",\"itemListElement\":[{\"@type\":\"ListItem\",\"position\":1,\"name\":\"Strona g\u0142\u00f3wna\",\"item\":\"https:\/\/www.kendra.com.pl\/shop\/\"},{\"@type\":\"ListItem\",\"position\":2,\"name\":\"Przerwa w dzia\u0142alno\u015bci sklepu&#8230;\",\"item\":\"https:\/\/www.kendra.com.pl\/shop\/?page_id=1888\"},{\"@type\":\"ListItem\",\"position\":3,\"name\":\"Boswellia Serrata kadzid\u0142o indyjskie (50g)\"}]}]}<\/script>\n<!-- \/ Yoast SEO plugin. -->","yoast_head_json":{"title":"Boswellia Serrata kadzid\u0142o indyjskie (50g) - Kendra Publishing","robots":{"index":"noindex","follow":"follow"},"og_locale":"pl_PL","og_type":"article","og_title":"Boswellia Serrata kadzid\u0142o indyjskie (50g) - Kendra Publishing","og_description":"Naturalna \u017cywica pozyskiwana z drzewa indyjskiego kadzid\u0142owca o charakterystycznym, mistycznym zapachu sprzyjaj\u0105cym zag\u0142\u0119bianiu si\u0119 podczas medytacji.","og_url":"https:\/\/www.kendra.com.pl\/shop\/produkt\/boswellia-serrata-kadzidlo-indyjskie-50g\/","og_site_name":"Kendra Publishing","article_modified_time":"2025-02-16T13:17:01+00:00","og_image":[{"width":1120,"height":920,"url":"https:\/\/www.kendra.com.pl\/shop\/wp-content\/uploads\/2020\/09\/Kadzidlo_indyjskie_boswellia_serrata.jpg","type":"image\/jpeg"}],"twitter_card":"summary_large_image","twitter_misc":{"Szacowany czas czytania":"1 minuta"},"schema":{"@context":"https:\/\/schema.org","@graph":[{"@type":"WebSite","@id":"https:\/\/www.kendra.com.pl\/shop\/#website","url":"https:\/\/www.kendra.com.pl\/shop\/","name":"Kendra Publishing","description":"Sklep","potentialAction":[{"@type":"SearchAction","target":{"@type":"EntryPoint","urlTemplate":"https:\/\/www.kendra.com.pl\/shop\/?s={search_term_string}"},"query-input":"required name=search_term_string"}],"inLanguage":"pl-PL"},{"@type":"ImageObject","inLanguage":"pl-PL","@id":"https:\/\/www.kendra.com.pl\/shop\/produkt\/boswellia-serrata-kadzidlo-indyjskie-50g\/#primaryimage","url":"https:\/\/www.kendra.com.pl\/shop\/wp-content\/uploads\/2020\/09\/Kadzidlo_indyjskie_boswellia_serrata.jpg","contentUrl":"https:\/\/www.kendra.com.pl\/shop\/wp-content\/uploads\/2020\/09\/Kadzidlo_indyjskie_boswellia_serrata.jpg","width":1120,"height":920},{"@type":"WebPage","@id":"https:\/\/www.kendra.com.pl\/shop\/produkt\/boswellia-serrata-kadzidlo-indyjskie-50g\/#webpage","url":"https:\/\/www.kendra.com.pl\/shop\/produkt\/boswellia-serrata-kadzidlo-indyjskie-50g\/","name":"Boswellia Serrata kadzid\u0142o indyjskie (50g) - Kendra Publishing","isPartOf":{"@id":"https:\/\/www.kendra.com.pl\/shop\/#website"},"primaryImageOfPage":{"@id":"https:\/\/www.kendra.com.pl\/shop\/produkt\/boswellia-serrata-kadzidlo-indyjskie-50g\/#primaryimage"},"datePublished":"2020-09-04T19:06:17+00:00","dateModified":"2025-02-16T13:17:01+00:00","breadcrumb":{"@id":"https:\/\/www.kendra.com.pl\/shop\/produkt\/boswellia-serrata-kadzidlo-indyjskie-50g\/#breadcrumb"},"inLanguage":"pl-PL","potentialAction":[{"@type":"ReadAction","target":["https:\/\/www.kendra.com.pl\/shop\/produkt\/boswellia-serrata-kadzidlo-indyjskie-50g\/"]}]},{"@type":"BreadcrumbList","@id":"https:\/\/www.kendra.com.pl\/shop\/produkt\/boswellia-serrata-kadzidlo-indyjskie-50g\/#breadcrumb","itemListElement":[{"@type":"ListItem","position":1,"name":"Strona g\u0142\u00f3wna","item":"https:\/\/www.kendra.com.pl\/shop\/"},{"@type":"ListItem","position":2,"name":"Przerwa w dzia\u0142alno\u015bci sklepu&#8230;","item":"https:\/\/www.kendra.com.pl\/shop\/?page_id=1888"},{"@type":"ListItem","position":3,"name":"Boswellia Serrata kadzid\u0142o indyjskie (50g)"}]}]}},"_links":{"self":[{"href":"https:\/\/www.kendra.com.pl\/shop\/wp-json\/wp\/v2\/product\/3284"}],"collection":[{"href":"https:\/\/www.kendra.com.pl\/shop\/wp-json\/wp\/v2\/product"}],"about":[{"href":"https:\/\/www.kendra.com.pl\/shop\/wp-json\/wp\/v2\/types\/product"}],"replies":[{"embeddable":true,"href":"https:\/\/www.kendra.com.pl\/shop\/wp-json\/wp\/v2\/comments?post=3284"}],"wp:featuredmedia":[{"embeddable":true,"href":"https:\/\/www.kendra.com.pl\/shop\/wp-json\/wp\/v2\/media\/3285"}],"wp:attachment":[{"href":"https:\/\/www.kendra.com.pl\/shop\/wp-json\/wp\/v2\/media?parent=3284"}],"wp:term":[{"taxonomy":"product_cat","embeddable":true,"href":"https:\/\/www.kendra.com.pl\/shop\/wp-json\/wp\/v2\/product_cat?post=3284"},{"taxonomy":"product_tag","embeddable":true,"href":"https:\/\/www.kendra.com.pl\/shop\/wp-json\/wp\/v2\/product_tag?post=3284"}],"curies":[{"name":"wp","href":"https:\/\/api.w.org\/{rel}","templated":true}]}}