{"id":3290,"date":"2020-03-03T11:53:24","date_gmt":"2020-03-03T10:53:24","guid":{"rendered":"https:\/\/www.kendra.com.pl\/shop\/produkt\/zywica-swierka-norweskiego-25g-surowa\/"},"modified":"2025-02-16T14:17:28","modified_gmt":"2025-02-16T13:17:28","slug":"zywica-swierka-norweskiego-25g-surowa","status":"publish","type":"product","link":"https:\/\/www.kendra.com.pl\/shop\/produkt\/zywica-swierka-norweskiego-25g-surowa\/","title":{"rendered":"\u017bywica \u015awierka Norweskiego surowa (25g)"},"content":{"rendered":"<p><span style=\"font-weight: 400\">\u017bywica \u015bwierku norweskiego ma lekki, nieskomplikowany zapach, kt\u00f3ry wprawia w radosny nastr\u00f3j. Nie jest przy tym przyt\u0142aczaj\u0105ca tak, jak inne kadzid\u0142a \u017cywiczne o bardziej z\u0142o\u017conych woniach. Pachnie dopiero po rozpuszczeniu na gor\u0105cym w\u0119gielku. W jej aromacie mo\u017cna wyczu\u0107 tony lasu iglastego, cytrus\u00f3w oraz wanilii. \u015awierkowa \u017cywica ceniona jest z uwagi na w\u0142a\u015bciwo\u015bci lecznicze. Od tysi\u0119cy lat wykorzystywana jest w medycynie ludowej u Skandynaw\u00f3w i Indian. Dawniej robiono z niej ma\u015bci, kt\u00f3re przyspiesza\u0142y gojenie ran i owrzodze\u0144 oraz przynosi\u0142y ulg\u0119 bol\u0105cym stawom. Wykorzystywano j\u0105 r\u00f3wnie\u017c do sporz\u0105dzania syrop\u00f3w i olejk\u00f3w, kt\u00f3re przynosi\u0142y ulg\u0119 p\u0142ucom. Co ciekawe, Indianie \u017culi \u015bwierkow\u0105 \u017cywic\u0119 po to, by ul\u017cy\u0107 sobie w problemach z uk\u0142adem trawiennym i z\u0142agodzi\u0107 b\u00f3le gard\u0142a. Do dzi\u015b wdychanie olejk\u00f3w \u017cywicznych, uwalnianych podczas palenia kadzid\u0142a, u\u0142atwia oddychanie i przynosi ulg\u0119 w czasie infekcji g\u00f3rnych dr\u00f3g oddechowych.<\/span><\/p>\n<p><span style=\"font-weight: 400\">Oferujemy \u017cywic\u0119 \u015bwierku norweskiego w wersji surowej (nieoczyszczonej). By wydoby\u0107 pe\u0142ni\u0119 aromatu, wybran\u0105 ilo\u015b\u0107 kadzid\u0142a nale\u017cy wysypa\u0107 na roz\u017carzony w\u0119gielek trybularzowy, u\u0142o\u017cony w kadzielniczce lub na niepalnej podstawce.<\/span><\/p>\n<p><b>Czym wyr\u00f3\u017cnia si\u0119 \u017cywica ze \u015bwierku norweskiego?<\/b><\/p>\n<ul>\n<li style=\"font-weight: 400\"><span style=\"font-weight: 400\">Ma lekki, orze\u017awiaj\u0105cy zapach<\/span><\/li>\n<li style=\"font-weight: 400\"><span style=\"font-weight: 400\">Oczyszcza drogi oddechowe \u00a0\u00a0\u00a0\u00a0\u00a0\u00a0<\/span><\/li>\n<\/ul>\n<p>Opisy s\u0105 chronione prawami autorskimi. Kopiowanie jest niedozwolone.<\/p>\n","protected":false},"excerpt":{"rendered":"<p><span style=\"font-weight: 400\">Przyjemny, od\u015bwie\u017caj\u0105cy zapach iglastego lasu. \u017bywica ma s\u0142odkawy, le\u015bny aromat z wyczuwalnymi nutami wanilii i cytrus\u00f3w. Wo\u0144 \u015bwierku norweskiego poprawia nastr\u00f3j i ma w\u0142a\u015bciwo\u015bci prozdrowotne.<\/span><\/p>\n","protected":false},"featured_media":3291,"comment_status":"open","ping_status":"closed","template":"","meta":[],"product_cat":[622,392,407],"product_tag":[],"yoast_head":"<!-- This site is optimized with the Yoast SEO plugin v18.8 - https:\/\/yoast.com\/wordpress\/plugins\/seo\/ -->\n<title>\u017bywica \u015awierka Norweskiego surowa (25g) - Kendra Publishing<\/title>\n<meta name=\"robots\" content=\"noindex, follow\" \/>\n<meta property=\"og:locale\" content=\"pl_PL\" \/>\n<meta property=\"og:type\" content=\"article\" \/>\n<meta property=\"og:title\" content=\"\u017bywica \u015awierka Norweskiego surowa (25g) - Kendra Publishing\" \/>\n<meta property=\"og:description\" content=\"Przyjemny, od\u015bwie\u017caj\u0105cy zapach iglastego lasu. \u017bywica ma s\u0142odkawy, le\u015bny aromat z wyczuwalnymi nutami wanilii i cytrus\u00f3w. Wo\u0144 \u015bwierku norweskiego poprawia nastr\u00f3j i ma w\u0142a\u015bciwo\u015bci prozdrowotne.\" \/>\n<meta property=\"og:url\" content=\"https:\/\/www.kendra.com.pl\/shop\/produkt\/zywica-swierka-norweskiego-25g-surowa\/\" \/>\n<meta property=\"og:site_name\" content=\"Kendra Publishing\" \/>\n<meta property=\"article:modified_time\" content=\"2025-02-16T13:17:28+00:00\" \/>\n<meta property=\"og:image\" content=\"https:\/\/www.kendra.com.pl\/shop\/wp-content\/uploads\/2020\/03\/Zywica-swierka-norweskiego-surowe-25g.jpg\" \/>\n\t<meta property=\"og:image:width\" content=\"1120\" \/>\n\t<meta property=\"og:image:height\" content=\"920\" \/>\n\t<meta property=\"og:image:type\" content=\"image\/jpeg\" \/>\n<meta name=\"twitter:card\" content=\"summary_large_image\" \/>\n<meta name=\"twitter:label1\" content=\"Szacowany czas czytania\" \/>\n\t<meta name=\"twitter:data1\" content=\"1 minuta\" \/>\n<script type=\"application\/ld+json\" class=\"yoast-schema-graph\">{\"@context\":\"https:\/\/schema.org\",\"@graph\":[{\"@type\":\"WebSite\",\"@id\":\"https:\/\/www.kendra.com.pl\/shop\/#website\",\"url\":\"https:\/\/www.kendra.com.pl\/shop\/\",\"name\":\"Kendra Publishing\",\"description\":\"Sklep\",\"potentialAction\":[{\"@type\":\"SearchAction\",\"target\":{\"@type\":\"EntryPoint\",\"urlTemplate\":\"https:\/\/www.kendra.com.pl\/shop\/?s={search_term_string}\"},\"query-input\":\"required name=search_term_string\"}],\"inLanguage\":\"pl-PL\"},{\"@type\":\"ImageObject\",\"inLanguage\":\"pl-PL\",\"@id\":\"https:\/\/www.kendra.com.pl\/shop\/produkt\/zywica-swierka-norweskiego-25g-surowa\/#primaryimage\",\"url\":\"https:\/\/www.kendra.com.pl\/shop\/wp-content\/uploads\/2020\/03\/Zywica-swierka-norweskiego-surowe-25g.jpg\",\"contentUrl\":\"https:\/\/www.kendra.com.pl\/shop\/wp-content\/uploads\/2020\/03\/Zywica-swierka-norweskiego-surowe-25g.jpg\",\"width\":1120,\"height\":920},{\"@type\":\"WebPage\",\"@id\":\"https:\/\/www.kendra.com.pl\/shop\/produkt\/zywica-swierka-norweskiego-25g-surowa\/#webpage\",\"url\":\"https:\/\/www.kendra.com.pl\/shop\/produkt\/zywica-swierka-norweskiego-25g-surowa\/\",\"name\":\"\u017bywica \u015awierka Norweskiego surowa (25g) - Kendra Publishing\",\"isPartOf\":{\"@id\":\"https:\/\/www.kendra.com.pl\/shop\/#website\"},\"primaryImageOfPage\":{\"@id\":\"https:\/\/www.kendra.com.pl\/shop\/produkt\/zywica-swierka-norweskiego-25g-surowa\/#primaryimage\"},\"datePublished\":\"2020-03-03T10:53:24+00:00\",\"dateModified\":\"2025-02-16T13:17:28+00:00\",\"breadcrumb\":{\"@id\":\"https:\/\/www.kendra.com.pl\/shop\/produkt\/zywica-swierka-norweskiego-25g-surowa\/#breadcrumb\"},\"inLanguage\":\"pl-PL\",\"potentialAction\":[{\"@type\":\"ReadAction\",\"target\":[\"https:\/\/www.kendra.com.pl\/shop\/produkt\/zywica-swierka-norweskiego-25g-surowa\/\"]}]},{\"@type\":\"BreadcrumbList\",\"@id\":\"https:\/\/www.kendra.com.pl\/shop\/produkt\/zywica-swierka-norweskiego-25g-surowa\/#breadcrumb\",\"itemListElement\":[{\"@type\":\"ListItem\",\"position\":1,\"name\":\"Strona g\u0142\u00f3wna\",\"item\":\"https:\/\/www.kendra.com.pl\/shop\/\"},{\"@type\":\"ListItem\",\"position\":2,\"name\":\"Przerwa w dzia\u0142alno\u015bci sklepu&#8230;\",\"item\":\"https:\/\/www.kendra.com.pl\/shop\/?page_id=1888\"},{\"@type\":\"ListItem\",\"position\":3,\"name\":\"\u017bywica \u015awierka Norweskiego surowa (25g)\"}]}]}<\/script>\n<!-- \/ Yoast SEO plugin. -->","yoast_head_json":{"title":"\u017bywica \u015awierka Norweskiego surowa (25g) - Kendra Publishing","robots":{"index":"noindex","follow":"follow"},"og_locale":"pl_PL","og_type":"article","og_title":"\u017bywica \u015awierka Norweskiego surowa (25g) - Kendra Publishing","og_description":"Przyjemny, od\u015bwie\u017caj\u0105cy zapach iglastego lasu. \u017bywica ma s\u0142odkawy, le\u015bny aromat z wyczuwalnymi nutami wanilii i cytrus\u00f3w. Wo\u0144 \u015bwierku norweskiego poprawia nastr\u00f3j i ma w\u0142a\u015bciwo\u015bci prozdrowotne.","og_url":"https:\/\/www.kendra.com.pl\/shop\/produkt\/zywica-swierka-norweskiego-25g-surowa\/","og_site_name":"Kendra Publishing","article_modified_time":"2025-02-16T13:17:28+00:00","og_image":[{"width":1120,"height":920,"url":"https:\/\/www.kendra.com.pl\/shop\/wp-content\/uploads\/2020\/03\/Zywica-swierka-norweskiego-surowe-25g.jpg","type":"image\/jpeg"}],"twitter_card":"summary_large_image","twitter_misc":{"Szacowany czas czytania":"1 minuta"},"schema":{"@context":"https:\/\/schema.org","@graph":[{"@type":"WebSite","@id":"https:\/\/www.kendra.com.pl\/shop\/#website","url":"https:\/\/www.kendra.com.pl\/shop\/","name":"Kendra Publishing","description":"Sklep","potentialAction":[{"@type":"SearchAction","target":{"@type":"EntryPoint","urlTemplate":"https:\/\/www.kendra.com.pl\/shop\/?s={search_term_string}"},"query-input":"required name=search_term_string"}],"inLanguage":"pl-PL"},{"@type":"ImageObject","inLanguage":"pl-PL","@id":"https:\/\/www.kendra.com.pl\/shop\/produkt\/zywica-swierka-norweskiego-25g-surowa\/#primaryimage","url":"https:\/\/www.kendra.com.pl\/shop\/wp-content\/uploads\/2020\/03\/Zywica-swierka-norweskiego-surowe-25g.jpg","contentUrl":"https:\/\/www.kendra.com.pl\/shop\/wp-content\/uploads\/2020\/03\/Zywica-swierka-norweskiego-surowe-25g.jpg","width":1120,"height":920},{"@type":"WebPage","@id":"https:\/\/www.kendra.com.pl\/shop\/produkt\/zywica-swierka-norweskiego-25g-surowa\/#webpage","url":"https:\/\/www.kendra.com.pl\/shop\/produkt\/zywica-swierka-norweskiego-25g-surowa\/","name":"\u017bywica \u015awierka Norweskiego surowa (25g) - Kendra Publishing","isPartOf":{"@id":"https:\/\/www.kendra.com.pl\/shop\/#website"},"primaryImageOfPage":{"@id":"https:\/\/www.kendra.com.pl\/shop\/produkt\/zywica-swierka-norweskiego-25g-surowa\/#primaryimage"},"datePublished":"2020-03-03T10:53:24+00:00","dateModified":"2025-02-16T13:17:28+00:00","breadcrumb":{"@id":"https:\/\/www.kendra.com.pl\/shop\/produkt\/zywica-swierka-norweskiego-25g-surowa\/#breadcrumb"},"inLanguage":"pl-PL","potentialAction":[{"@type":"ReadAction","target":["https:\/\/www.kendra.com.pl\/shop\/produkt\/zywica-swierka-norweskiego-25g-surowa\/"]}]},{"@type":"BreadcrumbList","@id":"https:\/\/www.kendra.com.pl\/shop\/produkt\/zywica-swierka-norweskiego-25g-surowa\/#breadcrumb","itemListElement":[{"@type":"ListItem","position":1,"name":"Strona g\u0142\u00f3wna","item":"https:\/\/www.kendra.com.pl\/shop\/"},{"@type":"ListItem","position":2,"name":"Przerwa w dzia\u0142alno\u015bci sklepu&#8230;","item":"https:\/\/www.kendra.com.pl\/shop\/?page_id=1888"},{"@type":"ListItem","position":3,"name":"\u017bywica \u015awierka Norweskiego surowa (25g)"}]}]}},"_links":{"self":[{"href":"https:\/\/www.kendra.com.pl\/shop\/wp-json\/wp\/v2\/product\/3290"}],"collection":[{"href":"https:\/\/www.kendra.com.pl\/shop\/wp-json\/wp\/v2\/product"}],"about":[{"href":"https:\/\/www.kendra.com.pl\/shop\/wp-json\/wp\/v2\/types\/product"}],"replies":[{"embeddable":true,"href":"https:\/\/www.kendra.com.pl\/shop\/wp-json\/wp\/v2\/comments?post=3290"}],"wp:featuredmedia":[{"embeddable":true,"href":"https:\/\/www.kendra.com.pl\/shop\/wp-json\/wp\/v2\/media\/3291"}],"wp:attachment":[{"href":"https:\/\/www.kendra.com.pl\/shop\/wp-json\/wp\/v2\/media?parent=3290"}],"wp:term":[{"taxonomy":"product_cat","embeddable":true,"href":"https:\/\/www.kendra.com.pl\/shop\/wp-json\/wp\/v2\/product_cat?post=3290"},{"taxonomy":"product_tag","embeddable":true,"href":"https:\/\/www.kendra.com.pl\/shop\/wp-json\/wp\/v2\/product_tag?post=3290"}],"curies":[{"name":"wp","href":"https:\/\/api.w.org\/{rel}","templated":true}]}}