{"id":3297,"date":"2019-10-20T10:28:12","date_gmt":"2019-10-20T08:28:12","guid":{"rendered":"https:\/\/www.kendra.com.pl\/shop\/produkt\/zywica-sosny-zoltej-10-g\/"},"modified":"2023-05-25T05:14:11","modified_gmt":"2023-05-25T03:14:11","slug":"zywica-sosny-zoltej-10-g","status":"publish","type":"product","link":"https:\/\/www.kendra.com.pl\/shop\/produkt\/zywica-sosny-zoltej-10-g\/","title":{"rendered":"\u017bywica sosny \u017c\u00f3\u0142tej (10g)"},"content":{"rendered":"<p>Sosna \u017c\u00f3\u0142ta (Pinus ponderosa) i jej \u017cywica maj\u0105 zastosowanie w rytua\u0142ach magicznych.<\/p>\n<p><strong>Dzia\u0142anie:<\/strong><\/p>\n<p>\u017bywica sosny stosowana jako kadzid\u0142o pomaga oczy\u015bci\u0107 nam czakr\u0119 gard\u0142a, dzia\u0142a ochronnie, wyp\u0119dza z\u0142e i negatywne moce i si\u0142y, niszczy z\u0142o i oczyszcza pomieszczenia. Pono\u0107 ma r\u00f3wnie\u017c moc odwracania wszystkich czar\u00f3w i urok\u00f3w i kierowania ich do tych, kt\u00f3rzy je rzucili. Przyci\u0105ga materialne dobra i pieni\u0105dze.<\/p>\n<p><strong>Sk\u0142ad:<\/strong><\/p>\n<p>\u017bywica sosny \u017c\u00f3\u0142tej 100%<\/p>\n<p><b>Dlaczego warto kupi\u0107 \u017cywic\u0119 sosny \u017c\u00f3\u0142tej:<\/b><\/p>\n<ul>\n<li>mo\u017cna stosowa\u0107 j\u0105 jako kadzid\u0142o,<\/li>\n<li>polecane do oczyszczania pomieszcze\u0144.<\/li>\n<\/ul>\n<p>Opisy s\u0105 chronione prawami autorskimi. Kopiowanie jest niedozwolone.<\/p>\n","protected":false},"excerpt":{"rendered":"<p>\u017bywica sosny \u017c\u00f3\u0142tej ma przyjemny, le\u015bny aromat. Jako kadzid\u0142o polecane do oczyszczania pomieszcze\u0144 z negatywnej energii. Polecany r\u00f3wnie\u017c do oczyszczenia czakry gard\u0142a.<\/p>\n","protected":false},"featured_media":3298,"comment_status":"open","ping_status":"closed","template":"","meta":[],"product_cat":[419,506,775,787,622,428,391,433,401,788],"product_tag":[606],"yoast_head":"<!-- This site is optimized with the Yoast SEO plugin v18.8 - https:\/\/yoast.com\/wordpress\/plugins\/seo\/ -->\n<title>\u017bywica sosny \u017c\u00f3\u0142tej (10g) - Kendra Publishing<\/title>\n<meta name=\"robots\" content=\"noindex, follow\" \/>\n<meta property=\"og:locale\" content=\"pl_PL\" \/>\n<meta property=\"og:type\" content=\"article\" \/>\n<meta property=\"og:title\" content=\"\u017bywica sosny \u017c\u00f3\u0142tej (10g) - Kendra Publishing\" \/>\n<meta property=\"og:description\" content=\"\u017bywica sosny \u017c\u00f3\u0142tej ma przyjemny, le\u015bny aromat. Jako kadzid\u0142o polecane do oczyszczania pomieszcze\u0144 z negatywnej energii. Polecany r\u00f3wnie\u017c do oczyszczenia czakry gard\u0142a.\" \/>\n<meta property=\"og:url\" content=\"https:\/\/www.kendra.com.pl\/shop\/produkt\/zywica-sosny-zoltej-10-g\/\" \/>\n<meta property=\"og:site_name\" content=\"Kendra Publishing\" \/>\n<meta property=\"article:modified_time\" content=\"2023-05-25T03:14:11+00:00\" \/>\n<meta property=\"og:image\" content=\"https:\/\/www.kendra.com.pl\/shop\/wp-content\/uploads\/2019\/10\/zywica_sosny_zoltej_kadzidlo.jpg\" \/>\n\t<meta property=\"og:image:width\" content=\"1120\" \/>\n\t<meta property=\"og:image:height\" content=\"920\" \/>\n\t<meta property=\"og:image:type\" content=\"image\/jpeg\" \/>\n<meta name=\"twitter:card\" content=\"summary_large_image\" \/>\n<meta name=\"twitter:label1\" content=\"Szacowany czas czytania\" \/>\n\t<meta name=\"twitter:data1\" content=\"1 minuta\" \/>\n<script type=\"application\/ld+json\" class=\"yoast-schema-graph\">{\"@context\":\"https:\/\/schema.org\",\"@graph\":[{\"@type\":\"WebSite\",\"@id\":\"https:\/\/www.kendra.com.pl\/shop\/#website\",\"url\":\"https:\/\/www.kendra.com.pl\/shop\/\",\"name\":\"Kendra Publishing\",\"description\":\"Sklep\",\"potentialAction\":[{\"@type\":\"SearchAction\",\"target\":{\"@type\":\"EntryPoint\",\"urlTemplate\":\"https:\/\/www.kendra.com.pl\/shop\/?s={search_term_string}\"},\"query-input\":\"required name=search_term_string\"}],\"inLanguage\":\"pl-PL\"},{\"@type\":\"ImageObject\",\"inLanguage\":\"pl-PL\",\"@id\":\"https:\/\/www.kendra.com.pl\/shop\/produkt\/zywica-sosny-zoltej-10-g\/#primaryimage\",\"url\":\"https:\/\/www.kendra.com.pl\/shop\/wp-content\/uploads\/2019\/10\/zywica_sosny_zoltej_kadzidlo.jpg\",\"contentUrl\":\"https:\/\/www.kendra.com.pl\/shop\/wp-content\/uploads\/2019\/10\/zywica_sosny_zoltej_kadzidlo.jpg\",\"width\":1120,\"height\":920},{\"@type\":\"WebPage\",\"@id\":\"https:\/\/www.kendra.com.pl\/shop\/produkt\/zywica-sosny-zoltej-10-g\/#webpage\",\"url\":\"https:\/\/www.kendra.com.pl\/shop\/produkt\/zywica-sosny-zoltej-10-g\/\",\"name\":\"\u017bywica sosny \u017c\u00f3\u0142tej (10g) - Kendra Publishing\",\"isPartOf\":{\"@id\":\"https:\/\/www.kendra.com.pl\/shop\/#website\"},\"primaryImageOfPage\":{\"@id\":\"https:\/\/www.kendra.com.pl\/shop\/produkt\/zywica-sosny-zoltej-10-g\/#primaryimage\"},\"datePublished\":\"2019-10-20T08:28:12+00:00\",\"dateModified\":\"2023-05-25T03:14:11+00:00\",\"breadcrumb\":{\"@id\":\"https:\/\/www.kendra.com.pl\/shop\/produkt\/zywica-sosny-zoltej-10-g\/#breadcrumb\"},\"inLanguage\":\"pl-PL\",\"potentialAction\":[{\"@type\":\"ReadAction\",\"target\":[\"https:\/\/www.kendra.com.pl\/shop\/produkt\/zywica-sosny-zoltej-10-g\/\"]}]},{\"@type\":\"BreadcrumbList\",\"@id\":\"https:\/\/www.kendra.com.pl\/shop\/produkt\/zywica-sosny-zoltej-10-g\/#breadcrumb\",\"itemListElement\":[{\"@type\":\"ListItem\",\"position\":1,\"name\":\"Strona g\u0142\u00f3wna\",\"item\":\"https:\/\/www.kendra.com.pl\/shop\/\"},{\"@type\":\"ListItem\",\"position\":2,\"name\":\"Przerwa w dzia\u0142alno\u015bci sklepu&#8230;\",\"item\":\"https:\/\/www.kendra.com.pl\/shop\/?page_id=1888\"},{\"@type\":\"ListItem\",\"position\":3,\"name\":\"\u017bywica sosny \u017c\u00f3\u0142tej (10g)\"}]}]}<\/script>\n<!-- \/ Yoast SEO plugin. -->","yoast_head_json":{"title":"\u017bywica sosny \u017c\u00f3\u0142tej (10g) - Kendra Publishing","robots":{"index":"noindex","follow":"follow"},"og_locale":"pl_PL","og_type":"article","og_title":"\u017bywica sosny \u017c\u00f3\u0142tej (10g) - Kendra Publishing","og_description":"\u017bywica sosny \u017c\u00f3\u0142tej ma przyjemny, le\u015bny aromat. Jako kadzid\u0142o polecane do oczyszczania pomieszcze\u0144 z negatywnej energii. Polecany r\u00f3wnie\u017c do oczyszczenia czakry gard\u0142a.","og_url":"https:\/\/www.kendra.com.pl\/shop\/produkt\/zywica-sosny-zoltej-10-g\/","og_site_name":"Kendra Publishing","article_modified_time":"2023-05-25T03:14:11+00:00","og_image":[{"width":1120,"height":920,"url":"https:\/\/www.kendra.com.pl\/shop\/wp-content\/uploads\/2019\/10\/zywica_sosny_zoltej_kadzidlo.jpg","type":"image\/jpeg"}],"twitter_card":"summary_large_image","twitter_misc":{"Szacowany czas czytania":"1 minuta"},"schema":{"@context":"https:\/\/schema.org","@graph":[{"@type":"WebSite","@id":"https:\/\/www.kendra.com.pl\/shop\/#website","url":"https:\/\/www.kendra.com.pl\/shop\/","name":"Kendra Publishing","description":"Sklep","potentialAction":[{"@type":"SearchAction","target":{"@type":"EntryPoint","urlTemplate":"https:\/\/www.kendra.com.pl\/shop\/?s={search_term_string}"},"query-input":"required name=search_term_string"}],"inLanguage":"pl-PL"},{"@type":"ImageObject","inLanguage":"pl-PL","@id":"https:\/\/www.kendra.com.pl\/shop\/produkt\/zywica-sosny-zoltej-10-g\/#primaryimage","url":"https:\/\/www.kendra.com.pl\/shop\/wp-content\/uploads\/2019\/10\/zywica_sosny_zoltej_kadzidlo.jpg","contentUrl":"https:\/\/www.kendra.com.pl\/shop\/wp-content\/uploads\/2019\/10\/zywica_sosny_zoltej_kadzidlo.jpg","width":1120,"height":920},{"@type":"WebPage","@id":"https:\/\/www.kendra.com.pl\/shop\/produkt\/zywica-sosny-zoltej-10-g\/#webpage","url":"https:\/\/www.kendra.com.pl\/shop\/produkt\/zywica-sosny-zoltej-10-g\/","name":"\u017bywica sosny \u017c\u00f3\u0142tej (10g) - Kendra Publishing","isPartOf":{"@id":"https:\/\/www.kendra.com.pl\/shop\/#website"},"primaryImageOfPage":{"@id":"https:\/\/www.kendra.com.pl\/shop\/produkt\/zywica-sosny-zoltej-10-g\/#primaryimage"},"datePublished":"2019-10-20T08:28:12+00:00","dateModified":"2023-05-25T03:14:11+00:00","breadcrumb":{"@id":"https:\/\/www.kendra.com.pl\/shop\/produkt\/zywica-sosny-zoltej-10-g\/#breadcrumb"},"inLanguage":"pl-PL","potentialAction":[{"@type":"ReadAction","target":["https:\/\/www.kendra.com.pl\/shop\/produkt\/zywica-sosny-zoltej-10-g\/"]}]},{"@type":"BreadcrumbList","@id":"https:\/\/www.kendra.com.pl\/shop\/produkt\/zywica-sosny-zoltej-10-g\/#breadcrumb","itemListElement":[{"@type":"ListItem","position":1,"name":"Strona g\u0142\u00f3wna","item":"https:\/\/www.kendra.com.pl\/shop\/"},{"@type":"ListItem","position":2,"name":"Przerwa w dzia\u0142alno\u015bci sklepu&#8230;","item":"https:\/\/www.kendra.com.pl\/shop\/?page_id=1888"},{"@type":"ListItem","position":3,"name":"\u017bywica sosny \u017c\u00f3\u0142tej (10g)"}]}]}},"_links":{"self":[{"href":"https:\/\/www.kendra.com.pl\/shop\/wp-json\/wp\/v2\/product\/3297"}],"collection":[{"href":"https:\/\/www.kendra.com.pl\/shop\/wp-json\/wp\/v2\/product"}],"about":[{"href":"https:\/\/www.kendra.com.pl\/shop\/wp-json\/wp\/v2\/types\/product"}],"replies":[{"embeddable":true,"href":"https:\/\/www.kendra.com.pl\/shop\/wp-json\/wp\/v2\/comments?post=3297"}],"wp:featuredmedia":[{"embeddable":true,"href":"https:\/\/www.kendra.com.pl\/shop\/wp-json\/wp\/v2\/media\/3298"}],"wp:attachment":[{"href":"https:\/\/www.kendra.com.pl\/shop\/wp-json\/wp\/v2\/media?parent=3297"}],"wp:term":[{"taxonomy":"product_cat","embeddable":true,"href":"https:\/\/www.kendra.com.pl\/shop\/wp-json\/wp\/v2\/product_cat?post=3297"},{"taxonomy":"product_tag","embeddable":true,"href":"https:\/\/www.kendra.com.pl\/shop\/wp-json\/wp\/v2\/product_tag?post=3297"}],"curies":[{"name":"wp","href":"https:\/\/api.w.org\/{rel}","templated":true}]}}