{"id":3307,"date":"2019-04-24T15:09:37","date_gmt":"2019-04-24T13:09:37","guid":{"rendered":"https:\/\/www.kendra.com.pl\/shop\/produkt\/kadzidlo-zywiczne-copal-70g\/"},"modified":"2023-05-25T05:40:27","modified_gmt":"2023-05-25T03:40:27","slug":"kadzidlo-zywiczne-copal-70g","status":"publish","type":"product","link":"https:\/\/www.kendra.com.pl\/shop\/produkt\/kadzidlo-zywiczne-copal-70g\/","title":{"rendered":"Kadzid\u0142o \u017cywiczne Copal (70g)"},"content":{"rendered":"<p><span style=\"font-weight: 400\">Kadzid\u0142o \u017cywiczne sk\u0142ada si\u0119 z kryszta\u0142k\u00f3w naturalnej \u017cywicy drzewa Agathis alba. <\/span><\/p>\n<p><strong>Dzia\u0142anie:<\/strong><\/p>\n<p><span style=\"font-weight: 400\">Znajduje ona szerokie zastosowanie w lecznictwie \u2013 przed laty u\u015bmierza\u0142a b\u00f3le \u017co\u0142\u0105dka i b\u00f3le g\u0142owy, a tak\u017ce pomaga\u0142a w przypadku oparze\u0144. Wykorzystuje si\u0119 j\u0105 r\u00f3wnie\u017c przy produkcji lakier\u00f3w, jako naturalny utwardzacz.<\/span><\/p>\n<p><span style=\"font-weight: 400\">Do rozpalenia kadzid\u0142a \u017cywicznego potrzeba kadzielniczki oraz w\u0119gielk\u00f3w trybularzowych (mo\u017cna kupi\u0107 je w naszym sklepie). Niewielk\u0105 ilo\u015b\u0107 kryszta\u0142k\u00f3w \u017cywicy nale\u017cy nasypa\u0107 na roz\u017carzony w\u0119gielek.<\/span><\/p>\n<p><b>Dlaczego warto pali\u0107 kadzid\u0142o \u017cywiczne Copal?<\/b><\/p>\n<ul>\n<li style=\"font-weight: 400\"><span style=\"font-weight: 400\">Niepowtarzalnie pachnie<\/span><\/li>\n<li style=\"font-weight: 400\"><span style=\"font-weight: 400\">Pomaga w medytacji<\/span><\/li>\n<li style=\"font-weight: 400\"><span style=\"font-weight: 400\">Ma dzia\u0142anie oczyszczaj\u0105ce i lecznicze<\/span><\/li>\n<\/ul>\n<p>Opisy s\u0105 chronione prawami autorskimi. Kopiowanie jest niedozwolone.<\/p>\n","protected":false},"excerpt":{"rendered":"<p><span style=\"font-weight: 400\">Kadzid\u0142o o lekko cytrynowym, egzotyczno-le\u015bnym zapachu. Jego aromat uwznio\u015bla wyj\u0105tkowe chwile i pomaga wznie\u015b\u0107 si\u0119 na wy\u017csze poziomy medytacji. \u017bywica spala si\u0119 w pe\u0142ni i nie pozostawia \u015blad\u00f3w na w\u0119gielku.<\/span><\/p>\n","protected":false},"featured_media":3308,"comment_status":"open","ping_status":"closed","template":"","meta":[],"product_cat":[506,775,622,526,758,407,433],"product_tag":[606],"yoast_head":"<!-- This site is optimized with the Yoast SEO plugin v18.8 - https:\/\/yoast.com\/wordpress\/plugins\/seo\/ -->\n<title>Kadzid\u0142o \u017cywiczne Copal (70g) - Kendra Publishing<\/title>\n<meta name=\"robots\" content=\"noindex, follow\" \/>\n<meta property=\"og:locale\" content=\"pl_PL\" \/>\n<meta property=\"og:type\" content=\"article\" \/>\n<meta property=\"og:title\" content=\"Kadzid\u0142o \u017cywiczne Copal (70g) - Kendra Publishing\" \/>\n<meta property=\"og:description\" content=\"Kadzid\u0142o o lekko cytrynowym, egzotyczno-le\u015bnym zapachu. Jego aromat uwznio\u015bla wyj\u0105tkowe chwile i pomaga wznie\u015b\u0107 si\u0119 na wy\u017csze poziomy medytacji. \u017bywica spala si\u0119 w pe\u0142ni i nie pozostawia \u015blad\u00f3w na w\u0119gielku.\" \/>\n<meta property=\"og:url\" content=\"https:\/\/www.kendra.com.pl\/shop\/produkt\/kadzidlo-zywiczne-copal-70g\/\" \/>\n<meta property=\"og:site_name\" content=\"Kendra Publishing\" \/>\n<meta property=\"article:modified_time\" content=\"2023-05-25T03:40:27+00:00\" \/>\n<meta property=\"og:image\" content=\"https:\/\/www.kendra.com.pl\/shop\/wp-content\/uploads\/2019\/04\/Kadzidlo_zywiczne_copal_01.jpg\" \/>\n\t<meta property=\"og:image:width\" content=\"1024\" \/>\n\t<meta property=\"og:image:height\" content=\"841\" \/>\n\t<meta property=\"og:image:type\" content=\"image\/jpeg\" \/>\n<meta name=\"twitter:card\" content=\"summary_large_image\" \/>\n<meta name=\"twitter:label1\" content=\"Szacowany czas czytania\" \/>\n\t<meta name=\"twitter:data1\" content=\"1 minuta\" \/>\n<script type=\"application\/ld+json\" class=\"yoast-schema-graph\">{\"@context\":\"https:\/\/schema.org\",\"@graph\":[{\"@type\":\"WebSite\",\"@id\":\"https:\/\/www.kendra.com.pl\/shop\/#website\",\"url\":\"https:\/\/www.kendra.com.pl\/shop\/\",\"name\":\"Kendra Publishing\",\"description\":\"Sklep\",\"potentialAction\":[{\"@type\":\"SearchAction\",\"target\":{\"@type\":\"EntryPoint\",\"urlTemplate\":\"https:\/\/www.kendra.com.pl\/shop\/?s={search_term_string}\"},\"query-input\":\"required name=search_term_string\"}],\"inLanguage\":\"pl-PL\"},{\"@type\":\"ImageObject\",\"inLanguage\":\"pl-PL\",\"@id\":\"https:\/\/www.kendra.com.pl\/shop\/produkt\/kadzidlo-zywiczne-copal-70g\/#primaryimage\",\"url\":\"https:\/\/www.kendra.com.pl\/shop\/wp-content\/uploads\/2019\/04\/Kadzidlo_zywiczne_copal_01.jpg\",\"contentUrl\":\"https:\/\/www.kendra.com.pl\/shop\/wp-content\/uploads\/2019\/04\/Kadzidlo_zywiczne_copal_01.jpg\",\"width\":1024,\"height\":841},{\"@type\":\"WebPage\",\"@id\":\"https:\/\/www.kendra.com.pl\/shop\/produkt\/kadzidlo-zywiczne-copal-70g\/#webpage\",\"url\":\"https:\/\/www.kendra.com.pl\/shop\/produkt\/kadzidlo-zywiczne-copal-70g\/\",\"name\":\"Kadzid\u0142o \u017cywiczne Copal (70g) - Kendra Publishing\",\"isPartOf\":{\"@id\":\"https:\/\/www.kendra.com.pl\/shop\/#website\"},\"primaryImageOfPage\":{\"@id\":\"https:\/\/www.kendra.com.pl\/shop\/produkt\/kadzidlo-zywiczne-copal-70g\/#primaryimage\"},\"datePublished\":\"2019-04-24T13:09:37+00:00\",\"dateModified\":\"2023-05-25T03:40:27+00:00\",\"breadcrumb\":{\"@id\":\"https:\/\/www.kendra.com.pl\/shop\/produkt\/kadzidlo-zywiczne-copal-70g\/#breadcrumb\"},\"inLanguage\":\"pl-PL\",\"potentialAction\":[{\"@type\":\"ReadAction\",\"target\":[\"https:\/\/www.kendra.com.pl\/shop\/produkt\/kadzidlo-zywiczne-copal-70g\/\"]}]},{\"@type\":\"BreadcrumbList\",\"@id\":\"https:\/\/www.kendra.com.pl\/shop\/produkt\/kadzidlo-zywiczne-copal-70g\/#breadcrumb\",\"itemListElement\":[{\"@type\":\"ListItem\",\"position\":1,\"name\":\"Strona g\u0142\u00f3wna\",\"item\":\"https:\/\/www.kendra.com.pl\/shop\/\"},{\"@type\":\"ListItem\",\"position\":2,\"name\":\"Przerwa w dzia\u0142alno\u015bci sklepu&#8230;\",\"item\":\"https:\/\/www.kendra.com.pl\/shop\/?page_id=1888\"},{\"@type\":\"ListItem\",\"position\":3,\"name\":\"Kadzid\u0142o \u017cywiczne Copal (70g)\"}]}]}<\/script>\n<!-- \/ Yoast SEO plugin. -->","yoast_head_json":{"title":"Kadzid\u0142o \u017cywiczne Copal (70g) - Kendra Publishing","robots":{"index":"noindex","follow":"follow"},"og_locale":"pl_PL","og_type":"article","og_title":"Kadzid\u0142o \u017cywiczne Copal (70g) - Kendra Publishing","og_description":"Kadzid\u0142o o lekko cytrynowym, egzotyczno-le\u015bnym zapachu. Jego aromat uwznio\u015bla wyj\u0105tkowe chwile i pomaga wznie\u015b\u0107 si\u0119 na wy\u017csze poziomy medytacji. \u017bywica spala si\u0119 w pe\u0142ni i nie pozostawia \u015blad\u00f3w na w\u0119gielku.","og_url":"https:\/\/www.kendra.com.pl\/shop\/produkt\/kadzidlo-zywiczne-copal-70g\/","og_site_name":"Kendra Publishing","article_modified_time":"2023-05-25T03:40:27+00:00","og_image":[{"width":1024,"height":841,"url":"https:\/\/www.kendra.com.pl\/shop\/wp-content\/uploads\/2019\/04\/Kadzidlo_zywiczne_copal_01.jpg","type":"image\/jpeg"}],"twitter_card":"summary_large_image","twitter_misc":{"Szacowany czas czytania":"1 minuta"},"schema":{"@context":"https:\/\/schema.org","@graph":[{"@type":"WebSite","@id":"https:\/\/www.kendra.com.pl\/shop\/#website","url":"https:\/\/www.kendra.com.pl\/shop\/","name":"Kendra Publishing","description":"Sklep","potentialAction":[{"@type":"SearchAction","target":{"@type":"EntryPoint","urlTemplate":"https:\/\/www.kendra.com.pl\/shop\/?s={search_term_string}"},"query-input":"required name=search_term_string"}],"inLanguage":"pl-PL"},{"@type":"ImageObject","inLanguage":"pl-PL","@id":"https:\/\/www.kendra.com.pl\/shop\/produkt\/kadzidlo-zywiczne-copal-70g\/#primaryimage","url":"https:\/\/www.kendra.com.pl\/shop\/wp-content\/uploads\/2019\/04\/Kadzidlo_zywiczne_copal_01.jpg","contentUrl":"https:\/\/www.kendra.com.pl\/shop\/wp-content\/uploads\/2019\/04\/Kadzidlo_zywiczne_copal_01.jpg","width":1024,"height":841},{"@type":"WebPage","@id":"https:\/\/www.kendra.com.pl\/shop\/produkt\/kadzidlo-zywiczne-copal-70g\/#webpage","url":"https:\/\/www.kendra.com.pl\/shop\/produkt\/kadzidlo-zywiczne-copal-70g\/","name":"Kadzid\u0142o \u017cywiczne Copal (70g) - Kendra Publishing","isPartOf":{"@id":"https:\/\/www.kendra.com.pl\/shop\/#website"},"primaryImageOfPage":{"@id":"https:\/\/www.kendra.com.pl\/shop\/produkt\/kadzidlo-zywiczne-copal-70g\/#primaryimage"},"datePublished":"2019-04-24T13:09:37+00:00","dateModified":"2023-05-25T03:40:27+00:00","breadcrumb":{"@id":"https:\/\/www.kendra.com.pl\/shop\/produkt\/kadzidlo-zywiczne-copal-70g\/#breadcrumb"},"inLanguage":"pl-PL","potentialAction":[{"@type":"ReadAction","target":["https:\/\/www.kendra.com.pl\/shop\/produkt\/kadzidlo-zywiczne-copal-70g\/"]}]},{"@type":"BreadcrumbList","@id":"https:\/\/www.kendra.com.pl\/shop\/produkt\/kadzidlo-zywiczne-copal-70g\/#breadcrumb","itemListElement":[{"@type":"ListItem","position":1,"name":"Strona g\u0142\u00f3wna","item":"https:\/\/www.kendra.com.pl\/shop\/"},{"@type":"ListItem","position":2,"name":"Przerwa w dzia\u0142alno\u015bci sklepu&#8230;","item":"https:\/\/www.kendra.com.pl\/shop\/?page_id=1888"},{"@type":"ListItem","position":3,"name":"Kadzid\u0142o \u017cywiczne Copal (70g)"}]}]}},"_links":{"self":[{"href":"https:\/\/www.kendra.com.pl\/shop\/wp-json\/wp\/v2\/product\/3307"}],"collection":[{"href":"https:\/\/www.kendra.com.pl\/shop\/wp-json\/wp\/v2\/product"}],"about":[{"href":"https:\/\/www.kendra.com.pl\/shop\/wp-json\/wp\/v2\/types\/product"}],"replies":[{"embeddable":true,"href":"https:\/\/www.kendra.com.pl\/shop\/wp-json\/wp\/v2\/comments?post=3307"}],"wp:featuredmedia":[{"embeddable":true,"href":"https:\/\/www.kendra.com.pl\/shop\/wp-json\/wp\/v2\/media\/3308"}],"wp:attachment":[{"href":"https:\/\/www.kendra.com.pl\/shop\/wp-json\/wp\/v2\/media?parent=3307"}],"wp:term":[{"taxonomy":"product_cat","embeddable":true,"href":"https:\/\/www.kendra.com.pl\/shop\/wp-json\/wp\/v2\/product_cat?post=3307"},{"taxonomy":"product_tag","embeddable":true,"href":"https:\/\/www.kendra.com.pl\/shop\/wp-json\/wp\/v2\/product_tag?post=3307"}],"curies":[{"name":"wp","href":"https:\/\/api.w.org\/{rel}","templated":true}]}}