{"id":333,"date":"2012-11-01T12:00:04","date_gmt":"2012-11-01T11:00:04","guid":{"rendered":"https:\/\/www.kendra.com.pl\/shop\/?post_type=product&#038;p=333"},"modified":"2025-02-16T14:08:36","modified_gmt":"2025-02-16T13:08:36","slug":"aw-42-autorytet-duchowy","status":"publish","type":"product","link":"https:\/\/www.kendra.com.pl\/shop\/produkt\/aw-42-autorytet-duchowy\/","title":{"rendered":"Autorytet duchowy"},"content":{"rendered":"","protected":false},"excerpt":{"rendered":"<p>Ten kultowy wyk\u0142ad Alana Wattsa, nagrany oryginalnie w Chicago w dniu 1 stycznia 1971 roku, porusza istoty problem \u017ar\u00f3de\u0142 autorytetu duchowego. Jakie jest prawdziwe \u017ar\u00f3d\u0142o duchowego autorytetu i jak to jest, \u017ce upowa\u017cniamy do jego posiadania nasze religie i naszych bog\u00f3w? Jak dalece mo\u017cemy zaufa\u0107 osobistym do\u015bwiadczeniom mistycznym? Sk\u0105d pochodz\u0105 nasze opinie i jakie s\u0105 ich podstawy? Jak powiedzia\u0142 sam Alan Watts: <em>Kiedy przyznajesz posiadanie autorytetu duchowego innym osobom, musisz zda\u0107 sobie spraw\u0119 z tego, \u017ce upowa\u017cniasz ich do oszukania ci\u0119 i sprzedania ci twojego w\u0142asnego zegarka<\/em>.<\/p>\n[wc-koplo]\n","protected":false},"featured_media":390,"comment_status":"closed","ping_status":"closed","template":"","meta":[],"product_cat":[16],"product_tag":[143,197,208,207,202,69,205,198,200,201,169,168,141,142,32,203,209,199,34,206,159,204,170,49],"yoast_head":"<!-- This site is optimized with the Yoast SEO plugin v18.8 - https:\/\/yoast.com\/wordpress\/plugins\/seo\/ -->\n<title>Autorytet duchowy - Kendra Publishing<\/title>\n<meta name=\"robots\" content=\"noindex, follow\" \/>\n<meta property=\"og:locale\" content=\"pl_PL\" \/>\n<meta property=\"og:type\" content=\"article\" \/>\n<meta property=\"og:title\" content=\"Autorytet duchowy - Kendra Publishing\" \/>\n<meta property=\"og:description\" content=\"Ten kultowy wyk\u0142ad Alana Wattsa, nagrany oryginalnie w Chicago w dniu 1 stycznia 1971 roku, porusza istoty problem \u017ar\u00f3de\u0142 autorytetu duchowego. Jakie jest prawdziwe \u017ar\u00f3d\u0142o duchowego autorytetu i jak to jest, \u017ce upowa\u017cniamy do jego posiadania nasze religie i naszych bog\u00f3w? Jak dalece mo\u017cemy zaufa\u0107 osobistym do\u015bwiadczeniom mistycznym? Sk\u0105d pochodz\u0105 nasze opinie i jakie s\u0105 ich podstawy? Jak powiedzia\u0142 sam Alan Watts: Kiedy przyznajesz posiadanie autorytetu duchowego innym osobom, musisz zda\u0107 sobie spraw\u0119 z tego, \u017ce upowa\u017cniasz ich do oszukania ci\u0119 i sprzedania ci twojego w\u0142asnego zegarka.\" \/>\n<meta property=\"og:url\" content=\"https:\/\/www.kendra.com.pl\/shop\/produkt\/aw-42-autorytet-duchowy\/\" \/>\n<meta property=\"og:site_name\" content=\"Kendra Publishing\" \/>\n<meta property=\"article:modified_time\" content=\"2025-02-16T13:08:36+00:00\" \/>\n<meta property=\"og:image\" content=\"https:\/\/www.kendra.com.pl\/shop\/wp-content\/uploads\/2018\/07\/okladka-42-autorytet-duchowy.png\" \/>\n\t<meta property=\"og:image:width\" content=\"949\" \/>\n\t<meta property=\"og:image:height\" content=\"943\" \/>\n\t<meta property=\"og:image:type\" content=\"image\/png\" \/>\n<meta name=\"twitter:card\" content=\"summary_large_image\" \/>\n<script type=\"application\/ld+json\" class=\"yoast-schema-graph\">{\"@context\":\"https:\/\/schema.org\",\"@graph\":[{\"@type\":\"WebSite\",\"@id\":\"https:\/\/www.kendra.com.pl\/shop\/#website\",\"url\":\"https:\/\/www.kendra.com.pl\/shop\/\",\"name\":\"Kendra Publishing\",\"description\":\"Sklep\",\"potentialAction\":[{\"@type\":\"SearchAction\",\"target\":{\"@type\":\"EntryPoint\",\"urlTemplate\":\"https:\/\/www.kendra.com.pl\/shop\/?s={search_term_string}\"},\"query-input\":\"required name=search_term_string\"}],\"inLanguage\":\"pl-PL\"},{\"@type\":\"ImageObject\",\"inLanguage\":\"pl-PL\",\"@id\":\"https:\/\/www.kendra.com.pl\/shop\/produkt\/aw-42-autorytet-duchowy\/#primaryimage\",\"url\":\"https:\/\/www.kendra.com.pl\/shop\/wp-content\/uploads\/2018\/07\/okladka-42-autorytet-duchowy.png\",\"contentUrl\":\"https:\/\/www.kendra.com.pl\/shop\/wp-content\/uploads\/2018\/07\/okladka-42-autorytet-duchowy.png\",\"width\":949,\"height\":943},{\"@type\":\"WebPage\",\"@id\":\"https:\/\/www.kendra.com.pl\/shop\/produkt\/aw-42-autorytet-duchowy\/#webpage\",\"url\":\"https:\/\/www.kendra.com.pl\/shop\/produkt\/aw-42-autorytet-duchowy\/\",\"name\":\"Autorytet duchowy - Kendra Publishing\",\"isPartOf\":{\"@id\":\"https:\/\/www.kendra.com.pl\/shop\/#website\"},\"primaryImageOfPage\":{\"@id\":\"https:\/\/www.kendra.com.pl\/shop\/produkt\/aw-42-autorytet-duchowy\/#primaryimage\"},\"datePublished\":\"2012-11-01T11:00:04+00:00\",\"dateModified\":\"2025-02-16T13:08:36+00:00\",\"breadcrumb\":{\"@id\":\"https:\/\/www.kendra.com.pl\/shop\/produkt\/aw-42-autorytet-duchowy\/#breadcrumb\"},\"inLanguage\":\"pl-PL\",\"potentialAction\":[{\"@type\":\"ReadAction\",\"target\":[\"https:\/\/www.kendra.com.pl\/shop\/produkt\/aw-42-autorytet-duchowy\/\"]}]},{\"@type\":\"BreadcrumbList\",\"@id\":\"https:\/\/www.kendra.com.pl\/shop\/produkt\/aw-42-autorytet-duchowy\/#breadcrumb\",\"itemListElement\":[{\"@type\":\"ListItem\",\"position\":1,\"name\":\"Strona g\u0142\u00f3wna\",\"item\":\"https:\/\/www.kendra.com.pl\/shop\/\"},{\"@type\":\"ListItem\",\"position\":2,\"name\":\"Przerwa w dzia\u0142alno\u015bci sklepu&#8230;\",\"item\":\"https:\/\/www.kendra.com.pl\/shop\/?page_id=1888\"},{\"@type\":\"ListItem\",\"position\":3,\"name\":\"Autorytet duchowy\"}]}]}<\/script>\n<!-- \/ Yoast SEO plugin. -->","yoast_head_json":{"title":"Autorytet duchowy - Kendra Publishing","robots":{"index":"noindex","follow":"follow"},"og_locale":"pl_PL","og_type":"article","og_title":"Autorytet duchowy - Kendra Publishing","og_description":"Ten kultowy wyk\u0142ad Alana Wattsa, nagrany oryginalnie w Chicago w dniu 1 stycznia 1971 roku, porusza istoty problem \u017ar\u00f3de\u0142 autorytetu duchowego. Jakie jest prawdziwe \u017ar\u00f3d\u0142o duchowego autorytetu i jak to jest, \u017ce upowa\u017cniamy do jego posiadania nasze religie i naszych bog\u00f3w? Jak dalece mo\u017cemy zaufa\u0107 osobistym do\u015bwiadczeniom mistycznym? Sk\u0105d pochodz\u0105 nasze opinie i jakie s\u0105 ich podstawy? Jak powiedzia\u0142 sam Alan Watts: Kiedy przyznajesz posiadanie autorytetu duchowego innym osobom, musisz zda\u0107 sobie spraw\u0119 z tego, \u017ce upowa\u017cniasz ich do oszukania ci\u0119 i sprzedania ci twojego w\u0142asnego zegarka.","og_url":"https:\/\/www.kendra.com.pl\/shop\/produkt\/aw-42-autorytet-duchowy\/","og_site_name":"Kendra Publishing","article_modified_time":"2025-02-16T13:08:36+00:00","og_image":[{"width":949,"height":943,"url":"https:\/\/www.kendra.com.pl\/shop\/wp-content\/uploads\/2018\/07\/okladka-42-autorytet-duchowy.png","type":"image\/png"}],"twitter_card":"summary_large_image","schema":{"@context":"https:\/\/schema.org","@graph":[{"@type":"WebSite","@id":"https:\/\/www.kendra.com.pl\/shop\/#website","url":"https:\/\/www.kendra.com.pl\/shop\/","name":"Kendra Publishing","description":"Sklep","potentialAction":[{"@type":"SearchAction","target":{"@type":"EntryPoint","urlTemplate":"https:\/\/www.kendra.com.pl\/shop\/?s={search_term_string}"},"query-input":"required name=search_term_string"}],"inLanguage":"pl-PL"},{"@type":"ImageObject","inLanguage":"pl-PL","@id":"https:\/\/www.kendra.com.pl\/shop\/produkt\/aw-42-autorytet-duchowy\/#primaryimage","url":"https:\/\/www.kendra.com.pl\/shop\/wp-content\/uploads\/2018\/07\/okladka-42-autorytet-duchowy.png","contentUrl":"https:\/\/www.kendra.com.pl\/shop\/wp-content\/uploads\/2018\/07\/okladka-42-autorytet-duchowy.png","width":949,"height":943},{"@type":"WebPage","@id":"https:\/\/www.kendra.com.pl\/shop\/produkt\/aw-42-autorytet-duchowy\/#webpage","url":"https:\/\/www.kendra.com.pl\/shop\/produkt\/aw-42-autorytet-duchowy\/","name":"Autorytet duchowy - Kendra Publishing","isPartOf":{"@id":"https:\/\/www.kendra.com.pl\/shop\/#website"},"primaryImageOfPage":{"@id":"https:\/\/www.kendra.com.pl\/shop\/produkt\/aw-42-autorytet-duchowy\/#primaryimage"},"datePublished":"2012-11-01T11:00:04+00:00","dateModified":"2025-02-16T13:08:36+00:00","breadcrumb":{"@id":"https:\/\/www.kendra.com.pl\/shop\/produkt\/aw-42-autorytet-duchowy\/#breadcrumb"},"inLanguage":"pl-PL","potentialAction":[{"@type":"ReadAction","target":["https:\/\/www.kendra.com.pl\/shop\/produkt\/aw-42-autorytet-duchowy\/"]}]},{"@type":"BreadcrumbList","@id":"https:\/\/www.kendra.com.pl\/shop\/produkt\/aw-42-autorytet-duchowy\/#breadcrumb","itemListElement":[{"@type":"ListItem","position":1,"name":"Strona g\u0142\u00f3wna","item":"https:\/\/www.kendra.com.pl\/shop\/"},{"@type":"ListItem","position":2,"name":"Przerwa w dzia\u0142alno\u015bci sklepu&#8230;","item":"https:\/\/www.kendra.com.pl\/shop\/?page_id=1888"},{"@type":"ListItem","position":3,"name":"Autorytet duchowy"}]}]}},"_links":{"self":[{"href":"https:\/\/www.kendra.com.pl\/shop\/wp-json\/wp\/v2\/product\/333"}],"collection":[{"href":"https:\/\/www.kendra.com.pl\/shop\/wp-json\/wp\/v2\/product"}],"about":[{"href":"https:\/\/www.kendra.com.pl\/shop\/wp-json\/wp\/v2\/types\/product"}],"replies":[{"embeddable":true,"href":"https:\/\/www.kendra.com.pl\/shop\/wp-json\/wp\/v2\/comments?post=333"}],"wp:featuredmedia":[{"embeddable":true,"href":"https:\/\/www.kendra.com.pl\/shop\/wp-json\/wp\/v2\/media\/390"}],"wp:attachment":[{"href":"https:\/\/www.kendra.com.pl\/shop\/wp-json\/wp\/v2\/media?parent=333"}],"wp:term":[{"taxonomy":"product_cat","embeddable":true,"href":"https:\/\/www.kendra.com.pl\/shop\/wp-json\/wp\/v2\/product_cat?post=333"},{"taxonomy":"product_tag","embeddable":true,"href":"https:\/\/www.kendra.com.pl\/shop\/wp-json\/wp\/v2\/product_tag?post=333"}],"curies":[{"name":"wp","href":"https:\/\/api.w.org\/{rel}","templated":true}]}}