{"id":334,"date":"2012-11-01T12:00:24","date_gmt":"2012-11-01T11:00:24","guid":{"rendered":"https:\/\/www.kendra.com.pl\/shop\/?post_type=product&#038;p=334"},"modified":"2025-02-16T14:08:33","modified_gmt":"2025-02-16T13:08:33","slug":"aw-44-jezus-i-jego-religia","status":"publish","type":"product","link":"https:\/\/www.kendra.com.pl\/shop\/produkt\/aw-44-jezus-i-jego-religia\/","title":{"rendered":"Jezus i jego religia"},"content":{"rendered":"","protected":false},"excerpt":{"rendered":"<p>W wyk\u0142adzie tym Alan Watts w niezwykle wnikliwy i b\u0142yskotliwy spos\u00f3b wyja\u015bnia idee filozofii wschodnich s\u0142uchaczom na zachodzie, oraz ukazuje g\u0142\u00f3wny nurt nauk chrze\u015bcija\u0144skich, nawet je\u015bli nie koniecznie si\u0119 z nimi zgadza. Przygl\u0105da si\u0119 mistycznym \u017ar\u00f3d\u0142om nauk duchowych i bada jak chrze\u015bcija\u0144stwo, na przestrzeni historii, odbieg\u0142o od tych nauk. Czy mo\u017ce by\u0107 prawd\u0105 to, \u017ce ty i ja tak\u017ce jeste\u015bmy synami i c\u00f3rkami Boga, tak samo jak Jezus by\u0142 synem bo\u017cym? Czy mo\u017ce raczej uwa\u017casz, \u017ce powinni\u015bmy pada\u0107 na kolana w poddaniu si\u0119 w\u0142adzy wybawcy, kt\u00f3rego ukrzy\u017cowano? Nauki Jezusa zosta\u0142y nam przekazane, oraz przefiltrowane, przez chrze\u015bcija\u0144stwo, lecz czy to jest w\u0142a\u015bnie to, czego Jezus oryginalnie naucza\u0142?<\/p>\n[wc-koplo]\n","protected":false},"featured_media":392,"comment_status":"closed","ping_status":"closed","template":"","meta":[],"product_cat":[16],"product_tag":[231,220,88,219,224,225,229,69,222,232,226,221,217,230,233,223,51,67,131,234,218,34,74,228,227,180],"yoast_head":"<!-- This site is optimized with the Yoast SEO plugin v18.8 - https:\/\/yoast.com\/wordpress\/plugins\/seo\/ -->\n<title>Jezus i jego religia - Kendra Publishing<\/title>\n<meta name=\"robots\" content=\"noindex, follow\" \/>\n<meta property=\"og:locale\" content=\"pl_PL\" \/>\n<meta property=\"og:type\" content=\"article\" \/>\n<meta property=\"og:title\" content=\"Jezus i jego religia - Kendra Publishing\" \/>\n<meta property=\"og:description\" content=\"W wyk\u0142adzie tym Alan Watts w niezwykle wnikliwy i b\u0142yskotliwy spos\u00f3b wyja\u015bnia idee filozofii wschodnich s\u0142uchaczom na zachodzie, oraz ukazuje g\u0142\u00f3wny nurt nauk chrze\u015bcija\u0144skich, nawet je\u015bli nie koniecznie si\u0119 z nimi zgadza. Przygl\u0105da si\u0119 mistycznym \u017ar\u00f3d\u0142om nauk duchowych i bada jak chrze\u015bcija\u0144stwo, na przestrzeni historii, odbieg\u0142o od tych nauk. Czy mo\u017ce by\u0107 prawd\u0105 to, \u017ce ty i ja tak\u017ce jeste\u015bmy synami i c\u00f3rkami Boga, tak samo jak Jezus by\u0142 synem bo\u017cym? Czy mo\u017ce raczej uwa\u017casz, \u017ce powinni\u015bmy pada\u0107 na kolana w poddaniu si\u0119 w\u0142adzy wybawcy, kt\u00f3rego ukrzy\u017cowano? Nauki Jezusa zosta\u0142y nam przekazane, oraz przefiltrowane, przez chrze\u015bcija\u0144stwo, lecz czy to jest w\u0142a\u015bnie to, czego Jezus oryginalnie naucza\u0142?\" \/>\n<meta property=\"og:url\" content=\"https:\/\/www.kendra.com.pl\/shop\/produkt\/aw-44-jezus-i-jego-religia\/\" \/>\n<meta property=\"og:site_name\" content=\"Kendra Publishing\" \/>\n<meta property=\"article:modified_time\" content=\"2025-02-16T13:08:33+00:00\" \/>\n<meta property=\"og:image\" content=\"https:\/\/www.kendra.com.pl\/shop\/wp-content\/uploads\/2018\/07\/okladka-44-jezus-i-jego-religia.png\" \/>\n\t<meta property=\"og:image:width\" content=\"949\" \/>\n\t<meta property=\"og:image:height\" content=\"943\" \/>\n\t<meta property=\"og:image:type\" content=\"image\/png\" \/>\n<meta name=\"twitter:card\" content=\"summary_large_image\" \/>\n<script type=\"application\/ld+json\" class=\"yoast-schema-graph\">{\"@context\":\"https:\/\/schema.org\",\"@graph\":[{\"@type\":\"WebSite\",\"@id\":\"https:\/\/www.kendra.com.pl\/shop\/#website\",\"url\":\"https:\/\/www.kendra.com.pl\/shop\/\",\"name\":\"Kendra Publishing\",\"description\":\"Sklep\",\"potentialAction\":[{\"@type\":\"SearchAction\",\"target\":{\"@type\":\"EntryPoint\",\"urlTemplate\":\"https:\/\/www.kendra.com.pl\/shop\/?s={search_term_string}\"},\"query-input\":\"required name=search_term_string\"}],\"inLanguage\":\"pl-PL\"},{\"@type\":\"ImageObject\",\"inLanguage\":\"pl-PL\",\"@id\":\"https:\/\/www.kendra.com.pl\/shop\/produkt\/aw-44-jezus-i-jego-religia\/#primaryimage\",\"url\":\"https:\/\/www.kendra.com.pl\/shop\/wp-content\/uploads\/2018\/07\/okladka-44-jezus-i-jego-religia.png\",\"contentUrl\":\"https:\/\/www.kendra.com.pl\/shop\/wp-content\/uploads\/2018\/07\/okladka-44-jezus-i-jego-religia.png\",\"width\":949,\"height\":943},{\"@type\":\"WebPage\",\"@id\":\"https:\/\/www.kendra.com.pl\/shop\/produkt\/aw-44-jezus-i-jego-religia\/#webpage\",\"url\":\"https:\/\/www.kendra.com.pl\/shop\/produkt\/aw-44-jezus-i-jego-religia\/\",\"name\":\"Jezus i jego religia - Kendra Publishing\",\"isPartOf\":{\"@id\":\"https:\/\/www.kendra.com.pl\/shop\/#website\"},\"primaryImageOfPage\":{\"@id\":\"https:\/\/www.kendra.com.pl\/shop\/produkt\/aw-44-jezus-i-jego-religia\/#primaryimage\"},\"datePublished\":\"2012-11-01T11:00:24+00:00\",\"dateModified\":\"2025-02-16T13:08:33+00:00\",\"breadcrumb\":{\"@id\":\"https:\/\/www.kendra.com.pl\/shop\/produkt\/aw-44-jezus-i-jego-religia\/#breadcrumb\"},\"inLanguage\":\"pl-PL\",\"potentialAction\":[{\"@type\":\"ReadAction\",\"target\":[\"https:\/\/www.kendra.com.pl\/shop\/produkt\/aw-44-jezus-i-jego-religia\/\"]}]},{\"@type\":\"BreadcrumbList\",\"@id\":\"https:\/\/www.kendra.com.pl\/shop\/produkt\/aw-44-jezus-i-jego-religia\/#breadcrumb\",\"itemListElement\":[{\"@type\":\"ListItem\",\"position\":1,\"name\":\"Strona g\u0142\u00f3wna\",\"item\":\"https:\/\/www.kendra.com.pl\/shop\/\"},{\"@type\":\"ListItem\",\"position\":2,\"name\":\"Przerwa w dzia\u0142alno\u015bci sklepu&#8230;\",\"item\":\"https:\/\/www.kendra.com.pl\/shop\/?page_id=1888\"},{\"@type\":\"ListItem\",\"position\":3,\"name\":\"Jezus i jego religia\"}]}]}<\/script>\n<!-- \/ Yoast SEO plugin. -->","yoast_head_json":{"title":"Jezus i jego religia - Kendra Publishing","robots":{"index":"noindex","follow":"follow"},"og_locale":"pl_PL","og_type":"article","og_title":"Jezus i jego religia - Kendra Publishing","og_description":"W wyk\u0142adzie tym Alan Watts w niezwykle wnikliwy i b\u0142yskotliwy spos\u00f3b wyja\u015bnia idee filozofii wschodnich s\u0142uchaczom na zachodzie, oraz ukazuje g\u0142\u00f3wny nurt nauk chrze\u015bcija\u0144skich, nawet je\u015bli nie koniecznie si\u0119 z nimi zgadza. Przygl\u0105da si\u0119 mistycznym \u017ar\u00f3d\u0142om nauk duchowych i bada jak chrze\u015bcija\u0144stwo, na przestrzeni historii, odbieg\u0142o od tych nauk. Czy mo\u017ce by\u0107 prawd\u0105 to, \u017ce ty i ja tak\u017ce jeste\u015bmy synami i c\u00f3rkami Boga, tak samo jak Jezus by\u0142 synem bo\u017cym? Czy mo\u017ce raczej uwa\u017casz, \u017ce powinni\u015bmy pada\u0107 na kolana w poddaniu si\u0119 w\u0142adzy wybawcy, kt\u00f3rego ukrzy\u017cowano? Nauki Jezusa zosta\u0142y nam przekazane, oraz przefiltrowane, przez chrze\u015bcija\u0144stwo, lecz czy to jest w\u0142a\u015bnie to, czego Jezus oryginalnie naucza\u0142?","og_url":"https:\/\/www.kendra.com.pl\/shop\/produkt\/aw-44-jezus-i-jego-religia\/","og_site_name":"Kendra Publishing","article_modified_time":"2025-02-16T13:08:33+00:00","og_image":[{"width":949,"height":943,"url":"https:\/\/www.kendra.com.pl\/shop\/wp-content\/uploads\/2018\/07\/okladka-44-jezus-i-jego-religia.png","type":"image\/png"}],"twitter_card":"summary_large_image","schema":{"@context":"https:\/\/schema.org","@graph":[{"@type":"WebSite","@id":"https:\/\/www.kendra.com.pl\/shop\/#website","url":"https:\/\/www.kendra.com.pl\/shop\/","name":"Kendra Publishing","description":"Sklep","potentialAction":[{"@type":"SearchAction","target":{"@type":"EntryPoint","urlTemplate":"https:\/\/www.kendra.com.pl\/shop\/?s={search_term_string}"},"query-input":"required name=search_term_string"}],"inLanguage":"pl-PL"},{"@type":"ImageObject","inLanguage":"pl-PL","@id":"https:\/\/www.kendra.com.pl\/shop\/produkt\/aw-44-jezus-i-jego-religia\/#primaryimage","url":"https:\/\/www.kendra.com.pl\/shop\/wp-content\/uploads\/2018\/07\/okladka-44-jezus-i-jego-religia.png","contentUrl":"https:\/\/www.kendra.com.pl\/shop\/wp-content\/uploads\/2018\/07\/okladka-44-jezus-i-jego-religia.png","width":949,"height":943},{"@type":"WebPage","@id":"https:\/\/www.kendra.com.pl\/shop\/produkt\/aw-44-jezus-i-jego-religia\/#webpage","url":"https:\/\/www.kendra.com.pl\/shop\/produkt\/aw-44-jezus-i-jego-religia\/","name":"Jezus i jego religia - Kendra Publishing","isPartOf":{"@id":"https:\/\/www.kendra.com.pl\/shop\/#website"},"primaryImageOfPage":{"@id":"https:\/\/www.kendra.com.pl\/shop\/produkt\/aw-44-jezus-i-jego-religia\/#primaryimage"},"datePublished":"2012-11-01T11:00:24+00:00","dateModified":"2025-02-16T13:08:33+00:00","breadcrumb":{"@id":"https:\/\/www.kendra.com.pl\/shop\/produkt\/aw-44-jezus-i-jego-religia\/#breadcrumb"},"inLanguage":"pl-PL","potentialAction":[{"@type":"ReadAction","target":["https:\/\/www.kendra.com.pl\/shop\/produkt\/aw-44-jezus-i-jego-religia\/"]}]},{"@type":"BreadcrumbList","@id":"https:\/\/www.kendra.com.pl\/shop\/produkt\/aw-44-jezus-i-jego-religia\/#breadcrumb","itemListElement":[{"@type":"ListItem","position":1,"name":"Strona g\u0142\u00f3wna","item":"https:\/\/www.kendra.com.pl\/shop\/"},{"@type":"ListItem","position":2,"name":"Przerwa w dzia\u0142alno\u015bci sklepu&#8230;","item":"https:\/\/www.kendra.com.pl\/shop\/?page_id=1888"},{"@type":"ListItem","position":3,"name":"Jezus i jego religia"}]}]}},"_links":{"self":[{"href":"https:\/\/www.kendra.com.pl\/shop\/wp-json\/wp\/v2\/product\/334"}],"collection":[{"href":"https:\/\/www.kendra.com.pl\/shop\/wp-json\/wp\/v2\/product"}],"about":[{"href":"https:\/\/www.kendra.com.pl\/shop\/wp-json\/wp\/v2\/types\/product"}],"replies":[{"embeddable":true,"href":"https:\/\/www.kendra.com.pl\/shop\/wp-json\/wp\/v2\/comments?post=334"}],"wp:featuredmedia":[{"embeddable":true,"href":"https:\/\/www.kendra.com.pl\/shop\/wp-json\/wp\/v2\/media\/392"}],"wp:attachment":[{"href":"https:\/\/www.kendra.com.pl\/shop\/wp-json\/wp\/v2\/media?parent=334"}],"wp:term":[{"taxonomy":"product_cat","embeddable":true,"href":"https:\/\/www.kendra.com.pl\/shop\/wp-json\/wp\/v2\/product_cat?post=334"},{"taxonomy":"product_tag","embeddable":true,"href":"https:\/\/www.kendra.com.pl\/shop\/wp-json\/wp\/v2\/product_tag?post=334"}],"curies":[{"name":"wp","href":"https:\/\/api.w.org\/{rel}","templated":true}]}}