{"id":39,"date":"2012-05-09T12:00:50","date_gmt":"2012-05-09T10:00:50","guid":{"rendered":"http:\/\/www.kendra.com.pl\/shop\/?post_type=product&#038;p=39"},"modified":"2025-02-16T14:08:39","modified_gmt":"2025-02-16T13:08:39","slug":"aw-41-religia-i-seksualnosc","status":"publish","type":"product","link":"https:\/\/www.kendra.com.pl\/shop\/produkt\/aw-41-religia-i-seksualnosc\/","title":{"rendered":"Religia i seksualno\u015b\u0107"},"content":{"rendered":"","protected":false},"excerpt":{"rendered":"<p>Wyk\u0142ad ten porusza moralne i metafizyczne problemy le\u017c\u0105ce u podstaw odwiecznego dialogu mi\u0142o\u015bci-nienawi\u015bci pomi\u0119dzy religi\u0105 a seksualno\u015bci\u0105. Z jednej strony mamy zamaskowany symbolizm seksualny religii zachodnich, z drugiej metafizyczny symbolizm biologii seksualnej.<br \/>\nCzym jest seksualno\u015b\u0107 cz\u0142owieka i jaka jest jej rola? Czy celem gry seksualnej jest jedynie przetrwanie i przed\u0142u\u017canie gatunku, czy te\u017c gra pierwiastk\u00f3w m\u0119skich i \u017ce\u0144skich jest odzwierciedleniem fundamentalnej gry kosmosu? Mi\u0142o\u015b\u0107 i seksualno\u015b\u0107, kobieta i m\u0119\u017cczyzna, ko\u015bci\u00f3\u0142 i seks \u2013 o tym m\u00f3wi Alan Watts.<\/p>\n[wc-koplo]\n","protected":false},"featured_media":389,"comment_status":"closed","ping_status":"closed","template":"","meta":[],"product_cat":[16],"product_tag":[188,179,191,192,193,32,31,186,196,190,189,34,184,183,187,195,194,185],"yoast_head":"<!-- This site is optimized with the Yoast SEO plugin v18.8 - https:\/\/yoast.com\/wordpress\/plugins\/seo\/ -->\n<title>Religia i seksualno\u015b\u0107 - Kendra Publishing<\/title>\n<meta name=\"robots\" content=\"noindex, follow\" \/>\n<meta property=\"og:locale\" content=\"pl_PL\" \/>\n<meta property=\"og:type\" content=\"article\" \/>\n<meta property=\"og:title\" content=\"Religia i seksualno\u015b\u0107 - Kendra Publishing\" \/>\n<meta property=\"og:description\" content=\"Wyk\u0142ad ten porusza moralne i metafizyczne problemy le\u017c\u0105ce u podstaw odwiecznego dialogu mi\u0142o\u015bci-nienawi\u015bci pomi\u0119dzy religi\u0105 a seksualno\u015bci\u0105. Z jednej strony mamy zamaskowany symbolizm seksualny religii zachodnich, z drugiej metafizyczny symbolizm biologii seksualnej. Czym jest seksualno\u015b\u0107 cz\u0142owieka i jaka jest jej rola? Czy celem gry seksualnej jest jedynie przetrwanie i przed\u0142u\u017canie gatunku, czy te\u017c gra pierwiastk\u00f3w m\u0119skich i \u017ce\u0144skich jest odzwierciedleniem fundamentalnej gry kosmosu? Mi\u0142o\u015b\u0107 i seksualno\u015b\u0107, kobieta i m\u0119\u017cczyzna, ko\u015bci\u00f3\u0142 i seks \u2013 o tym m\u00f3wi Alan Watts.\" \/>\n<meta property=\"og:url\" content=\"https:\/\/www.kendra.com.pl\/shop\/produkt\/aw-41-religia-i-seksualnosc\/\" \/>\n<meta property=\"og:site_name\" content=\"Kendra Publishing\" \/>\n<meta property=\"article:modified_time\" content=\"2025-02-16T13:08:39+00:00\" \/>\n<meta property=\"og:image\" content=\"https:\/\/www.kendra.com.pl\/shop\/wp-content\/uploads\/2018\/07\/okladka-41-religia-i-seksualnosc.png\" \/>\n\t<meta property=\"og:image:width\" content=\"949\" \/>\n\t<meta property=\"og:image:height\" content=\"943\" \/>\n\t<meta property=\"og:image:type\" content=\"image\/png\" \/>\n<meta name=\"twitter:card\" content=\"summary_large_image\" \/>\n<script type=\"application\/ld+json\" class=\"yoast-schema-graph\">{\"@context\":\"https:\/\/schema.org\",\"@graph\":[{\"@type\":\"WebSite\",\"@id\":\"https:\/\/www.kendra.com.pl\/shop\/#website\",\"url\":\"https:\/\/www.kendra.com.pl\/shop\/\",\"name\":\"Kendra Publishing\",\"description\":\"Sklep\",\"potentialAction\":[{\"@type\":\"SearchAction\",\"target\":{\"@type\":\"EntryPoint\",\"urlTemplate\":\"https:\/\/www.kendra.com.pl\/shop\/?s={search_term_string}\"},\"query-input\":\"required name=search_term_string\"}],\"inLanguage\":\"pl-PL\"},{\"@type\":\"ImageObject\",\"inLanguage\":\"pl-PL\",\"@id\":\"https:\/\/www.kendra.com.pl\/shop\/produkt\/aw-41-religia-i-seksualnosc\/#primaryimage\",\"url\":\"https:\/\/www.kendra.com.pl\/shop\/wp-content\/uploads\/2018\/07\/okladka-41-religia-i-seksualnosc.png\",\"contentUrl\":\"https:\/\/www.kendra.com.pl\/shop\/wp-content\/uploads\/2018\/07\/okladka-41-religia-i-seksualnosc.png\",\"width\":949,\"height\":943},{\"@type\":\"WebPage\",\"@id\":\"https:\/\/www.kendra.com.pl\/shop\/produkt\/aw-41-religia-i-seksualnosc\/#webpage\",\"url\":\"https:\/\/www.kendra.com.pl\/shop\/produkt\/aw-41-religia-i-seksualnosc\/\",\"name\":\"Religia i seksualno\u015b\u0107 - Kendra Publishing\",\"isPartOf\":{\"@id\":\"https:\/\/www.kendra.com.pl\/shop\/#website\"},\"primaryImageOfPage\":{\"@id\":\"https:\/\/www.kendra.com.pl\/shop\/produkt\/aw-41-religia-i-seksualnosc\/#primaryimage\"},\"datePublished\":\"2012-05-09T10:00:50+00:00\",\"dateModified\":\"2025-02-16T13:08:39+00:00\",\"breadcrumb\":{\"@id\":\"https:\/\/www.kendra.com.pl\/shop\/produkt\/aw-41-religia-i-seksualnosc\/#breadcrumb\"},\"inLanguage\":\"pl-PL\",\"potentialAction\":[{\"@type\":\"ReadAction\",\"target\":[\"https:\/\/www.kendra.com.pl\/shop\/produkt\/aw-41-religia-i-seksualnosc\/\"]}]},{\"@type\":\"BreadcrumbList\",\"@id\":\"https:\/\/www.kendra.com.pl\/shop\/produkt\/aw-41-religia-i-seksualnosc\/#breadcrumb\",\"itemListElement\":[{\"@type\":\"ListItem\",\"position\":1,\"name\":\"Strona g\u0142\u00f3wna\",\"item\":\"https:\/\/www.kendra.com.pl\/shop\/\"},{\"@type\":\"ListItem\",\"position\":2,\"name\":\"Przerwa w dzia\u0142alno\u015bci sklepu&#8230;\",\"item\":\"https:\/\/www.kendra.com.pl\/shop\/?page_id=1888\"},{\"@type\":\"ListItem\",\"position\":3,\"name\":\"Religia i seksualno\u015b\u0107\"}]}]}<\/script>\n<!-- \/ Yoast SEO plugin. -->","yoast_head_json":{"title":"Religia i seksualno\u015b\u0107 - Kendra Publishing","robots":{"index":"noindex","follow":"follow"},"og_locale":"pl_PL","og_type":"article","og_title":"Religia i seksualno\u015b\u0107 - Kendra Publishing","og_description":"Wyk\u0142ad ten porusza moralne i metafizyczne problemy le\u017c\u0105ce u podstaw odwiecznego dialogu mi\u0142o\u015bci-nienawi\u015bci pomi\u0119dzy religi\u0105 a seksualno\u015bci\u0105. Z jednej strony mamy zamaskowany symbolizm seksualny religii zachodnich, z drugiej metafizyczny symbolizm biologii seksualnej. Czym jest seksualno\u015b\u0107 cz\u0142owieka i jaka jest jej rola? Czy celem gry seksualnej jest jedynie przetrwanie i przed\u0142u\u017canie gatunku, czy te\u017c gra pierwiastk\u00f3w m\u0119skich i \u017ce\u0144skich jest odzwierciedleniem fundamentalnej gry kosmosu? Mi\u0142o\u015b\u0107 i seksualno\u015b\u0107, kobieta i m\u0119\u017cczyzna, ko\u015bci\u00f3\u0142 i seks \u2013 o tym m\u00f3wi Alan Watts.","og_url":"https:\/\/www.kendra.com.pl\/shop\/produkt\/aw-41-religia-i-seksualnosc\/","og_site_name":"Kendra Publishing","article_modified_time":"2025-02-16T13:08:39+00:00","og_image":[{"width":949,"height":943,"url":"https:\/\/www.kendra.com.pl\/shop\/wp-content\/uploads\/2018\/07\/okladka-41-religia-i-seksualnosc.png","type":"image\/png"}],"twitter_card":"summary_large_image","schema":{"@context":"https:\/\/schema.org","@graph":[{"@type":"WebSite","@id":"https:\/\/www.kendra.com.pl\/shop\/#website","url":"https:\/\/www.kendra.com.pl\/shop\/","name":"Kendra Publishing","description":"Sklep","potentialAction":[{"@type":"SearchAction","target":{"@type":"EntryPoint","urlTemplate":"https:\/\/www.kendra.com.pl\/shop\/?s={search_term_string}"},"query-input":"required name=search_term_string"}],"inLanguage":"pl-PL"},{"@type":"ImageObject","inLanguage":"pl-PL","@id":"https:\/\/www.kendra.com.pl\/shop\/produkt\/aw-41-religia-i-seksualnosc\/#primaryimage","url":"https:\/\/www.kendra.com.pl\/shop\/wp-content\/uploads\/2018\/07\/okladka-41-religia-i-seksualnosc.png","contentUrl":"https:\/\/www.kendra.com.pl\/shop\/wp-content\/uploads\/2018\/07\/okladka-41-religia-i-seksualnosc.png","width":949,"height":943},{"@type":"WebPage","@id":"https:\/\/www.kendra.com.pl\/shop\/produkt\/aw-41-religia-i-seksualnosc\/#webpage","url":"https:\/\/www.kendra.com.pl\/shop\/produkt\/aw-41-religia-i-seksualnosc\/","name":"Religia i seksualno\u015b\u0107 - Kendra Publishing","isPartOf":{"@id":"https:\/\/www.kendra.com.pl\/shop\/#website"},"primaryImageOfPage":{"@id":"https:\/\/www.kendra.com.pl\/shop\/produkt\/aw-41-religia-i-seksualnosc\/#primaryimage"},"datePublished":"2012-05-09T10:00:50+00:00","dateModified":"2025-02-16T13:08:39+00:00","breadcrumb":{"@id":"https:\/\/www.kendra.com.pl\/shop\/produkt\/aw-41-religia-i-seksualnosc\/#breadcrumb"},"inLanguage":"pl-PL","potentialAction":[{"@type":"ReadAction","target":["https:\/\/www.kendra.com.pl\/shop\/produkt\/aw-41-religia-i-seksualnosc\/"]}]},{"@type":"BreadcrumbList","@id":"https:\/\/www.kendra.com.pl\/shop\/produkt\/aw-41-religia-i-seksualnosc\/#breadcrumb","itemListElement":[{"@type":"ListItem","position":1,"name":"Strona g\u0142\u00f3wna","item":"https:\/\/www.kendra.com.pl\/shop\/"},{"@type":"ListItem","position":2,"name":"Przerwa w dzia\u0142alno\u015bci sklepu&#8230;","item":"https:\/\/www.kendra.com.pl\/shop\/?page_id=1888"},{"@type":"ListItem","position":3,"name":"Religia i seksualno\u015b\u0107"}]}]}},"_links":{"self":[{"href":"https:\/\/www.kendra.com.pl\/shop\/wp-json\/wp\/v2\/product\/39"}],"collection":[{"href":"https:\/\/www.kendra.com.pl\/shop\/wp-json\/wp\/v2\/product"}],"about":[{"href":"https:\/\/www.kendra.com.pl\/shop\/wp-json\/wp\/v2\/types\/product"}],"replies":[{"embeddable":true,"href":"https:\/\/www.kendra.com.pl\/shop\/wp-json\/wp\/v2\/comments?post=39"}],"wp:featuredmedia":[{"embeddable":true,"href":"https:\/\/www.kendra.com.pl\/shop\/wp-json\/wp\/v2\/media\/389"}],"wp:attachment":[{"href":"https:\/\/www.kendra.com.pl\/shop\/wp-json\/wp\/v2\/media?parent=39"}],"wp:term":[{"taxonomy":"product_cat","embeddable":true,"href":"https:\/\/www.kendra.com.pl\/shop\/wp-json\/wp\/v2\/product_cat?post=39"},{"taxonomy":"product_tag","embeddable":true,"href":"https:\/\/www.kendra.com.pl\/shop\/wp-json\/wp\/v2\/product_tag?post=39"}],"curies":[{"name":"wp","href":"https:\/\/api.w.org\/{rel}","templated":true}]}}