{"id":3944,"date":"2022-04-29T11:34:35","date_gmt":"2022-04-29T09:34:35","guid":{"rendered":"https:\/\/www.kendra.com.pl\/shop\/?post_type=product&#038;p=3944"},"modified":"2025-02-16T14:10:36","modified_gmt":"2025-02-16T13:10:36","slug":"eko-zen","status":"publish","type":"product","link":"https:\/\/www.kendra.com.pl\/shop\/produkt\/eko-zen\/","title":{"rendered":"Eko-Zen"},"content":{"rendered":"","protected":false},"excerpt":{"rendered":"<p>Alan Watts: \u201cNie jestem Buddyst\u0105 Zen. Nie propaguj\u0119 Buddyzmu Zen. Nikogo nie pr\u00f3buj\u0119 nawr\u00f3ci\u0107, nie chc\u0119 wam niczego sprzeda\u0107. Jestem artyst\u0105 [\u015bmiech]. Jestem jak muzyk, kt\u00f3ry podczas koncertu wykonuje Mozarta &#8211; nie chce wam sprzeda\u0107 nic, poza samym d\u017awi\u0119kiem muzyki. On te\u017c nie chce was nawraca\u0107. Nie chce, \u017ceby\u015bcie wst\u0105pili do organizacji g\u0142osz\u0105cej, \u017ce Mozart jest lepszy ni\u017c Beethoven. Przychodz\u0119 do was jak pianista lub skrzypek. Chc\u0119, \u017ceby\u015bcie czerpali przyjemno\u015b\u0107 ze spojrzenia na rzeczy tak, jak ja je widz\u0119 (\u2026)\u201d.<\/p>\n<p>Celem wszystkich odmian Buddyzmu &#8211; w\u0142\u0105czaj\u0105c tu Zen &#8211; jest zmienienie \u015bwiadomo\u015bci ludzi, zmiana sposobu odczuwania w\u0142asnej to\u017csamo\u015bci. Odczuwania tego, czym i kim jeste\u015b. Buddyzm odkry\u0142 lub stworzy\u0142 cz\u0142owiek o imieniu Gautama \u017cyj\u0105cy w Indiach tu\u017c po sze\u015b\u0107setnym roku przed nasz\u0105 er\u0105. Nadano mi imi\u0119 Budda, poniewa\u017c znaczy ono \u201eprzebudzony\u201d, cz\u0142owiek, kt\u00f3ry si\u0119 obudzi\u0142. Ju\u017c samo to imi\u0119 sugeruje, \u017ce zwykli ludzie s\u0105 u\u015bpieni. Czy \u0142atwo jest si\u0119 przebudzi\u0107?<\/p>\n<p>\u201eWsz\u0119dzie naoko\u0142o widzimy walk\u0119 cz\u0142owieka z natur\u0105. W dzisiejszych czasach o badaniach nad kosmosem my\u015bli si\u0119 jako o \u201epodbijaniu kosmosu\u201d. Buduje si\u0119 wielkie, falliczne obiekty, kt\u00f3re maj\u0105 zabra\u0107 cz\u0142owieka w kosmos. To kompletny idiotyzm, bo gdzie mo\u017cna dolecie\u0107 tak\u0105 rakiet\u0105? Podr\u00f3\u017c na ksi\u0119\u017cyc trwa strasznie d\u0142ugo, a \u017ceby opu\u015bci\u0107 nasz uk\u0142ad s\u0142oneczny trzeba by\u0142oby uda\u0107 si\u0119 w podr\u00f3\u017c d\u0142u\u017csz\u0105 ni\u017c ludzkie \u017cycie. W\u0142a\u015bciw\u0105 drog\u0105 badania kosmosu nie s\u0105 rakiety, tylko radioastronomia. Zamiast przebija\u0107 niebo \u2013 jak tward\u0105 pi\u0119\u015bci\u0105, sta\u0144my si\u0119 bardziej wra\u017cliwi. Rozwi\u0144my subtelne zmys\u0142y. To w\u0142a\u015bnie robi radioastronomia. Wszystko wtedy samo do ciebie przyjdzie. Otw\u00f3rz si\u0119, naucz si\u0119 s\u0142ucha\u0107, a w ko\u0144cu stworzysz aparat, kt\u00f3ry pozwoli zbada\u0107 kawa\u0142ek ska\u0142y na Marsie, dok\u0142adniej, ni\u017c gdyby\u015b trzyma\u0142 ja w r\u0119kach. Pozw\u00f3l, \u017ceby to do ciebie przysz\u0142o&#8230;\u201d<\/p>\n<p>&nbsp;<\/p>\n[wc-koplo]\n","protected":false},"featured_media":1218,"comment_status":"closed","ping_status":"closed","template":"","meta":[],"product_cat":[16,412],"product_tag":[208,42,33,69,70,173,367,211,631,640,632,637,53,142,47,364,51,641,234,636,31,639,240,294,634,633,172,171,34,61,308,43,105,30,638,180,635,49,335],"yoast_head":"<!-- This site is optimized with the Yoast SEO plugin v18.8 - https:\/\/yoast.com\/wordpress\/plugins\/seo\/ -->\n<title>Eko-Zen - Kendra Publishing<\/title>\n<meta name=\"robots\" content=\"noindex, follow\" \/>\n<meta property=\"og:locale\" content=\"pl_PL\" \/>\n<meta property=\"og:type\" content=\"article\" \/>\n<meta property=\"og:title\" content=\"Eko-Zen - Kendra Publishing\" \/>\n<meta property=\"og:description\" content=\"Alan Watts: \u201cNie jestem Buddyst\u0105 Zen. Nie propaguj\u0119 Buddyzmu Zen. Nikogo nie pr\u00f3buj\u0119 nawr\u00f3ci\u0107, nie chc\u0119 wam niczego sprzeda\u0107. Jestem artyst\u0105 [\u015bmiech]. Jestem jak muzyk, kt\u00f3ry podczas koncertu wykonuje Mozarta - nie chce wam sprzeda\u0107 nic, poza samym d\u017awi\u0119kiem muzyki. On te\u017c nie chce was nawraca\u0107. Nie chce, \u017ceby\u015bcie wst\u0105pili do organizacji g\u0142osz\u0105cej, \u017ce Mozart jest lepszy ni\u017c Beethoven. Przychodz\u0119 do was jak pianista lub skrzypek. Chc\u0119, \u017ceby\u015bcie czerpali przyjemno\u015b\u0107 ze spojrzenia na rzeczy tak, jak ja je widz\u0119 (\u2026)\u201d.  Celem wszystkich odmian Buddyzmu - w\u0142\u0105czaj\u0105c tu Zen - jest zmienienie \u015bwiadomo\u015bci ludzi, zmiana sposobu odczuwania w\u0142asnej to\u017csamo\u015bci. Odczuwania tego, czym i kim jeste\u015b. Buddyzm odkry\u0142 lub stworzy\u0142 cz\u0142owiek o imieniu Gautama \u017cyj\u0105cy w Indiach tu\u017c po sze\u015b\u0107setnym roku przed nasz\u0105 er\u0105. Nadano mi imi\u0119 Budda, poniewa\u017c znaczy ono \u201eprzebudzony\u201d, cz\u0142owiek, kt\u00f3ry si\u0119 obudzi\u0142. Ju\u017c samo to imi\u0119 sugeruje, \u017ce zwykli ludzie s\u0105 u\u015bpieni. Czy \u0142atwo jest si\u0119 przebudzi\u0107?  \u201eWsz\u0119dzie naoko\u0142o widzimy walk\u0119 cz\u0142owieka z natur\u0105. W dzisiejszych czasach o badaniach nad kosmosem my\u015bli si\u0119 jako o \u201epodbijaniu kosmosu\u201d. Buduje si\u0119 wielkie, falliczne obiekty, kt\u00f3re maj\u0105 zabra\u0107 cz\u0142owieka w kosmos. To kompletny idiotyzm, bo gdzie mo\u017cna dolecie\u0107 tak\u0105 rakiet\u0105? Podr\u00f3\u017c na ksi\u0119\u017cyc trwa strasznie d\u0142ugo, a \u017ceby opu\u015bci\u0107 nasz uk\u0142ad s\u0142oneczny trzeba by\u0142oby uda\u0107 si\u0119 w podr\u00f3\u017c d\u0142u\u017csz\u0105 ni\u017c ludzkie \u017cycie. W\u0142a\u015bciw\u0105 drog\u0105 badania kosmosu nie s\u0105 rakiety, tylko radioastronomia. Zamiast przebija\u0107 niebo \u2013 jak tward\u0105 pi\u0119\u015bci\u0105, sta\u0144my si\u0119 bardziej wra\u017cliwi. Rozwi\u0144my subtelne zmys\u0142y. To w\u0142a\u015bnie robi radioastronomia. Wszystko wtedy samo do ciebie przyjdzie. Otw\u00f3rz si\u0119, naucz si\u0119 s\u0142ucha\u0107, a w ko\u0144cu stworzysz aparat, kt\u00f3ry pozwoli zbada\u0107 kawa\u0142ek ska\u0142y na Marsie, dok\u0142adniej, ni\u017c gdyby\u015b trzyma\u0142 ja w r\u0119kach. Pozw\u00f3l, \u017ceby to do ciebie przysz\u0142o...\u201d  &nbsp;\" \/>\n<meta property=\"og:url\" content=\"https:\/\/www.kendra.com.pl\/shop\/produkt\/eko-zen\/\" \/>\n<meta property=\"og:site_name\" content=\"Kendra Publishing\" \/>\n<meta property=\"article:modified_time\" content=\"2025-02-16T13:10:36+00:00\" \/>\n<meta property=\"og:image\" content=\"https:\/\/www.kendra.com.pl\/shop\/wp-content\/uploads\/2020\/07\/okladka-25-eko-zen.png\" \/>\n\t<meta property=\"og:image:width\" content=\"949\" \/>\n\t<meta property=\"og:image:height\" content=\"943\" \/>\n\t<meta property=\"og:image:type\" content=\"image\/png\" \/>\n<meta name=\"twitter:card\" content=\"summary_large_image\" \/>\n<script type=\"application\/ld+json\" class=\"yoast-schema-graph\">{\"@context\":\"https:\/\/schema.org\",\"@graph\":[{\"@type\":\"WebSite\",\"@id\":\"https:\/\/www.kendra.com.pl\/shop\/#website\",\"url\":\"https:\/\/www.kendra.com.pl\/shop\/\",\"name\":\"Kendra Publishing\",\"description\":\"Sklep\",\"potentialAction\":[{\"@type\":\"SearchAction\",\"target\":{\"@type\":\"EntryPoint\",\"urlTemplate\":\"https:\/\/www.kendra.com.pl\/shop\/?s={search_term_string}\"},\"query-input\":\"required name=search_term_string\"}],\"inLanguage\":\"pl-PL\"},{\"@type\":\"ImageObject\",\"inLanguage\":\"pl-PL\",\"@id\":\"https:\/\/www.kendra.com.pl\/shop\/produkt\/eko-zen\/#primaryimage\",\"url\":\"https:\/\/www.kendra.com.pl\/shop\/wp-content\/uploads\/2020\/07\/okladka-25-eko-zen.png\",\"contentUrl\":\"https:\/\/www.kendra.com.pl\/shop\/wp-content\/uploads\/2020\/07\/okladka-25-eko-zen.png\",\"width\":949,\"height\":943},{\"@type\":\"WebPage\",\"@id\":\"https:\/\/www.kendra.com.pl\/shop\/produkt\/eko-zen\/#webpage\",\"url\":\"https:\/\/www.kendra.com.pl\/shop\/produkt\/eko-zen\/\",\"name\":\"Eko-Zen - Kendra Publishing\",\"isPartOf\":{\"@id\":\"https:\/\/www.kendra.com.pl\/shop\/#website\"},\"primaryImageOfPage\":{\"@id\":\"https:\/\/www.kendra.com.pl\/shop\/produkt\/eko-zen\/#primaryimage\"},\"datePublished\":\"2022-04-29T09:34:35+00:00\",\"dateModified\":\"2025-02-16T13:10:36+00:00\",\"breadcrumb\":{\"@id\":\"https:\/\/www.kendra.com.pl\/shop\/produkt\/eko-zen\/#breadcrumb\"},\"inLanguage\":\"pl-PL\",\"potentialAction\":[{\"@type\":\"ReadAction\",\"target\":[\"https:\/\/www.kendra.com.pl\/shop\/produkt\/eko-zen\/\"]}]},{\"@type\":\"BreadcrumbList\",\"@id\":\"https:\/\/www.kendra.com.pl\/shop\/produkt\/eko-zen\/#breadcrumb\",\"itemListElement\":[{\"@type\":\"ListItem\",\"position\":1,\"name\":\"Strona g\u0142\u00f3wna\",\"item\":\"https:\/\/www.kendra.com.pl\/shop\/\"},{\"@type\":\"ListItem\",\"position\":2,\"name\":\"Przerwa w dzia\u0142alno\u015bci sklepu&#8230;\",\"item\":\"https:\/\/www.kendra.com.pl\/shop\/?page_id=1888\"},{\"@type\":\"ListItem\",\"position\":3,\"name\":\"Eko-Zen\"}]}]}<\/script>\n<!-- \/ Yoast SEO plugin. -->","yoast_head_json":{"title":"Eko-Zen - Kendra Publishing","robots":{"index":"noindex","follow":"follow"},"og_locale":"pl_PL","og_type":"article","og_title":"Eko-Zen - Kendra Publishing","og_description":"Alan Watts: \u201cNie jestem Buddyst\u0105 Zen. Nie propaguj\u0119 Buddyzmu Zen. Nikogo nie pr\u00f3buj\u0119 nawr\u00f3ci\u0107, nie chc\u0119 wam niczego sprzeda\u0107. Jestem artyst\u0105 [\u015bmiech]. Jestem jak muzyk, kt\u00f3ry podczas koncertu wykonuje Mozarta - nie chce wam sprzeda\u0107 nic, poza samym d\u017awi\u0119kiem muzyki. On te\u017c nie chce was nawraca\u0107. Nie chce, \u017ceby\u015bcie wst\u0105pili do organizacji g\u0142osz\u0105cej, \u017ce Mozart jest lepszy ni\u017c Beethoven. Przychodz\u0119 do was jak pianista lub skrzypek. Chc\u0119, \u017ceby\u015bcie czerpali przyjemno\u015b\u0107 ze spojrzenia na rzeczy tak, jak ja je widz\u0119 (\u2026)\u201d.  Celem wszystkich odmian Buddyzmu - w\u0142\u0105czaj\u0105c tu Zen - jest zmienienie \u015bwiadomo\u015bci ludzi, zmiana sposobu odczuwania w\u0142asnej to\u017csamo\u015bci. Odczuwania tego, czym i kim jeste\u015b. Buddyzm odkry\u0142 lub stworzy\u0142 cz\u0142owiek o imieniu Gautama \u017cyj\u0105cy w Indiach tu\u017c po sze\u015b\u0107setnym roku przed nasz\u0105 er\u0105. Nadano mi imi\u0119 Budda, poniewa\u017c znaczy ono \u201eprzebudzony\u201d, cz\u0142owiek, kt\u00f3ry si\u0119 obudzi\u0142. Ju\u017c samo to imi\u0119 sugeruje, \u017ce zwykli ludzie s\u0105 u\u015bpieni. Czy \u0142atwo jest si\u0119 przebudzi\u0107?  \u201eWsz\u0119dzie naoko\u0142o widzimy walk\u0119 cz\u0142owieka z natur\u0105. W dzisiejszych czasach o badaniach nad kosmosem my\u015bli si\u0119 jako o \u201epodbijaniu kosmosu\u201d. Buduje si\u0119 wielkie, falliczne obiekty, kt\u00f3re maj\u0105 zabra\u0107 cz\u0142owieka w kosmos. To kompletny idiotyzm, bo gdzie mo\u017cna dolecie\u0107 tak\u0105 rakiet\u0105? Podr\u00f3\u017c na ksi\u0119\u017cyc trwa strasznie d\u0142ugo, a \u017ceby opu\u015bci\u0107 nasz uk\u0142ad s\u0142oneczny trzeba by\u0142oby uda\u0107 si\u0119 w podr\u00f3\u017c d\u0142u\u017csz\u0105 ni\u017c ludzkie \u017cycie. W\u0142a\u015bciw\u0105 drog\u0105 badania kosmosu nie s\u0105 rakiety, tylko radioastronomia. Zamiast przebija\u0107 niebo \u2013 jak tward\u0105 pi\u0119\u015bci\u0105, sta\u0144my si\u0119 bardziej wra\u017cliwi. Rozwi\u0144my subtelne zmys\u0142y. To w\u0142a\u015bnie robi radioastronomia. Wszystko wtedy samo do ciebie przyjdzie. Otw\u00f3rz si\u0119, naucz si\u0119 s\u0142ucha\u0107, a w ko\u0144cu stworzysz aparat, kt\u00f3ry pozwoli zbada\u0107 kawa\u0142ek ska\u0142y na Marsie, dok\u0142adniej, ni\u017c gdyby\u015b trzyma\u0142 ja w r\u0119kach. Pozw\u00f3l, \u017ceby to do ciebie przysz\u0142o...\u201d  &nbsp;","og_url":"https:\/\/www.kendra.com.pl\/shop\/produkt\/eko-zen\/","og_site_name":"Kendra Publishing","article_modified_time":"2025-02-16T13:10:36+00:00","og_image":[{"width":949,"height":943,"url":"https:\/\/www.kendra.com.pl\/shop\/wp-content\/uploads\/2020\/07\/okladka-25-eko-zen.png","type":"image\/png"}],"twitter_card":"summary_large_image","schema":{"@context":"https:\/\/schema.org","@graph":[{"@type":"WebSite","@id":"https:\/\/www.kendra.com.pl\/shop\/#website","url":"https:\/\/www.kendra.com.pl\/shop\/","name":"Kendra Publishing","description":"Sklep","potentialAction":[{"@type":"SearchAction","target":{"@type":"EntryPoint","urlTemplate":"https:\/\/www.kendra.com.pl\/shop\/?s={search_term_string}"},"query-input":"required name=search_term_string"}],"inLanguage":"pl-PL"},{"@type":"ImageObject","inLanguage":"pl-PL","@id":"https:\/\/www.kendra.com.pl\/shop\/produkt\/eko-zen\/#primaryimage","url":"https:\/\/www.kendra.com.pl\/shop\/wp-content\/uploads\/2020\/07\/okladka-25-eko-zen.png","contentUrl":"https:\/\/www.kendra.com.pl\/shop\/wp-content\/uploads\/2020\/07\/okladka-25-eko-zen.png","width":949,"height":943},{"@type":"WebPage","@id":"https:\/\/www.kendra.com.pl\/shop\/produkt\/eko-zen\/#webpage","url":"https:\/\/www.kendra.com.pl\/shop\/produkt\/eko-zen\/","name":"Eko-Zen - Kendra Publishing","isPartOf":{"@id":"https:\/\/www.kendra.com.pl\/shop\/#website"},"primaryImageOfPage":{"@id":"https:\/\/www.kendra.com.pl\/shop\/produkt\/eko-zen\/#primaryimage"},"datePublished":"2022-04-29T09:34:35+00:00","dateModified":"2025-02-16T13:10:36+00:00","breadcrumb":{"@id":"https:\/\/www.kendra.com.pl\/shop\/produkt\/eko-zen\/#breadcrumb"},"inLanguage":"pl-PL","potentialAction":[{"@type":"ReadAction","target":["https:\/\/www.kendra.com.pl\/shop\/produkt\/eko-zen\/"]}]},{"@type":"BreadcrumbList","@id":"https:\/\/www.kendra.com.pl\/shop\/produkt\/eko-zen\/#breadcrumb","itemListElement":[{"@type":"ListItem","position":1,"name":"Strona g\u0142\u00f3wna","item":"https:\/\/www.kendra.com.pl\/shop\/"},{"@type":"ListItem","position":2,"name":"Przerwa w dzia\u0142alno\u015bci sklepu&#8230;","item":"https:\/\/www.kendra.com.pl\/shop\/?page_id=1888"},{"@type":"ListItem","position":3,"name":"Eko-Zen"}]}]}},"_links":{"self":[{"href":"https:\/\/www.kendra.com.pl\/shop\/wp-json\/wp\/v2\/product\/3944"}],"collection":[{"href":"https:\/\/www.kendra.com.pl\/shop\/wp-json\/wp\/v2\/product"}],"about":[{"href":"https:\/\/www.kendra.com.pl\/shop\/wp-json\/wp\/v2\/types\/product"}],"replies":[{"embeddable":true,"href":"https:\/\/www.kendra.com.pl\/shop\/wp-json\/wp\/v2\/comments?post=3944"}],"wp:featuredmedia":[{"embeddable":true,"href":"https:\/\/www.kendra.com.pl\/shop\/wp-json\/wp\/v2\/media\/1218"}],"wp:attachment":[{"href":"https:\/\/www.kendra.com.pl\/shop\/wp-json\/wp\/v2\/media?parent=3944"}],"wp:term":[{"taxonomy":"product_cat","embeddable":true,"href":"https:\/\/www.kendra.com.pl\/shop\/wp-json\/wp\/v2\/product_cat?post=3944"},{"taxonomy":"product_tag","embeddable":true,"href":"https:\/\/www.kendra.com.pl\/shop\/wp-json\/wp\/v2\/product_tag?post=3944"}],"curies":[{"name":"wp","href":"https:\/\/api.w.org\/{rel}","templated":true}]}}