{"id":4249,"date":"2022-06-20T15:14:30","date_gmt":"2022-06-20T13:14:30","guid":{"rendered":"https:\/\/www.kendra.com.pl\/shop\/produkt\/ona-ma-sile\/"},"modified":"2025-02-16T14:10:33","modified_gmt":"2025-02-16T13:10:33","slug":"ona-ma-sile","status":"publish","type":"product","link":"https:\/\/www.kendra.com.pl\/shop\/produkt\/ona-ma-sile\/","title":{"rendered":"Ona ma si\u0142\u0119"},"content":{"rendered":"<p>Nowe, uzupe\u0142nione wydanie prze\u0142omowego poradnika o seksualno\u015bci kobiet, bestsellera New York Timesa.<\/p>\n<p>Autorka ksi\u0105\u017cki, Emily Nagoski, obala liczne mity zwi\u0105zane z tematem seksualno\u015bci kobiet, a tak\u017ce pomaga pokocha\u0107 w\u0142asne cia\u0142o, czyni\u0105c z r\u00f3\u017cnorodno\u015bci oraz niedoskona\u0142o\u015bci pi\u0119kno i prawdziw\u0105 si\u0142\u0119.<\/p>\n<p>\u201eOna ma si\u0142\u0119\u201d to kultowy poradnik, z kt\u00f3rego dowiemy si\u0119 m.in. tego, czym jest po\u017c\u0105danie, czego si\u0119 wstydzimy, jak fantazjujemy, dlaczego nigdy nie powstanie \u201er\u00f3\u017cowa tabletka\u201d, czyli odpowiednik viagry dla kobiet. Przeczytamy o emocjach, kt\u00f3re towarzysz\u0105 kobietom w chwilach intymnych i wielu innych wa\u017cnych, a czasem przemilczanych, sprawach.<\/p>\n<p>\u201eNiniejsza ksi\u0105\u017cka to zestaw odpowiedzi. Takich, kt\u00f3re \u2013 czego by\u0142am \u015bwiadkiem \u2013 zmieni\u0142y \u017cycie wielu kobiet. Te odpowiedzi wynikaj\u0105 z wiedzy dostarczonej przez wsp\u00f3\u0142czesn\u0105 nauk\u0119 oraz osobiste historie kobiet, kt\u00f3re \u2013 dzi\u0119ki wi\u0119kszej \u015bwiadomo\u015bci seksualnej \u2013 dokona\u0142y zmian w relacjach z w\u0142asnym cia\u0142em. Te kobiety to moje bohaterki. Mam nadziej\u0119, \u017ce opowiadaj\u0105c ich historie, poka\u017c\u0119 ci, jak pod\u0105\u017ca\u0107 w\u0142asn\u0105 \u015bcie\u017ck\u0105, aby\u015b mog\u0142a osi\u0105gn\u0105\u0107 i wykorzysta\u0107 pe\u0142ni\u0119 mo\u017cliwo\u015bci, kt\u00f3re g\u0142\u0119boko w tobie drzemi\u0105\u201d.<\/p>\n<p>Emily Nagoski \u2013 ceniona ameryka\u0144ska seksuolo\u017cka, psycholo\u017cka i terapeutka; prowadzi badania nad p\u0142ci\u0105 oraz seksualno\u015bci\u0105, a tak\u017ce warsztaty i szkolenia z edukacji seksualnej; wsp\u00f3\u0142pracuje ze s\u0142ynnym Instytutem Kinseya. Autorka trzech poradnik\u00f3w.<\/p>\n<p>Powy\u017cszy opis pochodzi od wydawcy.<br \/>\nWydawnictwo Buchmann<\/p>\n","protected":false},"excerpt":{"rendered":"<p>Nowe wydanie prze\u0142omowego poradnika, kt\u00f3ry poprawi\u0142 \u017cycie seksualne i samoocen\u0119 milion\u00f3w kobiet.<\/p>\n","protected":false},"featured_media":4250,"comment_status":"open","ping_status":"closed","template":"","meta":[],"product_cat":[748,17,786,741],"product_tag":[740],"yoast_head":"<!-- This site is optimized with the Yoast SEO plugin v18.8 - https:\/\/yoast.com\/wordpress\/plugins\/seo\/ -->\n<title>Ona ma si\u0142\u0119 - Kendra Publishing<\/title>\n<meta name=\"robots\" content=\"noindex, follow\" \/>\n<meta property=\"og:locale\" content=\"pl_PL\" \/>\n<meta property=\"og:type\" content=\"article\" \/>\n<meta property=\"og:title\" content=\"Ona ma si\u0142\u0119 - Kendra Publishing\" \/>\n<meta property=\"og:description\" content=\"Nowe wydanie prze\u0142omowego poradnika, kt\u00f3ry poprawi\u0142 \u017cycie seksualne i samoocen\u0119 milion\u00f3w kobiet.\" \/>\n<meta property=\"og:url\" content=\"https:\/\/www.kendra.com.pl\/shop\/produkt\/ona-ma-sile\/\" \/>\n<meta property=\"og:site_name\" content=\"Kendra Publishing\" \/>\n<meta property=\"article:modified_time\" content=\"2025-02-16T13:10:33+00:00\" \/>\n<meta property=\"og:image\" content=\"https:\/\/www.kendra.com.pl\/shop\/wp-content\/uploads\/2022\/06\/Ona-ma-sile-Emily-Nagoski-1.jpg\" \/>\n\t<meta property=\"og:image:width\" content=\"1220\" \/>\n\t<meta property=\"og:image:height\" content=\"920\" \/>\n\t<meta property=\"og:image:type\" content=\"image\/jpeg\" \/>\n<meta name=\"twitter:card\" content=\"summary_large_image\" \/>\n<meta name=\"twitter:label1\" content=\"Szacowany czas czytania\" \/>\n\t<meta name=\"twitter:data1\" content=\"1 minuta\" \/>\n<script type=\"application\/ld+json\" class=\"yoast-schema-graph\">{\"@context\":\"https:\/\/schema.org\",\"@graph\":[{\"@type\":\"WebSite\",\"@id\":\"https:\/\/www.kendra.com.pl\/shop\/#website\",\"url\":\"https:\/\/www.kendra.com.pl\/shop\/\",\"name\":\"Kendra Publishing\",\"description\":\"Sklep\",\"potentialAction\":[{\"@type\":\"SearchAction\",\"target\":{\"@type\":\"EntryPoint\",\"urlTemplate\":\"https:\/\/www.kendra.com.pl\/shop\/?s={search_term_string}\"},\"query-input\":\"required name=search_term_string\"}],\"inLanguage\":\"pl-PL\"},{\"@type\":\"ImageObject\",\"inLanguage\":\"pl-PL\",\"@id\":\"https:\/\/www.kendra.com.pl\/shop\/produkt\/ona-ma-sile\/#primaryimage\",\"url\":\"https:\/\/www.kendra.com.pl\/shop\/wp-content\/uploads\/2022\/06\/Ona-ma-sile-Emily-Nagoski-1.jpg\",\"contentUrl\":\"https:\/\/www.kendra.com.pl\/shop\/wp-content\/uploads\/2022\/06\/Ona-ma-sile-Emily-Nagoski-1.jpg\",\"width\":1220,\"height\":920},{\"@type\":\"WebPage\",\"@id\":\"https:\/\/www.kendra.com.pl\/shop\/produkt\/ona-ma-sile\/#webpage\",\"url\":\"https:\/\/www.kendra.com.pl\/shop\/produkt\/ona-ma-sile\/\",\"name\":\"Ona ma si\u0142\u0119 - Kendra Publishing\",\"isPartOf\":{\"@id\":\"https:\/\/www.kendra.com.pl\/shop\/#website\"},\"primaryImageOfPage\":{\"@id\":\"https:\/\/www.kendra.com.pl\/shop\/produkt\/ona-ma-sile\/#primaryimage\"},\"datePublished\":\"2022-06-20T13:14:30+00:00\",\"dateModified\":\"2025-02-16T13:10:33+00:00\",\"breadcrumb\":{\"@id\":\"https:\/\/www.kendra.com.pl\/shop\/produkt\/ona-ma-sile\/#breadcrumb\"},\"inLanguage\":\"pl-PL\",\"potentialAction\":[{\"@type\":\"ReadAction\",\"target\":[\"https:\/\/www.kendra.com.pl\/shop\/produkt\/ona-ma-sile\/\"]}]},{\"@type\":\"BreadcrumbList\",\"@id\":\"https:\/\/www.kendra.com.pl\/shop\/produkt\/ona-ma-sile\/#breadcrumb\",\"itemListElement\":[{\"@type\":\"ListItem\",\"position\":1,\"name\":\"Strona g\u0142\u00f3wna\",\"item\":\"https:\/\/www.kendra.com.pl\/shop\/\"},{\"@type\":\"ListItem\",\"position\":2,\"name\":\"Przerwa w dzia\u0142alno\u015bci sklepu&#8230;\",\"item\":\"https:\/\/www.kendra.com.pl\/shop\/?page_id=1888\"},{\"@type\":\"ListItem\",\"position\":3,\"name\":\"Ona ma si\u0142\u0119\"}]}]}<\/script>\n<!-- \/ Yoast SEO plugin. -->","yoast_head_json":{"title":"Ona ma si\u0142\u0119 - Kendra Publishing","robots":{"index":"noindex","follow":"follow"},"og_locale":"pl_PL","og_type":"article","og_title":"Ona ma si\u0142\u0119 - Kendra Publishing","og_description":"Nowe wydanie prze\u0142omowego poradnika, kt\u00f3ry poprawi\u0142 \u017cycie seksualne i samoocen\u0119 milion\u00f3w kobiet.","og_url":"https:\/\/www.kendra.com.pl\/shop\/produkt\/ona-ma-sile\/","og_site_name":"Kendra Publishing","article_modified_time":"2025-02-16T13:10:33+00:00","og_image":[{"width":1220,"height":920,"url":"https:\/\/www.kendra.com.pl\/shop\/wp-content\/uploads\/2022\/06\/Ona-ma-sile-Emily-Nagoski-1.jpg","type":"image\/jpeg"}],"twitter_card":"summary_large_image","twitter_misc":{"Szacowany czas czytania":"1 minuta"},"schema":{"@context":"https:\/\/schema.org","@graph":[{"@type":"WebSite","@id":"https:\/\/www.kendra.com.pl\/shop\/#website","url":"https:\/\/www.kendra.com.pl\/shop\/","name":"Kendra Publishing","description":"Sklep","potentialAction":[{"@type":"SearchAction","target":{"@type":"EntryPoint","urlTemplate":"https:\/\/www.kendra.com.pl\/shop\/?s={search_term_string}"},"query-input":"required name=search_term_string"}],"inLanguage":"pl-PL"},{"@type":"ImageObject","inLanguage":"pl-PL","@id":"https:\/\/www.kendra.com.pl\/shop\/produkt\/ona-ma-sile\/#primaryimage","url":"https:\/\/www.kendra.com.pl\/shop\/wp-content\/uploads\/2022\/06\/Ona-ma-sile-Emily-Nagoski-1.jpg","contentUrl":"https:\/\/www.kendra.com.pl\/shop\/wp-content\/uploads\/2022\/06\/Ona-ma-sile-Emily-Nagoski-1.jpg","width":1220,"height":920},{"@type":"WebPage","@id":"https:\/\/www.kendra.com.pl\/shop\/produkt\/ona-ma-sile\/#webpage","url":"https:\/\/www.kendra.com.pl\/shop\/produkt\/ona-ma-sile\/","name":"Ona ma si\u0142\u0119 - Kendra Publishing","isPartOf":{"@id":"https:\/\/www.kendra.com.pl\/shop\/#website"},"primaryImageOfPage":{"@id":"https:\/\/www.kendra.com.pl\/shop\/produkt\/ona-ma-sile\/#primaryimage"},"datePublished":"2022-06-20T13:14:30+00:00","dateModified":"2025-02-16T13:10:33+00:00","breadcrumb":{"@id":"https:\/\/www.kendra.com.pl\/shop\/produkt\/ona-ma-sile\/#breadcrumb"},"inLanguage":"pl-PL","potentialAction":[{"@type":"ReadAction","target":["https:\/\/www.kendra.com.pl\/shop\/produkt\/ona-ma-sile\/"]}]},{"@type":"BreadcrumbList","@id":"https:\/\/www.kendra.com.pl\/shop\/produkt\/ona-ma-sile\/#breadcrumb","itemListElement":[{"@type":"ListItem","position":1,"name":"Strona g\u0142\u00f3wna","item":"https:\/\/www.kendra.com.pl\/shop\/"},{"@type":"ListItem","position":2,"name":"Przerwa w dzia\u0142alno\u015bci sklepu&#8230;","item":"https:\/\/www.kendra.com.pl\/shop\/?page_id=1888"},{"@type":"ListItem","position":3,"name":"Ona ma si\u0142\u0119"}]}]}},"_links":{"self":[{"href":"https:\/\/www.kendra.com.pl\/shop\/wp-json\/wp\/v2\/product\/4249"}],"collection":[{"href":"https:\/\/www.kendra.com.pl\/shop\/wp-json\/wp\/v2\/product"}],"about":[{"href":"https:\/\/www.kendra.com.pl\/shop\/wp-json\/wp\/v2\/types\/product"}],"replies":[{"embeddable":true,"href":"https:\/\/www.kendra.com.pl\/shop\/wp-json\/wp\/v2\/comments?post=4249"}],"wp:featuredmedia":[{"embeddable":true,"href":"https:\/\/www.kendra.com.pl\/shop\/wp-json\/wp\/v2\/media\/4250"}],"wp:attachment":[{"href":"https:\/\/www.kendra.com.pl\/shop\/wp-json\/wp\/v2\/media?parent=4249"}],"wp:term":[{"taxonomy":"product_cat","embeddable":true,"href":"https:\/\/www.kendra.com.pl\/shop\/wp-json\/wp\/v2\/product_cat?post=4249"},{"taxonomy":"product_tag","embeddable":true,"href":"https:\/\/www.kendra.com.pl\/shop\/wp-json\/wp\/v2\/product_tag?post=4249"}],"curies":[{"name":"wp","href":"https:\/\/api.w.org\/{rel}","templated":true}]}}