{"id":4255,"date":"2022-05-26T15:36:43","date_gmt":"2022-05-26T13:36:43","guid":{"rendered":"https:\/\/www.kendra.com.pl\/shop\/produkt\/mala-ksiega-pozytywnych-afirmacji-i-codziennych-rytualow\/"},"modified":"2025-02-16T14:10:34","modified_gmt":"2025-02-16T13:10:34","slug":"mala-ksiega-pozytywnych-afirmacji-i-codziennych-rytualow","status":"publish","type":"product","link":"https:\/\/www.kendra.com.pl\/shop\/produkt\/mala-ksiega-pozytywnych-afirmacji-i-codziennych-rytualow\/","title":{"rendered":"Ma\u0142a ksi\u0119ga pozytywnych afirmacji i codziennych rytua\u0142\u00f3w"},"content":{"rendered":"<p>Jak podnie\u015b\u0107 wibracje i utrzyma\u0107 je na wysokim poziomie?<\/p>\n<p>Trenuj\u0105c sw\u00f3j spokojny umys\u0142 w pozytywnym my\u015bleniu poprzez praktyki duchowe, takie jak afirmacje i codzienne rytua\u0142y. Wysokie wibracje sprawi\u0105, \u017ce twoje \u017cycie ju\u017c wkr\u00f3tce wype\u0142ni si\u0119 szcz\u0119\u015bciem, rado\u015bci\u0105, mi\u0142o\u015bci\u0105, b\u0119dziesz cieszy\u0107 si\u0119 zdrowiem i dostatkiem.<\/p>\n<p>Skorzystaj ze sprawdzonych \u0107wicze\u0144, kt\u00f3re przygotowa\u0142a dla ciebie Autorka, wizjonerka i pisarka metafizyczna. Zyskasz wi\u0119cej pozytywnej energii wok\u00f3\u0142 siebie. A jak wiadomo \u2013 podobne przyci\u0105ga podobne. Przez codzienn\u0105 praktyk\u0119 rytua\u0142\u00f3w, usuwamy stare wzorce my\u015blowe, skupiamy si\u0119 na tera\u017aniejszo\u015bci i tworzymy nowe \u015bcie\u017cki prowadz\u0105ce do szcz\u0119\u015bliwego \u017cycia. Podnie\u015b i utrzymaj wysokie wibracje dzi\u0119ki pozytywnym afirmacjom.<\/p>\n<p>Powy\u017cszy opis pochodzi od wydawcy.<br \/>\nWydawnictwo Studio Astropsychologii<\/p>\n","protected":false},"excerpt":{"rendered":"<p class=\"p1\">Jak podnie\u015b\u0107 wibracje swojej energii i przyci\u0105gn\u0105\u0107 do siebie mi\u0142o\u015b\u0107, bogactwo, szcz\u0119\u015bcie i spok\u00f3j.<\/p>\n","protected":false},"featured_media":4256,"comment_status":"open","ping_status":"closed","template":"","meta":[],"product_cat":[417,17,395,790,392,410,745,741,433,401],"product_tag":[],"yoast_head":"<!-- This site is optimized with the Yoast SEO plugin v18.8 - https:\/\/yoast.com\/wordpress\/plugins\/seo\/ -->\n<title>Ma\u0142a ksi\u0119ga pozytywnych afirmacji i codziennych rytua\u0142\u00f3w - Kendra Publishing<\/title>\n<meta name=\"robots\" content=\"noindex, follow\" \/>\n<meta property=\"og:locale\" content=\"pl_PL\" \/>\n<meta property=\"og:type\" content=\"article\" \/>\n<meta property=\"og:title\" content=\"Ma\u0142a ksi\u0119ga pozytywnych afirmacji i codziennych rytua\u0142\u00f3w - Kendra Publishing\" \/>\n<meta property=\"og:description\" content=\"Jak podnie\u015b\u0107 wibracje swojej energii i przyci\u0105gn\u0105\u0107 do siebie mi\u0142o\u015b\u0107, bogactwo, szcz\u0119\u015bcie i spok\u00f3j.\" \/>\n<meta property=\"og:url\" content=\"https:\/\/www.kendra.com.pl\/shop\/produkt\/mala-ksiega-pozytywnych-afirmacji-i-codziennych-rytualow\/\" \/>\n<meta property=\"og:site_name\" content=\"Kendra Publishing\" \/>\n<meta property=\"article:modified_time\" content=\"2025-02-16T13:10:34+00:00\" \/>\n<meta property=\"og:image\" content=\"https:\/\/www.kendra.com.pl\/shop\/wp-content\/uploads\/2022\/05\/mala-ksiega-pozytywnych-afirmacji.jpg\" \/>\n\t<meta property=\"og:image:width\" content=\"897\" \/>\n\t<meta property=\"og:image:height\" content=\"737\" \/>\n\t<meta property=\"og:image:type\" content=\"image\/jpeg\" \/>\n<meta name=\"twitter:card\" content=\"summary_large_image\" \/>\n<meta name=\"twitter:label1\" content=\"Szacowany czas czytania\" \/>\n\t<meta name=\"twitter:data1\" content=\"1 minuta\" \/>\n<script type=\"application\/ld+json\" class=\"yoast-schema-graph\">{\"@context\":\"https:\/\/schema.org\",\"@graph\":[{\"@type\":\"WebSite\",\"@id\":\"https:\/\/www.kendra.com.pl\/shop\/#website\",\"url\":\"https:\/\/www.kendra.com.pl\/shop\/\",\"name\":\"Kendra Publishing\",\"description\":\"Sklep\",\"potentialAction\":[{\"@type\":\"SearchAction\",\"target\":{\"@type\":\"EntryPoint\",\"urlTemplate\":\"https:\/\/www.kendra.com.pl\/shop\/?s={search_term_string}\"},\"query-input\":\"required name=search_term_string\"}],\"inLanguage\":\"pl-PL\"},{\"@type\":\"ImageObject\",\"inLanguage\":\"pl-PL\",\"@id\":\"https:\/\/www.kendra.com.pl\/shop\/produkt\/mala-ksiega-pozytywnych-afirmacji-i-codziennych-rytualow\/#primaryimage\",\"url\":\"https:\/\/www.kendra.com.pl\/shop\/wp-content\/uploads\/2022\/05\/mala-ksiega-pozytywnych-afirmacji.jpg\",\"contentUrl\":\"https:\/\/www.kendra.com.pl\/shop\/wp-content\/uploads\/2022\/05\/mala-ksiega-pozytywnych-afirmacji.jpg\",\"width\":897,\"height\":737},{\"@type\":\"WebPage\",\"@id\":\"https:\/\/www.kendra.com.pl\/shop\/produkt\/mala-ksiega-pozytywnych-afirmacji-i-codziennych-rytualow\/#webpage\",\"url\":\"https:\/\/www.kendra.com.pl\/shop\/produkt\/mala-ksiega-pozytywnych-afirmacji-i-codziennych-rytualow\/\",\"name\":\"Ma\u0142a ksi\u0119ga pozytywnych afirmacji i codziennych rytua\u0142\u00f3w - Kendra Publishing\",\"isPartOf\":{\"@id\":\"https:\/\/www.kendra.com.pl\/shop\/#website\"},\"primaryImageOfPage\":{\"@id\":\"https:\/\/www.kendra.com.pl\/shop\/produkt\/mala-ksiega-pozytywnych-afirmacji-i-codziennych-rytualow\/#primaryimage\"},\"datePublished\":\"2022-05-26T13:36:43+00:00\",\"dateModified\":\"2025-02-16T13:10:34+00:00\",\"breadcrumb\":{\"@id\":\"https:\/\/www.kendra.com.pl\/shop\/produkt\/mala-ksiega-pozytywnych-afirmacji-i-codziennych-rytualow\/#breadcrumb\"},\"inLanguage\":\"pl-PL\",\"potentialAction\":[{\"@type\":\"ReadAction\",\"target\":[\"https:\/\/www.kendra.com.pl\/shop\/produkt\/mala-ksiega-pozytywnych-afirmacji-i-codziennych-rytualow\/\"]}]},{\"@type\":\"BreadcrumbList\",\"@id\":\"https:\/\/www.kendra.com.pl\/shop\/produkt\/mala-ksiega-pozytywnych-afirmacji-i-codziennych-rytualow\/#breadcrumb\",\"itemListElement\":[{\"@type\":\"ListItem\",\"position\":1,\"name\":\"Strona g\u0142\u00f3wna\",\"item\":\"https:\/\/www.kendra.com.pl\/shop\/\"},{\"@type\":\"ListItem\",\"position\":2,\"name\":\"Przerwa w dzia\u0142alno\u015bci sklepu&#8230;\",\"item\":\"https:\/\/www.kendra.com.pl\/shop\/?page_id=1888\"},{\"@type\":\"ListItem\",\"position\":3,\"name\":\"Ma\u0142a ksi\u0119ga pozytywnych afirmacji i codziennych rytua\u0142\u00f3w\"}]}]}<\/script>\n<!-- \/ Yoast SEO plugin. -->","yoast_head_json":{"title":"Ma\u0142a ksi\u0119ga pozytywnych afirmacji i codziennych rytua\u0142\u00f3w - Kendra Publishing","robots":{"index":"noindex","follow":"follow"},"og_locale":"pl_PL","og_type":"article","og_title":"Ma\u0142a ksi\u0119ga pozytywnych afirmacji i codziennych rytua\u0142\u00f3w - Kendra Publishing","og_description":"Jak podnie\u015b\u0107 wibracje swojej energii i przyci\u0105gn\u0105\u0107 do siebie mi\u0142o\u015b\u0107, bogactwo, szcz\u0119\u015bcie i spok\u00f3j.","og_url":"https:\/\/www.kendra.com.pl\/shop\/produkt\/mala-ksiega-pozytywnych-afirmacji-i-codziennych-rytualow\/","og_site_name":"Kendra Publishing","article_modified_time":"2025-02-16T13:10:34+00:00","og_image":[{"width":897,"height":737,"url":"https:\/\/www.kendra.com.pl\/shop\/wp-content\/uploads\/2022\/05\/mala-ksiega-pozytywnych-afirmacji.jpg","type":"image\/jpeg"}],"twitter_card":"summary_large_image","twitter_misc":{"Szacowany czas czytania":"1 minuta"},"schema":{"@context":"https:\/\/schema.org","@graph":[{"@type":"WebSite","@id":"https:\/\/www.kendra.com.pl\/shop\/#website","url":"https:\/\/www.kendra.com.pl\/shop\/","name":"Kendra Publishing","description":"Sklep","potentialAction":[{"@type":"SearchAction","target":{"@type":"EntryPoint","urlTemplate":"https:\/\/www.kendra.com.pl\/shop\/?s={search_term_string}"},"query-input":"required name=search_term_string"}],"inLanguage":"pl-PL"},{"@type":"ImageObject","inLanguage":"pl-PL","@id":"https:\/\/www.kendra.com.pl\/shop\/produkt\/mala-ksiega-pozytywnych-afirmacji-i-codziennych-rytualow\/#primaryimage","url":"https:\/\/www.kendra.com.pl\/shop\/wp-content\/uploads\/2022\/05\/mala-ksiega-pozytywnych-afirmacji.jpg","contentUrl":"https:\/\/www.kendra.com.pl\/shop\/wp-content\/uploads\/2022\/05\/mala-ksiega-pozytywnych-afirmacji.jpg","width":897,"height":737},{"@type":"WebPage","@id":"https:\/\/www.kendra.com.pl\/shop\/produkt\/mala-ksiega-pozytywnych-afirmacji-i-codziennych-rytualow\/#webpage","url":"https:\/\/www.kendra.com.pl\/shop\/produkt\/mala-ksiega-pozytywnych-afirmacji-i-codziennych-rytualow\/","name":"Ma\u0142a ksi\u0119ga pozytywnych afirmacji i codziennych rytua\u0142\u00f3w - Kendra Publishing","isPartOf":{"@id":"https:\/\/www.kendra.com.pl\/shop\/#website"},"primaryImageOfPage":{"@id":"https:\/\/www.kendra.com.pl\/shop\/produkt\/mala-ksiega-pozytywnych-afirmacji-i-codziennych-rytualow\/#primaryimage"},"datePublished":"2022-05-26T13:36:43+00:00","dateModified":"2025-02-16T13:10:34+00:00","breadcrumb":{"@id":"https:\/\/www.kendra.com.pl\/shop\/produkt\/mala-ksiega-pozytywnych-afirmacji-i-codziennych-rytualow\/#breadcrumb"},"inLanguage":"pl-PL","potentialAction":[{"@type":"ReadAction","target":["https:\/\/www.kendra.com.pl\/shop\/produkt\/mala-ksiega-pozytywnych-afirmacji-i-codziennych-rytualow\/"]}]},{"@type":"BreadcrumbList","@id":"https:\/\/www.kendra.com.pl\/shop\/produkt\/mala-ksiega-pozytywnych-afirmacji-i-codziennych-rytualow\/#breadcrumb","itemListElement":[{"@type":"ListItem","position":1,"name":"Strona g\u0142\u00f3wna","item":"https:\/\/www.kendra.com.pl\/shop\/"},{"@type":"ListItem","position":2,"name":"Przerwa w dzia\u0142alno\u015bci sklepu&#8230;","item":"https:\/\/www.kendra.com.pl\/shop\/?page_id=1888"},{"@type":"ListItem","position":3,"name":"Ma\u0142a ksi\u0119ga pozytywnych afirmacji i codziennych rytua\u0142\u00f3w"}]}]}},"_links":{"self":[{"href":"https:\/\/www.kendra.com.pl\/shop\/wp-json\/wp\/v2\/product\/4255"}],"collection":[{"href":"https:\/\/www.kendra.com.pl\/shop\/wp-json\/wp\/v2\/product"}],"about":[{"href":"https:\/\/www.kendra.com.pl\/shop\/wp-json\/wp\/v2\/types\/product"}],"replies":[{"embeddable":true,"href":"https:\/\/www.kendra.com.pl\/shop\/wp-json\/wp\/v2\/comments?post=4255"}],"wp:featuredmedia":[{"embeddable":true,"href":"https:\/\/www.kendra.com.pl\/shop\/wp-json\/wp\/v2\/media\/4256"}],"wp:attachment":[{"href":"https:\/\/www.kendra.com.pl\/shop\/wp-json\/wp\/v2\/media?parent=4255"}],"wp:term":[{"taxonomy":"product_cat","embeddable":true,"href":"https:\/\/www.kendra.com.pl\/shop\/wp-json\/wp\/v2\/product_cat?post=4255"},{"taxonomy":"product_tag","embeddable":true,"href":"https:\/\/www.kendra.com.pl\/shop\/wp-json\/wp\/v2\/product_tag?post=4255"}],"curies":[{"name":"wp","href":"https:\/\/api.w.org\/{rel}","templated":true}]}}