{"id":4257,"date":"2022-05-11T15:08:07","date_gmt":"2022-05-11T13:08:07","guid":{"rendered":"https:\/\/www.kendra.com.pl\/shop\/produkt\/twoja-wewnetrzna-moc\/"},"modified":"2025-02-16T14:10:35","modified_gmt":"2025-02-16T13:10:35","slug":"twoja-wewnetrzna-moc","status":"publish","type":"product","link":"https:\/\/www.kendra.com.pl\/shop\/produkt\/twoja-wewnetrzna-moc\/","title":{"rendered":"Twoja wewn\u0119trzna moc"},"content":{"rendered":"<p>\u017bycie nieustannie si\u0119 zmienia i\u00a0przynosi mn\u00f3stwo nieoczekiwanych wydarze\u0144. We wsp\u00f3\u0142czesnym \u015bwiecie wszystko jest niepewne i\u00a0nie zawsze idzie zgodnie z\u00a0Twoim planem. To, \u017ce pada deszcz, nie oznacza, \u017ce musisz zmokn\u0105\u0107! Pragn\u0119 wyposa\u017cy\u0107 Ci\u0119 w\u00a0parasol Twojej w\u0142asnej mocy, kt\u00f3ra b\u0119dzie chroni\u0142a Ci\u0119 przed wszelkimi nawa\u0142nicami zewn\u0119trznego \u015bwiata. Pragn\u0119, by\u015b zrozumia\u0142a i\u00a0uwierzy\u0142a, \u017ce jeste\u015b wielk\u0105 tw\u00f3rczyni\u0105 swojego \u017cycia. Pragn\u0119, by\u015b by\u0142a zdrowa, spokojna, silna i\u00a0szcz\u0119\u015bliwa \u2013 niezale\u017cnie od tego, co przyniesie los. Teraz bardziej ni\u017c kiedykolwiek przedtem potrzebna Ci jest Twoja wewn\u0119trzna moc.<\/p>\n<p>W tej ksi\u0105\u017cce opowiem Ci o\u00a0sztuce odkrywania skarb\u00f3w ukrytych pod mask\u0105 wyzwa\u0144, l\u0119k\u00f3w, strat, trud\u00f3w, cierpienia, a\u00a0czasem b\u00f3lu. Poka\u017c\u0119 Ci, jak mo\u017cesz to wszystko przemieni\u0107 w\u00a0bezcenne dary. Nic na tym \u015bwiecie nie dzieje si\u0119 bez powodu. Wszystko ma przyczyn\u0119, cel i\u00a0g\u0142\u0119bszy sens.<\/p>\n<p>Przechodzimy teraz czas globalnych przemian. Wierz\u0119, \u017ce mimo i\u017c s\u0105 dla nas trudne, dziej\u0105 si\u0119 po to, aby nam pom\u00f3c. Poka\u017c\u0119 Ci, jak wykorzysta\u0107 te zmiany, by spe\u0142ni\u0107 swoje marzenia o\u00a0lepszym, pi\u0119kniejszym i\u00a0bardziej sprawiedliwym \u017cyciu. Z\u00a0mojej ksi\u0105\u017cki dowiesz si\u0119:<\/p>\n<ul>\n<li>jak podejmowa\u0107 ryzyko i\u00a0odkrywa\u0107 ukryte w\u00a0sobie skarby,<\/li>\n<li>jak zarz\u0105dza\u0107 swoim l\u0119kiem lub dba\u0107 o\u00a0osob\u0119, kt\u00f3ra jest w\u00a0trudnej sytuacji,<\/li>\n<li>jak zmienia\u0107 wyzwania na wezwania do rozwoju.<\/li>\n<\/ul>\n<p>Chocia\u017c nieustannie si\u0119 rozwijamy, jestem przekonana, \u017ce nie odkryli\u015bmy jeszcze pe\u0142ni naszego potencja\u0142u. Przeczuwam, \u017ce mo\u017cliwo\u015bci ka\u017cdej z\u00a0nas wykraczaj\u0105 daleko poza nasze wyobra\u017cenia. Otwierajmy si\u0119 wi\u0119c na nowe \u2013 codziennie. Przemieniajmy si\u0119, aby odkry\u0107 nasz\u0105 wewn\u0119trzn\u0105 moc.<\/p>\n<p>Z rado\u015bci\u0105 i\u00a0bez l\u0119ku ruszajmy w\u00a0now\u0105 podr\u00f3\u017c!<\/p>\n<p>Z mi\u0142o\u015bci\u0105<\/p>\n<p>Agnieszka<\/p>\n<p>Ok\u0142adka twarda.<\/p>\n<p>Powy\u017cszy opis pochodzi od wydawcy.<br \/>\nWydawnictwo Otwarte<\/p>\n","protected":false},"excerpt":{"rendered":"<p>Odkryj w sobie wewn\u0119trzn\u0105 si\u0142\u0119! Agnieszka Maci\u0105g poprowadzi Ci\u0119 w swojej ksi\u0105\u017cce po \u015bcie\u017cce celuj\u0105c\u0105 w Twoje ukryte przez strach, l\u0119ki\u00a0 oraz trudy moce. Uwierz w siebie i b\u0105d\u017a szcz\u0119\u015bliw\u0105 wersj\u0105 siebie.<\/p>\n","protected":false},"featured_media":4258,"comment_status":"open","ping_status":"closed","template":"","meta":[],"product_cat":[17,786,395,392,747,410,433],"product_tag":[],"yoast_head":"<!-- This site is optimized with the Yoast SEO plugin v18.8 - https:\/\/yoast.com\/wordpress\/plugins\/seo\/ -->\n<title>Twoja wewn\u0119trzna moc - Kendra Publishing<\/title>\n<meta name=\"robots\" content=\"noindex, follow\" \/>\n<meta property=\"og:locale\" content=\"pl_PL\" \/>\n<meta property=\"og:type\" content=\"article\" \/>\n<meta property=\"og:title\" content=\"Twoja wewn\u0119trzna moc - Kendra Publishing\" \/>\n<meta property=\"og:description\" content=\"Odkryj w sobie wewn\u0119trzn\u0105 si\u0142\u0119! Agnieszka Maci\u0105g poprowadzi Ci\u0119 w swojej ksi\u0105\u017cce po \u015bcie\u017cce celuj\u0105c\u0105 w Twoje ukryte przez strach, l\u0119ki\u00a0 oraz trudy moce. Uwierz w siebie i b\u0105d\u017a szcz\u0119\u015bliw\u0105 wersj\u0105 siebie.\" \/>\n<meta property=\"og:url\" content=\"https:\/\/www.kendra.com.pl\/shop\/produkt\/twoja-wewnetrzna-moc\/\" \/>\n<meta property=\"og:site_name\" content=\"Kendra Publishing\" \/>\n<meta property=\"article:modified_time\" content=\"2025-02-16T13:10:35+00:00\" \/>\n<meta property=\"og:image\" content=\"https:\/\/www.kendra.com.pl\/shop\/wp-content\/uploads\/2022\/05\/Twoja-wewnetrzna-moc.jpg\" \/>\n\t<meta property=\"og:image:width\" content=\"1120\" \/>\n\t<meta property=\"og:image:height\" content=\"920\" \/>\n\t<meta property=\"og:image:type\" content=\"image\/jpeg\" \/>\n<meta name=\"twitter:card\" content=\"summary_large_image\" \/>\n<meta name=\"twitter:label1\" content=\"Szacowany czas czytania\" \/>\n\t<meta name=\"twitter:data1\" content=\"2 minuty\" \/>\n<script type=\"application\/ld+json\" class=\"yoast-schema-graph\">{\"@context\":\"https:\/\/schema.org\",\"@graph\":[{\"@type\":\"WebSite\",\"@id\":\"https:\/\/www.kendra.com.pl\/shop\/#website\",\"url\":\"https:\/\/www.kendra.com.pl\/shop\/\",\"name\":\"Kendra Publishing\",\"description\":\"Sklep\",\"potentialAction\":[{\"@type\":\"SearchAction\",\"target\":{\"@type\":\"EntryPoint\",\"urlTemplate\":\"https:\/\/www.kendra.com.pl\/shop\/?s={search_term_string}\"},\"query-input\":\"required name=search_term_string\"}],\"inLanguage\":\"pl-PL\"},{\"@type\":\"ImageObject\",\"inLanguage\":\"pl-PL\",\"@id\":\"https:\/\/www.kendra.com.pl\/shop\/produkt\/twoja-wewnetrzna-moc\/#primaryimage\",\"url\":\"https:\/\/www.kendra.com.pl\/shop\/wp-content\/uploads\/2022\/05\/Twoja-wewnetrzna-moc.jpg\",\"contentUrl\":\"https:\/\/www.kendra.com.pl\/shop\/wp-content\/uploads\/2022\/05\/Twoja-wewnetrzna-moc.jpg\",\"width\":1120,\"height\":920},{\"@type\":\"WebPage\",\"@id\":\"https:\/\/www.kendra.com.pl\/shop\/produkt\/twoja-wewnetrzna-moc\/#webpage\",\"url\":\"https:\/\/www.kendra.com.pl\/shop\/produkt\/twoja-wewnetrzna-moc\/\",\"name\":\"Twoja wewn\u0119trzna moc - Kendra Publishing\",\"isPartOf\":{\"@id\":\"https:\/\/www.kendra.com.pl\/shop\/#website\"},\"primaryImageOfPage\":{\"@id\":\"https:\/\/www.kendra.com.pl\/shop\/produkt\/twoja-wewnetrzna-moc\/#primaryimage\"},\"datePublished\":\"2022-05-11T13:08:07+00:00\",\"dateModified\":\"2025-02-16T13:10:35+00:00\",\"breadcrumb\":{\"@id\":\"https:\/\/www.kendra.com.pl\/shop\/produkt\/twoja-wewnetrzna-moc\/#breadcrumb\"},\"inLanguage\":\"pl-PL\",\"potentialAction\":[{\"@type\":\"ReadAction\",\"target\":[\"https:\/\/www.kendra.com.pl\/shop\/produkt\/twoja-wewnetrzna-moc\/\"]}]},{\"@type\":\"BreadcrumbList\",\"@id\":\"https:\/\/www.kendra.com.pl\/shop\/produkt\/twoja-wewnetrzna-moc\/#breadcrumb\",\"itemListElement\":[{\"@type\":\"ListItem\",\"position\":1,\"name\":\"Strona g\u0142\u00f3wna\",\"item\":\"https:\/\/www.kendra.com.pl\/shop\/\"},{\"@type\":\"ListItem\",\"position\":2,\"name\":\"Przerwa w dzia\u0142alno\u015bci sklepu&#8230;\",\"item\":\"https:\/\/www.kendra.com.pl\/shop\/?page_id=1888\"},{\"@type\":\"ListItem\",\"position\":3,\"name\":\"Twoja wewn\u0119trzna moc\"}]}]}<\/script>\n<!-- \/ Yoast SEO plugin. -->","yoast_head_json":{"title":"Twoja wewn\u0119trzna moc - Kendra Publishing","robots":{"index":"noindex","follow":"follow"},"og_locale":"pl_PL","og_type":"article","og_title":"Twoja wewn\u0119trzna moc - Kendra Publishing","og_description":"Odkryj w sobie wewn\u0119trzn\u0105 si\u0142\u0119! Agnieszka Maci\u0105g poprowadzi Ci\u0119 w swojej ksi\u0105\u017cce po \u015bcie\u017cce celuj\u0105c\u0105 w Twoje ukryte przez strach, l\u0119ki\u00a0 oraz trudy moce. Uwierz w siebie i b\u0105d\u017a szcz\u0119\u015bliw\u0105 wersj\u0105 siebie.","og_url":"https:\/\/www.kendra.com.pl\/shop\/produkt\/twoja-wewnetrzna-moc\/","og_site_name":"Kendra Publishing","article_modified_time":"2025-02-16T13:10:35+00:00","og_image":[{"width":1120,"height":920,"url":"https:\/\/www.kendra.com.pl\/shop\/wp-content\/uploads\/2022\/05\/Twoja-wewnetrzna-moc.jpg","type":"image\/jpeg"}],"twitter_card":"summary_large_image","twitter_misc":{"Szacowany czas czytania":"2 minuty"},"schema":{"@context":"https:\/\/schema.org","@graph":[{"@type":"WebSite","@id":"https:\/\/www.kendra.com.pl\/shop\/#website","url":"https:\/\/www.kendra.com.pl\/shop\/","name":"Kendra Publishing","description":"Sklep","potentialAction":[{"@type":"SearchAction","target":{"@type":"EntryPoint","urlTemplate":"https:\/\/www.kendra.com.pl\/shop\/?s={search_term_string}"},"query-input":"required name=search_term_string"}],"inLanguage":"pl-PL"},{"@type":"ImageObject","inLanguage":"pl-PL","@id":"https:\/\/www.kendra.com.pl\/shop\/produkt\/twoja-wewnetrzna-moc\/#primaryimage","url":"https:\/\/www.kendra.com.pl\/shop\/wp-content\/uploads\/2022\/05\/Twoja-wewnetrzna-moc.jpg","contentUrl":"https:\/\/www.kendra.com.pl\/shop\/wp-content\/uploads\/2022\/05\/Twoja-wewnetrzna-moc.jpg","width":1120,"height":920},{"@type":"WebPage","@id":"https:\/\/www.kendra.com.pl\/shop\/produkt\/twoja-wewnetrzna-moc\/#webpage","url":"https:\/\/www.kendra.com.pl\/shop\/produkt\/twoja-wewnetrzna-moc\/","name":"Twoja wewn\u0119trzna moc - Kendra Publishing","isPartOf":{"@id":"https:\/\/www.kendra.com.pl\/shop\/#website"},"primaryImageOfPage":{"@id":"https:\/\/www.kendra.com.pl\/shop\/produkt\/twoja-wewnetrzna-moc\/#primaryimage"},"datePublished":"2022-05-11T13:08:07+00:00","dateModified":"2025-02-16T13:10:35+00:00","breadcrumb":{"@id":"https:\/\/www.kendra.com.pl\/shop\/produkt\/twoja-wewnetrzna-moc\/#breadcrumb"},"inLanguage":"pl-PL","potentialAction":[{"@type":"ReadAction","target":["https:\/\/www.kendra.com.pl\/shop\/produkt\/twoja-wewnetrzna-moc\/"]}]},{"@type":"BreadcrumbList","@id":"https:\/\/www.kendra.com.pl\/shop\/produkt\/twoja-wewnetrzna-moc\/#breadcrumb","itemListElement":[{"@type":"ListItem","position":1,"name":"Strona g\u0142\u00f3wna","item":"https:\/\/www.kendra.com.pl\/shop\/"},{"@type":"ListItem","position":2,"name":"Przerwa w dzia\u0142alno\u015bci sklepu&#8230;","item":"https:\/\/www.kendra.com.pl\/shop\/?page_id=1888"},{"@type":"ListItem","position":3,"name":"Twoja wewn\u0119trzna moc"}]}]}},"_links":{"self":[{"href":"https:\/\/www.kendra.com.pl\/shop\/wp-json\/wp\/v2\/product\/4257"}],"collection":[{"href":"https:\/\/www.kendra.com.pl\/shop\/wp-json\/wp\/v2\/product"}],"about":[{"href":"https:\/\/www.kendra.com.pl\/shop\/wp-json\/wp\/v2\/types\/product"}],"replies":[{"embeddable":true,"href":"https:\/\/www.kendra.com.pl\/shop\/wp-json\/wp\/v2\/comments?post=4257"}],"wp:featuredmedia":[{"embeddable":true,"href":"https:\/\/www.kendra.com.pl\/shop\/wp-json\/wp\/v2\/media\/4258"}],"wp:attachment":[{"href":"https:\/\/www.kendra.com.pl\/shop\/wp-json\/wp\/v2\/media?parent=4257"}],"wp:term":[{"taxonomy":"product_cat","embeddable":true,"href":"https:\/\/www.kendra.com.pl\/shop\/wp-json\/wp\/v2\/product_cat?post=4257"},{"taxonomy":"product_tag","embeddable":true,"href":"https:\/\/www.kendra.com.pl\/shop\/wp-json\/wp\/v2\/product_tag?post=4257"}],"curies":[{"name":"wp","href":"https:\/\/api.w.org\/{rel}","templated":true}]}}