{"id":4260,"date":"2022-05-03T19:36:39","date_gmt":"2022-05-03T17:36:39","guid":{"rendered":"https:\/\/www.kendra.com.pl\/shop\/produkt\/sila-ziol-twarda-okladka\/"},"modified":"2025-02-16T14:10:35","modified_gmt":"2025-02-16T13:10:35","slug":"sila-ziol-twarda-okladka","status":"publish","type":"product","link":"https:\/\/www.kendra.com.pl\/shop\/produkt\/sila-ziol-twarda-okladka\/","title":{"rendered":"Si\u0142a zi\u00f3\u0142 (twarda ok\u0142adka)"},"content":{"rendered":"<p><span style=\"font-weight: 400\">Naucz si\u0119 wykorzystywa\u0107 potencja\u0142 zi\u00f3\u0142. Tworzenie leczniczych napar\u00f3w, ma\u015bci i olejk\u00f3w nie jest trudne. W tej ksi\u0105\u017cce znajdziesz wiele cennych porad, dzi\u0119ki kt\u00f3rym wyhodujesz ro\u015bliny i wykorzystasz je do stworzenia naturalnych medykament\u00f3w. Poznasz te\u017c rozwi\u0105zanie, kt\u00f3re pozwol\u0105 wyeliminowa\u0107 konserwanty, sztuczne barwniki, SLS-y, PEG-i, parabeny oraz produkty ropopochodne. Wykorzystaj si\u0142\u0119 zi\u00f3\u0142 i \u017cyj bli\u017cej natury!<\/span><\/p>\n<p><b>Czego dowiesz si\u0119 z ksi\u0105\u017cki \u201eSi\u0142a zi\u00f3\u0142\u201d?<\/b><\/p>\n<ul>\n<li style=\"font-weight: 400\"><span style=\"font-weight: 400\">Jak uprawia\u0107 ro\u015bliny lecznicze w domu<\/span><\/li>\n<li style=\"font-weight: 400\"><span style=\"font-weight: 400\">Jak przygotowywa\u0107 naturalne leki z zi\u00f3\u0142<\/span><\/li>\n<li style=\"font-weight: 400\"><span style=\"font-weight: 400\">Jak \u017cy\u0107 zdrowiej<\/span><\/li>\n<li style=\"font-weight: 400\"><span style=\"font-weight: 400\">Jak wyeliminowa\u0107 z \u017cycia szkodliwe substancje<\/span><\/li>\n<\/ul>\n<p>Opisy s\u0105 chronione prawami autorskimi. Kopiowanie jest niedozwolone.<\/p>\n<p>Wydawnictwo Znak<strong><br \/>\n<\/strong><\/p>\n","protected":false},"excerpt":{"rendered":"<p><span style=\"font-weight: 400\">Zio\u0142a mo\u017cesz wyhodowa\u0107 we w\u0142asnym domu w skrzynce na balkonie albo w doniczce na parapecie. To ro\u015bliny, kt\u00f3re podnios\u0105 komfort Twojego \u017cycia, a leczenie nimi jest proste. Dowiedz si\u0119 jak zrobi\u0107 olejek lawendowy, koj\u0105cy napar z dziurawca oraz mi\u0119ty albo przeciwkaszlowy syrop z tymianku.<\/span><\/p>\n","protected":false},"featured_media":2634,"comment_status":"open","ping_status":"closed","template":"","meta":[],"product_cat":[419,17,790,411,414,742,407],"product_tag":[],"yoast_head":"<!-- This site is optimized with the Yoast SEO plugin v18.8 - https:\/\/yoast.com\/wordpress\/plugins\/seo\/ -->\n<title>Si\u0142a zi\u00f3\u0142 (twarda ok\u0142adka) - Kendra Publishing<\/title>\n<meta name=\"robots\" content=\"noindex, follow\" \/>\n<meta property=\"og:locale\" content=\"pl_PL\" \/>\n<meta property=\"og:type\" content=\"article\" \/>\n<meta property=\"og:title\" content=\"Si\u0142a zi\u00f3\u0142 (twarda ok\u0142adka) - Kendra Publishing\" \/>\n<meta property=\"og:description\" content=\"Zio\u0142a mo\u017cesz wyhodowa\u0107 we w\u0142asnym domu w skrzynce na balkonie albo w doniczce na parapecie. To ro\u015bliny, kt\u00f3re podnios\u0105 komfort Twojego \u017cycia, a leczenie nimi jest proste. Dowiedz si\u0119 jak zrobi\u0107 olejek lawendowy, koj\u0105cy napar z dziurawca oraz mi\u0119ty albo przeciwkaszlowy syrop z tymianku.\" \/>\n<meta property=\"og:url\" content=\"https:\/\/www.kendra.com.pl\/shop\/produkt\/sila-ziol-twarda-okladka\/\" \/>\n<meta property=\"og:site_name\" content=\"Kendra Publishing\" \/>\n<meta property=\"article:modified_time\" content=\"2025-02-16T13:10:35+00:00\" \/>\n<meta property=\"og:image\" content=\"https:\/\/www.kendra.com.pl\/shop\/wp-content\/uploads\/2018\/10\/Sila_ziol_1.jpg\" \/>\n\t<meta property=\"og:image:width\" content=\"1120\" \/>\n\t<meta property=\"og:image:height\" content=\"920\" \/>\n\t<meta property=\"og:image:type\" content=\"image\/jpeg\" \/>\n<meta name=\"twitter:card\" content=\"summary_large_image\" \/>\n<meta name=\"twitter:label1\" content=\"Szacowany czas czytania\" \/>\n\t<meta name=\"twitter:data1\" content=\"1 minuta\" \/>\n<script type=\"application\/ld+json\" class=\"yoast-schema-graph\">{\"@context\":\"https:\/\/schema.org\",\"@graph\":[{\"@type\":\"WebSite\",\"@id\":\"https:\/\/www.kendra.com.pl\/shop\/#website\",\"url\":\"https:\/\/www.kendra.com.pl\/shop\/\",\"name\":\"Kendra Publishing\",\"description\":\"Sklep\",\"potentialAction\":[{\"@type\":\"SearchAction\",\"target\":{\"@type\":\"EntryPoint\",\"urlTemplate\":\"https:\/\/www.kendra.com.pl\/shop\/?s={search_term_string}\"},\"query-input\":\"required name=search_term_string\"}],\"inLanguage\":\"pl-PL\"},{\"@type\":\"ImageObject\",\"inLanguage\":\"pl-PL\",\"@id\":\"https:\/\/www.kendra.com.pl\/shop\/produkt\/sila-ziol-twarda-okladka\/#primaryimage\",\"url\":\"https:\/\/www.kendra.com.pl\/shop\/wp-content\/uploads\/2018\/10\/Sila_ziol_1.jpg\",\"contentUrl\":\"https:\/\/www.kendra.com.pl\/shop\/wp-content\/uploads\/2018\/10\/Sila_ziol_1.jpg\",\"width\":1120,\"height\":920},{\"@type\":\"WebPage\",\"@id\":\"https:\/\/www.kendra.com.pl\/shop\/produkt\/sila-ziol-twarda-okladka\/#webpage\",\"url\":\"https:\/\/www.kendra.com.pl\/shop\/produkt\/sila-ziol-twarda-okladka\/\",\"name\":\"Si\u0142a zi\u00f3\u0142 (twarda ok\u0142adka) - Kendra Publishing\",\"isPartOf\":{\"@id\":\"https:\/\/www.kendra.com.pl\/shop\/#website\"},\"primaryImageOfPage\":{\"@id\":\"https:\/\/www.kendra.com.pl\/shop\/produkt\/sila-ziol-twarda-okladka\/#primaryimage\"},\"datePublished\":\"2022-05-03T17:36:39+00:00\",\"dateModified\":\"2025-02-16T13:10:35+00:00\",\"breadcrumb\":{\"@id\":\"https:\/\/www.kendra.com.pl\/shop\/produkt\/sila-ziol-twarda-okladka\/#breadcrumb\"},\"inLanguage\":\"pl-PL\",\"potentialAction\":[{\"@type\":\"ReadAction\",\"target\":[\"https:\/\/www.kendra.com.pl\/shop\/produkt\/sila-ziol-twarda-okladka\/\"]}]},{\"@type\":\"BreadcrumbList\",\"@id\":\"https:\/\/www.kendra.com.pl\/shop\/produkt\/sila-ziol-twarda-okladka\/#breadcrumb\",\"itemListElement\":[{\"@type\":\"ListItem\",\"position\":1,\"name\":\"Strona g\u0142\u00f3wna\",\"item\":\"https:\/\/www.kendra.com.pl\/shop\/\"},{\"@type\":\"ListItem\",\"position\":2,\"name\":\"Przerwa w dzia\u0142alno\u015bci sklepu&#8230;\",\"item\":\"https:\/\/www.kendra.com.pl\/shop\/?page_id=1888\"},{\"@type\":\"ListItem\",\"position\":3,\"name\":\"Si\u0142a zi\u00f3\u0142 (twarda ok\u0142adka)\"}]}]}<\/script>\n<!-- \/ Yoast SEO plugin. -->","yoast_head_json":{"title":"Si\u0142a zi\u00f3\u0142 (twarda ok\u0142adka) - Kendra Publishing","robots":{"index":"noindex","follow":"follow"},"og_locale":"pl_PL","og_type":"article","og_title":"Si\u0142a zi\u00f3\u0142 (twarda ok\u0142adka) - Kendra Publishing","og_description":"Zio\u0142a mo\u017cesz wyhodowa\u0107 we w\u0142asnym domu w skrzynce na balkonie albo w doniczce na parapecie. To ro\u015bliny, kt\u00f3re podnios\u0105 komfort Twojego \u017cycia, a leczenie nimi jest proste. Dowiedz si\u0119 jak zrobi\u0107 olejek lawendowy, koj\u0105cy napar z dziurawca oraz mi\u0119ty albo przeciwkaszlowy syrop z tymianku.","og_url":"https:\/\/www.kendra.com.pl\/shop\/produkt\/sila-ziol-twarda-okladka\/","og_site_name":"Kendra Publishing","article_modified_time":"2025-02-16T13:10:35+00:00","og_image":[{"width":1120,"height":920,"url":"https:\/\/www.kendra.com.pl\/shop\/wp-content\/uploads\/2018\/10\/Sila_ziol_1.jpg","type":"image\/jpeg"}],"twitter_card":"summary_large_image","twitter_misc":{"Szacowany czas czytania":"1 minuta"},"schema":{"@context":"https:\/\/schema.org","@graph":[{"@type":"WebSite","@id":"https:\/\/www.kendra.com.pl\/shop\/#website","url":"https:\/\/www.kendra.com.pl\/shop\/","name":"Kendra Publishing","description":"Sklep","potentialAction":[{"@type":"SearchAction","target":{"@type":"EntryPoint","urlTemplate":"https:\/\/www.kendra.com.pl\/shop\/?s={search_term_string}"},"query-input":"required name=search_term_string"}],"inLanguage":"pl-PL"},{"@type":"ImageObject","inLanguage":"pl-PL","@id":"https:\/\/www.kendra.com.pl\/shop\/produkt\/sila-ziol-twarda-okladka\/#primaryimage","url":"https:\/\/www.kendra.com.pl\/shop\/wp-content\/uploads\/2018\/10\/Sila_ziol_1.jpg","contentUrl":"https:\/\/www.kendra.com.pl\/shop\/wp-content\/uploads\/2018\/10\/Sila_ziol_1.jpg","width":1120,"height":920},{"@type":"WebPage","@id":"https:\/\/www.kendra.com.pl\/shop\/produkt\/sila-ziol-twarda-okladka\/#webpage","url":"https:\/\/www.kendra.com.pl\/shop\/produkt\/sila-ziol-twarda-okladka\/","name":"Si\u0142a zi\u00f3\u0142 (twarda ok\u0142adka) - Kendra Publishing","isPartOf":{"@id":"https:\/\/www.kendra.com.pl\/shop\/#website"},"primaryImageOfPage":{"@id":"https:\/\/www.kendra.com.pl\/shop\/produkt\/sila-ziol-twarda-okladka\/#primaryimage"},"datePublished":"2022-05-03T17:36:39+00:00","dateModified":"2025-02-16T13:10:35+00:00","breadcrumb":{"@id":"https:\/\/www.kendra.com.pl\/shop\/produkt\/sila-ziol-twarda-okladka\/#breadcrumb"},"inLanguage":"pl-PL","potentialAction":[{"@type":"ReadAction","target":["https:\/\/www.kendra.com.pl\/shop\/produkt\/sila-ziol-twarda-okladka\/"]}]},{"@type":"BreadcrumbList","@id":"https:\/\/www.kendra.com.pl\/shop\/produkt\/sila-ziol-twarda-okladka\/#breadcrumb","itemListElement":[{"@type":"ListItem","position":1,"name":"Strona g\u0142\u00f3wna","item":"https:\/\/www.kendra.com.pl\/shop\/"},{"@type":"ListItem","position":2,"name":"Przerwa w dzia\u0142alno\u015bci sklepu&#8230;","item":"https:\/\/www.kendra.com.pl\/shop\/?page_id=1888"},{"@type":"ListItem","position":3,"name":"Si\u0142a zi\u00f3\u0142 (twarda ok\u0142adka)"}]}]}},"_links":{"self":[{"href":"https:\/\/www.kendra.com.pl\/shop\/wp-json\/wp\/v2\/product\/4260"}],"collection":[{"href":"https:\/\/www.kendra.com.pl\/shop\/wp-json\/wp\/v2\/product"}],"about":[{"href":"https:\/\/www.kendra.com.pl\/shop\/wp-json\/wp\/v2\/types\/product"}],"replies":[{"embeddable":true,"href":"https:\/\/www.kendra.com.pl\/shop\/wp-json\/wp\/v2\/comments?post=4260"}],"wp:featuredmedia":[{"embeddable":true,"href":"https:\/\/www.kendra.com.pl\/shop\/wp-json\/wp\/v2\/media\/2634"}],"wp:attachment":[{"href":"https:\/\/www.kendra.com.pl\/shop\/wp-json\/wp\/v2\/media?parent=4260"}],"wp:term":[{"taxonomy":"product_cat","embeddable":true,"href":"https:\/\/www.kendra.com.pl\/shop\/wp-json\/wp\/v2\/product_cat?post=4260"},{"taxonomy":"product_tag","embeddable":true,"href":"https:\/\/www.kendra.com.pl\/shop\/wp-json\/wp\/v2\/product_tag?post=4260"}],"curies":[{"name":"wp","href":"https:\/\/api.w.org\/{rel}","templated":true}]}}