{"id":4263,"date":"2022-04-26T12:07:56","date_gmt":"2022-04-26T10:07:56","guid":{"rendered":"https:\/\/www.kendra.com.pl\/shop\/produkt\/dom-pelen-milosci\/"},"modified":"2025-02-16T14:10:38","modified_gmt":"2025-02-16T13:10:38","slug":"dom-pelen-milosci","status":"publish","type":"product","link":"https:\/\/www.kendra.com.pl\/shop\/produkt\/dom-pelen-milosci\/","title":{"rendered":"Dom pe\u0142en mi\u0142o\u015bci"},"content":{"rendered":"<div class=\"card-part-content\">\n<p>Witaj Ukochana Przyjaci\u00f3\u0142ko mojego serca!<\/p>\n<p>Napisa\u0142am t\u0119 ksi\u0105\u017ck\u0119 niemal jak list do Ciebie, w kt\u00f3rym pragn\u0119 podzieli\u0107 si\u0119 dobrem i \u017cyciowym do\u015bwiadczeniem.<\/p>\n<p>Pomys\u0142 na t\u0119 ksi\u0105\u017ck\u0119 zrodzi\u0142 si\u0119 w\u015br\u00f3d moich czytelniczek i uczestniczek warsztat\u00f3w. To one wymarzy\u0142y sobie ksi\u0105\u017ck\u0119 z przepisami na cztery pory roku, dla ca\u0142ej rodziny, na wszystkie okazje. A ja chcia\u0142am spe\u0142ni\u0107 ich marzenie.<\/p>\n<p>Tak oto powsta\u0142a ksi\u0105\u017cka pe\u0142na mi\u0142o\u015bci, ciep\u0142a, inspiracji, z przepisami na dania zar\u00f3wno dla wegetarian i wegan, jak i dla tych, kt\u00f3rzy czasami jedz\u0105 dr\u00f3b zagrodowy czy dzikie ryby. W naszych rodzinach s\u0105 przecie\u017c osoby w r\u00f3\u017cnym wieku, o r\u00f3\u017cnych preferencjach.<\/p>\n<p>To ksi\u0105\u017cka stworzona w domu, kt\u00f3ry jest sercem mojego wszech\u015bwiata. Dziel\u0119 si\u0119 zatem z Tob\u0105 tak\u017ce przepisem na stworzenie domowej przestrzeni, w kt\u00f3rej mi\u0142o\u015b\u0107 rodzinna b\u0119dzie si\u0119 rozwija\u0107. Wierz\u0119, \u017ce zgodna, ciep\u0142a, kochaj\u0105ca si\u0119 rodzina jest fundamentem szcz\u0119\u015bcia ka\u017cdego z nas.<\/p>\n<p>Z mi\u0142o\u015bci\u0105<br \/>\nAgnieszka<\/p>\n<\/div>\n<p>Ok\u0142adka twarda<\/p>\n<p>Powy\u017cszy opis pochodzi od wydawcy.<br \/>\nWydawnictwo Otwarte<strong><br \/>\n<\/strong><\/p>\n","protected":false},"excerpt":{"rendered":"<p>Ksi\u0105\u017cka Agnieszki Maci\u0105g zawieraj\u0105ca wiele praktycznych porad i przepis\u00f3w dla wszystkich na cztery pory roku.<\/p>\n","protected":false},"featured_media":4264,"comment_status":"open","ping_status":"closed","template":"","meta":[],"product_cat":[17,786,428,392,747,411,391,785,414,433],"product_tag":[],"yoast_head":"<!-- This site is optimized with the Yoast SEO plugin v18.8 - https:\/\/yoast.com\/wordpress\/plugins\/seo\/ -->\n<title>Dom pe\u0142en mi\u0142o\u015bci - Kendra Publishing<\/title>\n<meta name=\"robots\" content=\"noindex, follow\" \/>\n<meta property=\"og:locale\" content=\"pl_PL\" \/>\n<meta property=\"og:type\" content=\"article\" \/>\n<meta property=\"og:title\" content=\"Dom pe\u0142en mi\u0142o\u015bci - Kendra Publishing\" \/>\n<meta property=\"og:description\" content=\"Ksi\u0105\u017cka Agnieszki Maci\u0105g zawieraj\u0105ca wiele praktycznych porad i przepis\u00f3w dla wszystkich na cztery pory roku.\" \/>\n<meta property=\"og:url\" content=\"https:\/\/www.kendra.com.pl\/shop\/produkt\/dom-pelen-milosci\/\" \/>\n<meta property=\"og:site_name\" content=\"Kendra Publishing\" \/>\n<meta property=\"article:modified_time\" content=\"2025-02-16T13:10:38+00:00\" \/>\n<meta property=\"og:image\" content=\"https:\/\/www.kendra.com.pl\/shop\/wp-content\/uploads\/2022\/04\/Dom-pelen-milosci-Agnieszka-Mociag-Spokojny-Umysl.jpg\" \/>\n\t<meta property=\"og:image:width\" content=\"1120\" \/>\n\t<meta property=\"og:image:height\" content=\"920\" \/>\n\t<meta property=\"og:image:type\" content=\"image\/jpeg\" \/>\n<meta name=\"twitter:card\" content=\"summary_large_image\" \/>\n<meta name=\"twitter:label1\" content=\"Szacowany czas czytania\" \/>\n\t<meta name=\"twitter:data1\" content=\"1 minuta\" \/>\n<script type=\"application\/ld+json\" class=\"yoast-schema-graph\">{\"@context\":\"https:\/\/schema.org\",\"@graph\":[{\"@type\":\"WebSite\",\"@id\":\"https:\/\/www.kendra.com.pl\/shop\/#website\",\"url\":\"https:\/\/www.kendra.com.pl\/shop\/\",\"name\":\"Kendra Publishing\",\"description\":\"Sklep\",\"potentialAction\":[{\"@type\":\"SearchAction\",\"target\":{\"@type\":\"EntryPoint\",\"urlTemplate\":\"https:\/\/www.kendra.com.pl\/shop\/?s={search_term_string}\"},\"query-input\":\"required name=search_term_string\"}],\"inLanguage\":\"pl-PL\"},{\"@type\":\"ImageObject\",\"inLanguage\":\"pl-PL\",\"@id\":\"https:\/\/www.kendra.com.pl\/shop\/produkt\/dom-pelen-milosci\/#primaryimage\",\"url\":\"https:\/\/www.kendra.com.pl\/shop\/wp-content\/uploads\/2022\/04\/Dom-pelen-milosci-Agnieszka-Mociag-Spokojny-Umysl.jpg\",\"contentUrl\":\"https:\/\/www.kendra.com.pl\/shop\/wp-content\/uploads\/2022\/04\/Dom-pelen-milosci-Agnieszka-Mociag-Spokojny-Umysl.jpg\",\"width\":1120,\"height\":920},{\"@type\":\"WebPage\",\"@id\":\"https:\/\/www.kendra.com.pl\/shop\/produkt\/dom-pelen-milosci\/#webpage\",\"url\":\"https:\/\/www.kendra.com.pl\/shop\/produkt\/dom-pelen-milosci\/\",\"name\":\"Dom pe\u0142en mi\u0142o\u015bci - Kendra Publishing\",\"isPartOf\":{\"@id\":\"https:\/\/www.kendra.com.pl\/shop\/#website\"},\"primaryImageOfPage\":{\"@id\":\"https:\/\/www.kendra.com.pl\/shop\/produkt\/dom-pelen-milosci\/#primaryimage\"},\"datePublished\":\"2022-04-26T10:07:56+00:00\",\"dateModified\":\"2025-02-16T13:10:38+00:00\",\"breadcrumb\":{\"@id\":\"https:\/\/www.kendra.com.pl\/shop\/produkt\/dom-pelen-milosci\/#breadcrumb\"},\"inLanguage\":\"pl-PL\",\"potentialAction\":[{\"@type\":\"ReadAction\",\"target\":[\"https:\/\/www.kendra.com.pl\/shop\/produkt\/dom-pelen-milosci\/\"]}]},{\"@type\":\"BreadcrumbList\",\"@id\":\"https:\/\/www.kendra.com.pl\/shop\/produkt\/dom-pelen-milosci\/#breadcrumb\",\"itemListElement\":[{\"@type\":\"ListItem\",\"position\":1,\"name\":\"Strona g\u0142\u00f3wna\",\"item\":\"https:\/\/www.kendra.com.pl\/shop\/\"},{\"@type\":\"ListItem\",\"position\":2,\"name\":\"Przerwa w dzia\u0142alno\u015bci sklepu&#8230;\",\"item\":\"https:\/\/www.kendra.com.pl\/shop\/?page_id=1888\"},{\"@type\":\"ListItem\",\"position\":3,\"name\":\"Dom pe\u0142en mi\u0142o\u015bci\"}]}]}<\/script>\n<!-- \/ Yoast SEO plugin. -->","yoast_head_json":{"title":"Dom pe\u0142en mi\u0142o\u015bci - Kendra Publishing","robots":{"index":"noindex","follow":"follow"},"og_locale":"pl_PL","og_type":"article","og_title":"Dom pe\u0142en mi\u0142o\u015bci - Kendra Publishing","og_description":"Ksi\u0105\u017cka Agnieszki Maci\u0105g zawieraj\u0105ca wiele praktycznych porad i przepis\u00f3w dla wszystkich na cztery pory roku.","og_url":"https:\/\/www.kendra.com.pl\/shop\/produkt\/dom-pelen-milosci\/","og_site_name":"Kendra Publishing","article_modified_time":"2025-02-16T13:10:38+00:00","og_image":[{"width":1120,"height":920,"url":"https:\/\/www.kendra.com.pl\/shop\/wp-content\/uploads\/2022\/04\/Dom-pelen-milosci-Agnieszka-Mociag-Spokojny-Umysl.jpg","type":"image\/jpeg"}],"twitter_card":"summary_large_image","twitter_misc":{"Szacowany czas czytania":"1 minuta"},"schema":{"@context":"https:\/\/schema.org","@graph":[{"@type":"WebSite","@id":"https:\/\/www.kendra.com.pl\/shop\/#website","url":"https:\/\/www.kendra.com.pl\/shop\/","name":"Kendra Publishing","description":"Sklep","potentialAction":[{"@type":"SearchAction","target":{"@type":"EntryPoint","urlTemplate":"https:\/\/www.kendra.com.pl\/shop\/?s={search_term_string}"},"query-input":"required name=search_term_string"}],"inLanguage":"pl-PL"},{"@type":"ImageObject","inLanguage":"pl-PL","@id":"https:\/\/www.kendra.com.pl\/shop\/produkt\/dom-pelen-milosci\/#primaryimage","url":"https:\/\/www.kendra.com.pl\/shop\/wp-content\/uploads\/2022\/04\/Dom-pelen-milosci-Agnieszka-Mociag-Spokojny-Umysl.jpg","contentUrl":"https:\/\/www.kendra.com.pl\/shop\/wp-content\/uploads\/2022\/04\/Dom-pelen-milosci-Agnieszka-Mociag-Spokojny-Umysl.jpg","width":1120,"height":920},{"@type":"WebPage","@id":"https:\/\/www.kendra.com.pl\/shop\/produkt\/dom-pelen-milosci\/#webpage","url":"https:\/\/www.kendra.com.pl\/shop\/produkt\/dom-pelen-milosci\/","name":"Dom pe\u0142en mi\u0142o\u015bci - Kendra Publishing","isPartOf":{"@id":"https:\/\/www.kendra.com.pl\/shop\/#website"},"primaryImageOfPage":{"@id":"https:\/\/www.kendra.com.pl\/shop\/produkt\/dom-pelen-milosci\/#primaryimage"},"datePublished":"2022-04-26T10:07:56+00:00","dateModified":"2025-02-16T13:10:38+00:00","breadcrumb":{"@id":"https:\/\/www.kendra.com.pl\/shop\/produkt\/dom-pelen-milosci\/#breadcrumb"},"inLanguage":"pl-PL","potentialAction":[{"@type":"ReadAction","target":["https:\/\/www.kendra.com.pl\/shop\/produkt\/dom-pelen-milosci\/"]}]},{"@type":"BreadcrumbList","@id":"https:\/\/www.kendra.com.pl\/shop\/produkt\/dom-pelen-milosci\/#breadcrumb","itemListElement":[{"@type":"ListItem","position":1,"name":"Strona g\u0142\u00f3wna","item":"https:\/\/www.kendra.com.pl\/shop\/"},{"@type":"ListItem","position":2,"name":"Przerwa w dzia\u0142alno\u015bci sklepu&#8230;","item":"https:\/\/www.kendra.com.pl\/shop\/?page_id=1888"},{"@type":"ListItem","position":3,"name":"Dom pe\u0142en mi\u0142o\u015bci"}]}]}},"_links":{"self":[{"href":"https:\/\/www.kendra.com.pl\/shop\/wp-json\/wp\/v2\/product\/4263"}],"collection":[{"href":"https:\/\/www.kendra.com.pl\/shop\/wp-json\/wp\/v2\/product"}],"about":[{"href":"https:\/\/www.kendra.com.pl\/shop\/wp-json\/wp\/v2\/types\/product"}],"replies":[{"embeddable":true,"href":"https:\/\/www.kendra.com.pl\/shop\/wp-json\/wp\/v2\/comments?post=4263"}],"wp:featuredmedia":[{"embeddable":true,"href":"https:\/\/www.kendra.com.pl\/shop\/wp-json\/wp\/v2\/media\/4264"}],"wp:attachment":[{"href":"https:\/\/www.kendra.com.pl\/shop\/wp-json\/wp\/v2\/media?parent=4263"}],"wp:term":[{"taxonomy":"product_cat","embeddable":true,"href":"https:\/\/www.kendra.com.pl\/shop\/wp-json\/wp\/v2\/product_cat?post=4263"},{"taxonomy":"product_tag","embeddable":true,"href":"https:\/\/www.kendra.com.pl\/shop\/wp-json\/wp\/v2\/product_tag?post=4263"}],"curies":[{"name":"wp","href":"https:\/\/api.w.org\/{rel}","templated":true}]}}