{"id":4271,"date":"2022-03-31T10:30:49","date_gmt":"2022-03-31T08:30:49","guid":{"rendered":"https:\/\/www.kendra.com.pl\/shop\/produkt\/ajurweda-medycyna-indyjska\/"},"modified":"2025-02-16T14:10:40","modified_gmt":"2025-02-16T13:10:40","slug":"ajurweda-medycyna-indyjska","status":"publish","type":"product","link":"https:\/\/www.kendra.com.pl\/shop\/produkt\/ajurweda-medycyna-indyjska\/","title":{"rendered":"Ajurweda Medycyna indyjska"},"content":{"rendered":"<p>W pierwszej mojej opartej o pioniersk\u0105 prac\u0119 magistersk\u0105: \u201eAjurweda \u2013 tradycyjna teoria a wsp\u00f3\u0142czesna praktyka \u2013 por\u00f3wnanie na przyk\u0142adzie terapii panchakarma w indyjskich i polskich o\u015brodkach ajurwedy\u201d w przyst\u0119pny spos\u00f3b wyja\u015bniam podstawy Ajurwedy. Dzi\u0119ki niej dowiesz si\u0119, czym s\u0105 dosze i jaki maj\u0105 wp\u0142yw na Twoje zdrowie. Przeanalizujesz r\u00f3wnie\u017c swoje nawyki \u017cywieniowe i \u017cyciowe w oparciu o indyjsk\u0105 medycyn\u0119. Mo\u017ce si\u0119 okaza\u0107, ze za wi\u0119kszo\u015b\u0107 problem\u00f3w w Twoim \u017cyciu odpowiada jaki\u015b element Twojego codziennego jad\u0142ospisu. Poznasz r\u00f3wnie\u017c kolejne etapy procesu powstawania choroby i b\u0119dziesz w stanie przeprowadzi\u0107 kompleksow\u0105 diagnoz\u0119 w\u0142asnego stanu zdrowia. Podaj\u0119 tak\u017ce sprawdzone sposoby na pozbycie si\u0119 najpopularniejszych schorze\u0144 i dolegliwo\u015bci; w ksi\u0105\u017cce znajdziesz \u0107wiczenia duchowe i fizyczne, sposoby na oczyszczenie ca\u0142ego organizmu, zmian\u0119 sposobu my\u015blenia, regulacj\u0119 stan\u00f3w emocjonalnych, relaks i wprowadzenie harmonii w relacjach z otoczeniem. Pomo\u017ce Ci w tym u\u017cycie odpowiednich zi\u00f3\u0142, w\u0142a\u015bciwy dob\u00f3r kolor\u00f3w, kamieni i metali oraz skonstruowanie idealnej dla Ciebie diety.<\/p>\n<p>Powy\u017cszy opis pochodzi od wydawcy.<br \/>\nWydawnictwo Vital<\/p>\n<p><strong>Dowiedz si\u0119 jak wprowadzi\u0107 wi\u0119cej spokoju do swojego \u017cycia. Przeczytaj wpis:<\/strong><\/p>\n<blockquote class=\"wp-embedded-content\" data-secret=\"VGfPpkmt33\"><p><a href=\"https:\/\/spokojnyumysl.pl\/blog\/wiecej-spokoju-w-zyciu-codziennym-z-ajurweda\/\">Wi\u0119cej spokoju w \u017cyciu codziennym z Ajurwed\u0105<\/a><\/p><\/blockquote>\n<p><iframe class=\"wp-embedded-content\" sandbox=\"allow-scripts\" security=\"restricted\" style=\"position: absolute; clip: rect(1px, 1px, 1px, 1px);\" title=\"&#8222;Wi\u0119cej spokoju w \u017cyciu codziennym z Ajurwed\u0105&#8221; &#8212; Spokojny Umys\u0142\" src=\"https:\/\/spokojnyumysl.pl\/blog\/wiecej-spokoju-w-zyciu-codziennym-z-ajurweda\/embed\/#?secret=I82c00b1kv#?secret=VGfPpkmt33\" data-secret=\"VGfPpkmt33\" width=\"600\" height=\"338\" frameborder=\"0\" marginwidth=\"0\" marginheight=\"0\" scrolling=\"no\"><\/iframe><\/p>\n","protected":false},"excerpt":{"rendered":"<p>Poznaj ajurwedyjski punkt widzenia na proces powstania chor\u00f3b. Dzi\u0119ki tej ksi\u0105\u017cce mo\u017cesz poprawi\u0107 swoje nawyki \u017cywieniowe oraz nauczysz si\u0119 jak diagnozowa\u0107 sw\u00f3j stan zdrowia.<\/p>\n","protected":false},"featured_media":4272,"comment_status":"open","ping_status":"closed","template":"","meta":[],"product_cat":[415,810,408,17,786,809,752,749,411,391,414],"product_tag":[],"yoast_head":"<!-- This site is optimized with the Yoast SEO plugin v18.8 - https:\/\/yoast.com\/wordpress\/plugins\/seo\/ -->\n<title>Ajurweda Medycyna indyjska - Kendra Publishing<\/title>\n<meta name=\"robots\" content=\"noindex, follow\" \/>\n<meta property=\"og:locale\" content=\"pl_PL\" \/>\n<meta property=\"og:type\" content=\"article\" \/>\n<meta property=\"og:title\" content=\"Ajurweda Medycyna indyjska - Kendra Publishing\" \/>\n<meta property=\"og:description\" content=\"Poznaj ajurwedyjski punkt widzenia na proces powstania chor\u00f3b. Dzi\u0119ki tej ksi\u0105\u017cce mo\u017cesz poprawi\u0107 swoje nawyki \u017cywieniowe oraz nauczysz si\u0119 jak diagnozowa\u0107 sw\u00f3j stan zdrowia.\" \/>\n<meta property=\"og:url\" content=\"https:\/\/www.kendra.com.pl\/shop\/produkt\/ajurweda-medycyna-indyjska\/\" \/>\n<meta property=\"og:site_name\" content=\"Kendra Publishing\" \/>\n<meta property=\"article:modified_time\" content=\"2025-02-16T13:10:40+00:00\" \/>\n<meta property=\"og:image\" content=\"https:\/\/www.kendra.com.pl\/shop\/wp-content\/uploads\/2022\/03\/Ajurweda-medycyna-indyjska-Monika-Ptak.jpg\" \/>\n\t<meta property=\"og:image:width\" content=\"1120\" \/>\n\t<meta property=\"og:image:height\" content=\"920\" \/>\n\t<meta property=\"og:image:type\" content=\"image\/jpeg\" \/>\n<meta name=\"twitter:card\" content=\"summary_large_image\" \/>\n<meta name=\"twitter:label1\" content=\"Szacowany czas czytania\" \/>\n\t<meta name=\"twitter:data1\" content=\"1 minuta\" \/>\n<script type=\"application\/ld+json\" class=\"yoast-schema-graph\">{\"@context\":\"https:\/\/schema.org\",\"@graph\":[{\"@type\":\"WebSite\",\"@id\":\"https:\/\/www.kendra.com.pl\/shop\/#website\",\"url\":\"https:\/\/www.kendra.com.pl\/shop\/\",\"name\":\"Kendra Publishing\",\"description\":\"Sklep\",\"potentialAction\":[{\"@type\":\"SearchAction\",\"target\":{\"@type\":\"EntryPoint\",\"urlTemplate\":\"https:\/\/www.kendra.com.pl\/shop\/?s={search_term_string}\"},\"query-input\":\"required name=search_term_string\"}],\"inLanguage\":\"pl-PL\"},{\"@type\":\"ImageObject\",\"inLanguage\":\"pl-PL\",\"@id\":\"https:\/\/www.kendra.com.pl\/shop\/produkt\/ajurweda-medycyna-indyjska\/#primaryimage\",\"url\":\"https:\/\/www.kendra.com.pl\/shop\/wp-content\/uploads\/2022\/03\/Ajurweda-medycyna-indyjska-Monika-Ptak.jpg\",\"contentUrl\":\"https:\/\/www.kendra.com.pl\/shop\/wp-content\/uploads\/2022\/03\/Ajurweda-medycyna-indyjska-Monika-Ptak.jpg\",\"width\":1120,\"height\":920},{\"@type\":\"WebPage\",\"@id\":\"https:\/\/www.kendra.com.pl\/shop\/produkt\/ajurweda-medycyna-indyjska\/#webpage\",\"url\":\"https:\/\/www.kendra.com.pl\/shop\/produkt\/ajurweda-medycyna-indyjska\/\",\"name\":\"Ajurweda Medycyna indyjska - Kendra Publishing\",\"isPartOf\":{\"@id\":\"https:\/\/www.kendra.com.pl\/shop\/#website\"},\"primaryImageOfPage\":{\"@id\":\"https:\/\/www.kendra.com.pl\/shop\/produkt\/ajurweda-medycyna-indyjska\/#primaryimage\"},\"datePublished\":\"2022-03-31T08:30:49+00:00\",\"dateModified\":\"2025-02-16T13:10:40+00:00\",\"breadcrumb\":{\"@id\":\"https:\/\/www.kendra.com.pl\/shop\/produkt\/ajurweda-medycyna-indyjska\/#breadcrumb\"},\"inLanguage\":\"pl-PL\",\"potentialAction\":[{\"@type\":\"ReadAction\",\"target\":[\"https:\/\/www.kendra.com.pl\/shop\/produkt\/ajurweda-medycyna-indyjska\/\"]}]},{\"@type\":\"BreadcrumbList\",\"@id\":\"https:\/\/www.kendra.com.pl\/shop\/produkt\/ajurweda-medycyna-indyjska\/#breadcrumb\",\"itemListElement\":[{\"@type\":\"ListItem\",\"position\":1,\"name\":\"Strona g\u0142\u00f3wna\",\"item\":\"https:\/\/www.kendra.com.pl\/shop\/\"},{\"@type\":\"ListItem\",\"position\":2,\"name\":\"Przerwa w dzia\u0142alno\u015bci sklepu&#8230;\",\"item\":\"https:\/\/www.kendra.com.pl\/shop\/?page_id=1888\"},{\"@type\":\"ListItem\",\"position\":3,\"name\":\"Ajurweda Medycyna indyjska\"}]}]}<\/script>\n<!-- \/ Yoast SEO plugin. -->","yoast_head_json":{"title":"Ajurweda Medycyna indyjska - Kendra Publishing","robots":{"index":"noindex","follow":"follow"},"og_locale":"pl_PL","og_type":"article","og_title":"Ajurweda Medycyna indyjska - Kendra Publishing","og_description":"Poznaj ajurwedyjski punkt widzenia na proces powstania chor\u00f3b. Dzi\u0119ki tej ksi\u0105\u017cce mo\u017cesz poprawi\u0107 swoje nawyki \u017cywieniowe oraz nauczysz si\u0119 jak diagnozowa\u0107 sw\u00f3j stan zdrowia.","og_url":"https:\/\/www.kendra.com.pl\/shop\/produkt\/ajurweda-medycyna-indyjska\/","og_site_name":"Kendra Publishing","article_modified_time":"2025-02-16T13:10:40+00:00","og_image":[{"width":1120,"height":920,"url":"https:\/\/www.kendra.com.pl\/shop\/wp-content\/uploads\/2022\/03\/Ajurweda-medycyna-indyjska-Monika-Ptak.jpg","type":"image\/jpeg"}],"twitter_card":"summary_large_image","twitter_misc":{"Szacowany czas czytania":"1 minuta"},"schema":{"@context":"https:\/\/schema.org","@graph":[{"@type":"WebSite","@id":"https:\/\/www.kendra.com.pl\/shop\/#website","url":"https:\/\/www.kendra.com.pl\/shop\/","name":"Kendra Publishing","description":"Sklep","potentialAction":[{"@type":"SearchAction","target":{"@type":"EntryPoint","urlTemplate":"https:\/\/www.kendra.com.pl\/shop\/?s={search_term_string}"},"query-input":"required name=search_term_string"}],"inLanguage":"pl-PL"},{"@type":"ImageObject","inLanguage":"pl-PL","@id":"https:\/\/www.kendra.com.pl\/shop\/produkt\/ajurweda-medycyna-indyjska\/#primaryimage","url":"https:\/\/www.kendra.com.pl\/shop\/wp-content\/uploads\/2022\/03\/Ajurweda-medycyna-indyjska-Monika-Ptak.jpg","contentUrl":"https:\/\/www.kendra.com.pl\/shop\/wp-content\/uploads\/2022\/03\/Ajurweda-medycyna-indyjska-Monika-Ptak.jpg","width":1120,"height":920},{"@type":"WebPage","@id":"https:\/\/www.kendra.com.pl\/shop\/produkt\/ajurweda-medycyna-indyjska\/#webpage","url":"https:\/\/www.kendra.com.pl\/shop\/produkt\/ajurweda-medycyna-indyjska\/","name":"Ajurweda Medycyna indyjska - Kendra Publishing","isPartOf":{"@id":"https:\/\/www.kendra.com.pl\/shop\/#website"},"primaryImageOfPage":{"@id":"https:\/\/www.kendra.com.pl\/shop\/produkt\/ajurweda-medycyna-indyjska\/#primaryimage"},"datePublished":"2022-03-31T08:30:49+00:00","dateModified":"2025-02-16T13:10:40+00:00","breadcrumb":{"@id":"https:\/\/www.kendra.com.pl\/shop\/produkt\/ajurweda-medycyna-indyjska\/#breadcrumb"},"inLanguage":"pl-PL","potentialAction":[{"@type":"ReadAction","target":["https:\/\/www.kendra.com.pl\/shop\/produkt\/ajurweda-medycyna-indyjska\/"]}]},{"@type":"BreadcrumbList","@id":"https:\/\/www.kendra.com.pl\/shop\/produkt\/ajurweda-medycyna-indyjska\/#breadcrumb","itemListElement":[{"@type":"ListItem","position":1,"name":"Strona g\u0142\u00f3wna","item":"https:\/\/www.kendra.com.pl\/shop\/"},{"@type":"ListItem","position":2,"name":"Przerwa w dzia\u0142alno\u015bci sklepu&#8230;","item":"https:\/\/www.kendra.com.pl\/shop\/?page_id=1888"},{"@type":"ListItem","position":3,"name":"Ajurweda Medycyna indyjska"}]}]}},"_links":{"self":[{"href":"https:\/\/www.kendra.com.pl\/shop\/wp-json\/wp\/v2\/product\/4271"}],"collection":[{"href":"https:\/\/www.kendra.com.pl\/shop\/wp-json\/wp\/v2\/product"}],"about":[{"href":"https:\/\/www.kendra.com.pl\/shop\/wp-json\/wp\/v2\/types\/product"}],"replies":[{"embeddable":true,"href":"https:\/\/www.kendra.com.pl\/shop\/wp-json\/wp\/v2\/comments?post=4271"}],"wp:featuredmedia":[{"embeddable":true,"href":"https:\/\/www.kendra.com.pl\/shop\/wp-json\/wp\/v2\/media\/4272"}],"wp:attachment":[{"href":"https:\/\/www.kendra.com.pl\/shop\/wp-json\/wp\/v2\/media?parent=4271"}],"wp:term":[{"taxonomy":"product_cat","embeddable":true,"href":"https:\/\/www.kendra.com.pl\/shop\/wp-json\/wp\/v2\/product_cat?post=4271"},{"taxonomy":"product_tag","embeddable":true,"href":"https:\/\/www.kendra.com.pl\/shop\/wp-json\/wp\/v2\/product_tag?post=4271"}],"curies":[{"name":"wp","href":"https:\/\/api.w.org\/{rel}","templated":true}]}}