{"id":4275,"date":"2022-03-31T10:20:44","date_gmt":"2022-03-31T08:20:44","guid":{"rendered":"https:\/\/www.kendra.com.pl\/shop\/produkt\/partnerstwo-i-seksualnosc-w-ajurwedzie\/"},"modified":"2025-02-16T14:10:41","modified_gmt":"2025-02-16T13:10:41","slug":"partnerstwo-i-seksualnosc-w-ajurwedzie","status":"publish","type":"product","link":"https:\/\/www.kendra.com.pl\/shop\/produkt\/partnerstwo-i-seksualnosc-w-ajurwedzie\/","title":{"rendered":"Partnerstwo i seksualno\u015b\u0107 w Ajurwedzie"},"content":{"rendered":"<p>Celem tej publikacji, napisanej ze szczeg\u00f3ln\u0105 my\u015bl\u0105 o parach z problemami, jest przedstawienie wizji ajurwedy na zwi\u0105zek, kt\u00f3ry b\u0119dzie walczy\u0107 ze wszystkimi przeciwno\u015bciami losu i wyjdzie z tej walki zwyci\u0119sko. W\u0142\u0105czaj\u0105c wiedz\u0119 etnologiczn\u0105, kulturoznawcz\u0105, religijn\u0105, filozoficzn\u0105, psychologiczn\u0105 i naturoterapeutyczn\u0105, przedstawiam sp\u00f3jn\u0105 i wypraktykowan\u0105 koncepcj\u0119 na d\u0142ugoletnie i udane partnerstwo oparte na za\u0142o\u017ceniach ajurwedy. Ksi\u0105\u017cka ma te\u017c za zadanie u\u015bwiadamia\u0107 i dostarcza\u0107 wiedzy zar\u00f3wno kobietom, jak i m\u0119\u017cczyznom, tak by byli w stanie zrozumie\u0107 swoich partner\u00f3w pod k\u0105tem aktywno\u015bci \u017cyciowej i seksualno\u015bci.<\/p>\n<p>Powy\u017cszy opis pochodzi od wydawcy.<br \/>\nWydawnictwo Studio Anatta<\/p>\n<p><strong>Dowiedz si\u0119 jak wprowadzi\u0107 wi\u0119cej spokoju do swojego \u017cycia. Przeczytaj wpis:<\/strong><\/p>\n<blockquote class=\"wp-embedded-content\" data-secret=\"EVOydzbphZ\"><p><a href=\"https:\/\/spokojnyumysl.pl\/blog\/wiecej-spokoju-w-zyciu-codziennym-z-ajurweda\/\">Wi\u0119cej spokoju w \u017cyciu codziennym z Ajurwed\u0105<\/a><\/p><\/blockquote>\n<p><iframe class=\"wp-embedded-content\" sandbox=\"allow-scripts\" security=\"restricted\" style=\"position: absolute; clip: rect(1px, 1px, 1px, 1px);\" title=\"&#8222;Wi\u0119cej spokoju w \u017cyciu codziennym z Ajurwed\u0105&#8221; &#8212; Spokojny Umys\u0142\" src=\"https:\/\/spokojnyumysl.pl\/blog\/wiecej-spokoju-w-zyciu-codziennym-z-ajurweda\/embed\/#?secret=qJdFkvNYED#?secret=EVOydzbphZ\" data-secret=\"EVOydzbphZ\" width=\"600\" height=\"338\" frameborder=\"0\" marginwidth=\"0\" marginheight=\"0\" scrolling=\"no\"><\/iframe><\/p>\n","protected":false},"excerpt":{"rendered":"<p>Ksi\u0105\u017cka, poradnik, dobra lektura dla par, w kt\u00f3rej znajdziecie odpowiedzi na pytanie Jak dba\u0107 o sw\u00f3j zwi\u0105zek? Monika Ptak-Korbacz &#8211; instruktorka \u0107wicze\u0144 psychosomatycznych, naturoterapeutka, terapeutka ajurweda, wyk\u0142adowca, czyli kobieta z wielk\u0105 wiedz\u0105 i do\u015bwiadczeniem, kt\u00f3ra przekazuje swoje umiej\u0119tno\u015bci oraz nauk\u0119 swoim czytelnikom.<\/p>\n","protected":false},"featured_media":4276,"comment_status":"open","ping_status":"closed","template":"","meta":[],"product_cat":[415,810,408,17,809,752,790,411,391,441,746,741,400,401],"product_tag":[],"yoast_head":"<!-- This site is optimized with the Yoast SEO plugin v18.8 - https:\/\/yoast.com\/wordpress\/plugins\/seo\/ -->\n<title>Partnerstwo i seksualno\u015b\u0107 w Ajurwedzie - Kendra Publishing<\/title>\n<meta name=\"robots\" content=\"noindex, follow\" \/>\n<meta property=\"og:locale\" content=\"pl_PL\" \/>\n<meta property=\"og:type\" content=\"article\" \/>\n<meta property=\"og:title\" content=\"Partnerstwo i seksualno\u015b\u0107 w Ajurwedzie - Kendra Publishing\" \/>\n<meta property=\"og:description\" content=\"Ksi\u0105\u017cka, poradnik, dobra lektura dla par, w kt\u00f3rej znajdziecie odpowiedzi na pytanie Jak dba\u0107 o sw\u00f3j zwi\u0105zek? Monika Ptak-Korbacz - instruktorka \u0107wicze\u0144 psychosomatycznych, naturoterapeutka, terapeutka ajurweda, wyk\u0142adowca, czyli kobieta z wielk\u0105 wiedz\u0105 i do\u015bwiadczeniem, kt\u00f3ra przekazuje swoje umiej\u0119tno\u015bci oraz nauk\u0119 swoim czytelnikom.\" \/>\n<meta property=\"og:url\" content=\"https:\/\/www.kendra.com.pl\/shop\/produkt\/partnerstwo-i-seksualnosc-w-ajurwedzie\/\" \/>\n<meta property=\"og:site_name\" content=\"Kendra Publishing\" \/>\n<meta property=\"article:modified_time\" content=\"2025-02-16T13:10:41+00:00\" \/>\n<meta property=\"og:image\" content=\"https:\/\/www.kendra.com.pl\/shop\/wp-content\/uploads\/2022\/03\/Partnerstwo-i-seksualnosc-w-ajurwedzie-Monika-Ptak.jpg\" \/>\n\t<meta property=\"og:image:width\" content=\"1120\" \/>\n\t<meta property=\"og:image:height\" content=\"920\" \/>\n\t<meta property=\"og:image:type\" content=\"image\/jpeg\" \/>\n<meta name=\"twitter:card\" content=\"summary_large_image\" \/>\n<meta name=\"twitter:label1\" content=\"Szacowany czas czytania\" \/>\n\t<meta name=\"twitter:data1\" content=\"1 minuta\" \/>\n<script type=\"application\/ld+json\" class=\"yoast-schema-graph\">{\"@context\":\"https:\/\/schema.org\",\"@graph\":[{\"@type\":\"WebSite\",\"@id\":\"https:\/\/www.kendra.com.pl\/shop\/#website\",\"url\":\"https:\/\/www.kendra.com.pl\/shop\/\",\"name\":\"Kendra Publishing\",\"description\":\"Sklep\",\"potentialAction\":[{\"@type\":\"SearchAction\",\"target\":{\"@type\":\"EntryPoint\",\"urlTemplate\":\"https:\/\/www.kendra.com.pl\/shop\/?s={search_term_string}\"},\"query-input\":\"required name=search_term_string\"}],\"inLanguage\":\"pl-PL\"},{\"@type\":\"ImageObject\",\"inLanguage\":\"pl-PL\",\"@id\":\"https:\/\/www.kendra.com.pl\/shop\/produkt\/partnerstwo-i-seksualnosc-w-ajurwedzie\/#primaryimage\",\"url\":\"https:\/\/www.kendra.com.pl\/shop\/wp-content\/uploads\/2022\/03\/Partnerstwo-i-seksualnosc-w-ajurwedzie-Monika-Ptak.jpg\",\"contentUrl\":\"https:\/\/www.kendra.com.pl\/shop\/wp-content\/uploads\/2022\/03\/Partnerstwo-i-seksualnosc-w-ajurwedzie-Monika-Ptak.jpg\",\"width\":1120,\"height\":920},{\"@type\":\"WebPage\",\"@id\":\"https:\/\/www.kendra.com.pl\/shop\/produkt\/partnerstwo-i-seksualnosc-w-ajurwedzie\/#webpage\",\"url\":\"https:\/\/www.kendra.com.pl\/shop\/produkt\/partnerstwo-i-seksualnosc-w-ajurwedzie\/\",\"name\":\"Partnerstwo i seksualno\u015b\u0107 w Ajurwedzie - Kendra Publishing\",\"isPartOf\":{\"@id\":\"https:\/\/www.kendra.com.pl\/shop\/#website\"},\"primaryImageOfPage\":{\"@id\":\"https:\/\/www.kendra.com.pl\/shop\/produkt\/partnerstwo-i-seksualnosc-w-ajurwedzie\/#primaryimage\"},\"datePublished\":\"2022-03-31T08:20:44+00:00\",\"dateModified\":\"2025-02-16T13:10:41+00:00\",\"breadcrumb\":{\"@id\":\"https:\/\/www.kendra.com.pl\/shop\/produkt\/partnerstwo-i-seksualnosc-w-ajurwedzie\/#breadcrumb\"},\"inLanguage\":\"pl-PL\",\"potentialAction\":[{\"@type\":\"ReadAction\",\"target\":[\"https:\/\/www.kendra.com.pl\/shop\/produkt\/partnerstwo-i-seksualnosc-w-ajurwedzie\/\"]}]},{\"@type\":\"BreadcrumbList\",\"@id\":\"https:\/\/www.kendra.com.pl\/shop\/produkt\/partnerstwo-i-seksualnosc-w-ajurwedzie\/#breadcrumb\",\"itemListElement\":[{\"@type\":\"ListItem\",\"position\":1,\"name\":\"Strona g\u0142\u00f3wna\",\"item\":\"https:\/\/www.kendra.com.pl\/shop\/\"},{\"@type\":\"ListItem\",\"position\":2,\"name\":\"Przerwa w dzia\u0142alno\u015bci sklepu&#8230;\",\"item\":\"https:\/\/www.kendra.com.pl\/shop\/?page_id=1888\"},{\"@type\":\"ListItem\",\"position\":3,\"name\":\"Partnerstwo i seksualno\u015b\u0107 w Ajurwedzie\"}]}]}<\/script>\n<!-- \/ Yoast SEO plugin. -->","yoast_head_json":{"title":"Partnerstwo i seksualno\u015b\u0107 w Ajurwedzie - Kendra Publishing","robots":{"index":"noindex","follow":"follow"},"og_locale":"pl_PL","og_type":"article","og_title":"Partnerstwo i seksualno\u015b\u0107 w Ajurwedzie - Kendra Publishing","og_description":"Ksi\u0105\u017cka, poradnik, dobra lektura dla par, w kt\u00f3rej znajdziecie odpowiedzi na pytanie Jak dba\u0107 o sw\u00f3j zwi\u0105zek? Monika Ptak-Korbacz - instruktorka \u0107wicze\u0144 psychosomatycznych, naturoterapeutka, terapeutka ajurweda, wyk\u0142adowca, czyli kobieta z wielk\u0105 wiedz\u0105 i do\u015bwiadczeniem, kt\u00f3ra przekazuje swoje umiej\u0119tno\u015bci oraz nauk\u0119 swoim czytelnikom.","og_url":"https:\/\/www.kendra.com.pl\/shop\/produkt\/partnerstwo-i-seksualnosc-w-ajurwedzie\/","og_site_name":"Kendra Publishing","article_modified_time":"2025-02-16T13:10:41+00:00","og_image":[{"width":1120,"height":920,"url":"https:\/\/www.kendra.com.pl\/shop\/wp-content\/uploads\/2022\/03\/Partnerstwo-i-seksualnosc-w-ajurwedzie-Monika-Ptak.jpg","type":"image\/jpeg"}],"twitter_card":"summary_large_image","twitter_misc":{"Szacowany czas czytania":"1 minuta"},"schema":{"@context":"https:\/\/schema.org","@graph":[{"@type":"WebSite","@id":"https:\/\/www.kendra.com.pl\/shop\/#website","url":"https:\/\/www.kendra.com.pl\/shop\/","name":"Kendra Publishing","description":"Sklep","potentialAction":[{"@type":"SearchAction","target":{"@type":"EntryPoint","urlTemplate":"https:\/\/www.kendra.com.pl\/shop\/?s={search_term_string}"},"query-input":"required name=search_term_string"}],"inLanguage":"pl-PL"},{"@type":"ImageObject","inLanguage":"pl-PL","@id":"https:\/\/www.kendra.com.pl\/shop\/produkt\/partnerstwo-i-seksualnosc-w-ajurwedzie\/#primaryimage","url":"https:\/\/www.kendra.com.pl\/shop\/wp-content\/uploads\/2022\/03\/Partnerstwo-i-seksualnosc-w-ajurwedzie-Monika-Ptak.jpg","contentUrl":"https:\/\/www.kendra.com.pl\/shop\/wp-content\/uploads\/2022\/03\/Partnerstwo-i-seksualnosc-w-ajurwedzie-Monika-Ptak.jpg","width":1120,"height":920},{"@type":"WebPage","@id":"https:\/\/www.kendra.com.pl\/shop\/produkt\/partnerstwo-i-seksualnosc-w-ajurwedzie\/#webpage","url":"https:\/\/www.kendra.com.pl\/shop\/produkt\/partnerstwo-i-seksualnosc-w-ajurwedzie\/","name":"Partnerstwo i seksualno\u015b\u0107 w Ajurwedzie - Kendra Publishing","isPartOf":{"@id":"https:\/\/www.kendra.com.pl\/shop\/#website"},"primaryImageOfPage":{"@id":"https:\/\/www.kendra.com.pl\/shop\/produkt\/partnerstwo-i-seksualnosc-w-ajurwedzie\/#primaryimage"},"datePublished":"2022-03-31T08:20:44+00:00","dateModified":"2025-02-16T13:10:41+00:00","breadcrumb":{"@id":"https:\/\/www.kendra.com.pl\/shop\/produkt\/partnerstwo-i-seksualnosc-w-ajurwedzie\/#breadcrumb"},"inLanguage":"pl-PL","potentialAction":[{"@type":"ReadAction","target":["https:\/\/www.kendra.com.pl\/shop\/produkt\/partnerstwo-i-seksualnosc-w-ajurwedzie\/"]}]},{"@type":"BreadcrumbList","@id":"https:\/\/www.kendra.com.pl\/shop\/produkt\/partnerstwo-i-seksualnosc-w-ajurwedzie\/#breadcrumb","itemListElement":[{"@type":"ListItem","position":1,"name":"Strona g\u0142\u00f3wna","item":"https:\/\/www.kendra.com.pl\/shop\/"},{"@type":"ListItem","position":2,"name":"Przerwa w dzia\u0142alno\u015bci sklepu&#8230;","item":"https:\/\/www.kendra.com.pl\/shop\/?page_id=1888"},{"@type":"ListItem","position":3,"name":"Partnerstwo i seksualno\u015b\u0107 w Ajurwedzie"}]}]}},"_links":{"self":[{"href":"https:\/\/www.kendra.com.pl\/shop\/wp-json\/wp\/v2\/product\/4275"}],"collection":[{"href":"https:\/\/www.kendra.com.pl\/shop\/wp-json\/wp\/v2\/product"}],"about":[{"href":"https:\/\/www.kendra.com.pl\/shop\/wp-json\/wp\/v2\/types\/product"}],"replies":[{"embeddable":true,"href":"https:\/\/www.kendra.com.pl\/shop\/wp-json\/wp\/v2\/comments?post=4275"}],"wp:featuredmedia":[{"embeddable":true,"href":"https:\/\/www.kendra.com.pl\/shop\/wp-json\/wp\/v2\/media\/4276"}],"wp:attachment":[{"href":"https:\/\/www.kendra.com.pl\/shop\/wp-json\/wp\/v2\/media?parent=4275"}],"wp:term":[{"taxonomy":"product_cat","embeddable":true,"href":"https:\/\/www.kendra.com.pl\/shop\/wp-json\/wp\/v2\/product_cat?post=4275"},{"taxonomy":"product_tag","embeddable":true,"href":"https:\/\/www.kendra.com.pl\/shop\/wp-json\/wp\/v2\/product_tag?post=4275"}],"curies":[{"name":"wp","href":"https:\/\/api.w.org\/{rel}","templated":true}]}}