{"id":4279,"date":"2022-03-31T10:11:49","date_gmt":"2022-03-31T08:11:49","guid":{"rendered":"https:\/\/www.kendra.com.pl\/shop\/produkt\/rok-wedlug-ajurwedy-poradnik-i-kalendarz-aktywnosci\/"},"modified":"2025-06-11T00:37:53","modified_gmt":"2025-06-10T22:37:53","slug":"rok-wedlug-ajurwedy-poradnik-i-kalendarz-aktywnosci","status":"publish","type":"product","link":"https:\/\/www.kendra.com.pl\/shop\/produkt\/rok-wedlug-ajurwedy-poradnik-i-kalendarz-aktywnosci\/","title":{"rendered":"Rok wed\u0142ug Ajurwedy"},"content":{"rendered":"<p>W dobie internetu, poszukuj\u0105c informacji na dr\u0119cz\u0105ce nas zagadnienia, dostajemy powyrywane z kontekstu, cz\u0119sto ma\u0142o przejrzy\u015bcie wyja\u015bnione kawa\u0142ki ajurwedyjskiej wiedzy z r\u00f3\u017cnych dziedzin: zdrowia, medycyny, organizacji dnia, aktywno\u015bci fizycznej, od\u017cywiania. Jest to niejako zrozumia\u0142e, gdy\u017c wiedza ajurwedyjska jest tak obszerna, \u017ce na dane zagadnienie m\u00f3g\u0142by powsta\u0107 opas\u0142y tom zamiast kilku linijek tekstu w kr\u00f3tkim po\u015bcie.<\/p>\n<p>Postanowi\u0142am wypo\u015brodkowa\u0107 ilo\u015b\u0107 informacji i je usystematyzowa\u0107 tworz\u0105c \u201eRok wed\u0142ug ajurwedy. Poradnik i kalendarz aktywno\u015bci\u201d, w kt\u00f3rym w pigu\u0142ce zebra\u0142am wszystkie istotne informacje dotycz\u0105ce naszej aktywno\u015bci w czasie na przestrzeni roku. Uniwersalny kalendarz podzieli\u0142am na 4 pory roku, te za\u015b na miesi\u0105ce. W ka\u017cdym miesi\u0105cu opisuj\u0119 metody na wzmacnianie odpowiednich im narz\u0105d\u00f3w. Ka\u017cdy miesi\u0105c podzieli\u0142am na tygodnie, w ka\u017cdym tygodniu prezentuj\u0119 zabieg, zio\u0142a, pozycj\u0119 jogi oraz po\u017cywienie, dzi\u0119ki kt\u00f3rym poprawisz funkcjonowanie kolejnych narz\u0105d\u00f3w w dogodnym dla nich czasie na przestrzeni roku.<\/p>\n<p>Dodatkowo, w kalendarzu znajdziesz ajurwedyjskie odwo\u0142ania do:<br \/>\n\u2013 Dni tygodnia<br \/>\n\u2013 Dnia i jego rytua\u0142\u00f3w<br \/>\n\u2013 Aktywno\u015bci sezonowej<br \/>\n\u2013 Pory roku<br \/>\n\u2013 Aktywno\u015bci Ksi\u0119\u017cyca<br \/>\n\u2013 Biologicznego rytm dnia<br \/>\n\u2013 Cyklu menstruacyjnego<\/p>\n<p>Powy\u017cszy opis pochodzi od wydawcy.<br \/>\nWydawnictwo Anatta<\/p>\n<p><strong>Dowiedz si\u0119 jak wprowadzi\u0107 wi\u0119cej spokoju do swojego \u017cycia. Przeczytaj wpis:<\/strong><\/p>\n<blockquote class=\"wp-embedded-content\" data-secret=\"k5S8yM9gTR\"><p><a href=\"https:\/\/spokojnyumysl.pl\/blog\/wiecej-spokoju-w-zyciu-codziennym-z-ajurweda\/\">Wi\u0119cej spokoju w \u017cyciu codziennym z Ajurwed\u0105<\/a><\/p><\/blockquote>\n<p><iframe class=\"wp-embedded-content\" sandbox=\"allow-scripts\" security=\"restricted\" style=\"position: absolute; clip: rect(1px, 1px, 1px, 1px);\" title=\"&#8222;Wi\u0119cej spokoju w \u017cyciu codziennym z Ajurwed\u0105&#8221; &#8212; Spokojny Umys\u0142\" src=\"https:\/\/spokojnyumysl.pl\/blog\/wiecej-spokoju-w-zyciu-codziennym-z-ajurweda\/embed\/#?secret=J97X1PKBID#?secret=k5S8yM9gTR\" data-secret=\"k5S8yM9gTR\" width=\"600\" height=\"338\" frameborder=\"0\" marginwidth=\"0\" marginheight=\"0\" scrolling=\"no\"><\/iframe><\/p>\n","protected":false},"excerpt":{"rendered":"<p>Ajurweda, czyli \u201ewiedza o \u017cyciu\u201d to wiedza ogromna, ale \u015bwietnie zorganizowana, usystematyzowana. Nie ma w niej miejsca na ba\u0142agan \u2013 ka\u017cda aktywno\u015b\u0107 w czasie rz\u0105dzi si\u0119 konkretnymi prawami, kt\u00f3re ajurweda szczeg\u00f3\u0142owo przedstawia, t\u0142umaczy i opisuje.<\/p>\n","protected":false},"featured_media":4280,"comment_status":"open","ping_status":"closed","template":"","meta":[],"product_cat":[415,810,408,17,809,752,790,411,391,746,741,414],"product_tag":[],"yoast_head":"<!-- This site is optimized with the Yoast SEO plugin v18.8 - https:\/\/yoast.com\/wordpress\/plugins\/seo\/ -->\n<title>Rok wed\u0142ug Ajurwedy - Kendra Publishing<\/title>\n<meta name=\"robots\" content=\"noindex, follow\" \/>\n<meta property=\"og:locale\" content=\"pl_PL\" \/>\n<meta property=\"og:type\" content=\"article\" \/>\n<meta property=\"og:title\" content=\"Rok wed\u0142ug Ajurwedy - Kendra Publishing\" \/>\n<meta property=\"og:description\" content=\"Ajurweda, czyli \u201ewiedza o \u017cyciu\u201d to wiedza ogromna, ale \u015bwietnie zorganizowana, usystematyzowana. Nie ma w niej miejsca na ba\u0142agan \u2013 ka\u017cda aktywno\u015b\u0107 w czasie rz\u0105dzi si\u0119 konkretnymi prawami, kt\u00f3re ajurweda szczeg\u00f3\u0142owo przedstawia, t\u0142umaczy i opisuje.\" \/>\n<meta property=\"og:url\" content=\"https:\/\/www.kendra.com.pl\/shop\/produkt\/rok-wedlug-ajurwedy-poradnik-i-kalendarz-aktywnosci\/\" \/>\n<meta property=\"og:site_name\" content=\"Kendra Publishing\" \/>\n<meta property=\"article:modified_time\" content=\"2025-06-10T22:37:53+00:00\" \/>\n<meta property=\"og:image\" content=\"https:\/\/www.kendra.com.pl\/shop\/wp-content\/uploads\/2022\/03\/Rok-wedlug-ajurwedy-Monika-Ptak.jpg\" \/>\n\t<meta property=\"og:image:width\" content=\"1120\" \/>\n\t<meta property=\"og:image:height\" content=\"920\" \/>\n\t<meta property=\"og:image:type\" content=\"image\/jpeg\" \/>\n<meta name=\"twitter:card\" content=\"summary_large_image\" \/>\n<meta name=\"twitter:label1\" content=\"Szacowany czas czytania\" \/>\n\t<meta name=\"twitter:data1\" content=\"1 minuta\" \/>\n<script type=\"application\/ld+json\" class=\"yoast-schema-graph\">{\"@context\":\"https:\/\/schema.org\",\"@graph\":[{\"@type\":\"WebSite\",\"@id\":\"https:\/\/www.kendra.com.pl\/shop\/#website\",\"url\":\"https:\/\/www.kendra.com.pl\/shop\/\",\"name\":\"Kendra Publishing\",\"description\":\"Sklep\",\"potentialAction\":[{\"@type\":\"SearchAction\",\"target\":{\"@type\":\"EntryPoint\",\"urlTemplate\":\"https:\/\/www.kendra.com.pl\/shop\/?s={search_term_string}\"},\"query-input\":\"required name=search_term_string\"}],\"inLanguage\":\"pl-PL\"},{\"@type\":\"ImageObject\",\"inLanguage\":\"pl-PL\",\"@id\":\"https:\/\/www.kendra.com.pl\/shop\/produkt\/rok-wedlug-ajurwedy-poradnik-i-kalendarz-aktywnosci\/#primaryimage\",\"url\":\"https:\/\/www.kendra.com.pl\/shop\/wp-content\/uploads\/2022\/03\/Rok-wedlug-ajurwedy-Monika-Ptak.jpg\",\"contentUrl\":\"https:\/\/www.kendra.com.pl\/shop\/wp-content\/uploads\/2022\/03\/Rok-wedlug-ajurwedy-Monika-Ptak.jpg\",\"width\":1120,\"height\":920},{\"@type\":\"WebPage\",\"@id\":\"https:\/\/www.kendra.com.pl\/shop\/produkt\/rok-wedlug-ajurwedy-poradnik-i-kalendarz-aktywnosci\/#webpage\",\"url\":\"https:\/\/www.kendra.com.pl\/shop\/produkt\/rok-wedlug-ajurwedy-poradnik-i-kalendarz-aktywnosci\/\",\"name\":\"Rok wed\u0142ug Ajurwedy - Kendra Publishing\",\"isPartOf\":{\"@id\":\"https:\/\/www.kendra.com.pl\/shop\/#website\"},\"primaryImageOfPage\":{\"@id\":\"https:\/\/www.kendra.com.pl\/shop\/produkt\/rok-wedlug-ajurwedy-poradnik-i-kalendarz-aktywnosci\/#primaryimage\"},\"datePublished\":\"2022-03-31T08:11:49+00:00\",\"dateModified\":\"2025-06-10T22:37:53+00:00\",\"breadcrumb\":{\"@id\":\"https:\/\/www.kendra.com.pl\/shop\/produkt\/rok-wedlug-ajurwedy-poradnik-i-kalendarz-aktywnosci\/#breadcrumb\"},\"inLanguage\":\"pl-PL\",\"potentialAction\":[{\"@type\":\"ReadAction\",\"target\":[\"https:\/\/www.kendra.com.pl\/shop\/produkt\/rok-wedlug-ajurwedy-poradnik-i-kalendarz-aktywnosci\/\"]}]},{\"@type\":\"BreadcrumbList\",\"@id\":\"https:\/\/www.kendra.com.pl\/shop\/produkt\/rok-wedlug-ajurwedy-poradnik-i-kalendarz-aktywnosci\/#breadcrumb\",\"itemListElement\":[{\"@type\":\"ListItem\",\"position\":1,\"name\":\"Strona g\u0142\u00f3wna\",\"item\":\"https:\/\/www.kendra.com.pl\/shop\/\"},{\"@type\":\"ListItem\",\"position\":2,\"name\":\"Przerwa w dzia\u0142alno\u015bci sklepu&#8230;\",\"item\":\"https:\/\/www.kendra.com.pl\/shop\/?page_id=1888\"},{\"@type\":\"ListItem\",\"position\":3,\"name\":\"Rok wed\u0142ug Ajurwedy\"}]}]}<\/script>\n<!-- \/ Yoast SEO plugin. -->","yoast_head_json":{"title":"Rok wed\u0142ug Ajurwedy - Kendra Publishing","robots":{"index":"noindex","follow":"follow"},"og_locale":"pl_PL","og_type":"article","og_title":"Rok wed\u0142ug Ajurwedy - Kendra Publishing","og_description":"Ajurweda, czyli \u201ewiedza o \u017cyciu\u201d to wiedza ogromna, ale \u015bwietnie zorganizowana, usystematyzowana. Nie ma w niej miejsca na ba\u0142agan \u2013 ka\u017cda aktywno\u015b\u0107 w czasie rz\u0105dzi si\u0119 konkretnymi prawami, kt\u00f3re ajurweda szczeg\u00f3\u0142owo przedstawia, t\u0142umaczy i opisuje.","og_url":"https:\/\/www.kendra.com.pl\/shop\/produkt\/rok-wedlug-ajurwedy-poradnik-i-kalendarz-aktywnosci\/","og_site_name":"Kendra Publishing","article_modified_time":"2025-06-10T22:37:53+00:00","og_image":[{"width":1120,"height":920,"url":"https:\/\/www.kendra.com.pl\/shop\/wp-content\/uploads\/2022\/03\/Rok-wedlug-ajurwedy-Monika-Ptak.jpg","type":"image\/jpeg"}],"twitter_card":"summary_large_image","twitter_misc":{"Szacowany czas czytania":"1 minuta"},"schema":{"@context":"https:\/\/schema.org","@graph":[{"@type":"WebSite","@id":"https:\/\/www.kendra.com.pl\/shop\/#website","url":"https:\/\/www.kendra.com.pl\/shop\/","name":"Kendra Publishing","description":"Sklep","potentialAction":[{"@type":"SearchAction","target":{"@type":"EntryPoint","urlTemplate":"https:\/\/www.kendra.com.pl\/shop\/?s={search_term_string}"},"query-input":"required name=search_term_string"}],"inLanguage":"pl-PL"},{"@type":"ImageObject","inLanguage":"pl-PL","@id":"https:\/\/www.kendra.com.pl\/shop\/produkt\/rok-wedlug-ajurwedy-poradnik-i-kalendarz-aktywnosci\/#primaryimage","url":"https:\/\/www.kendra.com.pl\/shop\/wp-content\/uploads\/2022\/03\/Rok-wedlug-ajurwedy-Monika-Ptak.jpg","contentUrl":"https:\/\/www.kendra.com.pl\/shop\/wp-content\/uploads\/2022\/03\/Rok-wedlug-ajurwedy-Monika-Ptak.jpg","width":1120,"height":920},{"@type":"WebPage","@id":"https:\/\/www.kendra.com.pl\/shop\/produkt\/rok-wedlug-ajurwedy-poradnik-i-kalendarz-aktywnosci\/#webpage","url":"https:\/\/www.kendra.com.pl\/shop\/produkt\/rok-wedlug-ajurwedy-poradnik-i-kalendarz-aktywnosci\/","name":"Rok wed\u0142ug Ajurwedy - Kendra Publishing","isPartOf":{"@id":"https:\/\/www.kendra.com.pl\/shop\/#website"},"primaryImageOfPage":{"@id":"https:\/\/www.kendra.com.pl\/shop\/produkt\/rok-wedlug-ajurwedy-poradnik-i-kalendarz-aktywnosci\/#primaryimage"},"datePublished":"2022-03-31T08:11:49+00:00","dateModified":"2025-06-10T22:37:53+00:00","breadcrumb":{"@id":"https:\/\/www.kendra.com.pl\/shop\/produkt\/rok-wedlug-ajurwedy-poradnik-i-kalendarz-aktywnosci\/#breadcrumb"},"inLanguage":"pl-PL","potentialAction":[{"@type":"ReadAction","target":["https:\/\/www.kendra.com.pl\/shop\/produkt\/rok-wedlug-ajurwedy-poradnik-i-kalendarz-aktywnosci\/"]}]},{"@type":"BreadcrumbList","@id":"https:\/\/www.kendra.com.pl\/shop\/produkt\/rok-wedlug-ajurwedy-poradnik-i-kalendarz-aktywnosci\/#breadcrumb","itemListElement":[{"@type":"ListItem","position":1,"name":"Strona g\u0142\u00f3wna","item":"https:\/\/www.kendra.com.pl\/shop\/"},{"@type":"ListItem","position":2,"name":"Przerwa w dzia\u0142alno\u015bci sklepu&#8230;","item":"https:\/\/www.kendra.com.pl\/shop\/?page_id=1888"},{"@type":"ListItem","position":3,"name":"Rok wed\u0142ug Ajurwedy"}]}]}},"_links":{"self":[{"href":"https:\/\/www.kendra.com.pl\/shop\/wp-json\/wp\/v2\/product\/4279"}],"collection":[{"href":"https:\/\/www.kendra.com.pl\/shop\/wp-json\/wp\/v2\/product"}],"about":[{"href":"https:\/\/www.kendra.com.pl\/shop\/wp-json\/wp\/v2\/types\/product"}],"replies":[{"embeddable":true,"href":"https:\/\/www.kendra.com.pl\/shop\/wp-json\/wp\/v2\/comments?post=4279"}],"wp:featuredmedia":[{"embeddable":true,"href":"https:\/\/www.kendra.com.pl\/shop\/wp-json\/wp\/v2\/media\/4280"}],"wp:attachment":[{"href":"https:\/\/www.kendra.com.pl\/shop\/wp-json\/wp\/v2\/media?parent=4279"}],"wp:term":[{"taxonomy":"product_cat","embeddable":true,"href":"https:\/\/www.kendra.com.pl\/shop\/wp-json\/wp\/v2\/product_cat?post=4279"},{"taxonomy":"product_tag","embeddable":true,"href":"https:\/\/www.kendra.com.pl\/shop\/wp-json\/wp\/v2\/product_tag?post=4279"}],"curies":[{"name":"wp","href":"https:\/\/api.w.org\/{rel}","templated":true}]}}