{"id":4287,"date":"2022-01-18T19:44:10","date_gmt":"2022-01-18T18:44:10","guid":{"rendered":"https:\/\/www.kendra.com.pl\/shop\/produkt\/klin-zyskaj-wplyw-na-cialo-i-umysl-odkryj-tajemnice-odpornosci\/"},"modified":"2025-02-16T14:10:50","modified_gmt":"2025-02-16T13:10:50","slug":"klin-zyskaj-wplyw-na-cialo-i-umysl-odkryj-tajemnice-odpornosci","status":"publish","type":"product","link":"https:\/\/www.kendra.com.pl\/shop\/produkt\/klin-zyskaj-wplyw-na-cialo-i-umysl-odkryj-tajemnice-odpornosci\/","title":{"rendered":"Klin. Zyskaj wp\u0142yw na cia\u0142o i umys\u0142, odkryj tajemnic\u0119 odporno\u015bci."},"content":{"rendered":"<p>W najnowszej ksi\u0105\u017cce, b\u0119d\u0105cej wci\u0105gaj\u0105c\u0105 opowie\u015bci\u0105 o przesuwaniu granic ludzkiej wytrzyma\u0142o\u015bci, wielokrotnie nagradzany dziennikarz Scott Carney pokazuje, jak w punkcie styku mi\u0119dzy bod\u017acem a naturaln\u0105 reakcj\u0105 organizmu mo\u017cna wbi\u0107 klin umo\u017cliwiaj\u0105cy przej\u0119cie kontroli nad automatycznymi reakcjami fizjologicznymi. Pozwoli to na ponowne odkrycie i wykorzystanie potencja\u0142\u00f3w danych nam w procesie ewolucji, a tak\u017ce na zwi\u0119kszenie w\u0142asnych mo\u017cliwo\u015bci w niemal ka\u017cdej sytuacji.<\/p>\n<p>W bestsellerze Co nas nie zabije Carney zanurza\u0142 si\u0119 w lodowatej wodzie i uczy\u0142 technik oddychania wed\u0142ug metody opracowanej przez Wima Hofa. Da\u0142o mu to nieprawdopodobn\u0105 wytrzyma\u0142o\u015b\u0107 i przynios\u0142o ulg\u0119 w cierpieniu spowodowanym uporczywym schorzeniem autoimmunologicznym. Tym razem Carney, podr\u00f3\u017cuj\u0105c po ca\u0142ym \u015bwiecie, szuka ludzi, kt\u00f3rzy rozumiej\u0105 subtelny j\u0119zyk reakcji cia\u0142a na otoczenie. Wszystko po to, by przekona\u0107 si\u0119, do czego jeste\u015bmy naprawd\u0119 zdolni i co mo\u017cemy osi\u0105gn\u0105\u0107 w \u015bwiecie pozbawionym typowych ludzkich ogranicze\u0144.<\/p>\n<p>\u201eNiesamowicie dobra lektura\u201d.<br \/>\nWim Hof<\/p>\n<p>\u201eScott Carney porusza wa\u017cne tematy \u2013 stres, odporno\u015b\u0107 oraz zwi\u0105zek mi\u0119dzy fizyczno\u015bci\u0105 a duchowo\u015bci\u0105 \u2013 i po raz kolejny okazuje gotowo\u015b\u0107 do pokonywania utartych schemat\u00f3w\u201d.<br \/>\nBrad Stulberg, autor bestsellera \u201ePeak Performance\u201d<\/p>\n<p>\u201ePrzygotuj si\u0119 na intryguj\u0105c\u0105 podr\u00f3\u017c do \u015bwiata samodoskonalenia oraz sprawno\u015bci fizycznej i psychicznej, o jak\u0105 by\u015b si\u0119 nie podejrzewa\u0142. Scott Carney po raz kolejny elegancko po\u0142\u0105czy\u0142 dynamiczny styl i wci\u0105gaj\u0105ce dziennikarstwo z lekkim w odbiorze podej\u015bciem edukacyjnym, by pom\u00f3c ci \u017cy\u0107 lepiej i d\u0142u\u017cej\u201d.<br \/>\nBen Greenfield, autor bestsellera \u201eNew York Timesa\u201d Beyond Training<\/p>\n<p>\u201eW ksi\u0105\u017cce Klin Scott Carney pog\u0142\u0119bia do\u015bwiadczenia opisane w bestsellerze Co nas nie zabije. Na nowo bada granice w\u0142asnych mo\u017cliwo\u015bci i nieustannie je przesuwa. Czasem niebezpiecznie daleko.<\/p>\n<p>Tytu\u0142owy \u201eklin\u201d to przestrze\u0144 pomi\u0119dzy bod\u017acem a reakcj\u0105 cia\u0142a i umys\u0142u. Jest tym, co mo\u017ce zainicjowa\u0107 w nas g\u0142\u0119bokie zmiany. Eksploruj\u0105c przestrze\u0144 pomi\u0119dzy znanym, a nieznanym, autor na w\u0142asnej sk\u00f3rze do\u015bwiadcza tego, co tajemnicze, poci\u0105gaj\u0105ce i niezwyk\u0142e.<\/p>\n<p>To nie jest ksi\u0105\u017cka dla ka\u017cdego. Wymaga dystansu i otwarto\u015bci. Polecam j\u0105 wszystkim, kt\u00f3rych interesuje poznanie tego, co znajduje si\u0119 na kra\u0144cu kr\u00f3liczej nory.\u201d<br \/>\nMarcin Osman, autor ksi\u0105\u017cki \u201eSprzedawaj wi\u0119cej\u201d<\/p>\n<p>Powy\u017cszy opis pochodzi od wydawcy.<br \/>\nWydawnictwo Galaktyka<\/p>\n","protected":false},"excerpt":{"rendered":"<p>Eksploruj\u0105c przestrze\u0144 pomi\u0119dzy znanym, a nieznanym, autor na w\u0142asnej sk\u00f3rze do\u015bwiadcza tego, co tajemnicze, poci\u0105gaj\u0105ce i niezwyk\u0142e.<\/p>\n","protected":false},"featured_media":4288,"comment_status":"open","ping_status":"closed","template":"","meta":[],"product_cat":[419,17,786,410,414,400],"product_tag":[],"yoast_head":"<!-- This site is optimized with the Yoast SEO plugin v18.8 - https:\/\/yoast.com\/wordpress\/plugins\/seo\/ -->\n<title>Klin. Zyskaj wp\u0142yw na cia\u0142o i umys\u0142, odkryj tajemnic\u0119 odporno\u015bci. - Kendra Publishing<\/title>\n<meta name=\"robots\" content=\"noindex, follow\" \/>\n<meta property=\"og:locale\" content=\"pl_PL\" \/>\n<meta property=\"og:type\" content=\"article\" \/>\n<meta property=\"og:title\" content=\"Klin. Zyskaj wp\u0142yw na cia\u0142o i umys\u0142, odkryj tajemnic\u0119 odporno\u015bci. - Kendra Publishing\" \/>\n<meta property=\"og:description\" content=\"Eksploruj\u0105c przestrze\u0144 pomi\u0119dzy znanym, a nieznanym, autor na w\u0142asnej sk\u00f3rze do\u015bwiadcza tego, co tajemnicze, poci\u0105gaj\u0105ce i niezwyk\u0142e.\" \/>\n<meta property=\"og:url\" content=\"https:\/\/www.kendra.com.pl\/shop\/produkt\/klin-zyskaj-wplyw-na-cialo-i-umysl-odkryj-tajemnice-odpornosci\/\" \/>\n<meta property=\"og:site_name\" content=\"Kendra Publishing\" \/>\n<meta property=\"article:modified_time\" content=\"2025-02-16T13:10:50+00:00\" \/>\n<meta property=\"og:image\" content=\"https:\/\/www.kendra.com.pl\/shop\/wp-content\/uploads\/2022\/01\/Klin-Scott-Carley.jpg\" \/>\n\t<meta property=\"og:image:width\" content=\"1120\" \/>\n\t<meta property=\"og:image:height\" content=\"920\" \/>\n\t<meta property=\"og:image:type\" content=\"image\/jpeg\" \/>\n<meta name=\"twitter:card\" content=\"summary_large_image\" \/>\n<meta name=\"twitter:label1\" content=\"Szacowany czas czytania\" \/>\n\t<meta name=\"twitter:data1\" content=\"2 minuty\" \/>\n<script type=\"application\/ld+json\" class=\"yoast-schema-graph\">{\"@context\":\"https:\/\/schema.org\",\"@graph\":[{\"@type\":\"WebSite\",\"@id\":\"https:\/\/www.kendra.com.pl\/shop\/#website\",\"url\":\"https:\/\/www.kendra.com.pl\/shop\/\",\"name\":\"Kendra Publishing\",\"description\":\"Sklep\",\"potentialAction\":[{\"@type\":\"SearchAction\",\"target\":{\"@type\":\"EntryPoint\",\"urlTemplate\":\"https:\/\/www.kendra.com.pl\/shop\/?s={search_term_string}\"},\"query-input\":\"required name=search_term_string\"}],\"inLanguage\":\"pl-PL\"},{\"@type\":\"ImageObject\",\"inLanguage\":\"pl-PL\",\"@id\":\"https:\/\/www.kendra.com.pl\/shop\/produkt\/klin-zyskaj-wplyw-na-cialo-i-umysl-odkryj-tajemnice-odpornosci\/#primaryimage\",\"url\":\"https:\/\/www.kendra.com.pl\/shop\/wp-content\/uploads\/2022\/01\/Klin-Scott-Carley.jpg\",\"contentUrl\":\"https:\/\/www.kendra.com.pl\/shop\/wp-content\/uploads\/2022\/01\/Klin-Scott-Carley.jpg\",\"width\":1120,\"height\":920},{\"@type\":\"WebPage\",\"@id\":\"https:\/\/www.kendra.com.pl\/shop\/produkt\/klin-zyskaj-wplyw-na-cialo-i-umysl-odkryj-tajemnice-odpornosci\/#webpage\",\"url\":\"https:\/\/www.kendra.com.pl\/shop\/produkt\/klin-zyskaj-wplyw-na-cialo-i-umysl-odkryj-tajemnice-odpornosci\/\",\"name\":\"Klin. Zyskaj wp\u0142yw na cia\u0142o i umys\u0142, odkryj tajemnic\u0119 odporno\u015bci. - Kendra Publishing\",\"isPartOf\":{\"@id\":\"https:\/\/www.kendra.com.pl\/shop\/#website\"},\"primaryImageOfPage\":{\"@id\":\"https:\/\/www.kendra.com.pl\/shop\/produkt\/klin-zyskaj-wplyw-na-cialo-i-umysl-odkryj-tajemnice-odpornosci\/#primaryimage\"},\"datePublished\":\"2022-01-18T18:44:10+00:00\",\"dateModified\":\"2025-02-16T13:10:50+00:00\",\"breadcrumb\":{\"@id\":\"https:\/\/www.kendra.com.pl\/shop\/produkt\/klin-zyskaj-wplyw-na-cialo-i-umysl-odkryj-tajemnice-odpornosci\/#breadcrumb\"},\"inLanguage\":\"pl-PL\",\"potentialAction\":[{\"@type\":\"ReadAction\",\"target\":[\"https:\/\/www.kendra.com.pl\/shop\/produkt\/klin-zyskaj-wplyw-na-cialo-i-umysl-odkryj-tajemnice-odpornosci\/\"]}]},{\"@type\":\"BreadcrumbList\",\"@id\":\"https:\/\/www.kendra.com.pl\/shop\/produkt\/klin-zyskaj-wplyw-na-cialo-i-umysl-odkryj-tajemnice-odpornosci\/#breadcrumb\",\"itemListElement\":[{\"@type\":\"ListItem\",\"position\":1,\"name\":\"Strona g\u0142\u00f3wna\",\"item\":\"https:\/\/www.kendra.com.pl\/shop\/\"},{\"@type\":\"ListItem\",\"position\":2,\"name\":\"Przerwa w dzia\u0142alno\u015bci sklepu&#8230;\",\"item\":\"https:\/\/www.kendra.com.pl\/shop\/?page_id=1888\"},{\"@type\":\"ListItem\",\"position\":3,\"name\":\"Klin. Zyskaj wp\u0142yw na cia\u0142o i umys\u0142, odkryj tajemnic\u0119 odporno\u015bci.\"}]}]}<\/script>\n<!-- \/ Yoast SEO plugin. -->","yoast_head_json":{"title":"Klin. Zyskaj wp\u0142yw na cia\u0142o i umys\u0142, odkryj tajemnic\u0119 odporno\u015bci. - Kendra Publishing","robots":{"index":"noindex","follow":"follow"},"og_locale":"pl_PL","og_type":"article","og_title":"Klin. Zyskaj wp\u0142yw na cia\u0142o i umys\u0142, odkryj tajemnic\u0119 odporno\u015bci. - Kendra Publishing","og_description":"Eksploruj\u0105c przestrze\u0144 pomi\u0119dzy znanym, a nieznanym, autor na w\u0142asnej sk\u00f3rze do\u015bwiadcza tego, co tajemnicze, poci\u0105gaj\u0105ce i niezwyk\u0142e.","og_url":"https:\/\/www.kendra.com.pl\/shop\/produkt\/klin-zyskaj-wplyw-na-cialo-i-umysl-odkryj-tajemnice-odpornosci\/","og_site_name":"Kendra Publishing","article_modified_time":"2025-02-16T13:10:50+00:00","og_image":[{"width":1120,"height":920,"url":"https:\/\/www.kendra.com.pl\/shop\/wp-content\/uploads\/2022\/01\/Klin-Scott-Carley.jpg","type":"image\/jpeg"}],"twitter_card":"summary_large_image","twitter_misc":{"Szacowany czas czytania":"2 minuty"},"schema":{"@context":"https:\/\/schema.org","@graph":[{"@type":"WebSite","@id":"https:\/\/www.kendra.com.pl\/shop\/#website","url":"https:\/\/www.kendra.com.pl\/shop\/","name":"Kendra Publishing","description":"Sklep","potentialAction":[{"@type":"SearchAction","target":{"@type":"EntryPoint","urlTemplate":"https:\/\/www.kendra.com.pl\/shop\/?s={search_term_string}"},"query-input":"required name=search_term_string"}],"inLanguage":"pl-PL"},{"@type":"ImageObject","inLanguage":"pl-PL","@id":"https:\/\/www.kendra.com.pl\/shop\/produkt\/klin-zyskaj-wplyw-na-cialo-i-umysl-odkryj-tajemnice-odpornosci\/#primaryimage","url":"https:\/\/www.kendra.com.pl\/shop\/wp-content\/uploads\/2022\/01\/Klin-Scott-Carley.jpg","contentUrl":"https:\/\/www.kendra.com.pl\/shop\/wp-content\/uploads\/2022\/01\/Klin-Scott-Carley.jpg","width":1120,"height":920},{"@type":"WebPage","@id":"https:\/\/www.kendra.com.pl\/shop\/produkt\/klin-zyskaj-wplyw-na-cialo-i-umysl-odkryj-tajemnice-odpornosci\/#webpage","url":"https:\/\/www.kendra.com.pl\/shop\/produkt\/klin-zyskaj-wplyw-na-cialo-i-umysl-odkryj-tajemnice-odpornosci\/","name":"Klin. Zyskaj wp\u0142yw na cia\u0142o i umys\u0142, odkryj tajemnic\u0119 odporno\u015bci. - Kendra Publishing","isPartOf":{"@id":"https:\/\/www.kendra.com.pl\/shop\/#website"},"primaryImageOfPage":{"@id":"https:\/\/www.kendra.com.pl\/shop\/produkt\/klin-zyskaj-wplyw-na-cialo-i-umysl-odkryj-tajemnice-odpornosci\/#primaryimage"},"datePublished":"2022-01-18T18:44:10+00:00","dateModified":"2025-02-16T13:10:50+00:00","breadcrumb":{"@id":"https:\/\/www.kendra.com.pl\/shop\/produkt\/klin-zyskaj-wplyw-na-cialo-i-umysl-odkryj-tajemnice-odpornosci\/#breadcrumb"},"inLanguage":"pl-PL","potentialAction":[{"@type":"ReadAction","target":["https:\/\/www.kendra.com.pl\/shop\/produkt\/klin-zyskaj-wplyw-na-cialo-i-umysl-odkryj-tajemnice-odpornosci\/"]}]},{"@type":"BreadcrumbList","@id":"https:\/\/www.kendra.com.pl\/shop\/produkt\/klin-zyskaj-wplyw-na-cialo-i-umysl-odkryj-tajemnice-odpornosci\/#breadcrumb","itemListElement":[{"@type":"ListItem","position":1,"name":"Strona g\u0142\u00f3wna","item":"https:\/\/www.kendra.com.pl\/shop\/"},{"@type":"ListItem","position":2,"name":"Przerwa w dzia\u0142alno\u015bci sklepu&#8230;","item":"https:\/\/www.kendra.com.pl\/shop\/?page_id=1888"},{"@type":"ListItem","position":3,"name":"Klin. Zyskaj wp\u0142yw na cia\u0142o i umys\u0142, odkryj tajemnic\u0119 odporno\u015bci."}]}]}},"_links":{"self":[{"href":"https:\/\/www.kendra.com.pl\/shop\/wp-json\/wp\/v2\/product\/4287"}],"collection":[{"href":"https:\/\/www.kendra.com.pl\/shop\/wp-json\/wp\/v2\/product"}],"about":[{"href":"https:\/\/www.kendra.com.pl\/shop\/wp-json\/wp\/v2\/types\/product"}],"replies":[{"embeddable":true,"href":"https:\/\/www.kendra.com.pl\/shop\/wp-json\/wp\/v2\/comments?post=4287"}],"wp:featuredmedia":[{"embeddable":true,"href":"https:\/\/www.kendra.com.pl\/shop\/wp-json\/wp\/v2\/media\/4288"}],"wp:attachment":[{"href":"https:\/\/www.kendra.com.pl\/shop\/wp-json\/wp\/v2\/media?parent=4287"}],"wp:term":[{"taxonomy":"product_cat","embeddable":true,"href":"https:\/\/www.kendra.com.pl\/shop\/wp-json\/wp\/v2\/product_cat?post=4287"},{"taxonomy":"product_tag","embeddable":true,"href":"https:\/\/www.kendra.com.pl\/shop\/wp-json\/wp\/v2\/product_tag?post=4287"}],"curies":[{"name":"wp","href":"https:\/\/api.w.org\/{rel}","templated":true}]}}