{"id":4349,"date":"2022-08-02T12:40:18","date_gmt":"2022-08-02T10:40:18","guid":{"rendered":"https:\/\/www.kendra.com.pl\/shop\/produkt\/fosforescencja-o-rzeczach-ktore-podtrzymuja-nas-na-duchu\/"},"modified":"2025-02-16T14:10:33","modified_gmt":"2025-02-16T13:10:33","slug":"fosforescencja-o-rzeczach-ktore-podtrzymuja-nas-na-duchu","status":"publish","type":"product","link":"https:\/\/www.kendra.com.pl\/shop\/produkt\/fosforescencja-o-rzeczach-ktore-podtrzymuja-nas-na-duchu\/","title":{"rendered":"Fosforescencja. O rzeczach, kt\u00f3re podtrzymuj\u0105 nas na duchu"},"content":{"rendered":"<p>Bole\u015bnie pi\u0119kna, inspiruj\u0105ca i g\u0142\u0119boko poruszaj\u0105ca. W\u0142a\u015bnie taka ksi\u0105\u017cka, jakiej potrzebujemy na te czasy.<\/p>\n<p>Podczas codziennej egzystencji pe\u0142nej kolejnych rozczarowa\u0144, w \u015bwiecie, w kt\u00f3rym nic nie jest pewne, w czasie ci\u0105g\u0142ego niepokoju i kolejnych kryzys\u00f3w jest niezwykle istotne, \u017ceby odnale\u017a\u0107 co\u015b, co pozwoli nam nie tylko przetrwa\u0107, ale te\u017c piel\u0119gnowa\u0107 w\u0142asne szcz\u0119\u015bcie.<\/p>\n<p>Wyobra\u017a sobie, \u017ce znajdujesz si\u0119 nad oceanem, wok\u00f3\u0142 panuje ca\u0142kowita ciemno\u015b\u0107. Nagle zauwa\u017casz, \u017ce woda zaczyna l\u015bni\u0107 milionem drobnych \u015bwiate\u0142. To fosforescencja \u2013 \u015bwiat\u0142o emitowane przez niekt\u00f3re organizmy.<\/p>\n<p>A co gdyby okaza\u0142o si\u0119, \u017ce ty te\u017c nosisz w sobie wewn\u0119trzne \u015bwiat\u0142o?<\/p>\n<p>Coraz lepiej wiemy, co daje nam szcz\u0119\u015bcie, dobre samopoczucie i rado\u015b\u0107. Wiemy, \u017ce istnieje kilka podstawowych prawd w nauce o szcz\u0119\u015bciu. Wiemy, \u017ce bycie mi\u0142ym i altruistycznym czyni ludzi szcz\u0119\u015bliwymi, \u017ce wy\u0142\u0105czanie urz\u0105dze\u0144 elektronicznych, budowanie relacji z innymi, \u017cycie z wyznaczonym celem daje najwi\u0119ksz\u0105 szans\u0119 na osi\u0105gni\u0119cie szcz\u0119\u015bcia.<\/p>\n<p>Co jednak zrobi\u0107, kiedy nasz \u015bwiat pogr\u0105\u017ca si\u0119 w ciemno\u015bci, kiedy przyt\u0142acza nas choroba lub z\u0142amane serce, strata i b\u00f3l? Jak w takiej sytuacji piel\u0119gnowa\u0107 szcz\u0119\u015bcie?<\/p>\n<p>Julia Baird \u0142\u0105czy intymn\u0105 opowie\u015b\u0107 o w\u0142asnej chorobie z fascynuj\u0105c\u0105 refleksj\u0105 na temat historii, natury, psychologii i filozofii, a wszystko po to, aby znale\u017a\u0107 wskaz\u00f3wk\u0119, co czyni nas szcz\u0119\u015bliwymi lud\u017ami.<\/p>\n<p>Fosforescencja. O rzeczach, kt\u00f3re podtrzymuj\u0105 nas na duchu w mrocznych chwilach \u017cycia to drogowskaz, kt\u00f3ry pozwoli odnale\u017a\u0107 \u015bwiat\u0142o nawet na najciemniejszej \u015bcie\u017cce \u017cycia.<\/p>\n<p>\u201ePogo\u0144 za zachwytem i poszukiwanie wewn\u0119trznego \u015bwiat\u0142a w ludziach \u2013 to sens mojej pracy i \u017cycia. I moje wielkie szcz\u0119\u015bcie, \u017ce w\u0142a\u015bnie o tym jest ta ksi\u0105\u017cka\u201d. \u2013 Magda Mo\u0142ek<\/p>\n<p>\u201ePi\u0119kna refleksja Julii Baird o rzeczach, kt\u00f3re b\u0142yszcz\u0105 w mroku&#8230; Ksi\u0105\u017cka wywo\u0142uje zachwyt i rado\u015b\u0107. Przynosi ukojenie. Jest aktualna w najlepszy mo\u017cliwy spos\u00f3b\u201d. \u2013 \u201eThe Guardian\u201d<\/p>\n<p>\u201eJulia Baird jest jednym z najbardziej elokwentnych g\u0142os\u00f3w swojego pokolenia\u201d \u2013 \u201eVogue\u201d<\/p>\n<p>\u201eEmocjonalna, introspekcyjna\u2026 Nie da si\u0119 przeczyta\u0107 tej ksi\u0105\u017cki i nie odnale\u017a\u0107 nowego podej\u015bcia w postrzeganiu szcz\u0119\u015bcia, rado\u015bci i wielu innych emocji\u201d. \u2013 \u201eKirkus<\/p>\n<p>Julia Baird \u2013 wielokrotnie nagradzana dziennikarka, by\u0142a naczelna ameryka\u0144skiego \u201eNewsweeka\u201d, felietonistka \u201eThe New York Times\u201d, \u201eThe Sydney Morning Herald\u201d, prowadz\u0105ca The Drum w TV ABC, autorka bestsellerowej biografii kr\u00f3lowej Wiktorii.<\/p>\n<p>Powy\u017cszy opis pochodzi od wydawcy.<br \/>\nWydawnictwo ZNAK<\/p>\n","protected":false},"excerpt":{"rendered":"<p>Ksi\u0105\u017cka Julii Baird mo\u017ce okaza\u0107 si\u0119 drogowskazem, kt\u00f3ry pomo\u017ce odnale\u017a\u0107 \u015bwiat\u0142o nawet w najciemniejszym momencie \u017cycia.<\/p>\n","protected":false},"featured_media":4350,"comment_status":"open","ping_status":"closed","template":"","meta":[],"product_cat":[17,786,412,392,742],"product_tag":[740],"yoast_head":"<!-- This site is optimized with the Yoast SEO plugin v18.8 - https:\/\/yoast.com\/wordpress\/plugins\/seo\/ -->\n<title>Fosforescencja. O rzeczach, kt\u00f3re podtrzymuj\u0105 nas na duchu - Kendra Publishing<\/title>\n<meta name=\"robots\" content=\"noindex, follow\" \/>\n<meta property=\"og:locale\" content=\"pl_PL\" \/>\n<meta property=\"og:type\" content=\"article\" \/>\n<meta property=\"og:title\" content=\"Fosforescencja. O rzeczach, kt\u00f3re podtrzymuj\u0105 nas na duchu - Kendra Publishing\" \/>\n<meta property=\"og:description\" content=\"Ksi\u0105\u017cka Julii Baird mo\u017ce okaza\u0107 si\u0119 drogowskazem, kt\u00f3ry pomo\u017ce odnale\u017a\u0107 \u015bwiat\u0142o nawet w najciemniejszym momencie \u017cycia.\" \/>\n<meta property=\"og:url\" content=\"https:\/\/www.kendra.com.pl\/shop\/produkt\/fosforescencja-o-rzeczach-ktore-podtrzymuja-nas-na-duchu\/\" \/>\n<meta property=\"og:site_name\" content=\"Kendra Publishing\" \/>\n<meta property=\"article:modified_time\" content=\"2025-02-16T13:10:33+00:00\" \/>\n<meta property=\"og:image\" content=\"https:\/\/www.kendra.com.pl\/shop\/wp-content\/uploads\/2022\/08\/Fosforescencja-Julia-Baird.jpg\" \/>\n\t<meta property=\"og:image:width\" content=\"1120\" \/>\n\t<meta property=\"og:image:height\" content=\"920\" \/>\n\t<meta property=\"og:image:type\" content=\"image\/jpeg\" \/>\n<meta name=\"twitter:card\" content=\"summary_large_image\" \/>\n<meta name=\"twitter:label1\" content=\"Szacowany czas czytania\" \/>\n\t<meta name=\"twitter:data1\" content=\"2 minuty\" \/>\n<script type=\"application\/ld+json\" class=\"yoast-schema-graph\">{\"@context\":\"https:\/\/schema.org\",\"@graph\":[{\"@type\":\"WebSite\",\"@id\":\"https:\/\/www.kendra.com.pl\/shop\/#website\",\"url\":\"https:\/\/www.kendra.com.pl\/shop\/\",\"name\":\"Kendra Publishing\",\"description\":\"Sklep\",\"potentialAction\":[{\"@type\":\"SearchAction\",\"target\":{\"@type\":\"EntryPoint\",\"urlTemplate\":\"https:\/\/www.kendra.com.pl\/shop\/?s={search_term_string}\"},\"query-input\":\"required name=search_term_string\"}],\"inLanguage\":\"pl-PL\"},{\"@type\":\"ImageObject\",\"inLanguage\":\"pl-PL\",\"@id\":\"https:\/\/www.kendra.com.pl\/shop\/produkt\/fosforescencja-o-rzeczach-ktore-podtrzymuja-nas-na-duchu\/#primaryimage\",\"url\":\"https:\/\/www.kendra.com.pl\/shop\/wp-content\/uploads\/2022\/08\/Fosforescencja-Julia-Baird.jpg\",\"contentUrl\":\"https:\/\/www.kendra.com.pl\/shop\/wp-content\/uploads\/2022\/08\/Fosforescencja-Julia-Baird.jpg\",\"width\":1120,\"height\":920},{\"@type\":\"WebPage\",\"@id\":\"https:\/\/www.kendra.com.pl\/shop\/produkt\/fosforescencja-o-rzeczach-ktore-podtrzymuja-nas-na-duchu\/#webpage\",\"url\":\"https:\/\/www.kendra.com.pl\/shop\/produkt\/fosforescencja-o-rzeczach-ktore-podtrzymuja-nas-na-duchu\/\",\"name\":\"Fosforescencja. O rzeczach, kt\u00f3re podtrzymuj\u0105 nas na duchu - Kendra Publishing\",\"isPartOf\":{\"@id\":\"https:\/\/www.kendra.com.pl\/shop\/#website\"},\"primaryImageOfPage\":{\"@id\":\"https:\/\/www.kendra.com.pl\/shop\/produkt\/fosforescencja-o-rzeczach-ktore-podtrzymuja-nas-na-duchu\/#primaryimage\"},\"datePublished\":\"2022-08-02T10:40:18+00:00\",\"dateModified\":\"2025-02-16T13:10:33+00:00\",\"breadcrumb\":{\"@id\":\"https:\/\/www.kendra.com.pl\/shop\/produkt\/fosforescencja-o-rzeczach-ktore-podtrzymuja-nas-na-duchu\/#breadcrumb\"},\"inLanguage\":\"pl-PL\",\"potentialAction\":[{\"@type\":\"ReadAction\",\"target\":[\"https:\/\/www.kendra.com.pl\/shop\/produkt\/fosforescencja-o-rzeczach-ktore-podtrzymuja-nas-na-duchu\/\"]}]},{\"@type\":\"BreadcrumbList\",\"@id\":\"https:\/\/www.kendra.com.pl\/shop\/produkt\/fosforescencja-o-rzeczach-ktore-podtrzymuja-nas-na-duchu\/#breadcrumb\",\"itemListElement\":[{\"@type\":\"ListItem\",\"position\":1,\"name\":\"Strona g\u0142\u00f3wna\",\"item\":\"https:\/\/www.kendra.com.pl\/shop\/\"},{\"@type\":\"ListItem\",\"position\":2,\"name\":\"Przerwa w dzia\u0142alno\u015bci sklepu&#8230;\",\"item\":\"https:\/\/www.kendra.com.pl\/shop\/?page_id=1888\"},{\"@type\":\"ListItem\",\"position\":3,\"name\":\"Fosforescencja. O rzeczach, kt\u00f3re podtrzymuj\u0105 nas na duchu\"}]}]}<\/script>\n<!-- \/ Yoast SEO plugin. -->","yoast_head_json":{"title":"Fosforescencja. O rzeczach, kt\u00f3re podtrzymuj\u0105 nas na duchu - Kendra Publishing","robots":{"index":"noindex","follow":"follow"},"og_locale":"pl_PL","og_type":"article","og_title":"Fosforescencja. O rzeczach, kt\u00f3re podtrzymuj\u0105 nas na duchu - Kendra Publishing","og_description":"Ksi\u0105\u017cka Julii Baird mo\u017ce okaza\u0107 si\u0119 drogowskazem, kt\u00f3ry pomo\u017ce odnale\u017a\u0107 \u015bwiat\u0142o nawet w najciemniejszym momencie \u017cycia.","og_url":"https:\/\/www.kendra.com.pl\/shop\/produkt\/fosforescencja-o-rzeczach-ktore-podtrzymuja-nas-na-duchu\/","og_site_name":"Kendra Publishing","article_modified_time":"2025-02-16T13:10:33+00:00","og_image":[{"width":1120,"height":920,"url":"https:\/\/www.kendra.com.pl\/shop\/wp-content\/uploads\/2022\/08\/Fosforescencja-Julia-Baird.jpg","type":"image\/jpeg"}],"twitter_card":"summary_large_image","twitter_misc":{"Szacowany czas czytania":"2 minuty"},"schema":{"@context":"https:\/\/schema.org","@graph":[{"@type":"WebSite","@id":"https:\/\/www.kendra.com.pl\/shop\/#website","url":"https:\/\/www.kendra.com.pl\/shop\/","name":"Kendra Publishing","description":"Sklep","potentialAction":[{"@type":"SearchAction","target":{"@type":"EntryPoint","urlTemplate":"https:\/\/www.kendra.com.pl\/shop\/?s={search_term_string}"},"query-input":"required name=search_term_string"}],"inLanguage":"pl-PL"},{"@type":"ImageObject","inLanguage":"pl-PL","@id":"https:\/\/www.kendra.com.pl\/shop\/produkt\/fosforescencja-o-rzeczach-ktore-podtrzymuja-nas-na-duchu\/#primaryimage","url":"https:\/\/www.kendra.com.pl\/shop\/wp-content\/uploads\/2022\/08\/Fosforescencja-Julia-Baird.jpg","contentUrl":"https:\/\/www.kendra.com.pl\/shop\/wp-content\/uploads\/2022\/08\/Fosforescencja-Julia-Baird.jpg","width":1120,"height":920},{"@type":"WebPage","@id":"https:\/\/www.kendra.com.pl\/shop\/produkt\/fosforescencja-o-rzeczach-ktore-podtrzymuja-nas-na-duchu\/#webpage","url":"https:\/\/www.kendra.com.pl\/shop\/produkt\/fosforescencja-o-rzeczach-ktore-podtrzymuja-nas-na-duchu\/","name":"Fosforescencja. O rzeczach, kt\u00f3re podtrzymuj\u0105 nas na duchu - Kendra Publishing","isPartOf":{"@id":"https:\/\/www.kendra.com.pl\/shop\/#website"},"primaryImageOfPage":{"@id":"https:\/\/www.kendra.com.pl\/shop\/produkt\/fosforescencja-o-rzeczach-ktore-podtrzymuja-nas-na-duchu\/#primaryimage"},"datePublished":"2022-08-02T10:40:18+00:00","dateModified":"2025-02-16T13:10:33+00:00","breadcrumb":{"@id":"https:\/\/www.kendra.com.pl\/shop\/produkt\/fosforescencja-o-rzeczach-ktore-podtrzymuja-nas-na-duchu\/#breadcrumb"},"inLanguage":"pl-PL","potentialAction":[{"@type":"ReadAction","target":["https:\/\/www.kendra.com.pl\/shop\/produkt\/fosforescencja-o-rzeczach-ktore-podtrzymuja-nas-na-duchu\/"]}]},{"@type":"BreadcrumbList","@id":"https:\/\/www.kendra.com.pl\/shop\/produkt\/fosforescencja-o-rzeczach-ktore-podtrzymuja-nas-na-duchu\/#breadcrumb","itemListElement":[{"@type":"ListItem","position":1,"name":"Strona g\u0142\u00f3wna","item":"https:\/\/www.kendra.com.pl\/shop\/"},{"@type":"ListItem","position":2,"name":"Przerwa w dzia\u0142alno\u015bci sklepu&#8230;","item":"https:\/\/www.kendra.com.pl\/shop\/?page_id=1888"},{"@type":"ListItem","position":3,"name":"Fosforescencja. O rzeczach, kt\u00f3re podtrzymuj\u0105 nas na duchu"}]}]}},"_links":{"self":[{"href":"https:\/\/www.kendra.com.pl\/shop\/wp-json\/wp\/v2\/product\/4349"}],"collection":[{"href":"https:\/\/www.kendra.com.pl\/shop\/wp-json\/wp\/v2\/product"}],"about":[{"href":"https:\/\/www.kendra.com.pl\/shop\/wp-json\/wp\/v2\/types\/product"}],"replies":[{"embeddable":true,"href":"https:\/\/www.kendra.com.pl\/shop\/wp-json\/wp\/v2\/comments?post=4349"}],"wp:featuredmedia":[{"embeddable":true,"href":"https:\/\/www.kendra.com.pl\/shop\/wp-json\/wp\/v2\/media\/4350"}],"wp:attachment":[{"href":"https:\/\/www.kendra.com.pl\/shop\/wp-json\/wp\/v2\/media?parent=4349"}],"wp:term":[{"taxonomy":"product_cat","embeddable":true,"href":"https:\/\/www.kendra.com.pl\/shop\/wp-json\/wp\/v2\/product_cat?post=4349"},{"taxonomy":"product_tag","embeddable":true,"href":"https:\/\/www.kendra.com.pl\/shop\/wp-json\/wp\/v2\/product_tag?post=4349"}],"curies":[{"name":"wp","href":"https:\/\/api.w.org\/{rel}","templated":true}]}}